{"id":13361,"date":"2024-02-16T10:46:05","date_gmt":"2024-02-16T13:46:05","guid":{"rendered":"https:\/\/www.ifbaiano.edu.br\/unidades\/teixeira\/?page_id=13361"},"modified":"2025-01-08T10:18:35","modified_gmt":"2025-01-08T13:18:35","slug":"patricia-ferreira-coimbra-pimentel","status":"publish","type":"page","link":"https:\/\/www.ifbaiano.edu.br\/unidades\/teixeira\/patricia-ferreira-coimbra-pimentel\/","title":{"rendered":"Patricia Ferreira Coimbra Pimentel"},"content":{"rendered":"\n<p>Professora EBTTdo IF BAIANO (Instituto Federal de Educa\u00e7\u00e3o, Ci\u00eancia e Tecnologia Baiano), Doutoranda no programa Estado e Sociedade da Universidade Federal do Sul da Bahia (UFSB) na linha Estado, Institui\u00e7\u00f5es e Governan\u00e7a com com pesquisa sobre Participa\u00e7\u00e3o social e pol\u00edticas p\u00fablicas; Mestre em Extens\u00e3o Rural pela UFV &#8211; Universidade Federal de Vi\u00e7osa, especialista em Administra\u00e7\u00e3o Rural com Gradua\u00e7\u00e3o em Administra\u00e7\u00e3o de Empresas pela FENORD &#8211; Funda\u00e7\u00e3o Educacional do Nordeste Mineiro. No Mestrado atuou na linha de pesquisa Institui\u00e7\u00f5es Sociais e Desenvolvimento &#8211; Governan\u00e7a de Recursos Comuns e Desenvolvimento Sustent\u00e1vel. Tem experi\u00eancia nas \u00e1reas de administra\u00e7\u00e3o de recursos humanos e empreendedorismo, atuou acompanhando a implanta\u00e7\u00e3o de planos de neg\u00f3cios de empresas nascentes de estudantes da UFV e atualmente de empresas simuladas por estudantes do IF Baiano; Atua em gest\u00e3o rural, cooperativismo e associativismo, orientando organiza\u00e7\u00e3o e desenvolvimento de associa\u00e7\u00f5es. Atualmente desenvolve trabalhos de extens\u00e3o com mulheres em comunidades rurais para inclus\u00e3o produtiva em parceria com a CEPLAC. Vem acompanhando o Colegiado Territorial do Extremo Sul desde 2011; Criou e assessora o Comit\u00ea de Mulheres; Acompanha voluntariamente o Conselho Municipal de Mulheres de Teixeira de Freitas no desenvolvimento de a\u00e7\u00f5es na cidade e no campo; atuou no N\u00facleo de Extens\u00e3o em Desenvolvimento Territorial do Extremo Sul da Bahia &#8211; NEDETES (2014-2016); Orientadora de projetos de Inicia\u00e7\u00e3o Cient\u00edfica de Extens\u00e3o &#8211; PIBIEX, pesquisa PIBIC e projetos integradores do cursos t\u00e9cnicos em administra\u00e7\u00e3o e agropecu\u00e1ria do IF Baiano campus Teixeira de Freitas.<strong>&nbsp;(Texto informado pelo autor)<\/strong><\/p>\n\n\n\n<p>Lattes: <a href=\"http:\/\/lattes.cnpq.br\/5397447823492700\">http:\/\/lattes.cnpq.br\/5397447823492700<\/a><\/p>\n\n\n\n<hr class=\"wp-block-separator has-alpha-channel-opacity\" \/>\n\n\n\n<p>Plano de Trabalho Docente<\/p>\n\n\n\n<p>2022.1<\/p>\n\n\n\n<p><a href=\"https:\/\/www.ifbaiano.edu.br\/unidades\/teixeira\/files\/2024\/02\/Priscila-Ferreira-PIT-2022.2.pdf\">2022.2<\/a><\/p>\n\n\n\n<p>2023.1<\/p>\n\n\n\n<p><a href=\"https:\/\/www.ifbaiano.edu.br\/unidades\/teixeira\/files\/2025\/01\/Patricia-Pimentel-PIT-2023.2.pdf\">2023.2<\/a><\/p>\n\n\n\n<p><a href=\"https:\/\/www.ifbaiano.edu.br\/unidades\/teixeira\/files\/2025\/01\/Patricia-Pimentel-PIT-2024.1.pdf\">2024.1<\/a><\/p>\n\n\n\n<p><a href=\"https:\/\/www.ifbaiano.edu.br\/unidades\/teixeira\/files\/2025\/01\/Patricia-Pimentel-pit-2024.2.pdf\">2024.2<\/a><\/p>\n\n\n\n<p>Relat\u00f3rio de Trabalho Docente<\/p>\n\n\n\n<p>2022.1<\/p>\n\n\n\n<p><a href=\"https:\/\/www.ifbaiano.edu.br\/unidades\/teixeira\/files\/2024\/02\/Priscila-Ferreira-RIT-2022.2.pdf\">2022.2<\/a><\/p>\n\n\n\n<p>2023.1<\/p>\n\n\n\n<p>2023.2<\/p>\n\n\n\n<p><a href=\"https:\/\/www.ifbaiano.edu.br\/unidades\/teixeira\/files\/2025\/01\/Patricia-Pimentel-rit-2024.1.pdf\">2024.1<\/a><\/p>\n\n\n\n<p><a href=\"https:\/\/www.ifbaiano.edu.br\/unidades\/teixeira\/files\/2025\/01\/Patricia-Pimentel-rit-2024.2.pdf\">2024.2<\/a><\/p>\n","protected":false},"excerpt":{"rendered":"<p>Professora EBTTdo IF BAIANO (Instituto Federal de Educa\u00e7\u00e3o, Ci\u00eancia e Tecnologia Baiano), Doutoranda no programa Estado e Sociedade da Universidade Federal do Sul da Bahia (UFSB) na linha Estado, Institui\u00e7\u00f5es e Governan\u00e7a com com pesquisa sobre Participa\u00e7\u00e3o social e pol\u00edticas p\u00fablicas; Mestre em Extens\u00e3o Rural pela UFV &#8211; Universidade Federal de Vi\u00e7osa, especialista em Administra\u00e7\u00e3o [&hellip;]<\/p>\n","protected":false},"author":152,"featured_media":0,"parent":0,"menu_order":0,"comment_status":"closed","ping_status":"closed","template":"","meta":[],"_links":{"self":[{"href":"https:\/\/www.ifbaiano.edu.br\/unidades\/teixeira\/wp-json\/wp\/v2\/pages\/13361"}],"collection":[{"href":"https:\/\/www.ifbaiano.edu.br\/unidades\/teixeira\/wp-json\/wp\/v2\/pages"}],"about":[{"href":"https:\/\/www.ifbaiano.edu.br\/unidades\/teixeira\/wp-json\/wp\/v2\/types\/page"}],"author":[{"embeddable":true,"href":"https:\/\/www.ifbaiano.edu.br\/unidades\/teixeira\/wp-json\/wp\/v2\/users\/152"}],"replies":[{"embeddable":true,"href":"https:\/\/www.ifbaiano.edu.br\/unidades\/teixeira\/wp-json\/wp\/v2\/comments?post=13361"}],"version-history":[{"count":5,"href":"https:\/\/www.ifbaiano.edu.br\/unidades\/teixeira\/wp-json\/wp\/v2\/pages\/13361\/revisions"}],"predecessor-version":[{"id":14680,"href":"https:\/\/www.ifbaiano.edu.br\/unidades\/teixeira\/wp-json\/wp\/v2\/pages\/13361\/revisions\/14680"}],"wp:attachment":[{"href":"https:\/\/www.ifbaiano.edu.br\/unidades\/teixeira\/wp-json\/wp\/v2\/media?parent=13361"}],"curies":[{"name":"wp","href":"https:\/\/api.w.org\/{rel}","templated":true}]}}