{"id":13365,"date":"2024-02-16T10:51:57","date_gmt":"2024-02-16T13:51:57","guid":{"rendered":"https:\/\/www.ifbaiano.edu.br\/unidades\/teixeira\/?page_id=13365"},"modified":"2025-01-08T10:07:19","modified_gmt":"2025-01-08T13:07:19","slug":"priscila-ferreira-de-oliveira","status":"publish","type":"page","link":"https:\/\/www.ifbaiano.edu.br\/unidades\/teixeira\/priscila-ferreira-de-oliveira\/","title":{"rendered":"Priscila Ferreira de Oliveira"},"content":{"rendered":"\n<p>Doutora em Ci\u00eancia e Tecnologia de Pol\u00edmeros pelo pelo Instituto de Macromol\u00e9culas Professora Elo\u00edsa Mano da Universidade Federal do Rio de Janeiro (IMA-UFRJ) (Conceito CAPES 7) , com atua\u00e7\u00e3o, principalmente, na \u00e1rea de obten\u00e7\u00e3o de comp\u00f3sitos refor\u00e7ados com celuloses microfibriladas obtidas de fibras vegetais quimicamente tratadas. Mestrado: Ci\u00eancia e Tecnologia de Pol\u00edmeros (IMA-UFRJ). Graduada em Qu\u00edmica &#8211; Licenciatura- pela Universidade Federal Rural do Rio de Janeiro (UFRRJ). Docente de qu\u00edmica no Instituto Federal de Educa\u00e7\u00e3o, Ci\u00eancia e Tecnologia Baiano- IF Baiano, campus Teixeira de Freitas. Cursando est\u00e1gio p\u00f3s-doutoral no Programa de P\u00f3s-gradua\u00e7\u00e3o em Estado e Sociedade da Universidade Federal do Sul da Bahia (em andamento). Coordenadora de pesquisa (COPES) e coordenadora do N\u00facleo de Estudos Afro-brasileiro e Ind\u00edgenas (NEABI) do IF Baiano campus Teixeira de Freitas.<strong>&nbsp;(Texto informado pelo autor)<\/strong><\/p>\n\n\n\n<p>Lattes: <a href=\"http:\/\/lattes.cnpq.br\/4720682410981701\">http:\/\/lattes.cnpq.br\/4720682410981701<\/a><\/p>\n\n\n\n<hr class=\"wp-block-separator has-alpha-channel-opacity\" \/>\n\n\n\n<p>Plano de Trabalho Docente<\/p>\n\n\n\n<p><a href=\"https:\/\/www.ifbaiano.edu.br\/unidades\/teixeira\/files\/2024\/02\/Priscila-Ferreira-PIT-2022.1.pdf\">2022.1<\/a><\/p>\n\n\n\n<p><a href=\"https:\/\/www.ifbaiano.edu.br\/unidades\/teixeira\/files\/2024\/02\/Priscila-Ferreira-PIT-2022.2.pdf\">2022.2<\/a><\/p>\n\n\n\n<p><a href=\"https:\/\/www.ifbaiano.edu.br\/unidades\/teixeira\/files\/2024\/02\/Priscila-Ferreira-PIT-2023.1.pdf\">2023.1<\/a><\/p>\n\n\n\n<p><a href=\"https:\/\/www.ifbaiano.edu.br\/unidades\/teixeira\/files\/2024\/02\/Priscila-Ferreira-PIT-2023.2.pdf\">2023.2<\/a><\/p>\n\n\n\n<p><a href=\"https:\/\/www.ifbaiano.edu.br\/unidades\/teixeira\/files\/2025\/01\/Priscila-PIT-2024.1.pdf\">2024.1<\/a><\/p>\n\n\n\n<p><a href=\"https:\/\/www.ifbaiano.edu.br\/unidades\/teixeira\/files\/2025\/01\/Priscila-pit-2024.2.pdf\">2024.2<\/a><\/p>\n\n\n\n<p>Relat\u00f3rio de Trabalho Docente<\/p>\n\n\n\n<p><a href=\"https:\/\/www.ifbaiano.edu.br\/unidades\/teixeira\/files\/2024\/02\/Priscila-Ferreira-RIT-2022.1.pdf\">2022.1<\/a><\/p>\n\n\n\n<p><a href=\"https:\/\/www.ifbaiano.edu.br\/unidades\/teixeira\/files\/2024\/02\/Priscila-Ferreira-RIT-2022.2.pdf\">2022.2<\/a><\/p>\n\n\n\n<p><a href=\"https:\/\/www.ifbaiano.edu.br\/unidades\/teixeira\/files\/2024\/02\/Priscila-Ferreira-RIT-2023.1.pdf\">2023.1<\/a><\/p>\n\n\n\n<p><a href=\"https:\/\/www.ifbaiano.edu.br\/unidades\/teixeira\/files\/2025\/01\/Priscila-RIT-2023.2.pdf\">2023.2<\/a><\/p>\n\n\n\n<p><a href=\"https:\/\/www.ifbaiano.edu.br\/unidades\/teixeira\/files\/2025\/01\/Priscila-rit-2024.1.pdf\">2024.1<\/a><\/p>\n\n\n\n<p><a href=\"https:\/\/www.ifbaiano.edu.br\/unidades\/teixeira\/files\/2025\/01\/Priscila-rit-2024.2.pdf\">2024.2<\/a><\/p>\n","protected":false},"excerpt":{"rendered":"<p>Doutora em Ci\u00eancia e Tecnologia de Pol\u00edmeros pelo pelo Instituto de Macromol\u00e9culas Professora Elo\u00edsa Mano da Universidade Federal do Rio de Janeiro (IMA-UFRJ) (Conceito CAPES 7) , com atua\u00e7\u00e3o, principalmente, na \u00e1rea de obten\u00e7\u00e3o de comp\u00f3sitos refor\u00e7ados com celuloses microfibriladas obtidas de fibras vegetais quimicamente tratadas. Mestrado: Ci\u00eancia e Tecnologia de Pol\u00edmeros (IMA-UFRJ). Graduada em [&hellip;]<\/p>\n","protected":false},"author":152,"featured_media":0,"parent":0,"menu_order":0,"comment_status":"closed","ping_status":"closed","template":"","meta":[],"_links":{"self":[{"href":"https:\/\/www.ifbaiano.edu.br\/unidades\/teixeira\/wp-json\/wp\/v2\/pages\/13365"}],"collection":[{"href":"https:\/\/www.ifbaiano.edu.br\/unidades\/teixeira\/wp-json\/wp\/v2\/pages"}],"about":[{"href":"https:\/\/www.ifbaiano.edu.br\/unidades\/teixeira\/wp-json\/wp\/v2\/types\/page"}],"author":[{"embeddable":true,"href":"https:\/\/www.ifbaiano.edu.br\/unidades\/teixeira\/wp-json\/wp\/v2\/users\/152"}],"replies":[{"embeddable":true,"href":"https:\/\/www.ifbaiano.edu.br\/unidades\/teixeira\/wp-json\/wp\/v2\/comments?post=13365"}],"version-history":[{"count":6,"href":"https:\/\/www.ifbaiano.edu.br\/unidades\/teixeira\/wp-json\/wp\/v2\/pages\/13365\/revisions"}],"predecessor-version":[{"id":14655,"href":"https:\/\/www.ifbaiano.edu.br\/unidades\/teixeira\/wp-json\/wp\/v2\/pages\/13365\/revisions\/14655"}],"wp:attachment":[{"href":"https:\/\/www.ifbaiano.edu.br\/unidades\/teixeira\/wp-json\/wp\/v2\/media?parent=13365"}],"curies":[{"name":"wp","href":"https:\/\/api.w.org\/{rel}","templated":true}]}}