{"id":13402,"date":"2024-02-16T11:36:47","date_gmt":"2024-02-16T14:36:47","guid":{"rendered":"https:\/\/www.ifbaiano.edu.br\/unidades\/teixeira\/?page_id=13402"},"modified":"2025-01-06T12:22:10","modified_gmt":"2025-01-06T15:22:10","slug":"rodrigo-octavio-de-carvalho-junior","status":"publish","type":"page","link":"https:\/\/www.ifbaiano.edu.br\/unidades\/teixeira\/rodrigo-octavio-de-carvalho-junior\/","title":{"rendered":"Rodrigo Octavio de Carvalho Junior"},"content":{"rendered":"\n<p>Possui gradua\u00e7\u00e3o em Educa\u00e7\u00e3o F\u00edsica pelo Centro Universit\u00e1rio de Volta Redonda (1983) e mestrado em Educa\u00e7\u00e3o, Administra\u00e7\u00e3o e Comunica\u00e7\u00e3o (2002). Experi\u00eancia como Diretor Acad\u00eamico &#8211; Faculdades Integradas de Ensino Superior Linhares &#8211; FACELI (2009 a 2012) e como professor \/ coordenador do Curso de Educa\u00e7\u00e3o F\u00edsica Licenciatura e Bacharelado da Faculdade Pit\u00e1goras em Linhares e Teixeira de Freitas(2003 a 2013). Tem experi\u00eancia na \u00e1rea de coordena\u00e7\u00e3o de Educa\u00e7\u00e3o F\u00edsica, Licenciatura e Bacharelado, por 9 ano, sendo respons\u00e1vel por processos de autoriza\u00e7\u00e3o e reconhecimento de cursos de educa\u00e7\u00e3o f\u00edsica e outros cursos como coordenador de CPA. Atuo como docente com \u00eanfase em Educa\u00e7\u00e3o F\u00edsica, atuando principalmente nos seguintes temas: multidisciplinar, esporte, lazer, atividade f\u00edsica e caminhada. Atualmente Servidor Efetivo do Instituto Federal do Espirito Santo &#8211; Campus Montanha, cedido ao IFBaiano para atuar como Coordenador de Ensino &#8211; CD4 desde 2013<strong>&nbsp;(Texto informado pelo autor)<\/strong><\/p>\n\n\n\n<p>Lattes: <a href=\"http:\/\/lattes.cnpq.br\/5181984836157727\">http:\/\/lattes.cnpq.br\/5181984836157727<\/a><\/p>\n\n\n\n<hr class=\"wp-block-separator has-alpha-channel-opacity\" \/>\n\n\n\n<p>Plano de Trabalho Docente<\/p>\n\n\n\n<p><a href=\"https:\/\/www.ifbaiano.edu.br\/unidades\/teixeira\/files\/2024\/02\/Rodrigo-Octavio-RIT-2022.1.pdf\">2022.1<\/a><\/p>\n\n\n\n<p><a href=\"https:\/\/www.ifbaiano.edu.br\/unidades\/teixeira\/files\/2024\/02\/Rodrigo-Octavio-PIT-2022.2.pdf\">2022.2<\/a><\/p>\n\n\n\n<p><a href=\"https:\/\/www.ifbaiano.edu.br\/unidades\/teixeira\/files\/2024\/02\/Rodrigo-Octavio-PIT-2023.1.pdf\">2023.1<\/a><\/p>\n\n\n\n<p><a href=\"https:\/\/www.ifbaiano.edu.br\/unidades\/teixeira\/files\/2024\/02\/Rodrigo-Octavio-PIT-2023.2.pdf\">2023.2<\/a><\/p>\n\n\n\n<p><a href=\"https:\/\/www.ifbaiano.edu.br\/unidades\/teixeira\/files\/2025\/01\/Rodrigo-Octavio-PIT-2024.1.pdf\">2024.1<\/a><\/p>\n\n\n\n<p>Relat\u00f3rio de Trabalho Docente<\/p>\n\n\n\n<p>2022.1<\/p>\n\n\n\n<p><a href=\"https:\/\/www.ifbaiano.edu.br\/unidades\/teixeira\/files\/2024\/02\/Rodrigo-Octavio-RIT-2022.2.pdf\">2022.2<\/a><\/p>\n\n\n\n<p><a href=\"https:\/\/www.ifbaiano.edu.br\/unidades\/teixeira\/files\/2024\/02\/Rodrigo-Octavio-RIT-2023.1.pdf\">2023.1<\/a><\/p>\n\n\n\n<p><a href=\"https:\/\/www.ifbaiano.edu.br\/unidades\/teixeira\/files\/2025\/01\/Rodrigo-Octavio-RIT-2023.2.pdf\">2023.2<\/a><\/p>\n\n\n\n<p><a href=\"https:\/\/www.ifbaiano.edu.br\/unidades\/teixeira\/files\/2025\/01\/Rodrigo-Octavio-2024.1.pdf\">2024.1<\/a><\/p>\n","protected":false},"excerpt":{"rendered":"<p>Possui gradua\u00e7\u00e3o em Educa\u00e7\u00e3o F\u00edsica pelo Centro Universit\u00e1rio de Volta Redonda (1983) e mestrado em Educa\u00e7\u00e3o, Administra\u00e7\u00e3o e Comunica\u00e7\u00e3o (2002). Experi\u00eancia como Diretor Acad\u00eamico &#8211; Faculdades Integradas de Ensino Superior Linhares &#8211; FACELI (2009 a 2012) e como professor \/ coordenador do Curso de Educa\u00e7\u00e3o F\u00edsica Licenciatura e Bacharelado da Faculdade Pit\u00e1goras em Linhares e [&hellip;]<\/p>\n","protected":false},"author":152,"featured_media":0,"parent":0,"menu_order":0,"comment_status":"closed","ping_status":"closed","template":"","meta":[],"_links":{"self":[{"href":"https:\/\/www.ifbaiano.edu.br\/unidades\/teixeira\/wp-json\/wp\/v2\/pages\/13402"}],"collection":[{"href":"https:\/\/www.ifbaiano.edu.br\/unidades\/teixeira\/wp-json\/wp\/v2\/pages"}],"about":[{"href":"https:\/\/www.ifbaiano.edu.br\/unidades\/teixeira\/wp-json\/wp\/v2\/types\/page"}],"author":[{"embeddable":true,"href":"https:\/\/www.ifbaiano.edu.br\/unidades\/teixeira\/wp-json\/wp\/v2\/users\/152"}],"replies":[{"embeddable":true,"href":"https:\/\/www.ifbaiano.edu.br\/unidades\/teixeira\/wp-json\/wp\/v2\/comments?post=13402"}],"version-history":[{"count":4,"href":"https:\/\/www.ifbaiano.edu.br\/unidades\/teixeira\/wp-json\/wp\/v2\/pages\/13402\/revisions"}],"predecessor-version":[{"id":14498,"href":"https:\/\/www.ifbaiano.edu.br\/unidades\/teixeira\/wp-json\/wp\/v2\/pages\/13402\/revisions\/14498"}],"wp:attachment":[{"href":"https:\/\/www.ifbaiano.edu.br\/unidades\/teixeira\/wp-json\/wp\/v2\/media?parent=13402"}],"curies":[{"name":"wp","href":"https:\/\/api.w.org\/{rel}","templated":true}]}}