{"id":13421,"date":"2024-02-16T11:44:10","date_gmt":"2024-02-16T14:44:10","guid":{"rendered":"https:\/\/www.ifbaiano.edu.br\/unidades\/teixeira\/?page_id=13421"},"modified":"2025-01-08T10:11:11","modified_gmt":"2025-01-08T13:11:11","slug":"tiago-nascimento-da-costa","status":"publish","type":"page","link":"https:\/\/www.ifbaiano.edu.br\/unidades\/teixeira\/tiago-nascimento-da-costa\/","title":{"rendered":"Tiago Nascimento da Costa"},"content":{"rendered":"\n<p>Mestre em Educa\u00e7\u00e3o Profissional e Tecnol\u00f3gica -ProfEPT (2022). Especialista em EaD: planejamento, implementa\u00e7\u00e3o e gest\u00e3o pelo Centro Universit\u00e1rio Claretiano\/BAT, Batatais -(2015) e Licenciatura em Hist\u00f3ria pela Universidade Federal do Acre-UFAC (2006). Atuou como Professor de Hist\u00f3ria na SEE\/AC (2006-2011) e como Professor de Hist\u00f3ria no Servi\u00e7o Social da Ind\u00fastria SESI\/AC (2007-2014). Atuou como Tutor na Rede Sesi Educa em parceria com SENAI (2007-2014), onde trabalhou com o Ensino \u00e0 Dist\u00e2ncia (EaD) utilizando a Plataforma SESI Educa virtual. Foi professor na carreira EBTT do Instituto Federal de Educa\u00e7\u00e3o, Ci\u00eancia e Tecnologia do Acre- IFAC (2016-2021). Atualmente \u00e9 Professor EBTT\/IFBAIANO (Hist\u00f3ria), onde atua no Ensino M\u00e9dio Integrado (IFBAIANO- TDF).<strong>&nbsp;(Texto informado pelo autor)<\/strong><\/p>\n\n\n\n<p>Lattes: <a href=\"http:\/\/lattes.cnpq.br\/8714158491103358\">http:\/\/lattes.cnpq.br\/8714158491103358<\/a><\/p>\n\n\n\n<hr class=\"wp-block-separator has-alpha-channel-opacity\" \/>\n\n\n\n<p>Plano de Trabalho Docente<\/p>\n\n\n\n<p><a href=\"https:\/\/www.ifbaiano.edu.br\/unidades\/teixeira\/files\/2024\/02\/Tiago-Costa-PIT-2022.1.pdf\">2022.1<\/a><\/p>\n\n\n\n<p><a href=\"https:\/\/www.ifbaiano.edu.br\/unidades\/teixeira\/files\/2024\/02\/Tiago-Costa-PIT-2022.2.pdf\">2022.2<\/a><\/p>\n\n\n\n<p><a href=\"https:\/\/www.ifbaiano.edu.br\/unidades\/teixeira\/files\/2024\/02\/Tiago-Costa-PIT-2023.1.pdf\">2023.1<\/a><\/p>\n\n\n\n<p><a href=\"https:\/\/www.ifbaiano.edu.br\/unidades\/teixeira\/files\/2024\/02\/Tiago-Costa-PIT-2023.2.pdf\">2023.2<\/a><\/p>\n\n\n\n<p><a href=\"https:\/\/www.ifbaiano.edu.br\/unidades\/teixeira\/files\/2025\/01\/Tiago-pit-2024.1.pdf\">2024.1<\/a><\/p>\n\n\n\n<p><a href=\"https:\/\/www.ifbaiano.edu.br\/unidades\/teixeira\/files\/2025\/01\/Tiago-PIT-2024.2.pdf\">2024.2<\/a><\/p>\n\n\n\n<p>Relat\u00f3rio de Trabalho Docente<\/p>\n\n\n\n<p><a href=\"https:\/\/www.ifbaiano.edu.br\/unidades\/teixeira\/files\/2024\/02\/Tiago-Costa-RIT-2022.1.pdf\">2022.1<\/a><\/p>\n\n\n\n<p><a href=\"https:\/\/www.ifbaiano.edu.br\/unidades\/teixeira\/files\/2024\/02\/Tiago-Costa-RIT-2022.2.pdf\">2022.2<\/a><\/p>\n\n\n\n<p><a href=\"https:\/\/www.ifbaiano.edu.br\/unidades\/teixeira\/files\/2024\/02\/Tiago-Costa-RIT-2023.1.pdf\">2023.1<\/a><\/p>\n\n\n\n<p><a href=\"https:\/\/www.ifbaiano.edu.br\/unidades\/teixeira\/files\/2025\/01\/Aline-Gomes-RIT-2023.2.pdf\">2023.2<\/a><\/p>\n\n\n\n<p><a href=\"https:\/\/www.ifbaiano.edu.br\/unidades\/teixeira\/files\/2025\/01\/Tiago-rit-2024.1.pdf\">2024.1<\/a><\/p>\n\n\n\n<p><a href=\"https:\/\/www.ifbaiano.edu.br\/unidades\/teixeira\/files\/2025\/01\/Tiago-rir-2024.2.pdf\">2024.2<\/a><\/p>\n","protected":false},"excerpt":{"rendered":"<p>Mestre em Educa\u00e7\u00e3o Profissional e Tecnol\u00f3gica -ProfEPT (2022). Especialista em EaD: planejamento, implementa\u00e7\u00e3o e gest\u00e3o pelo Centro Universit\u00e1rio Claretiano\/BAT, Batatais -(2015) e Licenciatura em Hist\u00f3ria pela Universidade Federal do Acre-UFAC (2006). Atuou como Professor de Hist\u00f3ria na SEE\/AC (2006-2011) e como Professor de Hist\u00f3ria no Servi\u00e7o Social da Ind\u00fastria SESI\/AC (2007-2014). Atuou como Tutor na [&hellip;]<\/p>\n","protected":false},"author":152,"featured_media":0,"parent":0,"menu_order":0,"comment_status":"closed","ping_status":"closed","template":"","meta":[],"_links":{"self":[{"href":"https:\/\/www.ifbaiano.edu.br\/unidades\/teixeira\/wp-json\/wp\/v2\/pages\/13421"}],"collection":[{"href":"https:\/\/www.ifbaiano.edu.br\/unidades\/teixeira\/wp-json\/wp\/v2\/pages"}],"about":[{"href":"https:\/\/www.ifbaiano.edu.br\/unidades\/teixeira\/wp-json\/wp\/v2\/types\/page"}],"author":[{"embeddable":true,"href":"https:\/\/www.ifbaiano.edu.br\/unidades\/teixeira\/wp-json\/wp\/v2\/users\/152"}],"replies":[{"embeddable":true,"href":"https:\/\/www.ifbaiano.edu.br\/unidades\/teixeira\/wp-json\/wp\/v2\/comments?post=13421"}],"version-history":[{"count":6,"href":"https:\/\/www.ifbaiano.edu.br\/unidades\/teixeira\/wp-json\/wp\/v2\/pages\/13421\/revisions"}],"predecessor-version":[{"id":14664,"href":"https:\/\/www.ifbaiano.edu.br\/unidades\/teixeira\/wp-json\/wp\/v2\/pages\/13421\/revisions\/14664"}],"wp:attachment":[{"href":"https:\/\/www.ifbaiano.edu.br\/unidades\/teixeira\/wp-json\/wp\/v2\/media?parent=13421"}],"curies":[{"name":"wp","href":"https:\/\/api.w.org\/{rel}","templated":true}]}}