{"id":13431,"date":"2024-02-16T12:00:09","date_gmt":"2024-02-16T15:00:09","guid":{"rendered":"https:\/\/www.ifbaiano.edu.br\/unidades\/teixeira\/?page_id=13431"},"modified":"2025-01-08T10:02:10","modified_gmt":"2025-01-08T13:02:10","slug":"vagner-costa-oliveira","status":"publish","type":"page","link":"https:\/\/www.ifbaiano.edu.br\/unidades\/teixeira\/vagner-costa-oliveira\/","title":{"rendered":"Vagner Costa Oliveira"},"content":{"rendered":"\n<p>Possui gradua\u00e7\u00e3o em Administra\u00e7\u00e3o pela Faculdade do Sul da Bahia \u00e9 especialista em Gest\u00e3o e Doc\u00eancia no Ensino Superior, M\u00e9dio e T\u00e9cnico e Atendimento Escolar Especializado pela Uniaphaville. Professor de Ensino B\u00e1sico T\u00e9cnico e Tecnol\u00f3gico no Instituto Federal de Educa\u00e7\u00e3o, Ci\u00eancia e Tecnologia Baiano.<strong>&nbsp;(Texto informado pelo autor)<\/strong><\/p>\n\n\n\n<p>Lattes: <a href=\"http:\/\/lattes.cnpq.br\/4622025743553228\">http:\/\/lattes.cnpq.br\/4622025743553228<\/a><\/p>\n\n\n\n<hr class=\"wp-block-separator has-alpha-channel-opacity\" \/>\n\n\n\n<p>Plano de Trabalho Docente<\/p>\n\n\n\n<p><a href=\"https:\/\/www.ifbaiano.edu.br\/unidades\/teixeira\/files\/2024\/02\/Vagner-Costa-PIT-2022.1.pdf\">2022.1<\/a><\/p>\n\n\n\n<p><a href=\"https:\/\/www.ifbaiano.edu.br\/unidades\/teixeira\/files\/2024\/02\/Vagner-Costa-PIT-2022.2.pdf\">2022.2<\/a><\/p>\n\n\n\n<p><a href=\"https:\/\/www.ifbaiano.edu.br\/unidades\/teixeira\/files\/2024\/02\/Vagner-Costa-PIT-2023.1.pdf\">2023.1<\/a><\/p>\n\n\n\n<p><a href=\"https:\/\/www.ifbaiano.edu.br\/unidades\/teixeira\/files\/2024\/02\/Vagner-Costa-PIT-2023.2.pdf\">2023.2<\/a><\/p>\n\n\n\n<p><a href=\"https:\/\/www.ifbaiano.edu.br\/unidades\/teixeira\/files\/2025\/01\/Vagner-PIR-2024.1.pdf\">2024.1<\/a><\/p>\n\n\n\n<p><a href=\"https:\/\/www.ifbaiano.edu.br\/unidades\/teixeira\/files\/2025\/01\/Vagner-PIT-2024.2.pdf\">2024.2<\/a><\/p>\n\n\n\n<p>Relat\u00f3rio de Trabalho Docente<\/p>\n\n\n\n<p><a href=\"https:\/\/www.ifbaiano.edu.br\/unidades\/teixeira\/files\/2024\/02\/Vagner-Costa-RIT-2022.1.pdf\">2022.1<\/a><\/p>\n\n\n\n<p><a href=\"https:\/\/www.ifbaiano.edu.br\/unidades\/teixeira\/files\/2024\/02\/Vagner-Costa-RIT-2022.2.pdf\">2022.2<\/a><\/p>\n\n\n\n<p><a href=\"https:\/\/www.ifbaiano.edu.br\/unidades\/teixeira\/files\/2024\/02\/Vagner-Costa-RIT-2023.1.pdf\">2023.1<\/a><\/p>\n\n\n\n<p><a href=\"https:\/\/www.ifbaiano.edu.br\/unidades\/teixeira\/files\/2025\/01\/Vagner-Costa-RIT-2023.2.pdf\">2023.2<\/a><\/p>\n\n\n\n<p><a href=\"https:\/\/www.ifbaiano.edu.br\/unidades\/teixeira\/files\/2025\/01\/Vagner-rit-2024.1.pdf\">2024.1<\/a><\/p>\n\n\n\n<p><a href=\"https:\/\/www.ifbaiano.edu.br\/unidades\/teixeira\/files\/2025\/01\/Vagner-rit-2024.2.pdf\">2024.2<\/a><\/p>\n\n\n\n<p><\/p>\n","protected":false},"excerpt":{"rendered":"<p>Possui gradua\u00e7\u00e3o em Administra\u00e7\u00e3o pela Faculdade do Sul da Bahia \u00e9 especialista em Gest\u00e3o e Doc\u00eancia no Ensino Superior, M\u00e9dio e T\u00e9cnico e Atendimento Escolar Especializado pela Uniaphaville. Professor de Ensino B\u00e1sico T\u00e9cnico e Tecnol\u00f3gico no Instituto Federal de Educa\u00e7\u00e3o, Ci\u00eancia e Tecnologia Baiano.&nbsp;(Texto informado pelo autor) Lattes: http:\/\/lattes.cnpq.br\/4622025743553228 Plano de Trabalho Docente 2022.1 2022.2 [&hellip;]<\/p>\n","protected":false},"author":152,"featured_media":0,"parent":0,"menu_order":0,"comment_status":"closed","ping_status":"closed","template":"","meta":[],"_links":{"self":[{"href":"https:\/\/www.ifbaiano.edu.br\/unidades\/teixeira\/wp-json\/wp\/v2\/pages\/13431"}],"collection":[{"href":"https:\/\/www.ifbaiano.edu.br\/unidades\/teixeira\/wp-json\/wp\/v2\/pages"}],"about":[{"href":"https:\/\/www.ifbaiano.edu.br\/unidades\/teixeira\/wp-json\/wp\/v2\/types\/page"}],"author":[{"embeddable":true,"href":"https:\/\/www.ifbaiano.edu.br\/unidades\/teixeira\/wp-json\/wp\/v2\/users\/152"}],"replies":[{"embeddable":true,"href":"https:\/\/www.ifbaiano.edu.br\/unidades\/teixeira\/wp-json\/wp\/v2\/comments?post=13431"}],"version-history":[{"count":6,"href":"https:\/\/www.ifbaiano.edu.br\/unidades\/teixeira\/wp-json\/wp\/v2\/pages\/13431\/revisions"}],"predecessor-version":[{"id":14647,"href":"https:\/\/www.ifbaiano.edu.br\/unidades\/teixeira\/wp-json\/wp\/v2\/pages\/13431\/revisions\/14647"}],"wp:attachment":[{"href":"https:\/\/www.ifbaiano.edu.br\/unidades\/teixeira\/wp-json\/wp\/v2\/media?parent=13431"}],"curies":[{"name":"wp","href":"https:\/\/api.w.org\/{rel}","templated":true}]}}