{"id":13441,"date":"2024-02-16T12:13:19","date_gmt":"2024-02-16T15:13:19","guid":{"rendered":"https:\/\/www.ifbaiano.edu.br\/unidades\/teixeira\/?page_id=13441"},"modified":"2025-01-08T09:50:32","modified_gmt":"2025-01-08T12:50:32","slug":"valeria-pancieri-sallin","status":"publish","type":"page","link":"https:\/\/www.ifbaiano.edu.br\/unidades\/teixeira\/valeria-pancieri-sallin\/","title":{"rendered":"Valeria Pancieri Sallin"},"content":{"rendered":"\n<p>Graduada em Agronomia pelo IFES campus Itapina (2019), onde foi bolsista de inicia\u00e7\u00e3o cientifica do CNPq entre 2017-2019, na \u00e1rea de agrometeorologia e fisiologia vegetal. Mestra em Agricultura Tropical pela UFES\/Ceunes (2022), na linha pesquisa de produ\u00e7\u00e3o vegetal, onde pode adquirir experi\u00eancias nos estudos fisiol\u00f3gicos do caf\u00e9 conilon, pimenta do reino e abacaxi, junto ao Laborat\u00f3rio de Fisiologia Vegetal e P\u00f2s-colheira do INCAPER. Atualmente \u00e9 docente do ensino b\u00e1sico, t\u00e9cnico e tecnol\u00f3gico do IF Baiano &#8211; campus Teixeira de Freitas, atuando nos temas relacionados a fisiologia vegetal, qu\u00edmica e fertilidade do solo e bioestimulantes na agricultura, enfatizando o estudo da fotoss\u00edntese, estrutura-fun\u00e7\u00e3o dos \u00f3rg\u00e3os das plantas, an\u00e1lise de crescimento e an\u00e1lise de dados.<strong>&nbsp;(Texto informado pelo autor)<\/strong><\/p>\n\n\n\n<p>Lattes: <a href=\"http:\/\/lattes.cnpq.br\/2962498665242692\">http:\/\/lattes.cnpq.br\/2962498665242692<\/a><\/p>\n\n\n\n<hr class=\"wp-block-separator has-alpha-channel-opacity\" \/>\n\n\n\n<p>Plano de Trabalho Docente<\/p>\n\n\n\n<p><a href=\"https:\/\/www.ifbaiano.edu.br\/unidades\/teixeira\/files\/2024\/02\/Valeria-Pancieri-PIT-2022.2.pdf\">2022.2<\/a><\/p>\n\n\n\n<p><a href=\"https:\/\/www.ifbaiano.edu.br\/unidades\/teixeira\/files\/2024\/02\/Valeria-Pancieri-PIT-2023.1.pdf\">2023.1<\/a><\/p>\n\n\n\n<p><a href=\"https:\/\/www.ifbaiano.edu.br\/unidades\/teixeira\/files\/2024\/02\/Valeria-Sallin-PIT-2023.2.pdf\">2023.2<\/a><\/p>\n\n\n\n<p><a href=\"https:\/\/www.ifbaiano.edu.br\/unidades\/teixeira\/files\/2025\/01\/Valeria-PIT-2024.1.pdf\">2024.1<\/a><\/p>\n\n\n\n<p><a href=\"https:\/\/www.ifbaiano.edu.br\/unidades\/teixeira\/files\/2025\/01\/Valeria-pit-2024.2.pdf\">2024.2<\/a><\/p>\n\n\n\n<p>Relat\u00f3rio de Trabalho Docente<\/p>\n\n\n\n<p><a href=\"https:\/\/www.ifbaiano.edu.br\/unidades\/teixeira\/files\/2024\/02\/Valeria-Pancieri-RIT-2022.2.pdf\">2022.2<\/a><\/p>\n\n\n\n<p><a href=\"https:\/\/www.ifbaiano.edu.br\/unidades\/teixeira\/files\/2024\/02\/Valeria-Pancieri-RIT-2023.1.pdf\">2023.1<\/a><\/p>\n\n\n\n<p><a href=\"https:\/\/www.ifbaiano.edu.br\/unidades\/teixeira\/files\/2025\/01\/Valeria-RIT-2023.2.pdf\">2023.2<\/a><\/p>\n\n\n\n<p><a href=\"https:\/\/www.ifbaiano.edu.br\/unidades\/teixeira\/files\/2025\/01\/Valeria-RIT-2024.1.pdf\">2024.1<\/a><\/p>\n\n\n\n<p><a href=\"https:\/\/www.ifbaiano.edu.br\/unidades\/teixeira\/files\/2025\/01\/Valeria-rit-2024.2.pdf\">2024.2<\/a><\/p>\n","protected":false},"excerpt":{"rendered":"<p>Graduada em Agronomia pelo IFES campus Itapina (2019), onde foi bolsista de inicia\u00e7\u00e3o cientifica do CNPq entre 2017-2019, na \u00e1rea de agrometeorologia e fisiologia vegetal. Mestra em Agricultura Tropical pela UFES\/Ceunes (2022), na linha pesquisa de produ\u00e7\u00e3o vegetal, onde pode adquirir experi\u00eancias nos estudos fisiol\u00f3gicos do caf\u00e9 conilon, pimenta do reino e abacaxi, junto ao [&hellip;]<\/p>\n","protected":false},"author":152,"featured_media":0,"parent":0,"menu_order":0,"comment_status":"closed","ping_status":"closed","template":"","meta":[],"_links":{"self":[{"href":"https:\/\/www.ifbaiano.edu.br\/unidades\/teixeira\/wp-json\/wp\/v2\/pages\/13441"}],"collection":[{"href":"https:\/\/www.ifbaiano.edu.br\/unidades\/teixeira\/wp-json\/wp\/v2\/pages"}],"about":[{"href":"https:\/\/www.ifbaiano.edu.br\/unidades\/teixeira\/wp-json\/wp\/v2\/types\/page"}],"author":[{"embeddable":true,"href":"https:\/\/www.ifbaiano.edu.br\/unidades\/teixeira\/wp-json\/wp\/v2\/users\/152"}],"replies":[{"embeddable":true,"href":"https:\/\/www.ifbaiano.edu.br\/unidades\/teixeira\/wp-json\/wp\/v2\/comments?post=13441"}],"version-history":[{"count":6,"href":"https:\/\/www.ifbaiano.edu.br\/unidades\/teixeira\/wp-json\/wp\/v2\/pages\/13441\/revisions"}],"predecessor-version":[{"id":14624,"href":"https:\/\/www.ifbaiano.edu.br\/unidades\/teixeira\/wp-json\/wp\/v2\/pages\/13441\/revisions\/14624"}],"wp:attachment":[{"href":"https:\/\/www.ifbaiano.edu.br\/unidades\/teixeira\/wp-json\/wp\/v2\/media?parent=13441"}],"curies":[{"name":"wp","href":"https:\/\/api.w.org\/{rel}","templated":true}]}}