{"id":1346,"date":"2022-05-09T17:39:00","date_gmt":"2022-05-09T20:39:00","guid":{"rendered":"http:\/\/www.ifbaiano.edu.br\/unidades\/teixeira\/?page_id=1346"},"modified":"2025-10-06T16:46:08","modified_gmt":"2025-10-06T19:46:08","slug":"diretoria-academica","status":"publish","type":"page","link":"https:\/\/www.ifbaiano.edu.br\/unidades\/teixeira\/diretoria-academica\/","title":{"rendered":"Dire\u00e7\u00e3o Acad\u00eamica"},"content":{"rendered":"\n<div align=\"center\" id=\"documentoshome\"><div id=\"doctitulo\">\n\t\t\t\t\tSOBRE\n\t\t\t\t<\/div><\/div>\n\n\n\n<p>A Diretoria Acad\u00eamica \u00e9 constitu\u00edda pela&nbsp;Coordena\u00e7\u00e3o de Ensino,&nbsp;Coordena\u00e7\u00f5es dos Cursos de N\u00edvel M\u00e9dio, Coordena\u00e7\u00e3o dos Cursos Superiores,&nbsp;Coordena\u00e7\u00f5es de Assuntos Estudantis,&nbsp;Coordena\u00e7\u00e3o de Pesquisa,&nbsp;Coordena\u00e7\u00e3o de Extens\u00e3o&nbsp;e pela&nbsp;Coordena\u00e7\u00e3o de Unidades Educativas de Campo, pelo&nbsp;N\u00facleo de Rela\u00e7\u00f5es Institucionais (NRI), N\u00facleo de Apoio ao Portador de Necessidade Especial (NAPNE) Secretaria de Registros Acad\u00eamicos (SRA) e Biblioteca.<\/p>\n\n\n\n<p><\/p>\n\n\n\n<p><strong>Diretor Acad\u00eamico:<\/strong> Welton Rodrigues<\/p>\n\n\n\n<p><strong>Telefone:<\/strong> 73 3665-1031 | 3665-1032<\/p>\n\n\n\n<p><strong>Endere\u00e7o eletr\u00f4nico:<\/strong> da@teixeira.ifbaiano.edu.br<\/p>\n\n\n\n<p><strong>Secretaria<\/strong>&nbsp;\u2013 <\/p>\n\n\n\n<div align=\"center\" id=\"documentoshome\"><div id=\"doctitulo\">\n\t\t\t\t\tDOCUMENTOS IMPORTANTES DA DIRETORIA ACAD\u00caMICA (TRANSPAR\u00caNCIA):\n\t\t\t\t<\/div><\/div>\n\n\n\n<p><a href=\"http:\/\/www.ifbaiano.edu.br\/unidades\/teixeira\/files\/2018\/05\/CARGA-HOR\u00c1RIA-DOCENTE.pdf\">* CARGA HOR\u00c1RIA DOCENTE<\/a><\/p>\n\n\n\n<p><a href=\"http:\/\/www.ifbaiano.edu.br\/unidades\/teixeira\/files\/2018\/05\/HOR\u00c1RIO-DE-AULAS-DOS-DOCENTES.pdf\">* HOR\u00c1RIO DE AULAS DOS DOCENTES<\/a><\/p>\n\n\n\n<div align=\"center\" id=\"documentoshome\"><div id=\"doctitulo\">\n\t\t\t\t\tCOORDENA\u00c7\u00d5ES\/SETORES\/N\u00daCLEOS:\n\t\t\t\t<\/div><\/div>\n\n\n\n<h3 class=\"wp-block-heading\">Coordena\u00e7\u00e3o de Ensino<\/h3>\n\n\n\n<h3 class=\"wp-block-heading\">Coordena\u00e7\u00f5es dos Cursos de N\u00edvel M\u00e9dio<\/h3>\n\n\n\n<h3 class=\"wp-block-heading\">Coordena\u00e7\u00e3o dos Cursos Superiores<\/h3>\n\n\n\n<h3 class=\"wp-block-heading\">Coordena\u00e7\u00e3o de Assist\u00eancia Estudantil<\/h3>\n\n\n\n<h3 class=\"wp-block-heading\">Coordena\u00e7\u00e3o de Pesquisa<\/h3>\n\n\n\n<h3 class=\"wp-block-heading\">Coordena\u00e7\u00e3o de Extens\u00e3o<\/h3>\n\n\n\n<h3 class=\"wp-block-heading\">Coordena\u00e7\u00e3o de Unidades Educativas de Campo<\/h3>\n\n\n\n<h3 class=\"wp-block-heading\">N\u00facleo de Atendimento a Pessoas com Necessidades Espec\u00edficas<\/h3>\n\n\n\n<h3 class=\"wp-block-heading\">N\u00facleo de Est\u00e1gio<\/h3>\n\n\n\n<h3 class=\"wp-block-heading\">N\u00facleo de Educa\u00e7\u00e3o a Dist\u00e2ncia<\/h3>\n\n\n\n<h3 class=\"wp-block-heading\">Setor de Biblioteca<\/h3>\n\n\n\n<h3 class=\"wp-block-heading\">Setor de Audiovisual<\/h3>\n\n\n\n<div align=\"center\" id=\"documentoshome\"><div id=\"doctitulo\">\n\t\t\t\t\tDOCUMENTOS\n\t\t\t\t<\/div><\/div>\n\n\n\n<figure class=\"wp-block-embed is-type-wp-embed is-provider-campus-teixeira-de-freitas wp-block-embed-campus-teixeira-de-freitas\"><div class=\"wp-block-embed__wrapper\">\n<blockquote class=\"wp-embedded-content\" data-secret=\"ZZYd1PZLF1\"><a href=\"https:\/\/www.ifbaiano.edu.br\/unidades\/teixeira\/diretoria-academica\/calendario\/\">Calend\u00e1rios Acad\u00eamicos<\/a><\/blockquote><iframe class=\"wp-embedded-content\" sandbox=\"allow-scripts\" security=\"restricted\" style=\"position: absolute; clip: rect(1px, 1px, 1px, 1px);\" title=\"&#8220;Calend\u00e1rios Acad\u00eamicos&#8221; &#8212; Campus Teixeira de Freitas\" src=\"https:\/\/www.ifbaiano.edu.br\/unidades\/teixeira\/diretoria-academica\/calendario\/embed\/#?secret=ZZYd1PZLF1\" data-secret=\"ZZYd1PZLF1\" width=\"500\" height=\"282\" frameborder=\"0\" marginwidth=\"0\" marginheight=\"0\" scrolling=\"no\"><\/iframe>\n<\/div><\/figure>\n","protected":false},"excerpt":{"rendered":"<p>SOBRE A Diretoria Acad\u00eamica \u00e9 constitu\u00edda pela&nbsp;Coordena\u00e7\u00e3o de Ensino,&nbsp;Coordena\u00e7\u00f5es dos Cursos de N\u00edvel M\u00e9dio, Coordena\u00e7\u00e3o dos Cursos Superiores,&nbsp;Coordena\u00e7\u00f5es de Assuntos Estudantis,&nbsp;Coordena\u00e7\u00e3o de Pesquisa,&nbsp;Coordena\u00e7\u00e3o de Extens\u00e3o&nbsp;e pela&nbsp;Coordena\u00e7\u00e3o de Unidades Educativas de Campo, pelo&nbsp;N\u00facleo de Rela\u00e7\u00f5es Institucionais (NRI), N\u00facleo de Apoio ao Portador de Necessidade Especial (NAPNE) Secretaria de Registros Acad\u00eamicos (SRA) e Biblioteca. Diretor Acad\u00eamico: Welton [&hellip;]<\/p>\n","protected":false},"author":31,"featured_media":0,"parent":0,"menu_order":0,"comment_status":"open","ping_status":"closed","template":"","meta":[],"_links":{"self":[{"href":"https:\/\/www.ifbaiano.edu.br\/unidades\/teixeira\/wp-json\/wp\/v2\/pages\/1346"}],"collection":[{"href":"https:\/\/www.ifbaiano.edu.br\/unidades\/teixeira\/wp-json\/wp\/v2\/pages"}],"about":[{"href":"https:\/\/www.ifbaiano.edu.br\/unidades\/teixeira\/wp-json\/wp\/v2\/types\/page"}],"author":[{"embeddable":true,"href":"https:\/\/www.ifbaiano.edu.br\/unidades\/teixeira\/wp-json\/wp\/v2\/users\/31"}],"replies":[{"embeddable":true,"href":"https:\/\/www.ifbaiano.edu.br\/unidades\/teixeira\/wp-json\/wp\/v2\/comments?post=1346"}],"version-history":[{"count":12,"href":"https:\/\/www.ifbaiano.edu.br\/unidades\/teixeira\/wp-json\/wp\/v2\/pages\/1346\/revisions"}],"predecessor-version":[{"id":15880,"href":"https:\/\/www.ifbaiano.edu.br\/unidades\/teixeira\/wp-json\/wp\/v2\/pages\/1346\/revisions\/15880"}],"wp:attachment":[{"href":"https:\/\/www.ifbaiano.edu.br\/unidades\/teixeira\/wp-json\/wp\/v2\/media?parent=1346"}],"curies":[{"name":"wp","href":"https:\/\/api.w.org\/{rel}","templated":true}]}}