{"id":13746,"date":"2024-05-16T14:42:32","date_gmt":"2024-05-16T17:42:32","guid":{"rendered":"https:\/\/www.ifbaiano.edu.br\/unidades\/teixeira\/?page_id=13746"},"modified":"2025-10-06T16:23:12","modified_gmt":"2025-10-06T19:23:12","slug":"coordenacao-de-ensino","status":"publish","type":"page","link":"https:\/\/www.ifbaiano.edu.br\/unidades\/teixeira\/coordenacao-de-ensino\/","title":{"rendered":"Coordena\u00e7\u00e3o de Ensino"},"content":{"rendered":"\n<p><strong>Coordena\u00e7\u00e3o de Ensino<\/strong><\/p>\n\n\n\n<p>A Coordena\u00e7\u00e3o de Ensino desempenha um papel fundamental na din\u00e2mica educacional. Suas atribui\u00e7\u00f5es permitem a operacionaliza\u00e7\u00e3o eficiente do processo pedag\u00f3gico, atrav\u00e9s da coordena\u00e7\u00e3o de a\u00e7\u00f5es em conjunto com outros setores gestores. Mant\u00e9m um di\u00e1logo constante com a equipe multidisciplinar, docentes e estudantes, com o objetivo de garantir o sucesso das a\u00e7\u00f5es propostas e promover a forma\u00e7\u00e3o profissional-cidad\u00e3.<\/p>\n\n\n\n<p>Al\u00e9m disso, a Coordena\u00e7\u00e3o de Ensino auxilia a Dire\u00e7\u00e3o Acad\u00eamica no planejamento, orienta\u00e7\u00e3o, implementa\u00e7\u00e3o, acompanhamento e avalia\u00e7\u00e3o das pr\u00e1ticas e projetos de ensino. Ela operacionaliza as atividades curriculares nos cursos de educa\u00e7\u00e3o profissional e tecnol\u00f3gica de n\u00edvel m\u00e9dio, zelando pela indissociabilidade entre ensino, pesquisa e extens\u00e3o. Tamb\u00e9m desempenha um papel essencial na divulga\u00e7\u00e3o, viabiliza\u00e7\u00e3o e garantia do cumprimento das pol\u00edticas e diretrizes da legisla\u00e7\u00e3o educacional vigente, assegurando a aplica\u00e7\u00e3o dos princ\u00edpios do Projeto Pol\u00edtico Pedag\u00f3gico do&nbsp;<em>campus<\/em>&nbsp;e das normas da Organiza\u00e7\u00e3o Did\u00e1tica.<\/p>\n\n\n\n<p>Os esfor\u00e7os da Coordena\u00e7\u00e3o de Ensino concentram-se na melhoria do desempenho educacional, na organiza\u00e7\u00e3o eficaz dos espa\u00e7os pedag\u00f3gicos, na redu\u00e7\u00e3o dos \u00edndices de evas\u00e3o e reten\u00e7\u00e3o, e na promo\u00e7\u00e3o do aumento dos \u00edndices de perman\u00eancia e \u00eaxito.<\/p>\n\n\n\n<p>\u00c9&nbsp;composta por docentes e uma equipe de apoio pedag\u00f3gico, que atuam para a melhoria dos processos de ensino-aprendizagem.<\/p>\n\n\n\n<p>N\u00facleos que fazem parte da Coordena\u00e7\u00e3o de Ensino:<\/p>\n\n\n\n<p>&nbsp;&nbsp;&nbsp;&nbsp;&#8211; NUAPE: N\u00facleo de Apoio ao Processo de Ensino-Aprendizagem, Perman\u00eancia e \u00caxito do Educando (nuape@teixeira.ifbaiano.edu.br);<\/p>\n\n\n\n<p>&nbsp;&nbsp;&nbsp;&nbsp;&#8211; Biblioteca (biblioteca@teixeira.ifbaiano.edu.br).<\/p>\n\n\n\n<p><strong>Coordenadora Titular:<\/strong><\/p>\n\n\n\n<p>Dr\u00aa Maria Soares Cunha<\/p>\n\n\n\n<p><strong>Coordenadora Substituta:<\/strong><\/p>\n\n\n\n<p>Michelle Batista Costa Assun\u00e7\u00e3o<\/p>\n\n\n\n<p><strong>E-mail:<\/strong><em>ce@teixeira.ifbaiano.edu.br<\/em><\/p>\n","protected":false},"excerpt":{"rendered":"<p>Coordena\u00e7\u00e3o de Ensino A Coordena\u00e7\u00e3o de Ensino desempenha um papel fundamental na din\u00e2mica educacional. Suas atribui\u00e7\u00f5es permitem a operacionaliza\u00e7\u00e3o eficiente do processo pedag\u00f3gico, atrav\u00e9s da coordena\u00e7\u00e3o de a\u00e7\u00f5es em conjunto com outros setores gestores. Mant\u00e9m um di\u00e1logo constante com a equipe multidisciplinar, docentes e estudantes, com o objetivo de garantir o sucesso das a\u00e7\u00f5es propostas [&hellip;]<\/p>\n","protected":false},"author":152,"featured_media":0,"parent":0,"menu_order":0,"comment_status":"closed","ping_status":"closed","template":"","meta":[],"_links":{"self":[{"href":"https:\/\/www.ifbaiano.edu.br\/unidades\/teixeira\/wp-json\/wp\/v2\/pages\/13746"}],"collection":[{"href":"https:\/\/www.ifbaiano.edu.br\/unidades\/teixeira\/wp-json\/wp\/v2\/pages"}],"about":[{"href":"https:\/\/www.ifbaiano.edu.br\/unidades\/teixeira\/wp-json\/wp\/v2\/types\/page"}],"author":[{"embeddable":true,"href":"https:\/\/www.ifbaiano.edu.br\/unidades\/teixeira\/wp-json\/wp\/v2\/users\/152"}],"replies":[{"embeddable":true,"href":"https:\/\/www.ifbaiano.edu.br\/unidades\/teixeira\/wp-json\/wp\/v2\/comments?post=13746"}],"version-history":[{"count":2,"href":"https:\/\/www.ifbaiano.edu.br\/unidades\/teixeira\/wp-json\/wp\/v2\/pages\/13746\/revisions"}],"predecessor-version":[{"id":15879,"href":"https:\/\/www.ifbaiano.edu.br\/unidades\/teixeira\/wp-json\/wp\/v2\/pages\/13746\/revisions\/15879"}],"wp:attachment":[{"href":"https:\/\/www.ifbaiano.edu.br\/unidades\/teixeira\/wp-json\/wp\/v2\/media?parent=13746"}],"curies":[{"name":"wp","href":"https:\/\/api.w.org\/{rel}","templated":true}]}}