{"id":14359,"date":"2025-01-06T10:23:58","date_gmt":"2025-01-06T13:23:58","guid":{"rendered":"https:\/\/www.ifbaiano.edu.br\/unidades\/teixeira\/?page_id=14359"},"modified":"2025-01-08T09:14:32","modified_gmt":"2025-01-08T12:14:32","slug":"julia-siqueira-moreau","status":"publish","type":"page","link":"https:\/\/www.ifbaiano.edu.br\/unidades\/teixeira\/julia-siqueira-moreau\/","title":{"rendered":"Julia Siqueira Moreau"},"content":{"rendered":"\n<p>Graduada em Engenharia Florestal pela Universidade Federal do Esp\u00edrito Santo (2012), mestra e doutora em Ci\u00eancias Florestais pela mesma institui\u00e7\u00e3o (2014 &#8211; 2021). Tem experi\u00eancia na \u00e1rea de Recursos Florestais, com \u00eanfase em silvicultura e meio ambiente. Foi estagi\u00e1ria nas empresas Cons\u00f3rcio Construtor Simpl\u00edcio e Fibria Celulose S.A. Atuou como professora volunt\u00e1ria no Instituto Federal de Educa\u00e7\u00e3o, Ci\u00eancia e Tecnologia do Esp\u00edrito Santo ministrando as disciplinas de Gest\u00e3o Ambiental e Legisla\u00e7\u00e3o e licenciamento ambiental para cursos superiores (2016). Em 2017, foi professora substituta do Instituto Federal de Educa\u00e7\u00e3o, Ci\u00eancia e Tecnologia Baiano e do curso superior em Engenharia Florestal da Faculdade Pit\u00e1goras de Teixeira de Freitas. Desde 2018 \u00e9 professora efetiva do Instituto Federal de Educa\u00e7\u00e3o, Ci\u00eancia e Tecnologia do Par\u00e1, Campus Breves. Atualmente, est\u00e1 em colabora\u00e7\u00e3o t\u00e9cnica no Instituto Federal de Educa\u00e7\u00e3o, Ci\u00eancia e Tecnologia Baiano, Campus Teixera de Freitas.<strong>&nbsp;(Texto informado pelo autor)<\/strong><\/p>\n\n\n\n<p>Lattes: <a href=\"http:\/\/lattes.cnpq.br\/5574175997236987\">http:\/\/lattes.cnpq.br\/5574175997236987<\/a><\/p>\n\n\n\n<hr class=\"wp-block-separator has-alpha-channel-opacity\" \/>\n\n\n\n<p>Plano de Trabalho Docente<\/p>\n\n\n\n<p><a href=\"https:\/\/www.ifbaiano.edu.br\/unidades\/teixeira\/files\/2025\/01\/Julia-PIT-2023.2.pdf\">2023.2<\/a><\/p>\n\n\n\n<p><a href=\"https:\/\/www.ifbaiano.edu.br\/unidades\/teixeira\/files\/2025\/01\/Julia-pit-2024.1.pdf\">2024.1<\/a><\/p>\n\n\n\n<p><a href=\"https:\/\/www.ifbaiano.edu.br\/unidades\/teixeira\/files\/2025\/01\/Julia-pit-2024.2.pdf\">2024.2<\/a><\/p>\n\n\n\n<p>Relat\u00f3rio de Trabalho Docente<\/p>\n\n\n\n<p><a href=\"https:\/\/www.ifbaiano.edu.br\/unidades\/teixeira\/files\/2025\/01\/Julia-RIT-2023.2.pdf\">2023.2<\/a><\/p>\n\n\n\n<p><a href=\"https:\/\/www.ifbaiano.edu.br\/unidades\/teixeira\/files\/2025\/01\/Julia-rit-2024.1.pdf\">2024.1<\/a><\/p>\n\n\n\n<p><a href=\"https:\/\/www.ifbaiano.edu.br\/unidades\/teixeira\/files\/2025\/01\/Julia-rit-2024.2.pdf\">2024.2<\/a><\/p>\n","protected":false},"excerpt":{"rendered":"<p>Graduada em Engenharia Florestal pela Universidade Federal do Esp\u00edrito Santo (2012), mestra e doutora em Ci\u00eancias Florestais pela mesma institui\u00e7\u00e3o (2014 &#8211; 2021). Tem experi\u00eancia na \u00e1rea de Recursos Florestais, com \u00eanfase em silvicultura e meio ambiente. Foi estagi\u00e1ria nas empresas Cons\u00f3rcio Construtor Simpl\u00edcio e Fibria Celulose S.A. Atuou como professora volunt\u00e1ria no Instituto Federal [&hellip;]<\/p>\n","protected":false},"author":152,"featured_media":0,"parent":0,"menu_order":0,"comment_status":"closed","ping_status":"closed","template":"","meta":[],"_links":{"self":[{"href":"https:\/\/www.ifbaiano.edu.br\/unidades\/teixeira\/wp-json\/wp\/v2\/pages\/14359"}],"collection":[{"href":"https:\/\/www.ifbaiano.edu.br\/unidades\/teixeira\/wp-json\/wp\/v2\/pages"}],"about":[{"href":"https:\/\/www.ifbaiano.edu.br\/unidades\/teixeira\/wp-json\/wp\/v2\/types\/page"}],"author":[{"embeddable":true,"href":"https:\/\/www.ifbaiano.edu.br\/unidades\/teixeira\/wp-json\/wp\/v2\/users\/152"}],"replies":[{"embeddable":true,"href":"https:\/\/www.ifbaiano.edu.br\/unidades\/teixeira\/wp-json\/wp\/v2\/comments?post=14359"}],"version-history":[{"count":6,"href":"https:\/\/www.ifbaiano.edu.br\/unidades\/teixeira\/wp-json\/wp\/v2\/pages\/14359\/revisions"}],"predecessor-version":[{"id":14599,"href":"https:\/\/www.ifbaiano.edu.br\/unidades\/teixeira\/wp-json\/wp\/v2\/pages\/14359\/revisions\/14599"}],"wp:attachment":[{"href":"https:\/\/www.ifbaiano.edu.br\/unidades\/teixeira\/wp-json\/wp\/v2\/media?parent=14359"}],"curies":[{"name":"wp","href":"https:\/\/api.w.org\/{rel}","templated":true}]}}