{"id":14389,"date":"2025-01-06T10:43:10","date_gmt":"2025-01-06T13:43:10","guid":{"rendered":"https:\/\/www.ifbaiano.edu.br\/unidades\/teixeira\/?page_id=14389"},"modified":"2025-01-06T10:43:10","modified_gmt":"2025-01-06T13:43:10","slug":"rogeria-de-souza-vieira","status":"publish","type":"page","link":"https:\/\/www.ifbaiano.edu.br\/unidades\/teixeira\/rogeria-de-souza-vieira\/","title":{"rendered":"Rog\u00e9ria de Souza Vieira"},"content":{"rendered":"\n<p>Mestra em Geografia Humana &#8211; Ordenamento do Territ\u00f3rio e Desenvolvimento pela Universidade de Coimbra, Portugal. Especialista em Ensino de Geografia pela Universidade Federal de Alagoas &#8211; UFAL. Especialista em Educa\u00e7\u00e3o, Contemporaneidade e Novas Tecnologias pela Universidade Federal do Vale do S\u00e3o Francisco &#8211; UNIVASF. Graduada em Geografia Licenciatura pela Universidade Federal de Alagoas &#8211; UFAL. \u00c9 Integrante do Grupo de Pesquisa: GEPAR &#8211; Grupo de Estudos e Pesquisa em An\u00e1lise Regional (CNPq); do Grupo de Estudos Sociedade e Natureza (GESN) &#8211; Geografia UFAL Campus do Sert\u00e3o; e do Laborat\u00f3rio de Estudos sobre Espa\u00e7o, Cultura e Pol\u00edtica da UFPE (LECgeo). Atuou como Agente de Pesquisa e Mapeamento &#8211; contrato da Funda\u00e7\u00e3o Instituto Brasileiro de Geografia e Estat\u00edstica &#8211; IBGE. Atuou como Diretora do Departamento de Educa\u00e7\u00e3o Ambiental, na Secretaria de Meio Ambiente. Atuou como Professora Substituta de Geografia no IFAL, nos cursos M\u00e9dio T\u00e9cnicos de Meio Ambiente e Guia de Turismo, no PROEJA, no Curso Superior em Gest\u00e3o Ambiental. Atuou como professora convidada no curso de Especializa\u00e7\u00e3o em Educa\u00e7\u00e3o e Meio Ambiente (IFAL Campus Marechal Deorodo). Atuou como professora de Geografia pela Secretaria da Educa\u00e7\u00e3o do Estado da Bahia. Atua como Professora de Geografia no IFBaiano Campus Teixeira de Freitas. Tem experi\u00eancia na \u00e1rea de Geografia, Ensino de Geografia, Paisagem Cultural e Meio Ambiente, com \u00eanfase em Geografia Urbana, Patrim\u00f4nio Cultural e Turismo, atuando principalmente nos seguintes temas: Paisagem Cultural, Territ\u00f3rio, Identidade, Patrim\u00f4nio, Turismo, Meio Ambiente e Educa\u00e7\u00e3o.<strong>\u00a0(Texto informado pelo autor)<\/strong><\/p>\n\n\n\n<p>Lattes: http:\/\/lattes.cnpq.br\/4748980748542981<\/p>\n\n\n\n<hr class=\"wp-block-separator has-alpha-channel-opacity\" \/>\n\n\n\n<p>PIT<\/p>\n\n\n\n<p><\/p>\n\n\n\n<p>RIT<\/p>\n\n\n\n<p><a href=\"https:\/\/www.ifbaiano.edu.br\/unidades\/teixeira\/files\/2025\/01\/Rogeria-RIT-2023.2.pdf\">2023.2<\/a><\/p>\n","protected":false},"excerpt":{"rendered":"<p>Mestra em Geografia Humana &#8211; Ordenamento do Territ\u00f3rio e Desenvolvimento pela Universidade de Coimbra, Portugal. Especialista em Ensino de Geografia pela Universidade Federal de Alagoas &#8211; UFAL. Especialista em Educa\u00e7\u00e3o, Contemporaneidade e Novas Tecnologias pela Universidade Federal do Vale do S\u00e3o Francisco &#8211; UNIVASF. Graduada em Geografia Licenciatura pela Universidade Federal de Alagoas &#8211; UFAL. [&hellip;]<\/p>\n","protected":false},"author":152,"featured_media":0,"parent":0,"menu_order":0,"comment_status":"closed","ping_status":"closed","template":"","meta":[],"_links":{"self":[{"href":"https:\/\/www.ifbaiano.edu.br\/unidades\/teixeira\/wp-json\/wp\/v2\/pages\/14389"}],"collection":[{"href":"https:\/\/www.ifbaiano.edu.br\/unidades\/teixeira\/wp-json\/wp\/v2\/pages"}],"about":[{"href":"https:\/\/www.ifbaiano.edu.br\/unidades\/teixeira\/wp-json\/wp\/v2\/types\/page"}],"author":[{"embeddable":true,"href":"https:\/\/www.ifbaiano.edu.br\/unidades\/teixeira\/wp-json\/wp\/v2\/users\/152"}],"replies":[{"embeddable":true,"href":"https:\/\/www.ifbaiano.edu.br\/unidades\/teixeira\/wp-json\/wp\/v2\/comments?post=14389"}],"version-history":[{"count":1,"href":"https:\/\/www.ifbaiano.edu.br\/unidades\/teixeira\/wp-json\/wp\/v2\/pages\/14389\/revisions"}],"predecessor-version":[{"id":14391,"href":"https:\/\/www.ifbaiano.edu.br\/unidades\/teixeira\/wp-json\/wp\/v2\/pages\/14389\/revisions\/14391"}],"wp:attachment":[{"href":"https:\/\/www.ifbaiano.edu.br\/unidades\/teixeira\/wp-json\/wp\/v2\/media?parent=14389"}],"curies":[{"name":"wp","href":"https:\/\/api.w.org\/{rel}","templated":true}]}}