{"id":14417,"date":"2025-01-06T11:09:04","date_gmt":"2025-01-06T14:09:04","guid":{"rendered":"https:\/\/www.ifbaiano.edu.br\/unidades\/teixeira\/?page_id=14417"},"modified":"2025-01-08T09:20:07","modified_gmt":"2025-01-08T12:20:07","slug":"cecilia-freitas-martins","status":"publish","type":"page","link":"https:\/\/www.ifbaiano.edu.br\/unidades\/teixeira\/cecilia-freitas-martins\/","title":{"rendered":"Cecilia Freitas Martins"},"content":{"rendered":"\n<p>Possui gradua\u00e7\u00e3o em Ci\u00eancias Biol\u00f3gicas (licenciatura e bacharelado), mestrado em Engenharia Ambiental (Saneamento Ambiental) e especializa\u00e7\u00e3o em Engenharia de Campo SMS pela Universidade Federal do Esp\u00edrito Santo. Tem experi\u00eancia como analista em licenciamento ambiental e como docente no ensino fundamental, m\u00e9dio e t\u00e9cnico. Atualmente \u00e9 professora do EBTT, \u00e1rea Biologia, no IF Baiano &#8211; campus Teixeira de Freitas.<strong>&nbsp;(Texto informado pelo autor)<\/strong><\/p>\n\n\n\n<p>Lattes: http:\/\/lattes.cnpq.br\/7168063704121251<\/p>\n\n\n\n<hr class=\"wp-block-separator has-alpha-channel-opacity\" \/>\n\n\n\n<p>PIT<\/p>\n\n\n\n<p><a href=\"https:\/\/www.ifbaiano.edu.br\/unidades\/teixeira\/files\/2025\/01\/Cecilia-PIT-2024.1.pdf\">2024.1<\/a><\/p>\n\n\n\n<p><a href=\"https:\/\/www.ifbaiano.edu.br\/unidades\/teixeira\/files\/2025\/01\/Cecilia-pit-2024.2.pdf\">2024.2<\/a><\/p>\n\n\n\n<p>RIT<\/p>\n\n\n\n<p><a href=\"https:\/\/www.ifbaiano.edu.br\/unidades\/teixeira\/files\/2025\/01\/Cecilia-rit-2024.1.pdf\">2024.1<\/a><\/p>\n\n\n\n<p><a href=\"https:\/\/www.ifbaiano.edu.br\/unidades\/teixeira\/files\/2025\/01\/Cecilia-rit-2024.2.pdf\">2024.2<\/a><\/p>\n","protected":false},"excerpt":{"rendered":"<p>Possui gradua\u00e7\u00e3o em Ci\u00eancias Biol\u00f3gicas (licenciatura e bacharelado), mestrado em Engenharia Ambiental (Saneamento Ambiental) e especializa\u00e7\u00e3o em Engenharia de Campo SMS pela Universidade Federal do Esp\u00edrito Santo. Tem experi\u00eancia como analista em licenciamento ambiental e como docente no ensino fundamental, m\u00e9dio e t\u00e9cnico. Atualmente \u00e9 professora do EBTT, \u00e1rea Biologia, no IF Baiano &#8211; campus [&hellip;]<\/p>\n","protected":false},"author":152,"featured_media":0,"parent":0,"menu_order":0,"comment_status":"closed","ping_status":"closed","template":"","meta":[],"_links":{"self":[{"href":"https:\/\/www.ifbaiano.edu.br\/unidades\/teixeira\/wp-json\/wp\/v2\/pages\/14417"}],"collection":[{"href":"https:\/\/www.ifbaiano.edu.br\/unidades\/teixeira\/wp-json\/wp\/v2\/pages"}],"about":[{"href":"https:\/\/www.ifbaiano.edu.br\/unidades\/teixeira\/wp-json\/wp\/v2\/types\/page"}],"author":[{"embeddable":true,"href":"https:\/\/www.ifbaiano.edu.br\/unidades\/teixeira\/wp-json\/wp\/v2\/users\/152"}],"replies":[{"embeddable":true,"href":"https:\/\/www.ifbaiano.edu.br\/unidades\/teixeira\/wp-json\/wp\/v2\/comments?post=14417"}],"version-history":[{"count":5,"href":"https:\/\/www.ifbaiano.edu.br\/unidades\/teixeira\/wp-json\/wp\/v2\/pages\/14417\/revisions"}],"predecessor-version":[{"id":14612,"href":"https:\/\/www.ifbaiano.edu.br\/unidades\/teixeira\/wp-json\/wp\/v2\/pages\/14417\/revisions\/14612"}],"wp:attachment":[{"href":"https:\/\/www.ifbaiano.edu.br\/unidades\/teixeira\/wp-json\/wp\/v2\/media?parent=14417"}],"curies":[{"name":"wp","href":"https:\/\/api.w.org\/{rel}","templated":true}]}}