{"id":14458,"date":"2025-01-06T11:48:05","date_gmt":"2025-01-06T14:48:05","guid":{"rendered":"https:\/\/www.ifbaiano.edu.br\/unidades\/teixeira\/?page_id=14458"},"modified":"2025-01-08T10:49:23","modified_gmt":"2025-01-08T13:49:23","slug":"daniele-dos-santos-barreto","status":"publish","type":"page","link":"https:\/\/www.ifbaiano.edu.br\/unidades\/teixeira\/daniele-dos-santos-barreto\/","title":{"rendered":"Daniele dos Santos Barreto"},"content":{"rendered":"\n<p>Doutoranda e mestra em Lingu\u00edstica pelo Programa de P\u00f3s-gradua\u00e7\u00e3o em Lingu\u00edstica (PPGLIN) da Universidade Estadual do Sudoeste da Bahia- UESB, Linha de Pesquisa: Aquisi\u00e7\u00e3o e Desenvolvimento da Linguagem T\u00edpica e At\u00edpica. Integrante do Grupo de Pesquisa das Estruturas Gramaticais e de Aquisi\u00e7\u00e3o da Linguagem (GPEGAL\/UESB) e do Grupo de Estudos e Pesquisas EJAISurdos (UFRB). Graduada em Letras pela Universidade do Estado da Bahia (UNEB). Possui experi\u00eancia como professora na Educa\u00e7\u00e3o B\u00e1sica e no Atendimento Educacional Especializado em Sala de Recursos Multifuncionais, com \u00eanfase na educa\u00e7\u00e3o de Surdos; professora-pesquisadora\/CAPES pelo Programa de Forma\u00e7\u00e3o de Professores da Educa\u00e7\u00e3o B\u00e1sica, PARFOR, UNEB, Campus X, ministrando os componentes curriculares Libras e L\u00edngua Portuguesa para Surdos. Tamb\u00e9m atuou como conselheira titular no Conselho Municipal de Defesa dos Direitos da Pessoa com Defici\u00eancia- COMPED, Teixeira de Freitas e como volunt\u00e1ria da Associa\u00e7\u00e3o de Surdos- ASTEF, nesta mesma cidade. Atualmente \u00e9 professora do quadro efetivo do Instituto Federal Baiano. \u00c1reas de maior interessante: aquisi\u00e7\u00e3o da linguagem, escrita de l\u00edngua de sinais, processamento e automatiza\u00e7\u00e3o da leitura e da escrita, letramento e alfabetiza\u00e7\u00e3o de pessoa surda.<strong>&nbsp;(Texto informado pelo autor)<\/strong><\/p>\n\n\n\n<p>Lattes: http:\/\/lattes.cnpq.br\/0127218296711043<\/p>\n\n\n\n<hr class=\"wp-block-separator has-alpha-channel-opacity\" \/>\n\n\n\n<p>PIT<\/p>\n\n\n\n<p><a href=\"https:\/\/www.ifbaiano.edu.br\/unidades\/teixeira\/files\/2025\/01\/Daniele-PIT-2024.1-1.pdf\">2024.1<\/a><\/p>\n\n\n\n<p>RIT<\/p>\n\n\n\n<p><a href=\"https:\/\/www.ifbaiano.edu.br\/unidades\/teixeira\/files\/2025\/01\/Daniele-PIT-2024.1.pdf\">2024.1<\/a><\/p>\n\n\n\n<p><a href=\"https:\/\/www.ifbaiano.edu.br\/unidades\/teixeira\/files\/2025\/01\/Daniele-rit-2024.2.pdf\">2024.2<\/a><\/p>\n","protected":false},"excerpt":{"rendered":"<p>Doutoranda e mestra em Lingu\u00edstica pelo Programa de P\u00f3s-gradua\u00e7\u00e3o em Lingu\u00edstica (PPGLIN) da Universidade Estadual do Sudoeste da Bahia- UESB, Linha de Pesquisa: Aquisi\u00e7\u00e3o e Desenvolvimento da Linguagem T\u00edpica e At\u00edpica. Integrante do Grupo de Pesquisa das Estruturas Gramaticais e de Aquisi\u00e7\u00e3o da Linguagem (GPEGAL\/UESB) e do Grupo de Estudos e Pesquisas EJAISurdos (UFRB). Graduada [&hellip;]<\/p>\n","protected":false},"author":152,"featured_media":0,"parent":0,"menu_order":0,"comment_status":"closed","ping_status":"closed","template":"","meta":[],"_links":{"self":[{"href":"https:\/\/www.ifbaiano.edu.br\/unidades\/teixeira\/wp-json\/wp\/v2\/pages\/14458"}],"collection":[{"href":"https:\/\/www.ifbaiano.edu.br\/unidades\/teixeira\/wp-json\/wp\/v2\/pages"}],"about":[{"href":"https:\/\/www.ifbaiano.edu.br\/unidades\/teixeira\/wp-json\/wp\/v2\/types\/page"}],"author":[{"embeddable":true,"href":"https:\/\/www.ifbaiano.edu.br\/unidades\/teixeira\/wp-json\/wp\/v2\/users\/152"}],"replies":[{"embeddable":true,"href":"https:\/\/www.ifbaiano.edu.br\/unidades\/teixeira\/wp-json\/wp\/v2\/comments?post=14458"}],"version-history":[{"count":5,"href":"https:\/\/www.ifbaiano.edu.br\/unidades\/teixeira\/wp-json\/wp\/v2\/pages\/14458\/revisions"}],"predecessor-version":[{"id":14701,"href":"https:\/\/www.ifbaiano.edu.br\/unidades\/teixeira\/wp-json\/wp\/v2\/pages\/14458\/revisions\/14701"}],"wp:attachment":[{"href":"https:\/\/www.ifbaiano.edu.br\/unidades\/teixeira\/wp-json\/wp\/v2\/media?parent=14458"}],"curies":[{"name":"wp","href":"https:\/\/api.w.org\/{rel}","templated":true}]}}