{"id":14572,"date":"2025-01-08T08:53:45","date_gmt":"2025-01-08T11:53:45","guid":{"rendered":"https:\/\/www.ifbaiano.edu.br\/unidades\/teixeira\/?page_id=14572"},"modified":"2025-01-08T09:17:16","modified_gmt":"2025-01-08T12:17:16","slug":"dionei-lima-santos","status":"publish","type":"page","link":"https:\/\/www.ifbaiano.edu.br\/unidades\/teixeira\/dionei-lima-santos\/","title":{"rendered":"Dionei Lima Santos"},"content":{"rendered":"\n<p>Dionei Lima Santos \u00e9 t\u00e9cnico em Agropecu\u00e1ria (2006-2008) pelo Instituto Federal de Educa\u00e7\u00e3o, Ci\u00eancia e Tecnologia Baiano &#8211; Campus Senhor do Bonfim &#8211; BA. Engenheiro Agr\u00f4nomo (2009-2014) pela Universidade Federal do Rec\u00f4ncavo da Bahia. Durante a gradua\u00e7\u00e3o participou do programa Mobilidade Estudantil pela Associa\u00e7\u00e3o Nacional dos Dirigentes das Institui\u00e7\u00f5es Federais de Ensino Superior (ANDIFES), como aluno da Universidade Federal de Vi\u00e7osa por um per\u00edodo de um ano, e foi bolsista pelo programa Ci\u00eancia sem Fronteiras (junho\/2013 a junho\/2014) na \u00c9cole Nationale Sup\u00e9rieure des Sciences Agronomiques de Bordeaux Aquitaine, Bordeaux &#8211; Fran\u00e7a. Mestre (2015-2016) e Doutor (2017-2020) em Engenharia Agr\u00edcola pela Universidade Federal de Vi\u00e7osa. Atualmente \u00e9 professor EBTT do Instituto Federal de Educa\u00e7\u00e3o, Ci\u00eancia e Tecnologia Baiano &#8211; Campus Teixeira de Freitas &#8211; BA. Pesquisador do Grupo de Estudos e Solu\u00e7\u00f5es para Agricultura Irrigada (GESAI) da Universidade Federal de Vi\u00e7osa e do Grupo de Estudos Agroambientais do M\u00e9dio Araguaia e Alto Xingu (GEAMAAX) &#8211; IFPA. Possui experi\u00eancias nos seguintes temas: engenharia e manejo de sistemas de irriga\u00e7\u00e3o, fertirriga\u00e7\u00e3o, fruticultura tropical, melancia, pastagem, apicultura e produ\u00e7\u00e3o animal (bovino, ovino e caprino).<strong>&nbsp;(Texto informado pelo autor)<\/strong><\/p>\n\n\n\n<p>Lattes: http:\/\/lattes.cnpq.br\/8710200268321886<\/p>\n\n\n\n<hr class=\"wp-block-separator has-alpha-channel-opacity\" \/>\n\n\n\n<p>PIT<\/p>\n\n\n\n<p><a href=\"https:\/\/www.ifbaiano.edu.br\/unidades\/teixeira\/files\/2025\/01\/Dionei-PIT-2024.2.pdf\">2024.2<\/a><\/p>\n\n\n\n<p>RIT<\/p>\n\n\n\n<p><a href=\"https:\/\/www.ifbaiano.edu.br\/unidades\/teixeira\/files\/2025\/01\/Dionei-RIT-2024.2.pdf\">2024.2<\/a><\/p>\n","protected":false},"excerpt":{"rendered":"<p>Dionei Lima Santos \u00e9 t\u00e9cnico em Agropecu\u00e1ria (2006-2008) pelo Instituto Federal de Educa\u00e7\u00e3o, Ci\u00eancia e Tecnologia Baiano &#8211; Campus Senhor do Bonfim &#8211; BA. Engenheiro Agr\u00f4nomo (2009-2014) pela Universidade Federal do Rec\u00f4ncavo da Bahia. Durante a gradua\u00e7\u00e3o participou do programa Mobilidade Estudantil pela Associa\u00e7\u00e3o Nacional dos Dirigentes das Institui\u00e7\u00f5es Federais de Ensino Superior (ANDIFES), como [&hellip;]<\/p>\n","protected":false},"author":152,"featured_media":0,"parent":0,"menu_order":0,"comment_status":"closed","ping_status":"closed","template":"","meta":[],"_links":{"self":[{"href":"https:\/\/www.ifbaiano.edu.br\/unidades\/teixeira\/wp-json\/wp\/v2\/pages\/14572"}],"collection":[{"href":"https:\/\/www.ifbaiano.edu.br\/unidades\/teixeira\/wp-json\/wp\/v2\/pages"}],"about":[{"href":"https:\/\/www.ifbaiano.edu.br\/unidades\/teixeira\/wp-json\/wp\/v2\/types\/page"}],"author":[{"embeddable":true,"href":"https:\/\/www.ifbaiano.edu.br\/unidades\/teixeira\/wp-json\/wp\/v2\/users\/152"}],"replies":[{"embeddable":true,"href":"https:\/\/www.ifbaiano.edu.br\/unidades\/teixeira\/wp-json\/wp\/v2\/comments?post=14572"}],"version-history":[{"count":3,"href":"https:\/\/www.ifbaiano.edu.br\/unidades\/teixeira\/wp-json\/wp\/v2\/pages\/14572\/revisions"}],"predecessor-version":[{"id":14606,"href":"https:\/\/www.ifbaiano.edu.br\/unidades\/teixeira\/wp-json\/wp\/v2\/pages\/14572\/revisions\/14606"}],"wp:attachment":[{"href":"https:\/\/www.ifbaiano.edu.br\/unidades\/teixeira\/wp-json\/wp\/v2\/media?parent=14572"}],"curies":[{"name":"wp","href":"https:\/\/api.w.org\/{rel}","templated":true}]}}