{"id":14579,"date":"2025-01-08T09:04:08","date_gmt":"2025-01-08T12:04:08","guid":{"rendered":"https:\/\/www.ifbaiano.edu.br\/unidades\/teixeira\/?page_id=14579"},"modified":"2025-01-08T09:55:45","modified_gmt":"2025-01-08T12:55:45","slug":"leila-cristina-rosa-de-lins","status":"publish","type":"page","link":"https:\/\/www.ifbaiano.edu.br\/unidades\/teixeira\/leila-cristina-rosa-de-lins\/","title":{"rendered":"Leila Cristina Rosa de Lins"},"content":{"rendered":"\n<p>Engenheira Agr\u00f4noma pela Universidade Federal do Rec\u00f4ncavo da Bahia (2010), possui Mestrado (2013) e Doutorado (2017) em Fitotecnia &#8211; Produ\u00e7\u00e3o Vegetal pela Universidade Federal de Vi\u00e7osa (UFV).&nbsp;<\/p>\n\n\n\n<p>Lattes: http:\/\/lattes.cnpq.br\/6826584411637380<\/p>\n\n\n\n<hr class=\"wp-block-separator has-alpha-channel-opacity\" \/>\n\n\n\n<p>PIT<\/p>\n\n\n\n<p><a href=\"https:\/\/www.ifbaiano.edu.br\/unidades\/teixeira\/files\/2025\/01\/Leila-PIT-2024.2.pdf\">2024.2<\/a><\/p>\n\n\n\n<p>RIT<\/p>\n\n\n\n<p><a href=\"https:\/\/www.ifbaiano.edu.br\/unidades\/teixeira\/files\/2025\/01\/Leila-RIT-2024.2.pdf\">2024.2<\/a><\/p>\n","protected":false},"excerpt":{"rendered":"<p>Engenheira Agr\u00f4noma pela Universidade Federal do Rec\u00f4ncavo da Bahia (2010), possui Mestrado (2013) e Doutorado (2017) em Fitotecnia &#8211; Produ\u00e7\u00e3o Vegetal pela Universidade Federal de Vi\u00e7osa (UFV).&nbsp; Lattes: http:\/\/lattes.cnpq.br\/6826584411637380 PIT 2024.2 RIT 2024.2<\/p>\n","protected":false},"author":152,"featured_media":0,"parent":0,"menu_order":0,"comment_status":"closed","ping_status":"closed","template":"","meta":[],"_links":{"self":[{"href":"https:\/\/www.ifbaiano.edu.br\/unidades\/teixeira\/wp-json\/wp\/v2\/pages\/14579"}],"collection":[{"href":"https:\/\/www.ifbaiano.edu.br\/unidades\/teixeira\/wp-json\/wp\/v2\/pages"}],"about":[{"href":"https:\/\/www.ifbaiano.edu.br\/unidades\/teixeira\/wp-json\/wp\/v2\/types\/page"}],"author":[{"embeddable":true,"href":"https:\/\/www.ifbaiano.edu.br\/unidades\/teixeira\/wp-json\/wp\/v2\/users\/152"}],"replies":[{"embeddable":true,"href":"https:\/\/www.ifbaiano.edu.br\/unidades\/teixeira\/wp-json\/wp\/v2\/comments?post=14579"}],"version-history":[{"count":3,"href":"https:\/\/www.ifbaiano.edu.br\/unidades\/teixeira\/wp-json\/wp\/v2\/pages\/14579\/revisions"}],"predecessor-version":[{"id":14634,"href":"https:\/\/www.ifbaiano.edu.br\/unidades\/teixeira\/wp-json\/wp\/v2\/pages\/14579\/revisions\/14634"}],"wp:attachment":[{"href":"https:\/\/www.ifbaiano.edu.br\/unidades\/teixeira\/wp-json\/wp\/v2\/media?parent=14579"}],"curies":[{"name":"wp","href":"https:\/\/api.w.org\/{rel}","templated":true}]}}