{"id":15013,"date":"2025-04-01T16:39:47","date_gmt":"2025-04-01T19:39:47","guid":{"rendered":"https:\/\/www.ifbaiano.edu.br\/unidades\/teixeira\/?page_id=15013"},"modified":"2025-04-30T12:34:08","modified_gmt":"2025-04-30T15:34:08","slug":"editais-neabi","status":"publish","type":"page","link":"https:\/\/www.ifbaiano.edu.br\/unidades\/teixeira\/diretoria-academica\/neabi\/editais-neabi\/","title":{"rendered":"EDITAIS &#8211; NEABI \u2013 N\u00facleo de Estudos Afro-Brasileiros e Ind\u00edgenas"},"content":{"rendered":"\n<strong><div align=\"center\" id=\"TituloMenu\">\t\tProcesso Eleitoral para o Grupo Gestor do NEABI (Bi\u00eanio 2025-2026)\t\t<\/div><\/strong>\n\n\n\n<\/br>\n\n\n\n<div class=\"wp-block-file\"><object class=\"wp-block-file__embed\" data=\"https:\/\/www.ifbaiano.edu.br\/unidades\/teixeira\/files\/2025\/04\/ATA-DO-PROCESSO-ELEITORAL-PARA-O-GRUPO-GESTOR-DO-NEABI-BIENIO-2025-2026.pdf\" type=\"application\/pdf\" style=\"width:100%;height:600px\" aria-label=\"Incorporado de ATA-DO-PROCESSO-ELEITORAL-PARA-O-GRUPO-GESTOR-DO-NEABI-BIENIO-2025-2026.\"><\/object><a id=\"wp-block-file--media-add91f77-456b-4af3-85ac-61e91a8de1c9\" href=\"https:\/\/www.ifbaiano.edu.br\/unidades\/teixeira\/files\/2025\/04\/ATA-DO-PROCESSO-ELEITORAL-PARA-O-GRUPO-GESTOR-DO-NEABI-BIENIO-2025-2026.pdf\">ATA-DO-PROCESSO-ELEITORAL-PARA-O-GRUPO-GESTOR-DO-NEABI-BIENIO-2025-2026<\/a><a href=\"https:\/\/www.ifbaiano.edu.br\/unidades\/teixeira\/files\/2025\/04\/ATA-DO-PROCESSO-ELEITORAL-PARA-O-GRUPO-GESTOR-DO-NEABI-BIENIO-2025-2026.pdf\" class=\"wp-block-file__button wp-element-button\" download aria-describedby=\"wp-block-file--media-add91f77-456b-4af3-85ac-61e91a8de1c9\">Baixar<\/a><\/div>\n\n\n\n<div class=\"wp-block-file\"><a id=\"wp-block-file--media-1a18765c-c298-47d9-941d-39be8103262a\" href=\"https:\/\/www.ifbaiano.edu.br\/unidades\/teixeira\/files\/2025\/04\/Edital-N01-01-04-2025-Processo-Eleitoral-para-o-grupo-Gestor-do-NEABI-bienio-2025-2026-DIVULGACAO-DOS-CANDIDATOS.pdf\">Edital-N01-01-04-2025-Processo-Eleitoral-para-o-grupo-Gestor-do-NEABI-bienio-2025-2026-DIVULGACAO-DOS-CANDIDATOS<\/a><a href=\"https:\/\/www.ifbaiano.edu.br\/unidades\/teixeira\/files\/2025\/04\/Edital-N01-01-04-2025-Processo-Eleitoral-para-o-grupo-Gestor-do-NEABI-bienio-2025-2026-DIVULGACAO-DOS-CANDIDATOS.pdf\" class=\"wp-block-file__button wp-element-button\" download aria-describedby=\"wp-block-file--media-1a18765c-c298-47d9-941d-39be8103262a\">Baixar<\/a><\/div>\n\n\n\n<div class=\"wp-block-file\"><a id=\"wp-block-file--media-f3d627b9-b5e5-4078-b4cd-e41a028ef922\" href=\"https:\/\/www.ifbaiano.edu.br\/unidades\/teixeira\/files\/2025\/04\/Edital01-2025-Processo-Eleitoral-para-o-Grupo-Gestor-do-NEABI-Bienio-2025-2026.pdf\">Edital01-2025-Processo-Eleitoral-para-o-Grupo-Gestor-do-NEABI-Bienio-2025-2026<\/a><a href=\"https:\/\/www.ifbaiano.edu.br\/unidades\/teixeira\/files\/2025\/04\/Edital01-2025-Processo-Eleitoral-para-o-Grupo-Gestor-do-NEABI-Bienio-2025-2026.pdf\" class=\"wp-block-file__button wp-element-button\" download aria-describedby=\"wp-block-file--media-f3d627b9-b5e5-4078-b4cd-e41a028ef922\">Baixar<\/a><\/div>\n\n\n\n<hr class=\"wp-block-separator has-alpha-channel-opacity\" \/>\n\n\n\n<strong><div align=\"center\" id=\"TituloMenu\">\t\tCRONOGRAMA\t\t<\/div><\/strong>\n\n\n\n<figure class=\"wp-block-table is-style-stripes\"><table class=\"has-background\" style=\"background:linear-gradient(90deg,rgba(252,185,0,1) 0%,rgba(255,105,0,1) 100%)\"><tbody><tr><td class=\"has-text-align-center\" data-align=\"center\"><strong>ATIVIDADE<\/strong><\/td><td class=\"has-text-align-center\" data-align=\"center\"><strong>DATA<\/strong><\/td><\/tr><tr><td class=\"has-text-align-center\" data-align=\"center\">Publica\u00e7\u00e3o do Edital:<\/td><td class=\"has-text-align-center\" data-align=\"center\">01\/04\/2025<\/td><\/tr><tr><td class=\"has-text-align-center\" data-align=\"center\">Per\u00edodo de inscri\u00e7\u00e3o:<\/td><td class=\"has-text-align-center\" data-align=\"center\">07\/04 a 08\/04\/2025<\/td><\/tr><tr><td class=\"has-text-align-center\" data-align=\"center\"><strong>Divulga\u00e7\u00e3o preliminar dos candidatos<\/strong><\/td><td class=\"has-text-align-center\" data-align=\"center\">09\/04\/2025<\/td><\/tr><tr><td class=\"has-text-align-center\" data-align=\"center\"><strong>Interposi\u00e7\u00e3o dos recursos das inscri\u00e7\u00f5es dos candidatos:<\/strong> 10\/04\/2025<\/td><td class=\"has-text-align-center\" data-align=\"center\">10\/04\/2025<\/td><\/tr><tr><td class=\"has-text-align-center\" data-align=\"center\">Campanha eleitoral<\/td><td class=\"has-text-align-center\" data-align=\"center\">11\/04 a 16\/04\/2025<\/td><\/tr><tr><td class=\"has-text-align-center\" data-align=\"center\">Elei\u00e7\u00e3o<\/td><td class=\"has-text-align-center\" data-align=\"center\">24\/04\/2025<\/td><\/tr><tr><td class=\"has-text-align-center\" data-align=\"center\"><strong>Divulga\u00e7\u00e3o do resultado preliminar<\/strong><\/td><td class=\"has-text-align-center\" data-align=\"center\">25\/04\/2025<\/td><\/tr><tr><td class=\"has-text-align-center\" data-align=\"center\"><strong>Interposi\u00e7\u00e3o de recursos<\/strong><\/td><td class=\"has-text-align-center\" data-align=\"center\">28\/04\/2025<\/td><\/tr><tr><td class=\"has-text-align-center\" data-align=\"center\"><strong>Divulga\u00e7\u00e3o do resultado final<\/strong><\/td><td class=\"has-text-align-center\" data-align=\"center\">30\/04\/2025<\/td><\/tr><\/tbody><\/table><\/figure>\n\n\n\n<hr class=\"wp-block-separator has-alpha-channel-opacity\" \/>\n\n\n\n<a href=\"https:\/\/www.ifbaiano.edu.br\/unidades\/teixeira\/diretoria-academica\/neabi\/\"><strong><div align=\"center\" id=\"TituloMenu\">\t\tRETORNAR PARA P\u00c1GINA DO NEABI\t\t<\/div><\/strong><\/a>\n","protected":false},"excerpt":{"rendered":"<p>Processo Eleitoral para o Grupo Gestor do NEABI (Bi\u00eanio 2025-2026) CRONOGRAMA ATIVIDADE DATA Publica\u00e7\u00e3o do Edital: 01\/04\/2025 Per\u00edodo de inscri\u00e7\u00e3o: 07\/04 a 08\/04\/2025 Divulga\u00e7\u00e3o preliminar dos candidatos 09\/04\/2025 Interposi\u00e7\u00e3o dos recursos das inscri\u00e7\u00f5es dos candidatos: 10\/04\/2025 10\/04\/2025 Campanha eleitoral 11\/04 a 16\/04\/2025 Elei\u00e7\u00e3o 24\/04\/2025 Divulga\u00e7\u00e3o do resultado preliminar 25\/04\/2025 Interposi\u00e7\u00e3o de recursos 28\/04\/2025 Divulga\u00e7\u00e3o do [&hellip;]<\/p>\n","protected":false},"author":31,"featured_media":0,"parent":9589,"menu_order":0,"comment_status":"closed","ping_status":"closed","template":"","meta":[],"_links":{"self":[{"href":"https:\/\/www.ifbaiano.edu.br\/unidades\/teixeira\/wp-json\/wp\/v2\/pages\/15013"}],"collection":[{"href":"https:\/\/www.ifbaiano.edu.br\/unidades\/teixeira\/wp-json\/wp\/v2\/pages"}],"about":[{"href":"https:\/\/www.ifbaiano.edu.br\/unidades\/teixeira\/wp-json\/wp\/v2\/types\/page"}],"author":[{"embeddable":true,"href":"https:\/\/www.ifbaiano.edu.br\/unidades\/teixeira\/wp-json\/wp\/v2\/users\/31"}],"replies":[{"embeddable":true,"href":"https:\/\/www.ifbaiano.edu.br\/unidades\/teixeira\/wp-json\/wp\/v2\/comments?post=15013"}],"version-history":[{"count":12,"href":"https:\/\/www.ifbaiano.edu.br\/unidades\/teixeira\/wp-json\/wp\/v2\/pages\/15013\/revisions"}],"predecessor-version":[{"id":15307,"href":"https:\/\/www.ifbaiano.edu.br\/unidades\/teixeira\/wp-json\/wp\/v2\/pages\/15013\/revisions\/15307"}],"up":[{"embeddable":true,"href":"https:\/\/www.ifbaiano.edu.br\/unidades\/teixeira\/wp-json\/wp\/v2\/pages\/9589"}],"wp:attachment":[{"href":"https:\/\/www.ifbaiano.edu.br\/unidades\/teixeira\/wp-json\/wp\/v2\/media?parent=15013"}],"curies":[{"name":"wp","href":"https:\/\/api.w.org\/{rel}","templated":true}]}}