{"id":2127,"date":"2014-02-27T14:11:48","date_gmt":"2014-02-27T14:11:48","guid":{"rendered":"http:\/\/www.ifbaiano.edu.br\/unidades\/teixeira\/?page_id=2127"},"modified":"2025-10-07T10:18:40","modified_gmt":"2025-10-07T13:18:40","slug":"extensao","status":"publish","type":"page","link":"https:\/\/www.ifbaiano.edu.br\/unidades\/teixeira\/extensao\/","title":{"rendered":"Coordena\u00e7\u00e3o de Extens\u00e3o"},"content":{"rendered":"\n<p><strong>Coordenador:<\/strong> <strong>Ruth Leia Concei\u00e7\u00e3o Cancela de Jesus<\/strong><\/p>\n\n\n\n<p><strong>Telefone:<\/strong>  <strong>73 3665-1031 | 3665-1032&nbsp;WhatsApp:&nbsp;7399828-0093<\/strong><\/p>\n\n\n\n<p><strong>Endere\u00e7o eletr\u00f4nico:<\/strong> extensao@teixeira.ifbaiano.edu.br<\/p>\n\n\n\n<p>A Extens\u00e3o busca dialogar com as comunidades locais e regionais onde a institui\u00e7\u00e3o est\u00e1 inserida; fomentar a realiza\u00e7\u00e3o de projetos para o atendimento das demandas dos arranjos produtivos sociais e culturais; difundir a cria\u00e7\u00e3o cultural e a pesquisa cient\u00edfica e tecnol\u00f3gica geradas dentro do IF Baiano; promover o desenvolvimento e a transfer\u00eancia de tecnologias sociais para a conserva\u00e7\u00e3o do meio ambiente; socializar e democratizar o conhecimento produzido e existente na institui\u00e7\u00e3o.<\/p>\n\n\n\n<p><\/p>\n\n\n\n<p><\/p>\n\n\n\n<div align=\"center\" id=\"TituloMenu\">\n\t\t\t\t\tDOCUMENTOS\t\t<\/div>\n\n\n\n<div class=\"wp-block-file\"><a id=\"wp-block-file--media-a40425fb-ea75-44c0-bdce-98a003a3bbeb\" href=\"https:\/\/www.ifbaiano.edu.br\/unidades\/teixeira\/files\/2025\/06\/Nota-Informativa-PROEX-IF-BAIANO-no-04-de-10-de-Junho-de-2025.pdf\">Nota-Informativa-PROEX-IF-BAIANO-no-04-de-10-de-Junho-de-2025<\/a><a href=\"https:\/\/www.ifbaiano.edu.br\/unidades\/teixeira\/files\/2025\/06\/Nota-Informativa-PROEX-IF-BAIANO-no-04-de-10-de-Junho-de-2025.pdf\" class=\"wp-block-file__button wp-element-button\" download aria-describedby=\"wp-block-file--media-a40425fb-ea75-44c0-bdce-98a003a3bbeb\">Baixar<\/a><\/div>\n\n\n\n<hr class=\"wp-block-separator has-alpha-channel-opacity\" \/>\n\n\n\n<p><\/p>\n\n\n\n<table id=\"tablepress-12\" class=\"tablepress tablepress-id-12\">\n<thead>\n<tr class=\"row-1 odd\">\n\t<th class=\"column-1\">Projeto<strong><\/th><th class=\"column-2\">Coordenador(a)<\/strong><\/th><th class=\"column-3\">Discente<strong><\/th><th class=\"column-4\">Edital <\/strong><\/th>\n<\/tr>\n<\/thead>\n<tbody class=\"row-hover\">\n<tr class=\"row-2 even\">\n\t<td class=\"column-1\">Verde para todos: produ\u00e7\u00e3o de mudas para arboriza\u00e7\u00e3o de escolas<\/td><td class=\"column-2\">Nayara Silva Souza<\/td><td class=\"column-3\">Lorena Mai Souza<\/td><td class=\"column-4\">EDITAL PIBIEX J\u00daNIOR N\u00ba\u00a037\/2025<\/td>\n<\/tr>\n<tr class=\"row-3 odd\">\n\t<td class=\"column-1\">Capacita\u00e7\u00e3o em Implanta\u00e7\u00e3o e Manejo de Pastagens Visando sua Sustentabilidade<\/td><td class=\"column-2\">Joab Jobson de Oliveira<\/td><td class=\"column-3\">Maria Eduarda Gomes Rocha<\/td><td class=\"column-4\">EDITAL PIBIEX J\u00daNIOR N\u00ba\u00a037\/2025<\/td>\n<\/tr>\n<tr class=\"row-4 even\">\n\t<td class=\"column-1\">FOMENTANDO TALENTOS: ESTRAT\u00c9GIAS PARA AMPLIAR A PARTICIPA\u00c7\u00c3O DOS ESTUDANTES EM OLIMP\u00cdADAS DE QU\u00cdMICA NO EXTREMO SUL DA BAHIA<\/td><td class=\"column-2\">Hugo Luiz Oliveira da Silva<\/td><td class=\"column-3\">Wallisson Lopes Silva<\/td><td class=\"column-4\">EDITAL PIBIEX J\u00daNIOR N\u00ba\u00a037\/2025<\/td>\n<\/tr>\n<tr class=\"row-5 odd\">\n\t<td class=\"column-1\">Cultivando Ra\u00edzes Comunit\u00e1rias: Implanta\u00e7\u00e3o de hortas urbanas no bairro Ulisses Guimar\u00e3es em Teixeira De Freitas<\/td><td class=\"column-2\">Dhanyane Alves Castro<\/td><td class=\"column-3\">Elizane Oliveira Santos Pereira<\/td><td class=\"column-4\">EDITAL PIBIEX J\u00daNIOR N\u00ba\u00a037\/2025<\/td>\n<\/tr>\n<tr class=\"row-6 even\">\n\t<td class=\"column-1\">Implementa\u00e7\u00e3o das Boas Pr\u00e1ticas em agroindustrias artesanais produtoras de derivados de mandioca<\/td><td class=\"column-2\">Gutto Monzelle Rios Marques<\/td><td class=\"column-3\">Amanda da Silva Castro<\/td><td class=\"column-4\">EDITAL PIBIEX J\u00daNIOR N\u00ba\u00a037\/2025<\/td>\n<\/tr>\n<tr class=\"row-7 odd\">\n\t<td class=\"column-1\">REDESCUBRA-SE: VIV\u00caNCIAS, LEITURA, AFETOS E ANTIRRACISMO<\/td><td class=\"column-2\">Cintia Aparecida Amorim<\/td><td class=\"column-3\">Maria Heloisa da Silva Mateus<\/td><td class=\"column-4\">EDITAL PIBIEX J\u00daNIOR N\u00ba\u00a037\/2025<\/td>\n<\/tr>\n<tr class=\"row-8 even\">\n\t<td class=\"column-1\">CINE VERDE SOLID\u00c1RIO: EDUCA\u00c7\u00c3O AMBIENTAL, CULTURA E ECONOMIA SOLID\u00c1RIA NO IF BAIANO (TEIXEIRA DE FREITAS)<\/td><td class=\"column-2\">Carolina Pazos Pereira<\/td><td class=\"column-3\"><\/td><td class=\"column-4\">Edital de fluxo cont\u00ednuo\u00a0 01\/25<\/td>\n<\/tr>\n<tr class=\"row-9 odd\">\n\t<td class=\"column-1\">Interpretando atrav\u00e9s da Leitura: fortalecendo a compreens\u00e3o leitora no ambiente escolar<\/td><td class=\"column-2\">Ruth Leia Concei\u00e7\u00e3o Cancela<\/td><td class=\"column-3\"><\/td><td class=\"column-4\">Edital de fluxo continuo  01\/25<\/td>\n<\/tr>\n<tr class=\"row-10 even\">\n\t<td class=\"column-1\">ESPORTIF<\/td><td class=\"column-2\">Ricardo Rocha Rabelo<\/td><td class=\"column-3\">JOSHUA ROCHA CANDIDO DOS SANTOS<\/td><td class=\"column-4\">EDITAL PIBIEX J\u00daNIOR N\u00ba 60\/2024<\/td>\n<\/tr>\n<tr class=\"row-11 odd\">\n\t<td class=\"column-1\">Aventura Lisoss\u00f4mica: A import\u00e2ncia do uso da ludicidade no ensino da Citologia<\/td><td class=\"column-2\">Cecilia Freitas Martins<\/td><td class=\"column-3\">MARI ANGEL DOS SANTOS FERREIRA , ROBSON DIAS SANTOS, YSAMMARA NASCIMENTO DOS SANTOS, LORENA MAI SOUZA, SAMARA DE JESUS BATISTA<\/td><td class=\"column-4\">EDITAL PIBIEX J\u00daNIOR N\u00ba 60\/2024<\/td>\n<\/tr>\n<tr class=\"row-12 even\">\n\t<td class=\"column-1\">Cultivando Saberes: Implanta\u00e7\u00e3o de Hortas Agroecol\u00f3gicas na Escola Ind\u00edgena Patax\u00f3 P\u00e9 do Monte<\/td><td class=\"column-2\">ROSANE DA SILVA SANTOS<\/td><td class=\"column-3\">Rayane dos Santos Silva, Gabriel Souza de Jesus, GABRIELA SANTANA LUZ, Mateus de Oliveira Brunelli , CARLOS HENRIQUE SOUZA FERR\u00c3O , EMANUEL ALVES DOS SANTOS,RAISSA VIEIRA SOUZA.<\/td><td class=\"column-4\">EDITAL PIBIEX SUPERIOR N\u00ba 61\/2024<\/td>\n<\/tr>\n<tr class=\"row-13 odd\">\n\t<td class=\"column-1\">Descomplicando a Ci\u00eancia do Solo: Ferramentas did\u00e1ticas para o ensino em Escolas P\u00fablicas<\/td><td class=\"column-2\">Valeria Pancieri Sallin<\/td><td class=\"column-3\">Mateus Dimas Santos, Antonio Carvalho Rodrigues, MYCAELLE DA CONCEI\u00c7\u00c3O SANTOS , Cleber Silva Gon\u00e7alves Filho, Felipe da Cruz Rocha, Emanuelle do Nascimento Afonso,  MARIA EDUARDA NOVAIS DE DEUS<\/td><td class=\"column-4\">EDITAL PIBIEX SUPERIOR N\u00ba 61\/2024<\/td>\n<\/tr>\n<\/tbody>\n<\/table>\n<!-- #tablepress-12 from cache -->\n\n\n<figure class=\"wp-block-table\"><table><tbody><tr><td>                                                <strong>CURSOS FIC &#8211; 2019.2<\/strong><br><\/td><\/tr><tr><td> Flauta doce 1 \u2013 IFLAUTIANO<br><\/td><\/tr><tr><td> Coro IFBAIANO <\/td><\/tr><tr><td> Libras para Atendimento ao P\u00fablico <\/td><\/tr><tr><td> Boas Pr\u00e1ticas na Fabrica\u00e7\u00e3o de Alimentos <\/td><\/tr><\/tbody><\/table><\/figure>\n","protected":false},"excerpt":{"rendered":"<p>Coordenador: Ruth Leia Concei\u00e7\u00e3o Cancela de Jesus Telefone: 73 3665-1031 | 3665-1032&nbsp;WhatsApp:&nbsp;7399828-0093 Endere\u00e7o eletr\u00f4nico: extensao@teixeira.ifbaiano.edu.br A Extens\u00e3o busca dialogar com as comunidades locais e regionais onde a institui\u00e7\u00e3o est\u00e1 inserida; fomentar a realiza\u00e7\u00e3o de projetos para o atendimento das demandas dos arranjos produtivos sociais e culturais; difundir a cria\u00e7\u00e3o cultural e a pesquisa cient\u00edfica e [&hellip;]<\/p>\n","protected":false},"author":32,"featured_media":0,"parent":0,"menu_order":0,"comment_status":"open","ping_status":"open","template":"","meta":[],"_links":{"self":[{"href":"https:\/\/www.ifbaiano.edu.br\/unidades\/teixeira\/wp-json\/wp\/v2\/pages\/2127"}],"collection":[{"href":"https:\/\/www.ifbaiano.edu.br\/unidades\/teixeira\/wp-json\/wp\/v2\/pages"}],"about":[{"href":"https:\/\/www.ifbaiano.edu.br\/unidades\/teixeira\/wp-json\/wp\/v2\/types\/page"}],"author":[{"embeddable":true,"href":"https:\/\/www.ifbaiano.edu.br\/unidades\/teixeira\/wp-json\/wp\/v2\/users\/32"}],"replies":[{"embeddable":true,"href":"https:\/\/www.ifbaiano.edu.br\/unidades\/teixeira\/wp-json\/wp\/v2\/comments?post=2127"}],"version-history":[{"count":29,"href":"https:\/\/www.ifbaiano.edu.br\/unidades\/teixeira\/wp-json\/wp\/v2\/pages\/2127\/revisions"}],"predecessor-version":[{"id":15905,"href":"https:\/\/www.ifbaiano.edu.br\/unidades\/teixeira\/wp-json\/wp\/v2\/pages\/2127\/revisions\/15905"}],"wp:attachment":[{"href":"https:\/\/www.ifbaiano.edu.br\/unidades\/teixeira\/wp-json\/wp\/v2\/media?parent=2127"}],"curies":[{"name":"wp","href":"https:\/\/api.w.org\/{rel}","templated":true}]}}