{"id":30,"date":"2011-05-18T18:48:44","date_gmt":"2011-05-18T18:48:44","guid":{"rendered":"http:\/\/localhost\/unidades\/bonfim\/?page_id=30"},"modified":"2016-10-17T19:17:20","modified_gmt":"2016-10-17T19:17:20","slug":"funcionamento-horarios","status":"publish","type":"page","link":"https:\/\/www.ifbaiano.edu.br\/unidades\/teixeira\/campus\/funcionamento-horarios\/","title":{"rendered":"Funcionamento"},"content":{"rendered":"<p><span style=\"color: #000000\">O <em>Campus<\/em> de Teixeira de Freitas funciona nos seguintes per\u00edodos:<\/span><\/p>\n<p><span style=\"color: #000000\"><strong>Administrativo:<\/strong><\/span><\/p>\n<p><span style=\"color: #000000\"><span style=\"text-decoration: underline\">Manh\u00e3<\/span> &#8211; 7 \u00e0s 11 horas;<\/span><\/p>\n<p><span style=\"color: #000000\"><span style=\"text-decoration: underline\">Tarde<\/span> &#8211; 13 \u00e0s 17 horas.\u00a0<\/span><\/p>\n<p>&nbsp;<\/p>\n<p><span style=\"color: #000000\"><strong>Aulas:<br \/>\n<\/strong><\/span><\/p>\n<p><span style=\"color: #000000\"><span style=\"text-decoration: underline\">Manh\u00e3<\/span> &#8211; 7h \u00e0s 11h20;<\/span><\/p>\n<p><span style=\"color: #000000\"><span style=\"text-decoration: underline\">Tarde<\/span> &#8211; 13h25 \u00e0s 17h50;<\/span><\/p>\n<p><span style=\"color: #000000\"><span style=\"text-decoration: underline\">Noite<\/span> &#8211; 18h30 \u00e0s 22h50.<\/span><\/p>\n<p>&nbsp;<\/p>\n<p><span style=\"color: #000000\"><strong>Secretaria \/ Biblioteca:<\/strong><\/span><\/p>\n<p><span style=\"color: #000000\">Das 7 \u00e0s 22 horas.<\/span><\/p>\n","protected":false},"excerpt":{"rendered":"<p>O Campus de Teixeira de Freitas funciona nos seguintes per\u00edodos: Administrativo: Manh\u00e3 &#8211; 7 \u00e0s 11 horas; Tarde &#8211; 13 \u00e0s 17 horas.\u00a0 &nbsp; Aulas: Manh\u00e3 &#8211; 7h \u00e0s 11h20; Tarde &#8211; 13h25 \u00e0s 17h50; Noite &#8211; 18h30 \u00e0s 22h50. &nbsp; Secretaria \/ Biblioteca: Das 7 \u00e0s 22 horas.<\/p>\n","protected":false},"author":1,"featured_media":0,"parent":2382,"menu_order":0,"comment_status":"closed","ping_status":"closed","template":"","meta":[],"_links":{"self":[{"href":"https:\/\/www.ifbaiano.edu.br\/unidades\/teixeira\/wp-json\/wp\/v2\/pages\/30"}],"collection":[{"href":"https:\/\/www.ifbaiano.edu.br\/unidades\/teixeira\/wp-json\/wp\/v2\/pages"}],"about":[{"href":"https:\/\/www.ifbaiano.edu.br\/unidades\/teixeira\/wp-json\/wp\/v2\/types\/page"}],"author":[{"embeddable":true,"href":"https:\/\/www.ifbaiano.edu.br\/unidades\/teixeira\/wp-json\/wp\/v2\/users\/1"}],"replies":[{"embeddable":true,"href":"https:\/\/www.ifbaiano.edu.br\/unidades\/teixeira\/wp-json\/wp\/v2\/comments?post=30"}],"version-history":[{"count":10,"href":"https:\/\/www.ifbaiano.edu.br\/unidades\/teixeira\/wp-json\/wp\/v2\/pages\/30\/revisions"}],"predecessor-version":[{"id":260,"href":"https:\/\/www.ifbaiano.edu.br\/unidades\/teixeira\/wp-json\/wp\/v2\/pages\/30\/revisions\/260"}],"up":[{"embeddable":true,"href":"https:\/\/www.ifbaiano.edu.br\/unidades\/teixeira\/wp-json\/wp\/v2\/pages\/2382"}],"wp:attachment":[{"href":"https:\/\/www.ifbaiano.edu.br\/unidades\/teixeira\/wp-json\/wp\/v2\/media?parent=30"}],"curies":[{"name":"wp","href":"https:\/\/api.w.org\/{rel}","templated":true}]}}