{"id":3578,"date":"2015-10-06T16:29:35","date_gmt":"2015-10-06T16:29:35","guid":{"rendered":"http:\/\/www.ifbaiano.edu.br\/unidades\/teixeira\/?page_id=3578"},"modified":"2016-02-16T04:12:12","modified_gmt":"2016-02-16T04:12:12","slug":"prosel-2016-1","status":"publish","type":"page","link":"https:\/\/www.ifbaiano.edu.br\/unidades\/teixeira\/prosel-2016-1\/","title":{"rendered":"PROSEL 2016.1"},"content":{"rendered":"<h1 style=\"text-align: center\"><strong><span><span>PROCESSO Seletivo 2.016,1<\/span><\/span><\/strong><\/h1>\n<p><a href=\"http:\/\/concurso.ifbaiano.edu.br\/portal\/discente20161\/\" target=\"_blank\"><img decoding=\"async\" loading=\"lazy\" class=\"alignnone\" src=\"https:\/\/goo.gl\/nJvNJn\" alt=\"\" width=\"100%\" height=\"100%\" \/><\/a><\/p>\n<p>&nbsp;<\/p>\n<h4 style=\"text-align: center\">15\/02\/2016 &#8211;\u00a0<a href=\"http:\/\/concurso.ifbaiano.edu.br\/portal\/discente20161\/wp-content\/uploads\/sites\/26\/2016\/02\/TXF_TERCEIRA-CHAMADA-DE-MATR%C3%8DCULA.pdf\" target=\"_blank\">Campus Teixeira de Freitas: Edital de 3\u00aa Chamada<span style=\"color: #ff0000\">NOVO<\/span><\/a><\/h4>\n<h4 style=\"text-align: center\">03\/02\/2016 &#8211;\u00a0<a href=\"http:\/\/concurso.ifbaiano.edu.br\/portal\/discente20161\/wp-content\/uploads\/sites\/26\/2016\/02\/TXF_EDITAL-DE-MATR%C3%8DCULA-N%C2%BA-02-de-2016.pdf\" target=\"_blank\">Campus Teixeira de Freitas: Edital de matr\u00edcula 2\u00aa Chamada\u00a0<\/a><\/h4>\n<h4 style=\"text-align: center\">25\/01\/2016 &#8211;\u00a0<a href=\"http:\/\/concurso.ifbaiano.edu.br\/portal\/discente20161\/wp-content\/uploads\/sites\/26\/2016\/01\/TXF_EDITAL-DE-MATR%C3%8DCULA-N%C2%BA-01-de-2016-1.pdf\" target=\"_blank\">Campus Teixeira de Freitas: Edital para matr\u00edcula<\/a><\/h4>\n<h4 style=\"text-align: center\">25\/01\/2016 &#8211;\u00a0<a href=\"http:\/\/concurso.ifbaiano.edu.br\/portal\/discente20161\/wp-content\/uploads\/sites\/26\/2016\/01\/TDF_Resultado-Final.pdf\" target=\"_blank\">Lista Geral Final de classifica\u00e7\u00e3o &#8211;\u00a0<em>Campus<\/em>\u00a0Teixeira de Freitas<\/a><\/h4>\n<h4 style=\"text-align: center\">25\/01\/2016 &#8211;\u00a0<a href=\"http:\/\/concurso.ifbaiano.edu.br\/portal\/discente20161\/wp-content\/uploads\/sites\/26\/2016\/01\/Of%C3%ADcio-Circular-01_2016.pdf\" target=\"_blank\">OF\u00cdCIO CIRCULAR: Lista Geral Final de classifica\u00e7\u00e3o<\/a><\/h4>\n<h4 style=\"text-align: center\">25\/01\/2016 &#8211;\u00a0<a href=\"http:\/\/concurso.ifbaiano.edu.br\/portal\/discente20161\/wp-content\/uploads\/sites\/26\/2016\/01\/TXF_LISTA-DE-RECURSOS-II-definitiva-PARA-PUBLICA%C3%87%C3%83O.pdf\" target=\"_blank\">Retifica\u00e7\u00e3o do Resultado da interposi\u00e7\u00e3o de recursos \u00e0 lista de classifica\u00e7\u00e3o: CAMPUS TEIXEIRA DE FREITAS<\/a><\/h4>\n<h4 style=\"text-align: center\">19\/01\/2016 &#8211;\u00a0<a href=\"http:\/\/concurso.ifbaiano.edu.br\/portal\/discente20161\/wp-content\/uploads\/sites\/26\/2016\/01\/Nota-de-Esclarecimento.pdf\" target=\"_blank\">NOTA DE ESCLARECIMENTO SOBRE O USO DOS TERMOS CLASSIFICADO E APROVADO<\/a><\/h4>\n<h4 style=\"text-align: center\">18\/01\/2016 &#8211;\u00a0<a href=\"https:\/\/opina.ifbaiano.edu.br\/index.php\/142644\/lang\/pt-BR\" target=\"_blank\">INTERPOSI\u00c7\u00c3O DE RECURSOS \u00c0 LISTA GERAL DE CLASSIFICA\u00c7\u00c3O(18 e 19 de janeiro de 2016)<\/a><\/h4>\n<h4 style=\"text-align: center\">15\/01\/2016 &#8211;\u00a0<a href=\"http:\/\/concurso.ifbaiano.edu.br\/portal\/discente20161\/wp-content\/uploads\/sites\/26\/2016\/01\/TDF-Notas1.pdf\" target=\"_blank\">Lista Geral com notas &#8211;\u00a0<em>Campus<\/em>\u00a0Teixeira de Freitas<\/a><\/h4>\n<h4 style=\"text-align: center\">15\/01\/2016 &#8211;\u00a0<a href=\"http:\/\/concurso.ifbaiano.edu.br\/portal\/discente20161\/wp-content\/uploads\/sites\/26\/2016\/01\/TDF-Classificados.pdf\" target=\"_blank\">Lista Geral de classifica\u00e7\u00e3o &#8211;\u00a0<em>Campus<\/em>\u00a0Teixeira de Freitas<\/a><\/h4>\n<h4 style=\"text-align: center\">13\/01\/2016 &#8211;\u00a0<a href=\"http:\/\/concurso.ifbaiano.edu.br\/portal\/discente20161\/wp-content\/uploads\/sites\/26\/2016\/01\/TDF.pdf\" target=\"_blank\">Lista de candidatos homologados ap\u00f3s recursos &#8211;<em>Campus<\/em>\u00a0Teixeira de Freitas<\/a><\/h4>\n<h4 style=\"text-align: center\">13\/01\/2016 &#8211;\u00a0<a href=\"http:\/\/concurso.ifbaiano.edu.br\/portal\/discente20161\/wp-content\/uploads\/sites\/26\/2016\/01\/TXF_LISTA-DE-RECURSOS-PARA-PUBLICA%C3%87%C3%83O.pdf\" target=\"_blank\">Resultado da interposi\u00e7\u00e3o de recursos \u00e0 lista de inscri\u00e7\u00f5es homologadas: CAMPUS TEIXEIRA DE FREITAS<\/a><\/h4>\n<h4 style=\"text-align: center\">04\/01\/2016 &#8211;\u00a0<a href=\"http:\/\/opina.ifbaiano.edu.br\/index.php\/933699\/lang-pt-BR\" target=\"_blank\">Acesso para interposi\u00e7\u00e3o de recursos quanto \u00e0s inscri\u00e7\u00f5es homologadas e n\u00e3o homologadas (04 e 05 de janeiro de 2016)<\/a><\/h4>\n<h3 style=\"text-align: center\">30\/12\/2015 &#8211;\u00a0<a href=\"http:\/\/concurso.ifbaiano.edu.br\/portal\/discente20161\/wp-content\/uploads\/sites\/26\/2011\/04\/tei1.pdf\" target=\"_blank\">Lista de candidatos N\u00c3O HOMOLOGADOS &#8211;\u00a0<em>Campus<\/em>Teixeira de Freitas<\/a><\/h3>\n<h3 style=\"text-align: center\"><span><span>30\/12\/2015 &#8211;\u00a0 <\/span><\/span><a href=\"http:\/\/concurso.ifbaiano.edu.br\/portal\/discente20161\/wp-content\/uploads\/sites\/26\/2011\/04\/tei.pdf\" target=\"_blank\"><span><span>Lista de Candidatos homologados &#8211;\u00a0 <\/span><\/span><em><span><span>Campus<\/span><\/span><\/em><span><span> \u00a0Teixeira de Freitas <\/span><\/span><\/a><\/h3>\n<h4 style=\"text-align: center\"><span><span>23\/12\/2015 &#8211;\u00a0 <\/span><\/span><a href=\"http:\/\/concurso.ifbaiano.edu.br\/portal\/discente20161\/wp-content\/uploads\/sites\/26\/2015\/12\/Edital-de-retifica%C3%A7%C3%A3o-100_20153.pdf\" target=\"_blank\"><span><span>Novo cronograma cursos par\u00e1grafo OS NA forma INTEGRADA e SUBSEQUENTE<\/span><\/span><\/a><\/h4>\n<h4 style=\"text-align: center\"><span><span>22\/12\/2015 &#8211;\u00a0 <\/span><\/span><a href=\"http:\/\/concurso.ifbaiano.edu.br\/portal\/discente20161\/wp-content\/uploads\/sites\/26\/2015\/12\/NOTA-n%C3%A3o-publica%C3%A7%C3%A3o-de-inscri%C3%A7%C3%B5es-homologadas.pdf\" target=\"_blank\"><span><span>Nota Sobre Publica\u00e7\u00e3o de homologados e N\u00c3O homologados<\/span><\/span><\/a><\/h4>\n<p style=\"text-align: center\"><strong><span><span>2015\/10\/11<\/span><\/span><\/strong><span><span> &#8211;\u00a0 <\/span><\/span><span style=\"color: #0000ff\"><a href=\"http:\/\/concurso.ifbaiano.edu.br\/portal\/discente20161\/wp-content\/uploads\/sites\/26\/2015\/11\/Edital-de-retifica%C3%A7%C3%A3o-85_2015.pdf\" target=\"_blank\"><span style=\"color: #0000ff\"><strong><span><span>Edital de retifica\u00e7\u00e3o 085 de 10 de novembro de 2015<\/span><\/span><\/strong><\/span><\/a><\/span><\/p>\n<p style=\"text-align: center\"><strong><span style=\"color: #ff0000\"><span><span>26\/10\/2015<\/span><\/span><\/span><\/strong><span><span> &#8211;\u00a0 <\/span><\/span><span style=\"color: #0000ff\"><a href=\"http:\/\/concurso.ifbaiano.edu.br\/portal\/discente20161\/wp-content\/uploads\/sites\/26\/2015\/10\/Edital-de-retifica%C3%A7%C3%A3o-79_2015.pdf\" target=\"_blank\"><span style=\"color: #0000ff\"><strong><span><span>Edital de retifica\u00e7\u00e3o 079 de 26 de outubro de 2015 de<\/span><\/span><\/strong><\/span><\/a><\/span><\/p>\n<h4 style=\"text-align: center\"><span style=\"color: #ff0000\"><span><span>30-09-2015<\/span><\/span><\/span><span><span> &#8211; <\/span><\/span><span style=\"color: #0000ff\"><a href=\"http:\/\/concurso.ifbaiano.edu.br\/portal\/discente20161\/wp-content\/uploads\/sites\/26\/2015\/10\/manual-do-candidato-if-baiano-processo-seletivo-2016.pdf\" target=\"_blank\"><span style=\"color: #0000ff\"><span><span>Do Manual de Candidato &#8211; cursos da forma de oferta INTEGRADA e SUBSEQUENTE<\/span><\/span><\/span><\/a><\/span><\/h4>\n<h4 style=\"text-align: center\"><span style=\"color: #0000ff\"><span style=\"color: #ff0000\"><span><span>21-09-2015<\/span><\/span><\/span><span><span> &#8211;\u00a0 <\/span><\/span><strong><a href=\"http:\/\/concurso.ifbaiano.edu.br\/portal\/discente20161\/wp-content\/uploads\/sites\/26\/2015\/10\/Edital-N%C2%BA-66-Processo-Seletivo-2016.pdf\" target=\"_blank\"><span style=\"color: #0000ff\"><span><span>Edital N\u00ba 66: Processo Seletivo 2016 &#8211; Cursos da forma de oferta INTEGRADA e SUBSEQUENTE<\/span><\/span><\/span><\/a><\/strong><\/span><\/h4>\n<h4 style=\"text-align: center\"><span style=\"color: #0000ff\"><span style=\"color: #ff0000\"><span><span>21-09-2015<\/span><\/span><\/span><span><span> &#8211;\u00a0 <\/span><\/span><a href=\"http:\/\/concurso.ifbaiano.edu.br\/portal\/discente20161\/wp-content\/uploads\/sites\/26\/2015\/09\/CRONOGRAMA-INTEGRADO-E-SUBSEQUENTE1.pdf\" target=\"_blank\"><span style=\"color: #0000ff\"><span><span>Cronograma Cursos na forma INTEGRADA e SUBSEQUENTE<\/span><\/span><\/span><\/a><\/span><\/h4>\n","protected":false},"excerpt":{"rendered":"<p>PROCESSO Seletivo 2.016,1 &nbsp; 15\/02\/2016 &#8211;\u00a0Campus Teixeira de Freitas: Edital de 3\u00aa ChamadaNOVO 03\/02\/2016 &#8211;\u00a0Campus Teixeira de Freitas: Edital de matr\u00edcula 2\u00aa Chamada\u00a0 25\/01\/2016 &#8211;\u00a0Campus Teixeira de Freitas: Edital para matr\u00edcula 25\/01\/2016 &#8211;\u00a0Lista Geral Final de classifica\u00e7\u00e3o &#8211;\u00a0Campus\u00a0Teixeira de Freitas 25\/01\/2016 &#8211;\u00a0OF\u00cdCIO CIRCULAR: Lista Geral Final de classifica\u00e7\u00e3o 25\/01\/2016 &#8211;\u00a0Retifica\u00e7\u00e3o do Resultado da interposi\u00e7\u00e3o de [&hellip;]<\/p>\n","protected":false},"author":31,"featured_media":0,"parent":0,"menu_order":0,"comment_status":"open","ping_status":"open","template":"","meta":[],"_links":{"self":[{"href":"https:\/\/www.ifbaiano.edu.br\/unidades\/teixeira\/wp-json\/wp\/v2\/pages\/3578"}],"collection":[{"href":"https:\/\/www.ifbaiano.edu.br\/unidades\/teixeira\/wp-json\/wp\/v2\/pages"}],"about":[{"href":"https:\/\/www.ifbaiano.edu.br\/unidades\/teixeira\/wp-json\/wp\/v2\/types\/page"}],"author":[{"embeddable":true,"href":"https:\/\/www.ifbaiano.edu.br\/unidades\/teixeira\/wp-json\/wp\/v2\/users\/31"}],"replies":[{"embeddable":true,"href":"https:\/\/www.ifbaiano.edu.br\/unidades\/teixeira\/wp-json\/wp\/v2\/comments?post=3578"}],"version-history":[{"count":23,"href":"https:\/\/www.ifbaiano.edu.br\/unidades\/teixeira\/wp-json\/wp\/v2\/pages\/3578\/revisions"}],"predecessor-version":[{"id":10341,"href":"https:\/\/www.ifbaiano.edu.br\/unidades\/teixeira\/wp-json\/wp\/v2\/pages\/3578\/revisions\/10341"}],"wp:attachment":[{"href":"https:\/\/www.ifbaiano.edu.br\/unidades\/teixeira\/wp-json\/wp\/v2\/media?parent=3578"}],"curies":[{"name":"wp","href":"https:\/\/api.w.org\/{rel}","templated":true}]}}