{"id":3607,"date":"2015-10-09T20:25:21","date_gmt":"2015-10-09T20:25:21","guid":{"rendered":"http:\/\/www.ifbaiano.edu.br\/unidades\/teixeira\/?page_id=3607"},"modified":"2015-11-23T12:50:39","modified_gmt":"2015-11-23T12:50:39","slug":"conad","status":"publish","type":"page","link":"https:\/\/www.ifbaiano.edu.br\/unidades\/teixeira\/campus\/conad\/","title":{"rendered":"CONAD"},"content":{"rendered":"<p>O Grupo de Trabalho, criado atrav\u00e9s da Portaria n\u00b0 52 de 09 de outubro de 2015, torna p\u00fablico o Edital n\u00b0 26 de 09 de outubro de 2015, que trata do processo eleitoral para a composi\u00e7\u00e3o do Conselho de Administra\u00e7\u00e3o &#8211; CONAD do Campus Teixeira de Freitas.<\/p>\n<p><a href=\"http:\/\/www.ifbaiano.edu.br\/unidades\/teixeira\/files\/2015\/10\/Termo_de_Homologacao_CONAD.pdf\" target=\"_blank\">TERMO DE HOMOLOGA\u00c7\u00c3O DO CONAD<\/a><\/p>\n<p><a href=\"http:\/\/www.ifbaiano.edu.br\/unidades\/teixeira\/files\/2015\/10\/ATA_ASSEMBLEIA.pdf\" target=\"_blank\">ATA ASSEMBLEIA<\/a><\/p>\n<p><a href=\"http:\/\/www.ifbaiano.edu.br\/unidades\/teixeira\/files\/2015\/10\/HOMOLOGACAO_ELEICAO.pdf\" target=\"_blank\">HOMOLOGA\u00c7\u00c3O ELEI\u00c7\u00c3O<\/a><\/p>\n<p><a href=\"http:\/\/www.ifbaiano.edu.br\/unidades\/teixeira\/files\/2015\/10\/Ata1.pdf\">ATA DE SESS\u00c3O DE APARU\u00c7\u00c3O DE VOTOS<\/a><\/p>\n<p><a href=\"http:\/\/www.ifbaiano.edu.br\/unidades\/teixeira\/files\/2015\/10\/HOMOLOGACAO_CANDIDATOS-1.pdf\">HOMOLOGA\u00c7\u00c3O CANDIDATOS<\/a><\/p>\n<p><a href=\"http:\/\/www.ifbaiano.edu.br\/unidades\/teixeira\/files\/2015\/10\/CANDIDATOS.pdf\">LISTA DE CANDIDATOS<\/a><\/p>\n<p><a href=\"http:\/\/www.ifbaiano.edu.br\/unidades\/teixeira\/files\/2015\/10\/1_RETIFICACAO_ASSINADO.pdf\" target=\"_blank\">Retifica\u00e7\u00e3o do Edital\u00a0(AQUI)<\/a><\/p>\n<p><a href=\"http:\/\/www.ifbaiano.edu.br\/unidades\/teixeira\/files\/2015\/10\/EDITAL_CONAD.pdf\" target=\"_blank\">CONFIRA O EDITAL<\/a><\/p>\n<p>&nbsp;<\/p>\n<p>&nbsp;<\/p>\n","protected":false},"excerpt":{"rendered":"<p>O Grupo de Trabalho, criado atrav\u00e9s da Portaria n\u00b0 52 de 09 de outubro de 2015, torna p\u00fablico o Edital n\u00b0 26 de 09 de outubro de 2015, que trata do processo eleitoral para a composi\u00e7\u00e3o do Conselho de Administra\u00e7\u00e3o &#8211; CONAD do Campus Teixeira de Freitas. TERMO DE HOMOLOGA\u00c7\u00c3O DO CONAD ATA ASSEMBLEIA HOMOLOGA\u00c7\u00c3O [&hellip;]<\/p>\n","protected":false},"author":31,"featured_media":0,"parent":2382,"menu_order":0,"comment_status":"open","ping_status":"open","template":"","meta":[],"_links":{"self":[{"href":"https:\/\/www.ifbaiano.edu.br\/unidades\/teixeira\/wp-json\/wp\/v2\/pages\/3607"}],"collection":[{"href":"https:\/\/www.ifbaiano.edu.br\/unidades\/teixeira\/wp-json\/wp\/v2\/pages"}],"about":[{"href":"https:\/\/www.ifbaiano.edu.br\/unidades\/teixeira\/wp-json\/wp\/v2\/types\/page"}],"author":[{"embeddable":true,"href":"https:\/\/www.ifbaiano.edu.br\/unidades\/teixeira\/wp-json\/wp\/v2\/users\/31"}],"replies":[{"embeddable":true,"href":"https:\/\/www.ifbaiano.edu.br\/unidades\/teixeira\/wp-json\/wp\/v2\/comments?post=3607"}],"version-history":[{"count":14,"href":"https:\/\/www.ifbaiano.edu.br\/unidades\/teixeira\/wp-json\/wp\/v2\/pages\/3607\/revisions"}],"predecessor-version":[{"id":3692,"href":"https:\/\/www.ifbaiano.edu.br\/unidades\/teixeira\/wp-json\/wp\/v2\/pages\/3607\/revisions\/3692"}],"up":[{"embeddable":true,"href":"https:\/\/www.ifbaiano.edu.br\/unidades\/teixeira\/wp-json\/wp\/v2\/pages\/2382"}],"wp:attachment":[{"href":"https:\/\/www.ifbaiano.edu.br\/unidades\/teixeira\/wp-json\/wp\/v2\/media?parent=3607"}],"curies":[{"name":"wp","href":"https:\/\/api.w.org\/{rel}","templated":true}]}}