{"id":5725,"date":"2018-03-21T00:43:07","date_gmt":"2018-03-21T03:43:07","guid":{"rendered":"http:\/\/www.ifbaiano.edu.br\/unidades\/teixeira\/?page_id=5725"},"modified":"2022-04-01T18:39:09","modified_gmt":"2022-04-01T21:39:09","slug":"cursosintegrados","status":"publish","type":"page","link":"https:\/\/www.ifbaiano.edu.br\/unidades\/teixeira\/cursos\/cursosintegrados\/","title":{"rendered":"Educa\u00e7\u00e3o Profissional T\u00e9cnica de N\u00edvel M\u00e9dio na forma Integrada"},"content":{"rendered":"\n<p>Esta forma de articula\u00e7\u00e3o \u00e9 destinada aos alunos que <strong>conclu\u00edram o ensino fundamental<\/strong> e pretendem fazer o curso t\u00e9cnico integrado ao ensino m\u00e9dio, no IF Baiano, implicando uma \u00fanica matr\u00edcula, ou seja, ao final do curso, ter\u00e1, al\u00e9m da forma\u00e7\u00e3o do ensino m\u00e9dio, a forma\u00e7\u00e3o profissional t\u00e9cnica de n\u00edvel m\u00e9dio.<\/p>\n\n\n\n<div class=\"wp-block-columns is-layout-flex wp-container-4\">\n<div class=\"wp-block-column is-layout-flow\">\n<a href=\"https:\/\/www.ifbaiano.edu.br\/unidades\/teixeira\/cursos\/cursosintegrados\/tec-em-administracao\/\"><div align=\"center\" id=\"documentoshome\"><div id=\"doctitulo\">\n\t\t\t\t\tT\u00c9CNICO EM ADMINISTRA\u00c7\u00c3O\n\t\t\t\t<\/div><\/div><\/a>\n\n\n\n<div class=\"wp-block-image\"><figure class=\"aligncenter size-large is-resized\"><a href=\"https:\/\/www.ifbaiano.edu.br\/unidades\/teixeira\/cursos\/cursosintegrados\/tec-em-administracao\/\"><img decoding=\"async\" loading=\"lazy\" src=\"https:\/\/www.ifbaiano.edu.br\/unidades\/teixeira\/files\/2020\/08\/Adm-Int-Dest-Cursos-1.jpg\" alt=\"\" class=\"wp-image-8320\" width=\"257\" height=\"113\" \/><\/a><\/figure><\/div>\n\n\n\n<p>O Curso T\u00e9cnico em Administra\u00e7\u00e3o integrado ao Ensino M\u00e9dio foi implantado para atender alunos egressos do Ensino Fundamental. O curso \u00e9 constitu\u00eddo de regime seriado, sem terminalidade, com matr\u00edcula \u00fanica para o Ensino M\u00e9dio e a Educa\u00e7\u00e3o Profissional. Possui uma s\u00f3 Matriz curricular integrada e confere o Diploma de T\u00e9cnico em Administra\u00e7\u00e3o e Certificado de Ensino M\u00e9dio aos seus concluintes. O curso forma t\u00e9cnicos aptos a executar as fun\u00e7\u00f5es de apoio administrativo: protocolo e arquivo, confec\u00e7\u00e3o e expedi\u00e7\u00e3o de documentos administrativos e controle de estoques. Al\u00e9m disso, alunos estudam opera\u00e7\u00e3o de sistemas de informa\u00e7\u00f5es gerenciais de pessoal e material. Utiliza ferramentas da inform\u00e1tica b\u00e1sica, como suporte \u00e0s opera\u00e7\u00f5es organizacionais.<em>&nbsp;<a href=\"https:\/\/www.ifbaiano.edu.br\/unidades\/teixeira\/cursos\/cursosintegrados\/tec-em-administracao\/\" target=\"_blank\" rel=\"noreferrer noopener\" aria-label=\" (abre numa nova aba)\">(saiba mais)<\/a><\/em><\/p>\n<\/div>\n\n\n\n<div class=\"wp-block-column is-layout-flow\">\n<a href=\"https:\/\/www.ifbaiano.edu.br\/unidades\/teixeira\/cursos\/cursosintegrados\/tec-em-agropecuaria\/\"><div align=\"center\" id=\"documentoshome\"><div id=\"doctitulo\">\n\t\t\t\t\tT\u00c9CNICO EM AGROPECU\u00c1RIA\n\t\t\t\t<\/div><\/div><\/a>\n\n\n\n<div class=\"wp-block-image\"><figure class=\"aligncenter size-large is-resized\"><a href=\"\/\/www.ifbaiano.edu.br\/unidades\/teixeira\/cursos\/cursosintegrados\/tec-em-agropecuaria\/\"><img decoding=\"async\" loading=\"lazy\" src=\"https:\/\/www.ifbaiano.edu.br\/unidades\/teixeira\/files\/2020\/08\/Agro-Int-Dest-Cursos.jpg\" alt=\"\" class=\"wp-image-8322\" width=\"257\" height=\"113\" \/><\/a><\/figure><\/div>\n\n\n\n<p>O Curso T\u00e9cnico em Agropecu\u00e1ria integrado ao Ensino M\u00e9dio foi implantado para atender alunos egressos do Ensino Fundamental. O curso \u00e9 constitu\u00eddo de regime seriado, sem terminalidade, com matr\u00edcula \u00fanica para o Ensino M\u00e9dio e a Educa\u00e7\u00e3o Profissional. Possui uma s\u00f3 Matriz curricular integrada e confere o Diploma de T\u00e9cnico em Agropecu\u00e1ria e Certificado de Ensino M\u00e9dio aos seus concluintes.O curso forma t\u00e9cnicos aptos a planejar, executar, acompanhar e fiscalizar todas as fases dos projetos agropecu\u00e1rios. O t\u00e9cnico em Agropecu\u00e1ria administra propriedades rurais; elabora, aplica e monitora programas preventivos de sanitiza\u00e7\u00e3o na produ\u00e7\u00e3o animal, vegetal e agroindustrial; fiscaliza produtos de origem vegetal, animal e agroindustrial. Realiza medi\u00e7\u00e3o, demarca\u00e7\u00e3o e levantamentos topogr\u00e1ficos rurais; atua em programas de assist\u00eancia t\u00e9cnica, extens\u00e3o rural e pesquisa.&nbsp;<em><a href=\"https:\/\/www.ifbaiano.edu.br\/unidades\/teixeira\/cursos\/cursosintegrados\/tec-em-agropecuaria\/\" target=\"_blank\" rel=\"noreferrer noopener\" aria-label=\" (abre numa nova aba)\">(saiba mais)<\/a><\/em><\/p>\n<\/div>\n\n\n\n<div class=\"wp-block-column is-layout-flow\">\n<a href=\"https:\/\/www.ifbaiano.edu.br\/unidades\/teixeira\/cursos\/cursosintegrados\/tec-em-florestas\/\"><div align=\"center\" id=\"documentoshome\"><div id=\"doctitulo\">\n\t\t\t\t\tT\u00c9CNICO EM FLORESTAS\t\t\t\t<\/div><\/div><\/a>\n\n\n\n<div class=\"wp-block-image\"><figure class=\"aligncenter size-large is-resized\"><a href=\"\/\/www.ifbaiano.edu.br\/unidades\/teixeira\/cursos\/cursosintegrados\/tec-em-florestas\/\"><img decoding=\"async\" loading=\"lazy\" src=\"https:\/\/www.ifbaiano.edu.br\/unidades\/teixeira\/files\/2020\/08\/Flor-Int-Dest-Cursos.jpg\" alt=\"\" class=\"wp-image-8316\" width=\"257\" height=\"113\" \/><\/a><\/figure><\/div>\n\n\n\n<p>O curso T\u00e9cnico em&nbsp;Florestas integrado ao Ensino M\u00e9dio foi implantado para atender alunos egressos do Ensino Fundamental. O curso \u00e9 constitu\u00eddo de regime seriado, sem terminalidade, com matr\u00edcula \u00fanica para o Ensino M\u00e9dio e a Educa\u00e7\u00e3o Profissional. Possui uma s\u00f3 Matriz curricular integrada e confere o Diploma de T\u00e9cnico em&nbsp;Florestas e Certificado de Ensino M\u00e9dio aos seus concluintes. O curso forma t\u00e9cnicos para atuar na produ\u00e7\u00e3o de mudas florestais, extra\u00e7\u00e3o e beneficiamento da madeira. O t\u00e9cnico em Florestas executa o processo de produ\u00e7\u00e3o, manejo sustent\u00e1vel e industrializa\u00e7\u00e3o dos recursos de origem florestal; orienta a pr\u00e1tica florestal de menor impacto ambiental; administra unidades de conserva\u00e7\u00e3o e de produ\u00e7\u00e3o florestal; atua na preserva\u00e7\u00e3o e conserva\u00e7\u00e3o ambiental de projetos florestais e fiscaliza e monitora fauna e flora silvestres.&nbsp;<a href=\"https:\/\/www.ifbaiano.edu.br\/unidades\/teixeira\/cursos\/cursosintegrados\/tec-em-florestas\/\" target=\"_blank\" rel=\"noreferrer noopener\" aria-label=\" (abre numa nova aba)\"><em>(saiba mais)<\/em><\/a><\/p>\n<\/div>\n<\/div>\n\n\n\n<hr class=\"wp-block-separator\" \/>\n\n\n\n<div class=\"wp-block-columns is-layout-flex wp-container-10\">\n<div class=\"wp-block-column is-layout-flow\">\n<a href=\"https:\/\/www.ifbaiano.edu.br\/unidades\/teixeira\/\"><div align=\"center\" id=\"documentoshome\"><div id=\"doctitulo\">\n\t\t\t\t\tForma\u00e7\u00e3o Inicial e Continuada\n\t\t\t\t<\/div><\/div><\/a>\n<\/div>\n\n\n\n<div class=\"wp-block-column is-layout-flow\">\n<a href=\"https:\/\/www.ifbaiano.edu.br\/unidades\/teixeira\/cursos\/cursossubsequentes\/\"><div align=\"center\" id=\"documentoshome\"><div id=\"doctitulo\">\n\t\t\t\t\tSUBSEQUENTE\n\nPRESENCIAL\n\t\t\t\t<\/div><\/div><\/a>\n<\/div>\n\n\n\n<div class=\"wp-block-column is-layout-flow\">\n<a href=\"https:\/\/www.ifbaiano.edu.br\/unidades\/teixeira\/cursos\/ead\/\"><div align=\"center\" id=\"documentoshome\"><div id=\"doctitulo\">\n\t\t\t\t\tSUBSEQUENTE EAD\n\t\t\t\t<\/div><\/div><\/a>\n<\/div>\n\n\n\n<div class=\"wp-block-column is-layout-flow\">\n<a href=\"https:\/\/www.ifbaiano.edu.br\/unidades\/teixeira\/cursos\/graduacao\/\"><div align=\"center\" id=\"documentoshome\"><div id=\"doctitulo\">\n\t\t\t\t\tGRADUA\u00c7\u00c3O\n\t\t\t\t<\/div><\/div><\/a>\n<\/div>\n\n\n\n<div class=\"wp-block-column is-layout-flow\">\n<a href=\"https:\/\/www.ifbaiano.edu.br\/unidades\/teixeira\/pos-graduacao\/\"><div align=\"center\" id=\"documentoshome\"><div id=\"doctitulo\">\n\t\t\t\t\tP\u00d3S-GRADUA\u00c7\u00c3O\n\t\t\t\t<\/div><\/div><\/a>\n<\/div>\n<\/div>\n\n\n\n<div class=\"wp-block-cover aligncenter has-background-dim is-repeated\" style=\"background-image:url(https:\/\/www.ifbaiano.edu.br\/unidades\/teixeira\/files\/2022\/02\/WhatsApp-Image-2022-02-07-at-11.32.45.jpeg);min-height:502px\"><div class=\"wp-block-cover__inner-container\">\n<div class=\"wp-block-buttons is-content-justification-center is-layout-flex\">\n<div class=\"wp-block-button has-custom-font-size has-medium-font-size\"><a class=\"wp-block-button__link has-white-color has-black-background-color has-text-color has-background\" href=\"https:\/\/www.ifbaiano.edu.br\/unidades\/teixeira\/aluno\/ingresso-de-estudantes-2022\/\" target=\"_blank\" rel=\"noreferrer noopener\"><strong>IR PARA O PORTAL DO PROCESSO SELETIVO 2022 <\/strong><\/a><\/div>\n<\/div>\n<\/div><\/div>\n\n\n\n<p><\/p>\n","protected":false},"excerpt":{"rendered":"<p>Esta forma de articula\u00e7\u00e3o \u00e9 destinada aos alunos que conclu\u00edram o ensino fundamental e pretendem fazer o curso t\u00e9cnico integrado ao ensino m\u00e9dio, no IF Baiano, implicando uma \u00fanica matr\u00edcula, ou seja, ao final do curso, ter\u00e1, al\u00e9m da forma\u00e7\u00e3o do ensino m\u00e9dio, a forma\u00e7\u00e3o profissional t\u00e9cnica de n\u00edvel m\u00e9dio. T\u00c9CNICO EM ADMINISTRA\u00c7\u00c3O O Curso [&hellip;]<\/p>\n","protected":false},"author":31,"featured_media":0,"parent":1023,"menu_order":1,"comment_status":"closed","ping_status":"closed","template":"","meta":[],"_links":{"self":[{"href":"https:\/\/www.ifbaiano.edu.br\/unidades\/teixeira\/wp-json\/wp\/v2\/pages\/5725"}],"collection":[{"href":"https:\/\/www.ifbaiano.edu.br\/unidades\/teixeira\/wp-json\/wp\/v2\/pages"}],"about":[{"href":"https:\/\/www.ifbaiano.edu.br\/unidades\/teixeira\/wp-json\/wp\/v2\/types\/page"}],"author":[{"embeddable":true,"href":"https:\/\/www.ifbaiano.edu.br\/unidades\/teixeira\/wp-json\/wp\/v2\/users\/31"}],"replies":[{"embeddable":true,"href":"https:\/\/www.ifbaiano.edu.br\/unidades\/teixeira\/wp-json\/wp\/v2\/comments?post=5725"}],"version-history":[{"count":49,"href":"https:\/\/www.ifbaiano.edu.br\/unidades\/teixeira\/wp-json\/wp\/v2\/pages\/5725\/revisions"}],"predecessor-version":[{"id":11265,"href":"https:\/\/www.ifbaiano.edu.br\/unidades\/teixeira\/wp-json\/wp\/v2\/pages\/5725\/revisions\/11265"}],"up":[{"embeddable":true,"href":"https:\/\/www.ifbaiano.edu.br\/unidades\/teixeira\/wp-json\/wp\/v2\/pages\/1023"}],"wp:attachment":[{"href":"https:\/\/www.ifbaiano.edu.br\/unidades\/teixeira\/wp-json\/wp\/v2\/media?parent=5725"}],"curies":[{"name":"wp","href":"https:\/\/api.w.org\/{rel}","templated":true}]}}