{"id":6146,"date":"2018-09-03T20:15:40","date_gmt":"2018-09-03T23:15:40","guid":{"rendered":"http:\/\/www.ifbaiano.edu.br\/unidades\/teixeira\/?page_id=6146"},"modified":"2024-08-20T16:10:53","modified_gmt":"2024-08-20T19:10:53","slug":"tec-em-florestas","status":"publish","type":"page","link":"https:\/\/www.ifbaiano.edu.br\/unidades\/teixeira\/cursos\/cursosintegrados\/tec-em-florestas\/","title":{"rendered":"T\u00e9cnico em Florestas &#8211; Integrado ao Ensino M\u00e9dio"},"content":{"rendered":"\n<div class=\"wp-block-columns is-layout-flex wp-container-3\">\n<div class=\"wp-block-column is-layout-flow\">\n<div id=\"ProreitoriaTopoTitulo\" align=\"center\">\n\t\t\t\t\tApresenta\u00e7\u00e3o\n\t\t\t\t<\/div>\n\n\n\n<p>O Curso T\u00e9cnico em&nbsp;Florestas integrado ao Ensino M\u00e9dio foi implantado para atender alunos egressos do Ensino Fundamental. O curso \u00e9 constitu\u00eddo de regime seriado, sem terminalidade, com matr\u00edcula \u00fanica para o Ensino M\u00e9dio e a Educa\u00e7\u00e3o Profissional. Possui uma s\u00f3 Matriz curricular integrada e confere o Diploma de T\u00e9cnico em Florestas e Certificado de Ensino M\u00e9dio aos seus concluintes.<\/p>\n\n\n\n<p>O curso T\u00e9cnico em Florestas Integrado ao Ensino M\u00e9dio, visa profissionalizar e qualificar pessoas para atuarem nos segmentos empresarial, familiar e comunit\u00e1rio, onde, o uso dos recursos florestais forma a base econ\u00f4mico-social, sendo necess\u00e1ria a garantia da conserva\u00e7\u00e3o tanto dos recursos naturais como das pessoas que dependem destes.<\/p>\n\n\n\n<p>Dentre as \u00e1reas de atua\u00e7\u00e3o podem-se destacar como campo de atua\u00e7\u00e3o do profissional t\u00e9cnico florestal, os seguintes segmentos:<\/p>\n\n\n\n<p>&#8211; No planejamento e execu\u00e7\u00e3o dos planos de manejo florestal tanto em escala empresarial, comunit\u00e1ria e familiar seja em floresta nativa ou plantada;<\/p>\n\n\n\n<p>&#8211; No planejamento, execu\u00e7\u00e3o e\/ou aux\u00edlio da implanta\u00e7\u00e3o e implementa\u00e7\u00e3o de projetos de recupera\u00e7\u00e3o de \u00e1reas degradadas e conserva\u00e7\u00e3o dos ecossistemas florestais;<\/p>\n\n\n\n<p>&#8211; Atuar no planejamento, execu\u00e7\u00e3o e\/ou aux\u00edlio projetos de industrializa\u00e7\u00e3o de produtos florestais, aproveitamento de res\u00edduos florestais e a produ\u00e7\u00e3o de energia;<\/p>\n\n\n\n<p>&#8211;&nbsp;no aux\u00edlio a projetos de pesquisa que envolvam o uso ou n\u00e3o dos recursos florestais.<\/p>\n<\/div>\n\n\n\n<div class=\"wp-block-column is-layout-flow\" style=\"flex-basis:43%\">\n<div id=\"ProreitoriaTopoTitulo\" align=\"center\">\n\t\t\t\t\tInforma\u00e7\u00f5es Gerais\n\t\t\t\t<\/div>\n\n\n\n<figure class=\"wp-block-table is-style-stripes\"><table><tbody><tr><td><strong>Denomina\u00e7\u00e3o do Curso:<\/strong> Curso T\u00e9cnico em Florestas<\/td><\/tr><tr><td><strong>Ato Autorizativo:&nbsp;<\/strong><\/td><\/tr><tr><td><strong><strong>Eixo Tecnol\u00f3gico: <\/strong><\/strong>Recursos Naturais<\/td><\/tr><tr><td><strong>Modalidade oferecida:<\/strong>&nbsp;Integrado&nbsp;<\/td><\/tr><tr><td><strong>T\u00edtulo acad\u00eamico conferido:<\/strong> T\u00e9cnico em Florestas<\/td><\/tr><tr><td><strong>Modalidade de ensino:<\/strong>&nbsp;Presencial<\/td><\/tr><tr><td><strong>Regime de Matr\u00edcula:<\/strong>&nbsp;Anual por s\u00e9rie<\/td><\/tr><tr><td><strong>Tempo de Integraliza\u00e7\u00e3o:<\/strong>&nbsp;M\u00ednimo de 3 anos e m\u00e1ximo de 6 anos<\/td><\/tr><tr><td><strong>Total de Vagas Anuais:<\/strong> 35 vagas por turma<\/td><\/tr><tr><td><strong>Turno de Funcionamento:<\/strong>&nbsp;Integral<\/td><\/tr><tr><td><strong>Carga Hor\u00e1ria N\u00facleo Estruturante:<\/strong> 1800 horas&nbsp;<\/td><\/tr><tr><td><strong>Carga Hor\u00e1ria N\u00facleo Diversificado:<\/strong> 200 horas&nbsp;<\/td><\/tr><tr><td> <strong style=\"font-size: revert;font-family: inherit;color: initial\">Carga Hor\u00e1ria Eixo Tecnol\u00f3gico:<\/strong><span style=\"font-size: revert;font-family: inherit;font-weight: inherit;color: initial\"> 1.200 horas<\/span><\/td><\/tr><tr><td><strong style=\"font-size: revert;font-family: inherit;color: initial\">Carga Hor\u00e1ria Est\u00e1gio Curricular Obrigat\u00f3rio:<\/strong><span style=\"font-size: revert;font-family: inherit;font-weight: inherit;color: initial\"> 150 horas<\/span> <\/td><\/tr><tr><td><strong style=\"font-size: revert;font-family: inherit;color: initial\">Carga Hor\u00e1ria Total:<\/strong><span style=\"font-size: revert;font-family: inherit;font-weight: inherit;color: initial\"> 3350 horas<\/span>  <\/td><\/tr><tr><td><strong>Forma de ingresso<\/strong>: o acesso ao curso ocorrer\u00e1 mediante processo seletivo, conforme previsto em Edital P\u00fablico.<\/td><\/tr><tr><td><strong>Pr\u00e9-requisito:<\/strong> ter conclu\u00eddo o Ensino Fundamental Completo.<\/td><\/tr><\/tbody><\/table><\/figure>\n<\/div>\n<\/div>\n\n\n\n<div class=\"wp-block-columns is-layout-flex wp-container-6\">\n<div class=\"wp-block-column is-layout-flow\">\n<div id=\"ProreitoriaTopoTitulo\" align=\"center\">\n\t\t\t\t\tCoordena\u00e7\u00e3o do Curso\n\t\t\t\t<\/div>\n\n\n\n<p>Nayara Silva Souza <\/p>\n\n\n\n<p>Mestra em Ci\u00eancias Ambientais;<\/p>\n\n\n\n<p>Portaria de coordena\u00e7\u00e3o (Portaria N\u00ba 904 de\u00a029 de agosto\u00a0de 2023)<em><br>CV:\u00a0<\/em><a href=\"http:\/\/lattes.cnpq.br\/9383277199841964\">http:\/\/lattes.cnpq.br\/9383277199841964<\/a><\/p>\n\n\n\n<div id=\"ProreitoriaTopoTitulo\" align=\"center\">\n\t\t\t\t\tDisciplinas e Docentes\n\t\t\t\t<\/div>\n\n\n\n<ul class=\"nav nav-tabs\" id=\"maisinfo\">\n                    \n                        <li align=\"center\">\n                            <a href=\"https:\/\/www.ifbaiano.edu.br\/unidades\/teixeira\/cursos\/cursosintegrados\/tec-em-florestas\/2\/#semestre1\">\n                                1\u00ba Ano<\/a>\n                        <\/li>\n                    \n                        <li align=\"center\">\n                            <a href=\"https:\/\/www.ifbaiano.edu.br\/unidades\/teixeira\/cursos\/cursosintegrados\/tec-em-florestas\/2\/#semestre2\">\n                                2\u00ba Ano<\/a>\n                        <\/li>\n                    \n                        <li align=\"center\">\n                            <a href=\"https:\/\/www.ifbaiano.edu.br\/unidades\/teixeira\/cursos\/cursosintegrados\/tec-em-florestas\/2\/#semestre3\">\n                                3\u00ba Ano<\/a>\n                        <\/li>\n                    \n                <\/ul>\n\n\n\n<p><\/p>\n<\/div>\n\n\n\n<div class=\"wp-block-column is-layout-flow\" style=\"flex-basis:43%\">\n<div id=\"ProreitoriaTopoTitulo\" align=\"center\">\n\t\t\t\t\tDocumentos\n\t\t\t\t<\/div>\n\n\n\n<p><a href=\"https:\/\/www.ifbaiano.edu.br\/unidades\/teixeira\/files\/2022\/07\/PPC-FLORESTAS-INTEGRADO-2022.pdf\" target=\"_blank\" rel=\"noreferrer noopener\">Projeto Pedag\u00f3gico do Curso T\u00e9cnico em Florestas<\/a><\/p>\n\n\n\n<p><a href=\"https:\/\/www.ifbaiano.edu.br\/unidades\/teixeira\/files\/2022\/07\/PPC-FLORESTAS-INTEGRADO-Matriz-Curricular.pdf\" target=\"_blank\" rel=\"noreferrer noopener\">Matriz curricular<\/a><\/p>\n\n\n\n<p><\/p>\n<\/div>\n<\/div>\n\n\n\n<div class=\"wp-block-columns is-layout-flex wp-container-9\">\n<div class=\"wp-block-column is-layout-flow\">\n<div id=\"ProreitoriaTopoTitulo\" align=\"center\">\n\t\t\t\t\tPerfil Profissional e Campo de Atua\u00e7\u00e3o\n\t\t\t\t<\/div>\n\n\n\n<p> <strong>Perfil Profissional<\/strong> <\/p>\n\n\n\n<p>O t\u00e9cnico em florestas deve ter consci\u00eancia \u00e9tica e ecol\u00f3gica, ter conhecimentos e habilidades que lhe possibilite atuar na produ\u00e7\u00e3o e plantio de mudas florestais, na produ\u00e7\u00e3o florestal, no manejo e invent\u00e1rio florestal, nos aspectos fitossanit\u00e1rios das esp\u00e9cies florestais, na colheita, no processamento da madeira, na orienta\u00e7\u00e3o da pr\u00e1tica florestal de menor impacto<br>ambiental, no paisagismo e arboriza\u00e7\u00e3o urbana, no gerenciamento de unidades de conserva\u00e7\u00e3o; na preserva\u00e7\u00e3o e controle ambiental, no licenciamento ambiental, bem como<br>fiscalizar fauna e flora silvestres. Podendo atuar tamb\u00e9m em Institui\u00e7\u00f5es p\u00fablicas, privadas e do terceiro setor, ind\u00fastrias de papel e celulose, institui\u00e7\u00f5es de pesquisa, assist\u00eancia t\u00e9cnica e<br>extens\u00e3o rural, parques, reservas naturais, ind\u00fastrias de silvicultura e de explora\u00e7\u00e3o florestal.<\/p>\n<\/div>\n\n\n\n<div class=\"wp-block-column is-layout-flow\" style=\"flex-basis:43%\">\n<div id=\"ProreitoriaTopoTitulo\" align=\"center\">\n\t\t\t\t\tMercado de Trabalho\n\t\t\t\t<\/div>\n\n\n\n<p>  <strong>Mercado de Trabalho<\/strong>  <\/p>\n\n\n\n<p>O T\u00e9cnico em Florestas do IF Baiano se caracteriza pela forma\u00e7\u00e3o do t\u00e9cnico<br>apto a atuar no setor florestal prestando servi\u00e7os em organiza\u00e7\u00f5es p\u00fablicas e\/ou privadas nas<br>diferentes escalas em todos os setores de atua\u00e7\u00e3o: produ\u00e7\u00e3o, ind\u00fastria, consultoria e<br>assist\u00eancia t\u00e9cnica.<\/p>\n<\/div>\n<\/div>\n\n\n\n<div class=\"wp-block-columns is-layout-flex wp-container-13\">\n<div class=\"wp-block-column is-layout-flow\">\n<div id=\"ProreitoriaTopoTitulo\" align=\"center\">\n\t\t\t\t\tInfraestrutura\n\t\t\t\t<\/div>\n\n\n\n<p>O curso conta com infraestrutura composta por salas de aulas, laborat\u00f3rios de inform\u00e1tica, biblioteca, Bosque dendr\u00f3logico, Laborat\u00f3rio de Biologia, Laborat\u00f3rio de Solos e Nutri\u00e7\u00e3o de Plantas; Fragmento de Floresta Nativa; e espa\u00e7o multiuso. <\/p>\n<\/div>\n\n\n\n<div class=\"wp-block-column is-layout-flow\">\n<div id=\"ProreitoriaTopoTitulo\" align=\"center\">\n\t\t\t\t\tComunica\u00e7\u00e3o e Marketing\n\t\t\t\t<\/div>\n\n\n\n<p>Fa\u00e7a o Download<\/p>\n<\/div>\n\n\n\n<div class=\"wp-block-column is-layout-flow\">\n<div id=\"ProreitoriaTopoTitulo\" align=\"center\">\n\t\t\t\t\tNot\u00edcias e Projetos\n\t\t\t\t<\/div>\n\n\n\n<p>Not\u00edcias, Ensino, Pesquisa e Extens\u00e3o.<\/p>\n<\/div>\n<\/div>\n\n\n\n<!--nextpage-->\n\n\n\n<div id=\"ProreitoriaTopoTitulo\" align=\"center\">\n\t\t\t\t\tDisciplinas e Docentes\n\t\t\t\t<\/div>\n\n\n\n<ul class=\"nav nav-tabs\" id=\"maisinfo\">\n                    \n                        <li>\n<a href=\"https:\/\/www.ifbaiano.edu.br\/unidades\/teixeira\/cursos\/cursosintegrados\/tec-em-florestas\/\">P\u00e1gina Inicial<\/a>\n<\/li>\n\n<li>\n                            <a href=\"#semestre1\">\n                                1\u00ba Ano<\/a>\n                        <\/li>\n                    \n                        <li>\n                            <a href=\"#semestre2\">\n                                2\u00ba Ano<\/a>\n                        <\/li>\n                    \n                        <li>\n                            <a href=\"#semestre3\">\n                                3\u00ba Ano<\/a>\n                        <\/li>\n                    \n                <\/ul>\n\n\n\n<table class=\"table table-striped table-condensed table-bordered disciplinas\">\n                                <thead>\n\n                                <tr>\n<th><div id=\"ProreitoriaTopoTitulo\"><br>1\u00ba Ano<\/div><\/th><\/tr><\/thead><\/table>\n\n\n\n<div id=\"semestre1\" class=\"tab-pane active\">\n<table id=\"tablepress-4\" class=\"tablepress tablepress-id-4\">\n<thead>\n<tr class=\"row-1 odd\">\n\t<th class=\"column-1\">C\u00f3digo<\/th><th class=\"column-2\">Disciplina<\/th><th class=\"column-3\">CH<\/th><th class=\"column-4\">Docente<\/th>\n<\/tr>\n<\/thead>\n<tbody class=\"row-hover\">\n<tr class=\"row-2 even\">\n\t<td class=\"column-1\">TDF0209<\/td><td class=\"column-2\">Biologia<\/td><td class=\"column-3\">68<\/td><td class=\"column-4\"><\/td>\n<\/tr>\n<tr class=\"row-3 odd\">\n\t<td class=\"column-1\">TDF0230<\/td><td class=\"column-2\">Educa\u00e7\u00e3o F\u00edsica<\/td><td class=\"column-3\">67<\/td><td class=\"column-4\"><\/td>\n<\/tr>\n<tr class=\"row-4 even\">\n\t<td class=\"column-1\">TDF0218<\/td><td class=\"column-2\">Filosofia<\/td><td class=\"column-3\">33<\/td><td class=\"column-4\"><\/td>\n<\/tr>\n<tr class=\"row-5 odd\">\n\t<td class=\"column-1\">TDF0206<\/td><td class=\"column-2\">F\u00edsica<\/td><td class=\"column-3\">68<\/td><td class=\"column-4\"><\/td>\n<\/tr>\n<tr class=\"row-6 even\">\n\t<td class=\"column-1\">TDF0215<\/td><td class=\"column-2\">Geografia<\/td><td class=\"column-3\">67<\/td><td class=\"column-4\"><\/td>\n<\/tr>\n<tr class=\"row-7 odd\">\n\t<td class=\"column-1\">TDF0227<\/td><td class=\"column-2\">Hist\u00f3ria<\/td><td class=\"column-3\">67<\/td><td class=\"column-4\"><\/td>\n<\/tr>\n<tr class=\"row-8 even\">\n\t<td class=\"column-1\">TDF0257<\/td><td class=\"column-2\">Inform\u00e1tica Aplicada<\/td><td class=\"column-3\">33<\/td><td class=\"column-4\"><\/td>\n<\/tr>\n<tr class=\"row-9 odd\">\n\t<td class=\"column-1\">TDF0203<\/td><td class=\"column-2\">L\u00edngua Port. e Literatura<\/td><td class=\"column-3\">100<\/td><td class=\"column-4\"><\/td>\n<\/tr>\n<tr class=\"row-10 even\">\n\t<td class=\"column-1\">TDF0290<\/td><td class=\"column-2\">L\u00edngua Espanhola (optativa)<\/td><td class=\"column-3\">33<\/td><td class=\"column-4\"><\/td>\n<\/tr>\n<tr class=\"row-11 odd\">\n\t<td class=\"column-1\">TDF0232<\/td><td class=\"column-2\">L\u00edngua Inglesa<\/td><td class=\"column-3\">67<\/td><td class=\"column-4\"><\/td>\n<\/tr>\n<tr class=\"row-12 even\">\n\t<td class=\"column-1\">TDF0221<\/td><td class=\"column-2\">Matem\u00e1tica<\/td><td class=\"column-3\">133<\/td><td class=\"column-4\"><\/td>\n<\/tr>\n<tr class=\"row-13 odd\">\n\t<td class=\"column-1\">TDF0241<\/td><td class=\"column-2\">Metodologia Cient\u00edfica<\/td><td class=\"column-3\">33<\/td><td class=\"column-4\"><\/td>\n<\/tr>\n<tr class=\"row-14 even\">\n\t<td class=\"column-1\">TDF0254<\/td><td class=\"column-2\">Projeto Integrador I<\/td><td class=\"column-3\">33<\/td><td class=\"column-4\"><\/td>\n<\/tr>\n<tr class=\"row-15 odd\">\n\t<td class=\"column-1\">TDF0212<\/td><td class=\"column-2\">Qu\u00edmica<\/td><td class=\"column-3\">67<\/td><td class=\"column-4\"><\/td>\n<\/tr>\n<tr class=\"row-16 even\">\n\t<td class=\"column-1\">TDF0224<\/td><td class=\"column-2\">Sociologia Cl\u00e1ssica<\/td><td class=\"column-3\">33<\/td><td class=\"column-4\"><\/td>\n<\/tr>\n<tr class=\"row-17 odd\">\n\t<td class=\"column-1\">TDF0240<\/td><td class=\"column-2\">Teoria geral da administra\u00e7\u00e3o<\/td><td class=\"column-3\">67<\/td><td class=\"column-4\"><\/td>\n<\/tr>\n<tr class=\"row-18 even\">\n\t<td class=\"column-1\">TDF0242<\/td><td class=\"column-2\">\u00c9tica e legisla\u00e7\u00e3o<\/td><td class=\"column-3\">33<\/td><td class=\"column-4\"><\/td>\n<\/tr>\n<\/tbody>\n<\/table>\n<!-- #tablepress-4 from cache --><\/div>\n\n\n\n<ul class=\"nav nav-tabs\" id=\"maisinfo\">\n                    \n                        <li>\n<a href=\"https:\/\/www.ifbaiano.edu.br\/unidades\/teixeira\/cursos\/cursosintegrados\/tec-em-florestas\/\">P\u00e1gina Inicial<\/a>\n<\/li>\n\n<li>\n                            <a href=\"#semestre1\">\n                                1\u00ba Ano<\/a>\n                        <\/li>\n                    \n                        <li>\n                            <a href=\"#semestre2\">\n                                2\u00ba Ano<\/a>\n                        <\/li>\n                    \n                        <li>\n                            <a href=\"#semestre3\">\n                                3\u00ba Ano<\/a>\n                        <\/li>\n                    \n                <\/ul>\n\n\n\n<table class=\"table table-striped table-condensed table-bordered disciplinas\">\n                                <thead>\n<tr>\n<th><div id=\"ProreitoriaTopoTitulo\"><br>2\u00ba Ano<\/div><\/th><\/tr>\n                                <tr>\n            <\/tr><\/thead><\/table>\n\n\n\n<div id=\"semestre2\" class=\"tab-pane\">\n                            \n                                    \n<table id=\"tablepress-5\" class=\"tablepress tablepress-id-5\">\n<thead>\n<tr class=\"row-1 odd\">\n\t<th class=\"column-1\">C\u00f3digo<\/th><th class=\"column-2\">Disciplina<\/th><th class=\"column-3\">CH<\/th><th class=\"column-4\">Docente<\/th>\n<\/tr>\n<\/thead>\n<tbody class=\"row-hover\">\n<tr class=\"row-2 even\">\n\t<td class=\"column-1\">TDF0460<\/td><td class=\"column-2\">Administra\u00e7\u00e3o de recursos humanos<\/td><td class=\"column-3\">80<\/td><td class=\"column-4\"><\/td>\n<\/tr>\n<tr class=\"row-3 odd\">\n\t<td class=\"column-1\">TDF0557<\/td><td class=\"column-2\">Artes<\/td><td class=\"column-3\">40<\/td><td class=\"column-4\"><\/td>\n<\/tr>\n<tr class=\"row-4 even\">\n\t<td class=\"column-1\">TDF0462<\/td><td class=\"column-2\">Biologia<\/td><td class=\"column-3\">80<\/td><td class=\"column-4\"><\/td>\n<\/tr>\n<tr class=\"row-5 odd\">\n\t<td class=\"column-1\">TDF0564<\/td><td class=\"column-2\">Educa\u00e7\u00e3o F\u00edsica<\/td><td class=\"column-3\">40<\/td><td class=\"column-4\"><\/td>\n<\/tr>\n<tr class=\"row-6 even\">\n\t<td class=\"column-1\">TDF0459<\/td><td class=\"column-2\">Filosofia<\/td><td class=\"column-3\">40<\/td><td class=\"column-4\"><\/td>\n<\/tr>\n<tr class=\"row-7 odd\">\n\t<td class=\"column-1\">TDF0453<\/td><td class=\"column-2\">F\u00edsica<\/td><td class=\"column-3\">80<\/td><td class=\"column-4\"><\/td>\n<\/tr>\n<tr class=\"row-8 even\">\n\t<td class=\"column-1\">TDF0456<\/td><td class=\"column-2\">Geografia<\/td><td class=\"column-3\">80<\/td><td class=\"column-4\"><\/td>\n<\/tr>\n<tr class=\"row-9 odd\">\n\t<td class=\"column-1\">TDF0461<\/td><td class=\"column-2\">Hist\u00f3ria<\/td><td class=\"column-3\">80<\/td><td class=\"column-4\"><\/td>\n<\/tr>\n<tr class=\"row-10 even\">\n\t<td class=\"column-1\">TDF0463<\/td><td class=\"column-2\">Leitura e int. de texto - reda\u00e7\u00e3o (optativa)<\/td><td class=\"column-3\">80<\/td><td class=\"column-4\"><\/td>\n<\/tr>\n<tr class=\"row-11 odd\">\n\t<td class=\"column-1\">TDF0599<\/td><td class=\"column-2\">L\u00edngua espanhola (optativa)<\/td><td class=\"column-3\">40<\/td><td class=\"column-4\"><\/td>\n<\/tr>\n<tr class=\"row-12 even\">\n\t<td class=\"column-1\">TDF0598<\/td><td class=\"column-2\">L\u00edngua port. e literatura<\/td><td class=\"column-3\">80<\/td><td class=\"column-4\"><\/td>\n<\/tr>\n<tr class=\"row-13 odd\">\n\t<td class=\"column-1\">TDF0562<\/td><td class=\"column-2\">L\u00edngua Inglesa<\/td><td class=\"column-3\">40<\/td><td class=\"column-4\"><\/td>\n<\/tr>\n<tr class=\"row-14 even\">\n\t<td class=\"column-1\">TDF0452<\/td><td class=\"column-2\">Marketing e comercializa\u00e7\u00e3o<\/td><td class=\"column-3\">80<\/td><td class=\"column-4\"><\/td>\n<\/tr>\n<tr class=\"row-15 odd\">\n\t<td class=\"column-1\">TDF0466<\/td><td class=\"column-2\">Matem\u00e1tica<\/td><td class=\"column-3\">120<\/td><td class=\"column-4\"><\/td>\n<\/tr>\n<tr class=\"row-16 even\">\n\t<td class=\"column-1\">TDF0451<\/td><td class=\"column-2\">Matem\u00e1tica financeira e estat\u00edstica<\/td><td class=\"column-3\">60<\/td><td class=\"column-4\"><\/td>\n<\/tr>\n<tr class=\"row-17 odd\">\n\t<td class=\"column-1\">TDF0457<\/td><td class=\"column-2\">No\u00e7\u00f5es de contabilidade gerencial<\/td><td class=\"column-3\">80<\/td><td class=\"column-4\"><\/td>\n<\/tr>\n<tr class=\"row-18 even\">\n\t<td class=\"column-1\">TDF0455<\/td><td class=\"column-2\">Projeto Integrador II<\/td><td class=\"column-3\">40<\/td><td class=\"column-4\"><\/td>\n<\/tr>\n<tr class=\"row-19 odd\">\n\t<td class=\"column-1\">TDF0567<\/td><td class=\"column-2\">Qu\u00edmica<\/td><td class=\"column-3\">40<\/td><td class=\"column-4\"><\/td>\n<\/tr>\n<tr class=\"row-20 even\">\n\t<td class=\"column-1\">TDF0467<\/td><td class=\"column-2\">Sociologia<\/td><td class=\"column-3\">40<\/td><td class=\"column-4\"><\/td>\n<\/tr>\n<\/tbody>\n<\/table>\n<!-- #tablepress-5 from cache --><\/div>\n\n\n\n<ul class=\"nav nav-tabs\" id=\"maisinfo\">\n                    \n                        <li>\n<a href=\"https:\/\/www.ifbaiano.edu.br\/unidades\/teixeira\/cursos\/cursosintegrados\/tec-em-florestas\/\">P\u00e1gina Inicial<\/a>\n<\/li>\n\n<li>\n                            <a href=\"#semestre1\">\n                                1\u00ba Ano<\/a>\n                        <\/li>\n                    \n                        <li>\n                            <a href=\"#semestre2\">\n                                2\u00ba Ano<\/a>\n                        <\/li>\n                    \n                        <li>\n                            <a href=\"#semestre3\">\n                                3\u00ba Ano<\/a>\n                        <\/li>\n                    \n                <\/ul>\n\n\n\n<table class=\"table table-striped table-condensed table-bordered disciplinas\">\n                                <thead>\n<tr>\n<th><div id=\"ProreitoriaTopoTitulo\"><br>3\u00ba Ano<\/div><\/th><\/tr><\/thead><\/table>\n\n\n\n<div id=\"semestre3\" class=\"tab-pane\">\n                            \n\n<table id=\"tablepress-6\" class=\"tablepress tablepress-id-6\">\n<thead>\n<tr class=\"row-1 odd\">\n\t<th class=\"column-1\">C\u00f3digo<\/th><th class=\"column-2\">Disciplina<\/th><th class=\"column-3\">CH<\/th><th class=\"column-4\">Docente<\/th>\n<\/tr>\n<\/thead>\n<tbody class=\"row-hover\">\n<tr class=\"row-2 even\">\n\t<td class=\"column-1\">TDF0481<\/td><td class=\"column-2\">Administra\u00e7\u00e3o da Produ\u00e7\u00e3o<\/td><td class=\"column-3\">80<\/td><td class=\"column-4\"><\/td>\n<\/tr>\n<tr class=\"row-3 odd\">\n\t<td class=\"column-1\">TDF0489<\/td><td class=\"column-2\">Administra\u00e7\u00e3o financeira<\/td><td class=\"column-3\">80<\/td><td class=\"column-4\"><\/td>\n<\/tr>\n<tr class=\"row-4 even\">\n\t<td class=\"column-1\">TDF0476<\/td><td class=\"column-2\">Biologia<\/td><td class=\"column-3\">80<\/td><td class=\"column-4\"><\/td>\n<\/tr>\n<tr class=\"row-5 odd\">\n\t<td class=\"column-1\">TDF0486<\/td><td class=\"column-2\">Empreendedorismo<\/td><td class=\"column-3\">80<\/td><td class=\"column-4\"><\/td>\n<\/tr>\n<tr class=\"row-6 even\">\n\t<td class=\"column-1\">ADMEST<\/td><td class=\"column-2\">Est\u00e1gio Curricular\/TCC\/Pr\u00e1tica profissional<\/td><td class=\"column-3\">200<\/td><td class=\"column-4\"><\/td>\n<\/tr>\n<tr class=\"row-7 odd\">\n\t<td class=\"column-1\">TDF0581<\/td><td class=\"column-2\">Filosofia<\/td><td class=\"column-3\">40<\/td><td class=\"column-4\"><\/td>\n<\/tr>\n<tr class=\"row-8 even\">\n\t<td class=\"column-1\">TDF0488<\/td><td class=\"column-2\">Fundamentos de economia<\/td><td class=\"column-3\">40<\/td><td class=\"column-4\"><\/td>\n<\/tr>\n<tr class=\"row-9 odd\">\n\t<td class=\"column-1\">TDF0484<\/td><td class=\"column-2\">F\u00edsica<\/td><td class=\"column-3\">80<\/td><td class=\"column-4\"><\/td>\n<\/tr>\n<tr class=\"row-10 even\">\n\t<td class=\"column-1\">TDF0478<\/td><td class=\"column-2\">Geografia<\/td><td class=\"column-3\">80<\/td><td class=\"column-4\"><\/td>\n<\/tr>\n<tr class=\"row-11 odd\">\n\t<td class=\"column-1\">TDF0479<\/td><td class=\"column-2\">Hist\u00f3ria<\/td><td class=\"column-3\">80<\/td><td class=\"column-4\"><\/td>\n<\/tr>\n<tr class=\"row-12 even\">\n\t<td class=\"column-1\">TDF0473<\/td><td class=\"column-2\">Ingl\u00eas Instrumental I<\/td><td class=\"column-3\">40<\/td><td class=\"column-4\"><\/td>\n<\/tr>\n<tr class=\"row-13 odd\">\n\t<td class=\"column-1\">TDF0487<\/td><td class=\"column-2\">Leitura e int. de texto - reda\u00e7\u00e3o (optativa)<\/td><td class=\"column-3\">80<\/td><td class=\"column-4\"><\/td>\n<\/tr>\n<tr class=\"row-14 even\">\n\t<td class=\"column-1\">TDF0472<\/td><td class=\"column-2\">L\u00edngua espanhola (optativa)<\/td><td class=\"column-3\">80<\/td><td class=\"column-4\"><\/td>\n<\/tr>\n<tr class=\"row-15 odd\">\n\t<td class=\"column-1\">TDF0477<\/td><td class=\"column-2\">L\u00edngua port. e literatura<\/td><td class=\"column-3\">120<\/td><td class=\"column-4\"><\/td>\n<\/tr>\n<tr class=\"row-16 even\">\n\t<td class=\"column-1\">TDF0470<\/td><td class=\"column-2\">Matem\u00e1tica<\/td><td class=\"column-3\">120<\/td><td class=\"column-4\"><\/td>\n<\/tr>\n<tr class=\"row-17 odd\">\n\t<td class=\"column-1\">TDF0483<\/td><td class=\"column-2\">Projeto integrador III<\/td><td class=\"column-3\">40<\/td><td class=\"column-4\"><\/td>\n<\/tr>\n<tr class=\"row-18 even\">\n\t<td class=\"column-1\">TDF0474<\/td><td class=\"column-2\">Qu\u00edmica<\/td><td class=\"column-3\">80<\/td><td class=\"column-4\"><\/td>\n<\/tr>\n<tr class=\"row-19 odd\">\n\t<td class=\"column-1\">TDF0469<\/td><td class=\"column-2\">Sistemas de informa\u00e7\u00f5es gerenciais<\/td><td class=\"column-3\">40<\/td><td class=\"column-4\"><\/td>\n<\/tr>\n<tr class=\"row-20 even\">\n\t<td class=\"column-1\">TDF0471<\/td><td class=\"column-2\">Sociologia brasileira apllicada<\/td><td class=\"column-3\">40<\/td><td class=\"column-4\"><\/td>\n<\/tr>\n<\/tbody>\n<\/table>\n<!-- #tablepress-6 from cache --><\/div>\n\n\n\n<ul class=\"nav nav-tabs\" id=\"maisinfo\">\n                    \n                        <li>\n<a href=\"https:\/\/www.ifbaiano.edu.br\/unidades\/teixeira\/cursos\/cursosintegrados\/tec-em-florestas\/\">P\u00e1gina Inicial<\/a>\n<\/li>\n\n<li>\n                            <a href=\"#semestre1\">\n                                1\u00ba Ano<\/a>\n                        <\/li>\n                    \n                        <li>\n                            <a href=\"#semestre2\">\n                                2\u00ba Ano<\/a>\n                        <\/li>\n                    \n                        <li>\n                            <a href=\"#semestre3\">\n                                3\u00ba Ano<\/a>\n                        <\/li>\n                    \n                <\/ul>\n\n\n\n<p><\/p>\n","protected":false},"excerpt":{"rendered":"<p>Apresenta\u00e7\u00e3o O Curso T\u00e9cnico em&nbsp;Florestas integrado ao Ensino M\u00e9dio foi implantado para atender alunos egressos do Ensino Fundamental. O curso \u00e9 constitu\u00eddo de regime seriado, sem terminalidade, com matr\u00edcula \u00fanica para o Ensino M\u00e9dio e a Educa\u00e7\u00e3o Profissional. Possui uma s\u00f3 Matriz curricular integrada e confere o Diploma de T\u00e9cnico em Florestas e Certificado de [&hellip;]<\/p>\n","protected":false},"author":31,"featured_media":0,"parent":5725,"menu_order":0,"comment_status":"closed","ping_status":"closed","template":"","meta":[],"_links":{"self":[{"href":"https:\/\/www.ifbaiano.edu.br\/unidades\/teixeira\/wp-json\/wp\/v2\/pages\/6146"}],"collection":[{"href":"https:\/\/www.ifbaiano.edu.br\/unidades\/teixeira\/wp-json\/wp\/v2\/pages"}],"about":[{"href":"https:\/\/www.ifbaiano.edu.br\/unidades\/teixeira\/wp-json\/wp\/v2\/types\/page"}],"author":[{"embeddable":true,"href":"https:\/\/www.ifbaiano.edu.br\/unidades\/teixeira\/wp-json\/wp\/v2\/users\/31"}],"replies":[{"embeddable":true,"href":"https:\/\/www.ifbaiano.edu.br\/unidades\/teixeira\/wp-json\/wp\/v2\/comments?post=6146"}],"version-history":[{"count":25,"href":"https:\/\/www.ifbaiano.edu.br\/unidades\/teixeira\/wp-json\/wp\/v2\/pages\/6146\/revisions"}],"predecessor-version":[{"id":13915,"href":"https:\/\/www.ifbaiano.edu.br\/unidades\/teixeira\/wp-json\/wp\/v2\/pages\/6146\/revisions\/13915"}],"up":[{"embeddable":true,"href":"https:\/\/www.ifbaiano.edu.br\/unidades\/teixeira\/wp-json\/wp\/v2\/pages\/5725"}],"wp:attachment":[{"href":"https:\/\/www.ifbaiano.edu.br\/unidades\/teixeira\/wp-json\/wp\/v2\/media?parent=6146"}],"curies":[{"name":"wp","href":"https:\/\/api.w.org\/{rel}","templated":true}]}}