{"id":6434,"date":"2019-03-08T16:11:58","date_gmt":"2019-03-08T19:11:58","guid":{"rendered":"http:\/\/www.ifbaiano.edu.br\/unidades\/teixeira\/?page_id=6434"},"modified":"2019-03-08T16:29:16","modified_gmt":"2019-03-08T19:29:16","slug":"audiovisual","status":"publish","type":"page","link":"https:\/\/www.ifbaiano.edu.br\/unidades\/teixeira\/comunicacao\/audiovisual\/","title":{"rendered":"Audiovisual"},"content":{"rendered":"<p><strong>O setor de audiovisual do IF Baiano campus Teixeira de Freitas \u00e9 respons\u00e1vel por:<\/strong><\/p>\n<p>Realizar trabalhos de transmiss\u00e3o e capta\u00e7\u00e3o de imagem e som, operando equipamentos de \u00e1udio e v\u00eddeo, a partir de uma programa\u00e7\u00e3o de trabalho previamente estabelecida.<\/p>\n<p>Trabalhar com elementos e equipamentos de proje\u00e7\u00e3o de slides e retro proje\u00e7\u00e3o, de aparelhos do tipo geradores de caracteres, de efeitos especiais e de computa\u00e7\u00e3o gr\u00e1fica;<\/p>\n<p>Captar \u00e2ngulos de luz e adequa\u00e7\u00e3o de som;<\/p>\n<p>Fazer montagens de imagens captadas, eliminando partes desnecess\u00e1rias;<\/p>\n<p>Auxiliar na organiza\u00e7\u00e3o de arquivos envio e recebimento de documentos, pertinentes a sua \u00e1rea de atua\u00e7\u00e3o para assegurar a pronta localiza\u00e7\u00e3o de dados;<\/p>\n<p>Zelar pela guarda, conserva\u00e7\u00e3o, manuten\u00e7\u00e3o e limpeza dos equipamentos, instrumentos e materiais utilizados, bem como do local de trabalho;<\/p>\n<p>Manter-se atualizado em rela\u00e7\u00e3o \u00e0s tend\u00eancias e inova\u00e7\u00f5es tecnol\u00f3gicas de sua \u00e1rea de atua\u00e7\u00e3o e das necessidades do setor\/departamento;<\/p>\n<p>Executar outras tarefas correlatas, conforme necessidade ou a crit\u00e9rio de seu superior.<\/p>\n<p><strong>Documentos Importantes:<\/strong><\/p>\n<p><a href=\"http:\/\/www.ifbaiano.edu.br\/unidades\/teixeira\/files\/2019\/03\/Manual-de-desligamento-do-computador-interativo.pdf\" target=\"_blank\">Manual de desligamento do computador interativo<\/a><\/p>\n","protected":false},"excerpt":{"rendered":"<p>O setor de audiovisual do IF Baiano campus Teixeira de Freitas \u00e9 respons\u00e1vel por: Realizar trabalhos de transmiss\u00e3o e capta\u00e7\u00e3o de imagem e som, operando equipamentos de \u00e1udio e v\u00eddeo, a partir de uma programa\u00e7\u00e3o de trabalho previamente estabelecida. Trabalhar com elementos e equipamentos de proje\u00e7\u00e3o de slides e retro proje\u00e7\u00e3o, de aparelhos do tipo [&hellip;]<\/p>\n","protected":false},"author":31,"featured_media":0,"parent":2366,"menu_order":0,"comment_status":"closed","ping_status":"closed","template":"","meta":[],"_links":{"self":[{"href":"https:\/\/www.ifbaiano.edu.br\/unidades\/teixeira\/wp-json\/wp\/v2\/pages\/6434"}],"collection":[{"href":"https:\/\/www.ifbaiano.edu.br\/unidades\/teixeira\/wp-json\/wp\/v2\/pages"}],"about":[{"href":"https:\/\/www.ifbaiano.edu.br\/unidades\/teixeira\/wp-json\/wp\/v2\/types\/page"}],"author":[{"embeddable":true,"href":"https:\/\/www.ifbaiano.edu.br\/unidades\/teixeira\/wp-json\/wp\/v2\/users\/31"}],"replies":[{"embeddable":true,"href":"https:\/\/www.ifbaiano.edu.br\/unidades\/teixeira\/wp-json\/wp\/v2\/comments?post=6434"}],"version-history":[{"count":4,"href":"https:\/\/www.ifbaiano.edu.br\/unidades\/teixeira\/wp-json\/wp\/v2\/pages\/6434\/revisions"}],"predecessor-version":[{"id":6442,"href":"https:\/\/www.ifbaiano.edu.br\/unidades\/teixeira\/wp-json\/wp\/v2\/pages\/6434\/revisions\/6442"}],"up":[{"embeddable":true,"href":"https:\/\/www.ifbaiano.edu.br\/unidades\/teixeira\/wp-json\/wp\/v2\/pages\/2366"}],"wp:attachment":[{"href":"https:\/\/www.ifbaiano.edu.br\/unidades\/teixeira\/wp-json\/wp\/v2\/media?parent=6434"}],"curies":[{"name":"wp","href":"https:\/\/api.w.org\/{rel}","templated":true}]}}