{"id":65,"date":"2011-05-18T19:25:48","date_gmt":"2011-05-18T19:25:48","guid":{"rendered":"http:\/\/localhost\/unidades\/bonfim\/?page_id=65"},"modified":"2015-10-06T16:32:18","modified_gmt":"2015-10-06T16:32:18","slug":"processo-seletivo","status":"publish","type":"page","link":"https:\/\/www.ifbaiano.edu.br\/unidades\/teixeira\/processo-seletivo\/","title":{"rendered":"PROSEL 2015"},"content":{"rendered":"<h1 style=\"text-align: center\"><strong>PROCESSO SELETIVO 2015<\/strong><\/h1>\n<p><img decoding=\"async\" loading=\"lazy\" class=\"alignnone\" src=\"https:\/\/fbcdn-sphotos-g-a.akamaihd.net\/hphotos-ak-xpt1\/t31.0-8\/11872032_1047783711907659_1482361715895941712_o.jpg\" alt=\"\" width=\"100%\" height=\"100%\" \/><\/p>\n<p>&nbsp;<\/p>\n<h4 style=\"text-align: center\"><a href=\"http:\/\/www.ifbaiano.edu.br\/unidades\/teixeira\/files\/2015\/08\/EDITAL_DE-MATRICULA_Terceira_chamanda.pdf\" target=\"_blank\">Terceira Chamada &#8211; Medeiros Neto\u00a0<\/a><\/h4>\n<h4 style=\"text-align: center\"><a href=\"http:\/\/www.ifbaiano.edu.br\/unidades\/teixeira\/files\/2011\/05\/Edital-de-segunda-chamada.pdf\" target=\"_blank\">Segunda Chamada &#8211; Teixeira de Freitas e Medeiros Neto<\/a><\/h4>\n<h4 style=\"text-align: center\"><span style=\"color: #0000ff\"><a href=\"http:\/\/www.ifbaiano.edu.br\/unidades\/teixeira\/files\/2011\/05\/EDITAL_DE_PRORROGACAO.pdf\" target=\"_blank\">Edital de Prorroga\u00e7\u00e3o de Matr\u00edcula de Vagas Remanescentes<\/a><\/span><\/h4>\n<p style=\"text-align: center\"><strong><a href=\"http:\/\/www.ifbaiano.edu.br\/unidades\/teixeira\/processo-seletivo\/retificacao_matriculas_subsequente-2\/\" rel=\"attachment wp-att-3079\">Edital de Retifica\u00e7\u00e3o de Matr\u00edculas para Vagas Remanescentes<\/a><\/strong><br \/>\n<strong><a href=\"http:\/\/www.ifbaiano.edu.br\/unidades\/teixeira\/processo-seletivo\/edital_matriculas_remanescentes-2\/\" rel=\"attachment wp-att-3067\"><br \/>\nEdital de Matr\u00edculas para Vagas Remanescentes<\/a><\/strong><\/p>\n<p style=\"text-align: center\"><strong><a href=\"http:\/\/www.ifbaiano.edu.br\/unidades\/teixeira\/processo-seletivo\/resultado_ps_rem_2015-2\/\" rel=\"attachment wp-att-3061\">Resultado do Processo Seletivo para Vagas Remanescentes<\/a><\/strong><\/p>\n<p style=\"text-align: center\"><strong><a href=\"http:\/\/www.ifbaiano.edu.br\/unidades\/teixeira\/processo-seletivo\/homologacao_remanescentes-4\/\" rel=\"attachment wp-att-3052\">Homologa\u00e7\u00e3o das Inscri\u00e7\u00f5es para Vagas Remanescentes<\/a><br \/>\n<a href=\"http:\/\/www.ifbaiano.edu.br\/unidades\/teixeira\/processo-seletivo\/quarta_chamada_matriculas-2\/\" rel=\"attachment wp-att-3038\"><br \/>\nConfira a lista da quarta chamada<\/a><\/strong><\/p>\n<p style=\"text-align: center\"><strong><a href=\"http:\/\/www.ifbaiano.edu.br\/unidades\/teixeira\/processo-seletivo\/edital_retificacao_matricula-2\/\" rel=\"attachment wp-att-3037\">Edital de Retifica\u00e7\u00e3o de Matr\u00edcula<\/a><\/strong><\/p>\n<p style=\"text-align: center\"><strong><a href=\"http:\/\/www.ifbaiano.edu.br\/unidades\/teixeira\/2015\/02\/06\/p230-3\/terceira_chamada_matriculas\/\" rel=\"attachment wp-att-2987\" target=\"_blank\">Confira a lista da terceira chamada<\/a><\/strong><\/p>\n<p style=\"text-align: center\"><a href=\"http:\/\/www.ifbaiano.edu.br\/unidades\/teixeira\/2015\/03\/03\/p270\/\" target=\"_blank\">Vagas remanescentes<\/a><\/p>\n<p style=\"text-align: center\"><strong><a href=\"http:\/\/www.ifbaiano.edu.br\/unidades\/teixeira\/2015\/02\/06\/p230-3\/segunda_chamada_matriculas\/\" rel=\"attachment wp-att-2962\" target=\"_blank\">Confira a lista da segunda chamada<\/a>.<\/strong><\/p>\n<p style=\"text-align: center\"><a href=\"http:\/\/www.ifbaiano.edu.br\/unidades\/teixeira\/2015\/02\/06\/p230-3\/\" target=\"_blank\">Datas das\u00a0Matr\u00edculas<\/a><\/p>\n<p style=\"text-align: center\"><a href=\"http:\/\/concurso.ifbaiano.edu.br\/portal\/discente20151\/\" target=\"_blank\">Resultados do Prcesso Seletivo 2015<\/a><\/p>\n<p style=\"text-align: center\"><a href=\"http:\/\/concurso.ifbaiano.edu.br\/portal\/discente20151\/\" target=\"_blank\">Gabarito da prova<\/a><\/p>\n<p style=\"text-align: center\"><a href=\"http:\/\/www.ifbaiano.edu.br\/unidades\/teixeira\/2014\/10\/01\/p235-4\/\" target=\"_blank\">Homologa\u00e7\u00e3o da Chamada Interna 01\/2014<\/a><\/p>\n<p style=\"text-align: center\">\u00a0<a href=\"http:\/\/www.ifbaiano.edu.br\/unidades\/teixeira\/2014\/10\/01\/p250\/\" target=\"_blank\">Confira as instru\u00e7\u00f5es para o Processo Seletivo 2015 do Campus Teixeira de Freitas<\/a><\/p>\n<p style=\"text-align: center\"><a href=\"http:\/\/www.ifbaiano.edu.br\/unidades\/teixeira\/2014\/10\/13\/p254\/\" target=\"_blank\">Processo Seletivo 2015: Inscri\u00e7\u00f5es abertas a partir de hoje, 13 de outubro<\/a><\/p>\n<p style=\"text-align: center\"><a href=\"http:\/\/concurso.ifbaiano.edu.br\/aplicacoes\/20151_discente\/\" target=\"_blank\">Inscreva-se no Processo Seletivo para Ingresso de Estudantes &#8211; 2015.1<\/a><\/p>\n","protected":false},"excerpt":{"rendered":"<p>PROCESSO SELETIVO 2015 &nbsp; Terceira Chamada &#8211; Medeiros Neto\u00a0 Segunda Chamada &#8211; Teixeira de Freitas e Medeiros Neto Edital de Prorroga\u00e7\u00e3o de Matr\u00edcula de Vagas Remanescentes Edital de Retifica\u00e7\u00e3o de Matr\u00edculas para Vagas Remanescentes Edital de Matr\u00edculas para Vagas Remanescentes Resultado do Processo Seletivo para Vagas Remanescentes Homologa\u00e7\u00e3o das Inscri\u00e7\u00f5es para Vagas Remanescentes Confira a [&hellip;]<\/p>\n","protected":false},"author":1,"featured_media":0,"parent":0,"menu_order":0,"comment_status":"closed","ping_status":"closed","template":"","meta":[],"_links":{"self":[{"href":"https:\/\/www.ifbaiano.edu.br\/unidades\/teixeira\/wp-json\/wp\/v2\/pages\/65"}],"collection":[{"href":"https:\/\/www.ifbaiano.edu.br\/unidades\/teixeira\/wp-json\/wp\/v2\/pages"}],"about":[{"href":"https:\/\/www.ifbaiano.edu.br\/unidades\/teixeira\/wp-json\/wp\/v2\/types\/page"}],"author":[{"embeddable":true,"href":"https:\/\/www.ifbaiano.edu.br\/unidades\/teixeira\/wp-json\/wp\/v2\/users\/1"}],"replies":[{"embeddable":true,"href":"https:\/\/www.ifbaiano.edu.br\/unidades\/teixeira\/wp-json\/wp\/v2\/comments?post=65"}],"version-history":[{"count":57,"href":"https:\/\/www.ifbaiano.edu.br\/unidades\/teixeira\/wp-json\/wp\/v2\/pages\/65\/revisions"}],"predecessor-version":[{"id":2650,"href":"https:\/\/www.ifbaiano.edu.br\/unidades\/teixeira\/wp-json\/wp\/v2\/pages\/65\/revisions\/2650"}],"wp:attachment":[{"href":"https:\/\/www.ifbaiano.edu.br\/unidades\/teixeira\/wp-json\/wp\/v2\/media?parent=65"}],"curies":[{"name":"wp","href":"https:\/\/api.w.org\/{rel}","templated":true}]}}