{"id":71,"date":"2022-05-09T15:08:00","date_gmt":"2022-05-09T18:08:00","guid":{"rendered":"http:\/\/localhost\/unidades\/bonfim\/?page_id=67"},"modified":"2025-05-20T15:29:28","modified_gmt":"2025-05-20T18:29:28","slug":"ead","status":"publish","type":"page","link":"https:\/\/www.ifbaiano.edu.br\/unidades\/teixeira\/cursos\/ead\/","title":{"rendered":"Educa\u00e7\u00e3o a Dist\u00e2ncia"},"content":{"rendered":"\n<p>A Educa\u00e7\u00e3o a Dist\u00e2ncia \u00e9 realidade desde o in\u00edcio de 2015 no IF Baiano. Com a oferta de cursos que visam promover forma\u00e7\u00e3o t\u00e9cnica nas \u00e1reas espec\u00edficas de cada curso, proporcionando ao egresso conhecimento para aplica\u00e7\u00e3o em sua atua\u00e7\u00e3o profissional. Com o foco na educa\u00e7\u00e3o gratuita, p\u00fablica e de qualidade.<\/p>\n\n\n\n<p>Por meio dos 40 polos distribu\u00eddos por toda a Bahia, a EaD do IF Baiano tem capilaridade para alcan\u00e7ar todas as regi\u00f5es do Estado. O <em>campus<\/em> Teixeira de Freitas possui 09 polos, al\u00e9m do <em>campus<\/em>, que possibilita atendimento \u00e0 toda regi\u00e3o do extremo sul do Estado.<\/p>\n\n\n\n<div class=\"wp-block-columns is-layout-flex wp-container-3\">\n<div class=\"wp-block-column is-layout-flow\">\n<div id=\"documentoshome\"><div id=\"doctitulo\">\n\t\t\t\t\tEquipe de Trabalho\n\t\t\t\t<\/div><\/div>\n\n\n\n<p><strong>Coordenador:<\/strong>&nbsp;Daniel Anacleto Ribeiro Costa dos Santos<\/p>\n<\/div>\n\n\n\n<div class=\"wp-block-column is-layout-flow\">\n<div id=\"documentoshome\"><div id=\"doctitulo\">\n\t\t\t\t\tCONTATO\n\t\t\t\t<\/div><\/div>\n\n\n\n<p><strong>Telefone:<\/strong>&nbsp;73 3665-1031 | 3665-1032<br><strong>Endere\u00e7o eletr\u00f4nico:<\/strong>&nbsp;cead.tdf@ead.teixeira.ifbaiano.edu.br <\/p>\n<\/div>\n<\/div>\n\n\n\n<div id=\"documentoshome\"><div id=\"doctitulo\">\n\t\t\t\t\tDocumentos\n\t\t\t\t<\/div><\/div>\n\n\n\n<p><a rel=\"noreferrer noopener\" href=\"https:\/\/www.ifbaiano.edu.br\/unidades\/teixeira\/files\/2022\/05\/Organizacao-Didatica-EPTNM-2019.pdf\" target=\"_blank\">Organiza\u00e7\u00e3o Did\u00e1tica &#8211; EPTNM 2019<\/a><\/p>\n\n\n\n<p><a rel=\"noreferrer noopener\" href=\"https:\/\/www.ifbaiano.edu.br\/unidades\/teixeira\/files\/2022\/05\/PPC-Multimeios-Didaticos.pdf\" target=\"_blank\">Projeto Pedag\u00f3gico do Curso &#8211; T\u00e9cnico em Multimeios Did\u00e1ticos<\/a><\/p>\n\n\n\n<p><a rel=\"noreferrer noopener\" href=\"https:\/\/www.ifbaiano.edu.br\/unidades\/teixeira\/files\/2022\/05\/PPC-Secretaria-Escolar.pdf\" target=\"_blank\">Projeto Pedag\u00f3gico do Curso &#8211; T\u00e9cnico em Secretaria Escolar<\/a><\/p>\n\n\n\n<p><a rel=\"noreferrer noopener\" href=\"https:\/\/www.ifbaiano.edu.br\/unidades\/teixeira\/files\/2022\/05\/PPC-Tecnico-Vendas.pdf\" target=\"_blank\">Projeto Pedag\u00f3gico do Curso  &#8211; T\u00e9cnico em Vendas<\/a><\/p>\n\n\n\n<p><a href=\"https:\/\/www.ifbaiano.edu.br\/unidades\/teixeira\/files\/2024\/02\/PPC-do-Curso-Tecnico-em-informatica-Subsequente-EAD.pdf\">Projeto Pedag\u00f3gica do Curso &#8211; T\u00e9cnico em Inform\u00e1tica<\/a><\/p>\n\n\n\n<p><a href=\"https:\/\/www.ifbaiano.edu.br\/unidades\/teixeira\/files\/2024\/02\/PPC-do-Curso-Tecnico-em-Redes-de-computadores-Subsequente-EAD.pdf\">Projeto Pedag\u00f3gico do Curso &#8211; T\u00e9cnico em Redes de Computador<\/a><\/p>\n\n\n\n<div id=\"documentoshome\"><div id=\"doctitulo\">\n\t\t\t\t\tPolos\n\t\t\t\t<\/div><\/div>\n\n\n\n<p><strong>Teixeira de Freitas<\/strong><br>Alcoba\u00e7a<br>Ibirapu\u00e3<br>Itanh\u00e9m<br>Jucuru\u00e7u<br>Medeiros Neto<br>Mucuri<br>Nova Vi\u00e7osa<br>Prado<br>Veredas<\/p>\n","protected":false},"excerpt":{"rendered":"<p>A Educa\u00e7\u00e3o a Dist\u00e2ncia \u00e9 realidade desde o in\u00edcio de 2015 no IF Baiano. Com a oferta de cursos que visam promover forma\u00e7\u00e3o t\u00e9cnica nas \u00e1reas espec\u00edficas de cada curso, proporcionando ao egresso conhecimento para aplica\u00e7\u00e3o em sua atua\u00e7\u00e3o profissional. Com o foco na educa\u00e7\u00e3o gratuita, p\u00fablica e de qualidade. Por meio dos 40 polos [&hellip;]<\/p>\n","protected":false},"author":1,"featured_media":0,"parent":1023,"menu_order":0,"comment_status":"closed","ping_status":"closed","template":"","meta":[],"_links":{"self":[{"href":"https:\/\/www.ifbaiano.edu.br\/unidades\/teixeira\/wp-json\/wp\/v2\/pages\/71"}],"collection":[{"href":"https:\/\/www.ifbaiano.edu.br\/unidades\/teixeira\/wp-json\/wp\/v2\/pages"}],"about":[{"href":"https:\/\/www.ifbaiano.edu.br\/unidades\/teixeira\/wp-json\/wp\/v2\/types\/page"}],"author":[{"embeddable":true,"href":"https:\/\/www.ifbaiano.edu.br\/unidades\/teixeira\/wp-json\/wp\/v2\/users\/1"}],"replies":[{"embeddable":true,"href":"https:\/\/www.ifbaiano.edu.br\/unidades\/teixeira\/wp-json\/wp\/v2\/comments?post=71"}],"version-history":[{"count":19,"href":"https:\/\/www.ifbaiano.edu.br\/unidades\/teixeira\/wp-json\/wp\/v2\/pages\/71\/revisions"}],"predecessor-version":[{"id":13458,"href":"https:\/\/www.ifbaiano.edu.br\/unidades\/teixeira\/wp-json\/wp\/v2\/pages\/71\/revisions\/13458"}],"up":[{"embeddable":true,"href":"https:\/\/www.ifbaiano.edu.br\/unidades\/teixeira\/wp-json\/wp\/v2\/pages\/1023"}],"wp:attachment":[{"href":"https:\/\/www.ifbaiano.edu.br\/unidades\/teixeira\/wp-json\/wp\/v2\/media?parent=71"}],"curies":[{"name":"wp","href":"https:\/\/api.w.org\/{rel}","templated":true}]}}