{"id":72,"date":"2011-05-18T19:26:20","date_gmt":"2011-05-18T19:26:20","guid":{"rendered":"http:\/\/localhost\/unidades\/bonfim\/?page_id=69"},"modified":"2023-05-12T16:15:38","modified_gmt":"2023-05-12T19:15:38","slug":"biblioteca","status":"publish","type":"page","link":"https:\/\/www.ifbaiano.edu.br\/unidades\/teixeira\/diretoria-academica\/biblioteca\/","title":{"rendered":"Biblioteca"},"content":{"rendered":"<p align=\"justify\">A Biblioteca do Instituto Federal de Educa\u00e7\u00e3o, Ci\u00eancia e Tecnologia \u2013 <em>Campus<\/em>\u00a0Teixeira de Freitas tem o objetivo de reunir, organizar, preservar e divulgar o acervo bibliogr\u00e1fico, oferecendo aux\u00edlio \u00e0s atividades de ensino, pesquisa e extens\u00e3o.<\/p>\n<p align=\"justify\">Possui um acervo atualizado voltado para as \u00e1reas espec\u00edficas dos cursos ofertados bem como conhecimento geral,\u00a0formado por livros, peri\u00f3dicos e multim\u00eddias.<\/p>\n<p align=\"justify\">\u00a0<\/p>\n\n\n<figure class=\"wp-block-embed-wordpress wp-block-embed is-type-wp-embed is-provider-campus-teixeira-de-freitas\"><div class=\"wp-block-embed__wrapper\">\n<blockquote class=\"wp-embedded-content\" data-secret=\"kW2PVHMUI3\"><a href=\"https:\/\/www.ifbaiano.edu.br\/unidades\/teixeira\/if-baiano-disponibiliza-biblioteca-virtual-pearson-a-estudantes-e-servidores\/\">IF Baiano disponibiliza Biblioteca Virtual Pearson a estudantes e servidores<\/a><\/blockquote><iframe class=\"wp-embedded-content\" sandbox=\"allow-scripts\" security=\"restricted\" style=\"position: absolute; clip: rect(1px, 1px, 1px, 1px);\" title=\"&#8220;IF Baiano disponibiliza Biblioteca Virtual Pearson a estudantes e servidores&#8221; &#8212; Campus Teixeira de Freitas\" src=\"https:\/\/www.ifbaiano.edu.br\/unidades\/teixeira\/if-baiano-disponibiliza-biblioteca-virtual-pearson-a-estudantes-e-servidores\/embed\/#?secret=kW2PVHMUI3\" data-secret=\"kW2PVHMUI3\" width=\"500\" height=\"282\" frameborder=\"0\" marginwidth=\"0\" marginheight=\"0\" scrolling=\"no\"><\/iframe>\n<\/div><\/figure>\n\n\n\n<hr class=\"wp-block-separator\" \/>\n\n\n\n<p><strong>Documentos norteadores<\/strong>:<\/p>\n\n\n\n<p><a href=\"https:\/\/www.ifbaiano.edu.br\/unidades\/teixeira\/files\/2023\/05\/REGULAMENTO-INTERNO-DA-BIBLIOTECA.pdf\">REGULAMENTO INTERNO DA BIBLIOTECA<\/a><\/p>\n\n\n\n<p><a href=\"https:\/\/www.ifbaiano.edu.br\/unidades\/teixeira\/files\/2023\/05\/POLITICA-DE-AQUISICAO-EXPANSAO-E-ATUALIZACAO-DO-ACERVO-BIBLIOGRAFICO-DA-BIBLIOTECA.pdf\">POL\u00cdTICA DE AQUISI\u00c7\u00c3O, EXPANS\u00c3O E ATUALIZA\u00c7\u00c3O DO ACERVO BIBLIOGR\u00c1FICO DA BIBLIOTECA<\/a><\/p>\n\n\n\n<p><a href=\"https:\/\/www.ifbaiano.edu.br\/unidades\/teixeira\/files\/2023\/05\/PLANO-DE-CONTINGENCIA-BIBLIOTECA.pdf\">PLANO DE CONTING\u00caNCIA BIBLIOTECA<\/a><\/p>\n","protected":false},"excerpt":{"rendered":"<p>A Biblioteca do Instituto Federal de Educa\u00e7\u00e3o, Ci\u00eancia e Tecnologia \u2013 Campus\u00a0Teixeira de Freitas tem o objetivo de reunir, organizar, preservar e divulgar o acervo bibliogr\u00e1fico, oferecendo aux\u00edlio \u00e0s atividades de ensino, pesquisa e extens\u00e3o. Possui um acervo atualizado voltado para as \u00e1reas espec\u00edficas dos cursos ofertados bem como conhecimento geral,\u00a0formado por livros, peri\u00f3dicos e [&hellip;]<\/p>\n","protected":false},"author":1,"featured_media":0,"parent":1346,"menu_order":0,"comment_status":"closed","ping_status":"closed","template":"","meta":[],"_links":{"self":[{"href":"https:\/\/www.ifbaiano.edu.br\/unidades\/teixeira\/wp-json\/wp\/v2\/pages\/72"}],"collection":[{"href":"https:\/\/www.ifbaiano.edu.br\/unidades\/teixeira\/wp-json\/wp\/v2\/pages"}],"about":[{"href":"https:\/\/www.ifbaiano.edu.br\/unidades\/teixeira\/wp-json\/wp\/v2\/types\/page"}],"author":[{"embeddable":true,"href":"https:\/\/www.ifbaiano.edu.br\/unidades\/teixeira\/wp-json\/wp\/v2\/users\/1"}],"replies":[{"embeddable":true,"href":"https:\/\/www.ifbaiano.edu.br\/unidades\/teixeira\/wp-json\/wp\/v2\/comments?post=72"}],"version-history":[{"count":22,"href":"https:\/\/www.ifbaiano.edu.br\/unidades\/teixeira\/wp-json\/wp\/v2\/pages\/72\/revisions"}],"predecessor-version":[{"id":12308,"href":"https:\/\/www.ifbaiano.edu.br\/unidades\/teixeira\/wp-json\/wp\/v2\/pages\/72\/revisions\/12308"}],"up":[{"embeddable":true,"href":"https:\/\/www.ifbaiano.edu.br\/unidades\/teixeira\/wp-json\/wp\/v2\/pages\/1346"}],"wp:attachment":[{"href":"https:\/\/www.ifbaiano.edu.br\/unidades\/teixeira\/wp-json\/wp\/v2\/media?parent=72"}],"curies":[{"name":"wp","href":"https:\/\/api.w.org\/{rel}","templated":true}]}}