{"id":7247,"date":"2019-10-01T15:41:08","date_gmt":"2019-10-01T18:41:08","guid":{"rendered":"http:\/\/www.ifbaiano.edu.br\/unidades\/teixeira\/?page_id=7247"},"modified":"2025-08-08T19:52:11","modified_gmt":"2025-08-08T22:52:11","slug":"tecnicoemhospedagem","status":"publish","type":"page","link":"https:\/\/www.ifbaiano.edu.br\/unidades\/teixeira\/cursos\/subsequentespresencial\/tecnicoemhospedagem\/","title":{"rendered":"T\u00e9cnico em Hospedagem"},"content":{"rendered":"\n<div class=\"wp-block-columns is-layout-flex wp-container-2\">\n<div class=\"wp-block-column is-layout-flow\">\n<div align=\"center\" id=\"documentoshome\"><div id=\"doctitulo\"> ATA DA AUDI\u00caNCIA\n\t\t\t\t\t\n\t\t\t\t<\/div><\/div><\/br>\n\n\n\n<div class=\"wp-block-file\"><object class=\"wp-block-file__embed\" data=\"https:\/\/www.ifbaiano.edu.br\/unidades\/teixeira\/files\/2025\/06\/Ata-Audiencia-Publica-NED-Hospedagem-04-06-25.pdf\" type=\"application\/pdf\" style=\"width:100%;height:600px\" aria-label=\"Incorporado de Ata-Audiencia-Publica-NED-Hospedagem-04-06-25.\"><\/object><a id=\"wp-block-file--media-c748e974-6cdf-411f-b92b-2b83d4a4ffcd\" href=\"https:\/\/www.ifbaiano.edu.br\/unidades\/teixeira\/files\/2025\/06\/Ata-Audiencia-Publica-NED-Hospedagem-04-06-25.pdf\">Ata-Audiencia-Publica-NED-Hospedagem-04-06-25<\/a><a href=\"https:\/\/www.ifbaiano.edu.br\/unidades\/teixeira\/files\/2025\/06\/Ata-Audiencia-Publica-NED-Hospedagem-04-06-25.pdf\" class=\"wp-block-file__button wp-element-button\" download aria-describedby=\"wp-block-file--media-c748e974-6cdf-411f-b92b-2b83d4a4ffcd\">Baixar<\/a><\/div>\n\n\n\n<div align=\"center\" id=\"documentoshome\"><div id=\"doctitulo\">\n\t\t\t\t\tAUDI\u00caNCIA P\u00daBLICA\n\t\t\t\t<\/div><\/div><\/br>\n\n\n\n<p><strong>O Curso T\u00e9cnico Subsequente em Hospedagem est\u00e1 em processo de reestrutura\u00e7\u00e3o do seu Projeto Pedag\u00f3gico, a partir de estudo de demanda realizado. Abaixo, disponibilizamos \u00e0 comunidade os documentos referentes ao processo.<\/strong><\/p>\n\n\n\n<p class=\"has-pale-cyan-blue-background-color has-background\"><strong>Contato:<\/strong> coord.hosp@teixeira.ifbaiano.edu.br (Prof\u00aa Aline Passos Araujo)<\/p>\n\n\n\n<div class=\"wp-block-file\"><a id=\"wp-block-file--media-722ac0f0-99ff-46a4-8d0f-8b1caf306bcf\" href=\"https:\/\/www.ifbaiano.edu.br\/unidades\/teixeira\/files\/2025\/05\/Regulamento-de-Audiencia-Publica-NED-Tec-Hospedagem.pdf\">Regulamento-de-Audiencia-Publica-NED-Tec-Hospedagem<\/a><a href=\"https:\/\/www.ifbaiano.edu.br\/unidades\/teixeira\/files\/2025\/05\/Regulamento-de-Audiencia-Publica-NED-Tec-Hospedagem.pdf\" class=\"wp-block-file__button wp-element-button\" download aria-describedby=\"wp-block-file--media-722ac0f0-99ff-46a4-8d0f-8b1caf306bcf\">Baixar<\/a><\/div>\n\n\n\n<div class=\"wp-block-file\"><a id=\"wp-block-file--media-78efcfbf-d9a9-4684-a3cd-f7e28d0dbbae\" href=\"https:\/\/www.ifbaiano.edu.br\/unidades\/teixeira\/files\/2025\/05\/Resumo-dados-por-etapas-NED-Hospedagem.pdf\">Resumo-dados-por-etapas-NED-Hospedagem<\/a><a href=\"https:\/\/www.ifbaiano.edu.br\/unidades\/teixeira\/files\/2025\/05\/Resumo-dados-por-etapas-NED-Hospedagem.pdf\" class=\"wp-block-file__button wp-element-button\" download aria-describedby=\"wp-block-file--media-78efcfbf-d9a9-4684-a3cd-f7e28d0dbbae\">Baixar<\/a><\/div>\n\n\n\n<div class=\"wp-block-file\"><object class=\"wp-block-file__embed\" data=\"https:\/\/www.ifbaiano.edu.br\/unidades\/teixeira\/files\/2025\/05\/PROCESSO-ESTUDO-DE-DEMANDA-NED-HOSPEDAGEM.pdf\" type=\"application\/pdf\" style=\"width:100%;height:600px\" aria-label=\"Incorporado de PROCESSO-ESTUDO-DE-DEMANDA-NED-HOSPEDAGEM.\"><\/object><a id=\"wp-block-file--media-34748104-5f40-48f3-875b-c06d5543e660\" href=\"https:\/\/www.ifbaiano.edu.br\/unidades\/teixeira\/files\/2025\/05\/PROCESSO-ESTUDO-DE-DEMANDA-NED-HOSPEDAGEM.pdf\">PROCESSO-ESTUDO-DE-DEMANDA-NED-HOSPEDAGEM<\/a><a href=\"https:\/\/www.ifbaiano.edu.br\/unidades\/teixeira\/files\/2025\/05\/PROCESSO-ESTUDO-DE-DEMANDA-NED-HOSPEDAGEM.pdf\" class=\"wp-block-file__button wp-element-button\" download aria-describedby=\"wp-block-file--media-34748104-5f40-48f3-875b-c06d5543e660\">Baixar<\/a><\/div>\n\n\n\n<div align=\"center\" id=\"documentoshome\"><div id=\"doctitulo\">\n\t\t\t\t\t\n\t\t\t\t<\/div><\/div><\/br>\n<\/div>\n<\/div>\n","protected":false},"excerpt":{"rendered":"<p>ATA DA AUDI\u00caNCIA AUDI\u00caNCIA P\u00daBLICA O Curso T\u00e9cnico Subsequente em Hospedagem est\u00e1 em processo de reestrutura\u00e7\u00e3o do seu Projeto Pedag\u00f3gico, a partir de estudo de demanda realizado. Abaixo, disponibilizamos \u00e0 comunidade os documentos referentes ao processo. Contato: coord.hosp@teixeira.ifbaiano.edu.br (Prof\u00aa Aline Passos Araujo)<\/p>\n","protected":false},"author":31,"featured_media":0,"parent":61,"menu_order":0,"comment_status":"closed","ping_status":"closed","template":"","meta":[],"_links":{"self":[{"href":"https:\/\/www.ifbaiano.edu.br\/unidades\/teixeira\/wp-json\/wp\/v2\/pages\/7247"}],"collection":[{"href":"https:\/\/www.ifbaiano.edu.br\/unidades\/teixeira\/wp-json\/wp\/v2\/pages"}],"about":[{"href":"https:\/\/www.ifbaiano.edu.br\/unidades\/teixeira\/wp-json\/wp\/v2\/types\/page"}],"author":[{"embeddable":true,"href":"https:\/\/www.ifbaiano.edu.br\/unidades\/teixeira\/wp-json\/wp\/v2\/users\/31"}],"replies":[{"embeddable":true,"href":"https:\/\/www.ifbaiano.edu.br\/unidades\/teixeira\/wp-json\/wp\/v2\/comments?post=7247"}],"version-history":[{"count":24,"href":"https:\/\/www.ifbaiano.edu.br\/unidades\/teixeira\/wp-json\/wp\/v2\/pages\/7247\/revisions"}],"predecessor-version":[{"id":15629,"href":"https:\/\/www.ifbaiano.edu.br\/unidades\/teixeira\/wp-json\/wp\/v2\/pages\/7247\/revisions\/15629"}],"up":[{"embeddable":true,"href":"https:\/\/www.ifbaiano.edu.br\/unidades\/teixeira\/wp-json\/wp\/v2\/pages\/61"}],"wp:attachment":[{"href":"https:\/\/www.ifbaiano.edu.br\/unidades\/teixeira\/wp-json\/wp\/v2\/media?parent=7247"}],"curies":[{"name":"wp","href":"https:\/\/api.w.org\/{rel}","templated":true}]}}