{"id":7926,"date":"2020-05-19T21:21:46","date_gmt":"2020-05-20T00:21:46","guid":{"rendered":"https:\/\/www.ifbaiano.edu.br\/unidades\/teixeira\/?page_id=7926"},"modified":"2021-09-30T22:22:26","modified_gmt":"2021-10-01T01:22:26","slug":"informativocampustdf","status":"publish","type":"page","link":"https:\/\/www.ifbaiano.edu.br\/unidades\/teixeira\/informativocampustdf\/","title":{"rendered":"Boletim Informativo do Campus Teixeira de Freitas"},"content":{"rendered":"\n<figure class=\"wp-block-image size-large is-resized\"><img decoding=\"async\" loading=\"lazy\" src=\"https:\/\/www.ifbaiano.edu.br\/unidades\/teixeira\/files\/2020\/06\/Bol-Inf-Cab-Site-1.jpg\" alt=\"\" class=\"wp-image-7953\" width=\"971\" height=\"77\" \/><\/figure>\n\n\n\n<p>A Dire\u00e7\u00e3o Geral, por meio do N\u00facleo de Comunica\u00e7\u00e3o e da Comiss\u00e3o de Apoio ao N\u00facleo de Comunica\u00e7\u00e3o e Eventos, institui o Boletim Informativo do Instituto Federal Baiano &#8211; <em>campus <\/em>Teixeira de Freitas. O documento tem por objetivo informar bimestralmente a comunidade interna e externa sobre as a\u00e7\u00f5es e eventos realizados no \u00e2mbito do <em>campus, <\/em>bem como documentos institucionais relevantes para a comunidade. O material ser\u00e1 divulgado principalmente por meio digital, <a href=\"https:\/\/www.ifbaiano.edu.br\/unidades\/teixeira\/informativocampustdf\/\">no s\u00edtio eletr\u00f4nico<\/a>. Al\u00e9m disso, tamb\u00e9m ser\u00e1 disponibilizado unidades impressas em pequena tiragem, para assegurar o acesso \u00e0s informa\u00e7\u00f5es para todas as comunidades.  <\/p>\n\n\n\n<div id=\"ProreitoriaTopoTitulo\" align=\"center\">\n\t\t\t\t\tBOLETINS 2021\n\t\t\t\t<\/div>\n\n\n\n<p><\/p>\n\n\n\n<div class=\"wp-block-columns is-layout-flex wp-container-7\">\n<div class=\"wp-block-column is-layout-flow\">\n<div class=\"wp-block-image\"><figure class=\"aligncenter size-full is-resized\"><a href=\"https:\/\/www.ifbaiano.edu.br\/unidades\/teixeira\/files\/2021\/09\/Boletim-Informativo-IF-Baiano-campus-Teixeira-de-Freitas-Ano-2-n05-05-e-06-2021-a.pdf\" target=\"_blank\" rel=\"noopener\"><img decoding=\"async\" loading=\"lazy\" src=\"https:\/\/www.ifbaiano.edu.br\/unidades\/teixeira\/files\/2021\/09\/capa-boletim-jul-ago.png\" alt=\"\" class=\"wp-image-10496\" width=\"248\" height=\"353\" \/><\/a><figcaption> Boletim Informativo &#8211; IF Baiano <em>Campus<\/em> Teixeira De Freitas<br><strong><em>Ano 2 &#8211; n\u00ba05 &#8211; Maio\/junho de 2021<\/em><\/strong> <\/figcaption><\/figure><\/div>\n\n\n\n<div class=\"wp-block-buttons is-content-justification-center is-layout-flex\">\n<div class=\"wp-block-button is-style-outline\"><a class=\"wp-block-button__link has-vivid-cyan-blue-color has-white-background-color has-text-color has-background\" href=\"https:\/\/www.ifbaiano.edu.br\/unidades\/teixeira\/files\/2021\/09\/Boletim-Informativo-IF-Baiano-campus-Teixeira-de-Freitas-Ano-2-n05-05-e-06-2021-a.pdf\" target=\"_blank\" rel=\"noreferrer noopener\">Clique aqui para baixar.<\/a><\/div>\n<\/div>\n<\/div>\n\n\n\n<div class=\"wp-block-column is-vertically-aligned-top is-layout-flow\">\n<div class=\"wp-block-image\"><figure class=\"aligncenter size-large is-resized\"><a href=\"https:\/\/issuu.com\/ifbaianoteixeiradefreitas\/docs\/boletim-informativo-if-baiano-campu_679dbe01b0fd94\" target=\"_blank\" rel=\"noopener\"><img decoding=\"async\" loading=\"lazy\" src=\"https:\/\/www.ifbaiano.edu.br\/unidades\/teixeira\/files\/2021\/06\/Card-Pagina-2o-Bimestre.jpeg\" alt=\"\" class=\"wp-image-10046\" width=\"248\" height=\"353\" \/><\/a><figcaption>Boletim Informativo &#8211; IF Baiano <em>Campus<\/em> Teixeira De Freitas<br><strong><em>Ano 2 &#8211; n\u00ba04 &#8211; Mar\u00e7o\/Abril de 2021<\/em><\/strong><\/figcaption><\/figure><\/div>\n\n\n\n<div class=\"wp-block-buttons is-content-justification-center is-layout-flex\">\n<div class=\"wp-block-button is-style-outline\"><a class=\"wp-block-button__link has-vivid-cyan-blue-color has-text-color\" href=\"https:\/\/www.ifbaiano.edu.br\/unidades\/teixeira\/files\/2021\/06\/Boletim-Informativo-IF-Baiano-campus-Teixeira-de-Freitas-Ano-2-no04-03-e-04-2021_compressed.pdf\" target=\"_blank\" rel=\"noreferrer noopener\"><span class=\"has-inline-color has-vivid-cyan-blue-color\">Clique aqui para baixar.<\/span><\/a><\/div>\n<\/div>\n<\/div>\n\n\n\n<div class=\"wp-block-column is-layout-flow\">\n<div class=\"wp-block-image\"><figure class=\"aligncenter size-large is-resized\"><a href=\"https:\/\/issuu.com\/ifbaianoteixeiradefreitas\/docs\/boletim-informativo-if-baiano-campu_9467f48491beba\" target=\"_blank\" rel=\"noopener noreferrer\"><img decoding=\"async\" src=\"https:\/\/www.ifbaiano.edu.br\/unidades\/teixeira\/files\/2021\/03\/Prancheta-1.png\" alt=\"\" class=\"wp-image-9532\" width=\"248\" \/><\/a><figcaption>Boletim Informativo &#8211; IF Baiano <em>Campus<\/em> Teixeira De Freitas<br><strong><em>Ano 2 &#8211; n\u00ba03 &#8211; Janeiro\/Fevereiro de 2021<\/em><\/strong><\/figcaption><\/figure><\/div>\n\n\n\n<div class=\"wp-block-buttons is-content-justification-center is-layout-flex\">\n<div class=\"wp-block-button is-style-outline\"><a class=\"wp-block-button__link has-vivid-cyan-blue-color has-white-background-color has-text-color has-background\" href=\"https:\/\/www.ifbaiano.edu.br\/unidades\/teixeira\/files\/2021\/03\/Boletim-Informativo-IF-Baiano-campus-Teixeira-de-Freitas-Ano-2-no01-01-e-02-2021.pdf\" target=\"_blank\" rel=\"noreferrer noopener\">Clique aqui para baixar.<\/a><\/div>\n<\/div>\n<\/div>\n<\/div>\n\n\n\n<div id=\"ProreitoriaTopoTitulo\" align=\"center\">\n\t\t\t\t\tBOLETINS 2020\n\t\t\t\t<\/div>\n\n\n\n<div class=\"wp-block-columns is-layout-flex wp-container-12\">\n<div class=\"wp-block-column is-layout-flow\">\n<div class=\"wp-block-image is-style-default\"><figure class=\"aligncenter size-large is-resized\"><a href=\"https:\/\/issuu.com\/ifbaianoteixeiradefreitas\/docs\/boletim_informativo_-_if_baiano_campus_teixeira_de\" target=\"_blank\" rel=\"noreferrer noopener\"><img decoding=\"async\" loading=\"lazy\" src=\"https:\/\/www.ifbaiano.edu.br\/unidades\/teixeira\/files\/2020\/08\/Boletim-Informativo-01.jpg\" alt=\"\" class=\"wp-image-8155\" width=\"248\" height=\"349\" \/><\/a><figcaption>Boletim Informativo &#8211; IF Baiano Campus Teixeira De Freitas<br><strong><em>Ano 1 &#8211; n\u00ba01 &#8211; junho\/julho de 2020<\/em><\/strong><\/figcaption><\/figure><\/div>\n\n\n\n<div class=\"wp-block-buttons is-content-justification-center is-layout-flex\">\n<div class=\"wp-block-button is-style-outline\"><a class=\"wp-block-button__link has-vivid-green-cyan-color has-text-color\" href=\"https:\/\/www.ifbaiano.edu.br\/unidades\/teixeira\/files\/2020\/08\/Boletim-Informativo-IF-Baiano-campus-Teixeira-de-Freitas-Ano-1-n\u00ba01-06-e-07-2020.pdf\" target=\"_blank\" rel=\"noreferrer noopener\">Clique aqui para baixar<\/a><\/div>\n<\/div>\n<\/div>\n\n\n\n<div class=\"wp-block-column is-layout-flow\">\n<figure class=\"wp-block-image size-large is-resized\"><a href=\"https:\/\/issuu.com\/ifbaianoteixeiradefreitas\/docs\/boletim-informativo-if-baiano-campus-teixeira-de-f\" target=\"_blank\" rel=\"noopener noreferrer\"><img decoding=\"async\" loading=\"lazy\" src=\"https:\/\/www.ifbaiano.edu.br\/unidades\/teixeira\/files\/2020\/12\/Capa-do-Boletim-Site.jpg\" alt=\"\" class=\"wp-image-9284\" width=\"248\" height=\"349\" \/><\/a><figcaption>Boletim Informativo &#8211; IF Baiano Campus Teixeira de Freitas<br><em><strong>Ano 1 &#8211; n\u00ba02 &#8211; agosto\/dezembro de 2020<\/strong><\/em><\/figcaption><\/figure>\n\n\n\n<div class=\"wp-block-buttons is-layout-flex\">\n<div class=\"wp-block-button is-style-outline\"><a class=\"wp-block-button__link has-vivid-green-cyan-color has-text-color\" href=\"https:\/\/www.ifbaiano.edu.br\/unidades\/teixeira\/files\/2020\/12\/Boletim-Informativo-IF-Baiano-campus-Teixeira-de-Freitas-Ano-1-no02-08-a-12-2020.pdf\" target=\"_blank\" rel=\"noreferrer noopener\">Clique aqui para baixar<\/a><\/div>\n<\/div>\n<\/div>\n<\/div>\n\n\n\n<p><\/p>\n\n\n\n<div id=\"ProreitoriaTopoTitulo\" align=\"center\">\n\t\t\t\t\tPASSO A PASSO PARA ENCAMINHAR INFORMA\u00c7\u00d5ES PARA O BOLETIM INFORMATIVO\n\t\t\t\t<\/div>\n\n\n\n<p><\/p>\n\n\n\n<div class=\"wp-block-file aligncenter\"><a href=\"https:\/\/www.ifbaiano.edu.br\/unidades\/teixeira\/files\/2020\/06\/PASSO-A-PASSO-PARA-ENCAMINHAR-INFORMA\u00c7\u00d5ES-PARA-O-BOLETIM-INFORMATIVO.pdf\">ACESSE O PASSO A PASSO<\/a><a href=\"https:\/\/www.ifbaiano.edu.br\/unidades\/teixeira\/files\/2020\/06\/PASSO-A-PASSO-PARA-ENCAMINHAR-INFORMA\u00c7\u00d5ES-PARA-O-BOLETIM-INFORMATIVO.pdf\" class=\"wp-block-file__button\" download>Baixar<\/a><\/div>\n\n\n\n<div id=\"ProreitoriaTopoTitulo\" align=\"center\">\n\t\t\t\t\tFLUXO DE INFORMA\u00c7\u00d5ES PARA BOLETIM INFORMATIVO E METODOLOGIA DE TRABALHO\n\t\t\t\t<\/div>\n\n\n\n<p><\/p>\n\n\n\n<div class=\"wp-block-file aligncenter\"><a href=\"https:\/\/www.ifbaiano.edu.br\/unidades\/teixeira\/files\/2020\/06\/FLUXO-DE-INFORMA\u00c7\u00d5ES-E-METODOLOGIA-DE-TRABALHO-DO-BOLETIM-INFORMATIVO.pdf\">ACESSE O FLUXO DE INFORMA\u00c7\u00d5ES E METODOLOGIA<\/a><a href=\"https:\/\/www.ifbaiano.edu.br\/unidades\/teixeira\/files\/2020\/06\/FLUXO-DE-INFORMA\u00c7\u00d5ES-E-METODOLOGIA-DE-TRABALHO-DO-BOLETIM-INFORMATIVO.pdf\" class=\"wp-block-file__button\" download>Baixar<\/a><\/div>\n\n\n\n<div id=\"ProreitoriaTopoTitulo\" align=\"center\">\n\t\t\t\t\tTERMO DE AUTORIZA\u00c7\u00c3O DE USO DE IMAGEM E VOZ\n\t\t\t\t<\/div>\n\n\n\n<p><\/p>\n\n\n\n<div class=\"wp-block-file aligncenter\"><a href=\"https:\/\/www.ifbaiano.edu.br\/unidades\/teixeira\/files\/2020\/06\/TERMO-DE-USO-DE-IMAGEM-E-VOZ-DO-BOLETIM-INFORMATIVO.pdf\">ACESSE O TERMO<\/a><a href=\"https:\/\/www.ifbaiano.edu.br\/unidades\/teixeira\/files\/2020\/06\/TERMO-DE-USO-DE-IMAGEM-E-VOZ-DO-BOLETIM-INFORMATIVO.pdf\" class=\"wp-block-file__button\" download>Baixar<\/a><\/div>\n\n\n\n\n\n<!--nextpage-->\n\n\n\n<div class=\"wp-block-file aligncenter\"><a href=\"https:\/\/www.ifbaiano.edu.br\/unidades\/teixeira\/files\/2021\/09\/Boletim-Informativo-IF-Baiano-campus-Teixeira-de-Freitas-Ano-2-n05-05-e-06-2021-a.pdf\">Boletim-Informativo-IF-Baiano-campus-Teixeira-de-Freitas-Ano-2-n05-05-e-06-2021-a<\/a><a href=\"https:\/\/www.ifbaiano.edu.br\/unidades\/teixeira\/files\/2021\/09\/Boletim-Informativo-IF-Baiano-campus-Teixeira-de-Freitas-Ano-2-n05-05-e-06-2021-a.pdf\" class=\"wp-block-file__button\" download>Baixar<\/a><\/div>\n","protected":false},"excerpt":{"rendered":"<p>A Dire\u00e7\u00e3o Geral, por meio do N\u00facleo de Comunica\u00e7\u00e3o e da Comiss\u00e3o de Apoio ao N\u00facleo de Comunica\u00e7\u00e3o e Eventos, institui o Boletim Informativo do Instituto Federal Baiano &#8211; campus Teixeira de Freitas. O documento tem por objetivo informar bimestralmente a comunidade interna e externa sobre as a\u00e7\u00f5es e eventos realizados no \u00e2mbito do campus, [&hellip;]<\/p>\n","protected":false},"author":31,"featured_media":8160,"parent":0,"menu_order":0,"comment_status":"closed","ping_status":"closed","template":"","meta":[],"_links":{"self":[{"href":"https:\/\/www.ifbaiano.edu.br\/unidades\/teixeira\/wp-json\/wp\/v2\/pages\/7926"}],"collection":[{"href":"https:\/\/www.ifbaiano.edu.br\/unidades\/teixeira\/wp-json\/wp\/v2\/pages"}],"about":[{"href":"https:\/\/www.ifbaiano.edu.br\/unidades\/teixeira\/wp-json\/wp\/v2\/types\/page"}],"author":[{"embeddable":true,"href":"https:\/\/www.ifbaiano.edu.br\/unidades\/teixeira\/wp-json\/wp\/v2\/users\/31"}],"replies":[{"embeddable":true,"href":"https:\/\/www.ifbaiano.edu.br\/unidades\/teixeira\/wp-json\/wp\/v2\/comments?post=7926"}],"version-history":[{"count":30,"href":"https:\/\/www.ifbaiano.edu.br\/unidades\/teixeira\/wp-json\/wp\/v2\/pages\/7926\/revisions"}],"predecessor-version":[{"id":10505,"href":"https:\/\/www.ifbaiano.edu.br\/unidades\/teixeira\/wp-json\/wp\/v2\/pages\/7926\/revisions\/10505"}],"wp:featuredmedia":[{"embeddable":true,"href":"https:\/\/www.ifbaiano.edu.br\/unidades\/teixeira\/wp-json\/wp\/v2\/media\/8160"}],"wp:attachment":[{"href":"https:\/\/www.ifbaiano.edu.br\/unidades\/teixeira\/wp-json\/wp\/v2\/media?parent=7926"}],"curies":[{"name":"wp","href":"https:\/\/api.w.org\/{rel}","templated":true}]}}