{"id":8137,"date":"2020-08-08T21:20:18","date_gmt":"2020-08-09T00:20:18","guid":{"rendered":"https:\/\/www.ifbaiano.edu.br\/unidades\/teixeira\/?page_id=8137"},"modified":"2021-07-21T14:33:03","modified_gmt":"2021-07-21T17:33:03","slug":"kit-de-alimentos-do-pnae-2020","status":"publish","type":"page","link":"https:\/\/www.ifbaiano.edu.br\/unidades\/teixeira\/aluno\/assistenciaestudantil\/kit-de-alimentos-do-pnae-2020\/","title":{"rendered":"Kit de alimentos do Programa Nacional de Alimenta\u00e7\u00e3o Escolar \u2013 PNAE 2020"},"content":{"rendered":"\n<figure class=\"wp-block-image size-large\"><img decoding=\"async\" loading=\"lazy\" width=\"1240\" height=\"247\" src=\"https:\/\/www.ifbaiano.edu.br\/unidades\/teixeira\/files\/2018\/09\/pnae-banner-g.jpg\" alt=\"\" class=\"wp-image-6126\" \/><\/figure>\n\n\n\n<div align=\"center\" id=\"documentoshome\"><div id=\"doctitulo\">\n\t\t\t\t\tSOBRE\n\t\t\t\t<\/div><\/div>\n\n\n\n<p>Em atendimento \u00e0 Instru\u00e7\u00e3o Normativa 25\/2020 \u2013 RET-GAB\/RET\/IFBAIANO, DE 23 de abril de 2020, o Campus Teixeira de Freitas divulga a lista dos estudantes que ser\u00e3o beneficiados com os kits de alimentos do PNAE \u2013 Programa Nacional de Alimenta\u00e7\u00e3o Escolar devido \u00e0 suspens\u00e3o das aulas em decorr\u00eancia da pandemia de COVID-19. O crit\u00e9rio utilizado nessa sele\u00e7\u00e3o foi dos estudantes em situa\u00e7\u00e3o de maior vulnerabilidade que participaram da sele\u00e7\u00e3o do PAISE 2019 e os cadastrados no Bolsa Fam\u00edlia 2020.  <\/p>\n\n\n\n<div align=\"center\" id=\"ProreitoriaTopoTitulo\">\n\t\t\t\t\tENTREGAS DO ANO 2021 &#8211; CHAMADA 2020\n\t\t\t\t<\/div>\n\n\n\n<div class=\"wp-block-columns is-layout-flex wp-container-3\">\n<div class=\"wp-block-column is-layout-flow\" style=\"flex-basis:20%\">\n<figure class=\"wp-block-image size-large\"><img decoding=\"async\" loading=\"lazy\" width=\"1280\" height=\"832\" src=\"https:\/\/www.ifbaiano.edu.br\/unidades\/teixeira\/files\/2020\/05\/card-site-2.jpg\" alt=\"\" class=\"wp-image-7907\" \/><\/figure>\n<\/div>\n\n\n\n<div class=\"wp-block-column is-layout-flow\" style=\"flex-basis:80%\">\n<p><strong><strong>Primeira entrega de Kits de alimentos do Programa Nacional de Alimenta\u00e7\u00e3o Escolar \u2013 PNAE<\/strong> 2021 &#8211; Chamada 2020 |\u00a0<a href=\"https:\/\/www.ifbaiano.edu.br\/unidades\/teixeira\/primeira-entrega-de-kits-de-alimentos-do-programa-nacional-de-alimentacao-escolar-pnae-2021\/\">(Clique aqui e saiba mais)<\/a> &#8211; <\/strong><em>Data de publica\u00e7\u00e3o: 15\/07\/202<\/em>1<\/p>\n<\/div>\n<\/div>\n\n\n\n<div align=\"center\" id=\"documentoshome\"><div id=\"doctitulo\">\n\t\t\t\t\tENTREGAS DO ANO 2020 &#8211; CHAMADA 2020\n\t\t\t\t<\/div><\/div>\n\n\n\n<div class=\"wp-block-columns are-vertically-aligned-center is-layout-flex wp-container-16\">\n<div class=\"wp-block-column is-vertically-aligned-center is-layout-flow\">\n<div class=\"wp-block-columns is-layout-flex wp-container-5\">\n<div class=\"wp-block-column is-vertically-aligned-center is-layout-flow\" style=\"flex-basis:80%\">\n<figure class=\"wp-block-image size-large\"><img decoding=\"async\" loading=\"lazy\" width=\"1280\" height=\"832\" src=\"https:\/\/www.ifbaiano.edu.br\/unidades\/teixeira\/files\/2020\/05\/card-site-2.jpg\" alt=\"\" class=\"wp-image-7907\" \/><\/figure>\n\n\n\n<p><strong>Primeira entrega de Kits de alimentos do Programa Nacional de Alimenta\u00e7\u00e3o Escolar \u2013 PNAE<\/strong>  &nbsp;<a rel=\"noreferrer noopener\" href=\"https:\/\/www.ifbaiano.edu.br\/unidades\/teixeira\/kit-de-alimentos-do-pnae\/\" target=\"_blank\">(Clique aqui e saiba mais)<\/a>  &#8211; <em>Data de publica\u00e7\u00e3o: 11\/05\/2020<\/em><\/p>\n<\/div>\n<\/div>\n<\/div>\n\n\n\n<div class=\"wp-block-column is-vertically-aligned-center is-layout-flow\">\n<div class=\"wp-block-columns is-layout-flex wp-container-8\">\n<div class=\"wp-block-column is-vertically-aligned-center is-layout-flow\" style=\"flex-basis:80%\">\n<figure class=\"wp-block-image size-large\"><img decoding=\"async\" loading=\"lazy\" width=\"1280\" height=\"832\" src=\"https:\/\/www.ifbaiano.edu.br\/unidades\/teixeira\/files\/2020\/05\/card-site-2.jpg\" alt=\"\" class=\"wp-image-7907\" \/><\/figure>\n\n\n\n<p><strong>Segunda entrega de Kits de alimentos do Programa Nacional de Alimenta\u00e7\u00e3o Escolar \u2013 PNAE<\/strong>  &nbsp;<a rel=\"noreferrer noopener\" aria-label=\" (abre numa nova aba)\" href=\"https:\/\/www.ifbaiano.edu.br\/unidades\/teixeira\/segunda-entrega-do-kit-de-alimentos-do-programa-nacional-de-alimentacao-escolar-pnae\/\" target=\"_blank\">(Clique aqui e saiba mais)<\/a>   &#8211; <em>Data de publica\u00e7\u00e3o: 08\/08\/2020<\/em><\/p>\n<\/div>\n<\/div>\n<\/div>\n\n\n\n<div class=\"wp-block-column is-vertically-aligned-center is-layout-flow\">\n<div class=\"wp-block-columns is-layout-flex wp-container-11\">\n<div class=\"wp-block-column is-vertically-aligned-center is-layout-flow\" style=\"flex-basis:80%\">\n<figure class=\"wp-block-image size-large\"><img decoding=\"async\" loading=\"lazy\" width=\"1280\" height=\"832\" src=\"https:\/\/www.ifbaiano.edu.br\/unidades\/teixeira\/files\/2020\/05\/card-site-2.jpg\" alt=\"\" class=\"wp-image-7907\" \/><\/figure>\n\n\n\n<p><strong>Manifesta\u00e7\u00e3o de Interesse da 3\u00aa entrega dos kits do PNAE &#8211; Para os alunos j\u00e1 selecionados<\/strong>.&nbsp;<a href=\"https:\/\/www.ifbaiano.edu.br\/unidades\/teixeira\/manifestacao-de-interesse-da-3a-entrega-dos-kits-do-pnae-para-os-alunos-ja-selecionados\/\" target=\"_blank\" rel=\"noreferrer noopener\" aria-label=\" (abre numa nova aba)\">(Clique aqui e saiba mais)<\/a>   &#8211; <em>Data de publica\u00e7\u00e3o: 19\/09\/2020<\/em><\/p>\n<\/div>\n<\/div>\n<\/div>\n\n\n\n<div class=\"wp-block-column is-vertically-aligned-center is-layout-flow\">\n<div class=\"wp-block-columns is-layout-flex wp-container-14\">\n<div class=\"wp-block-column is-vertically-aligned-center is-layout-flow\" style=\"flex-basis:80%\">\n<figure class=\"wp-block-image size-large\"><img decoding=\"async\" loading=\"lazy\" width=\"1280\" height=\"832\" src=\"https:\/\/www.ifbaiano.edu.br\/unidades\/teixeira\/files\/2020\/05\/card-site-2.jpg\" alt=\"\" class=\"wp-image-7907\" \/><\/figure>\n\n\n\n<p><strong><strong>Terceira Entrega do Kit de alimentos do Programa Nacional de Alimenta\u00e7\u00e3o Escolar \u2013 PNAE<\/strong><\/strong>.&nbsp;<a href=\"https:\/\/www.ifbaiano.edu.br\/unidades\/teixeira\/terceira-entrega-do-kit-de-alimentos-do-programa-nacional-de-alimentacao-escolar-pnae\/\" target=\"_blank\" rel=\"noreferrer noopener\">(Clique aqui e saiba mais)<\/a>   &#8211; <em>Data de publica\u00e7\u00e3o: 11\/12\/2020<\/em><\/p>\n<\/div>\n<\/div>\n<\/div>\n<\/div>\n","protected":false},"excerpt":{"rendered":"<p>SOBRE Em atendimento \u00e0 Instru\u00e7\u00e3o Normativa 25\/2020 \u2013 RET-GAB\/RET\/IFBAIANO, DE 23 de abril de 2020, o Campus Teixeira de Freitas divulga a lista dos estudantes que ser\u00e3o beneficiados com os kits de alimentos do PNAE \u2013 Programa Nacional de Alimenta\u00e7\u00e3o Escolar devido \u00e0 suspens\u00e3o das aulas em decorr\u00eancia da pandemia de COVID-19. O crit\u00e9rio utilizado [&hellip;]<\/p>\n","protected":false},"author":31,"featured_media":0,"parent":7909,"menu_order":0,"comment_status":"closed","ping_status":"closed","template":"","meta":[],"_links":{"self":[{"href":"https:\/\/www.ifbaiano.edu.br\/unidades\/teixeira\/wp-json\/wp\/v2\/pages\/8137"}],"collection":[{"href":"https:\/\/www.ifbaiano.edu.br\/unidades\/teixeira\/wp-json\/wp\/v2\/pages"}],"about":[{"href":"https:\/\/www.ifbaiano.edu.br\/unidades\/teixeira\/wp-json\/wp\/v2\/types\/page"}],"author":[{"embeddable":true,"href":"https:\/\/www.ifbaiano.edu.br\/unidades\/teixeira\/wp-json\/wp\/v2\/users\/31"}],"replies":[{"embeddable":true,"href":"https:\/\/www.ifbaiano.edu.br\/unidades\/teixeira\/wp-json\/wp\/v2\/comments?post=8137"}],"version-history":[{"count":11,"href":"https:\/\/www.ifbaiano.edu.br\/unidades\/teixeira\/wp-json\/wp\/v2\/pages\/8137\/revisions"}],"predecessor-version":[{"id":10218,"href":"https:\/\/www.ifbaiano.edu.br\/unidades\/teixeira\/wp-json\/wp\/v2\/pages\/8137\/revisions\/10218"}],"up":[{"embeddable":true,"href":"https:\/\/www.ifbaiano.edu.br\/unidades\/teixeira\/wp-json\/wp\/v2\/pages\/7909"}],"wp:attachment":[{"href":"https:\/\/www.ifbaiano.edu.br\/unidades\/teixeira\/wp-json\/wp\/v2\/media?parent=8137"}],"curies":[{"name":"wp","href":"https:\/\/api.w.org\/{rel}","templated":true}]}}