{"id":8577,"date":"2020-10-10T16:09:51","date_gmt":"2020-10-10T19:09:51","guid":{"rendered":"https:\/\/www.ifbaiano.edu.br\/unidades\/teixeira\/?page_id=8577"},"modified":"2021-01-21T20:59:22","modified_gmt":"2021-01-21T23:59:22","slug":"projetos-de-ensino","status":"publish","type":"page","link":"https:\/\/www.ifbaiano.edu.br\/unidades\/teixeira\/diretoria-academica\/projetos-de-ensino\/","title":{"rendered":"Projetos de Ensino"},"content":{"rendered":"\n<figure class=\"wp-block-image size-large\"><img decoding=\"async\" loading=\"lazy\" width=\"971\" height=\"76\" src=\"https:\/\/www.ifbaiano.edu.br\/unidades\/teixeira\/files\/2020\/10\/Cabe\u00e7alho-Projetos-de-Ensino.jpg\" alt=\"\" class=\"wp-image-8578\" \/><\/figure>\n\n\n\n<p>Os Projetos de Ensino s\u00e3o atividades tempor\u00e1rias de desenvolvimento educacional que visam \u00e0 reflex\u00e3o e \u00e0 melhoria dos processos de ensino e de aprendizagem nos cursos\/\u00e1reas. Caracterizam-se pelo desenvolvimento de atividades complementares e de aprofundamento ao curr\u00edculo dos cursos, sob responsabilidade e orienta\u00e7\u00e3o de docente ou t\u00e9cnico-administrativo e destinam-se \u00e0 comunidade discente do IF Baiano <em>Campus<\/em> Teixeira de Freitas.<\/p>\n\n\n\n<p><\/p>\n\n\n\n<div id=\"ProreitoriaTopoTitulo\">\n\t\t\t\t\tProjetos | Ano 2020\n\t\t\t\t<\/div>\n\n\n\n<p><\/p>\n\n\n\n<div class=\"wp-block-columns is-layout-flex wp-container-3\">\n<div class=\"wp-block-column is-layout-flow\" style=\"flex-basis:30%\">\n<figure class=\"wp-block-image size-large\"><img decoding=\"async\" loading=\"lazy\" width=\"1000\" height=\"765\" src=\"https:\/\/www.ifbaiano.edu.br\/unidades\/teixeira\/files\/2020\/05\/Atividades-Remotas-desta-site.jpg\" alt=\"\" class=\"wp-image-7906\" \/><\/figure>\n<\/div>\n\n\n\n<div class=\"wp-block-column is-layout-flow\" style=\"flex-basis:70%\">\n<p><strong>Projeto de Atividades Acad\u00eamicas Remotas<\/strong><\/p>\n\n\n\n<p> O presente documento visa sugerir, orientar e acompanhar as atividades educacionais remotas dos servidores do IF Baiano \u2013 Campus Teixeira de Freitas durante o per\u00edodo de isolamento social necess\u00e1rio devido \u00e0 pandemia causada pelo COVID-19. Dessa forma, visa atender a comunidade, mantendo o contato com os estudantes sem prejudicar aqueles que, por conta das suas caracter\u00edsticas de localiza\u00e7\u00e3o, condi\u00e7\u00e3o econ\u00f4mica e outros, n\u00e3o conseguem ter acesso \u00e0 internet. <\/p>\n\n\n\n<div class=\"wp-block-button aligncenter is-style-fill\"><a class=\"wp-block-button__link has-vivid-cyan-blue-color has-very-light-gray-background-color has-text-color has-background\" href=\"https:\/\/www.ifbaiano.edu.br\/unidades\/teixeira\/atividades-academica-remotas\/\">Saiba mais<\/a><\/div>\n<\/div>\n<\/div>\n\n\n\n<div class=\"wp-block-columns is-layout-flex wp-container-6\">\n<div class=\"wp-block-column is-layout-flow\" style=\"flex-basis:30%\">\n<figure class=\"wp-block-image size-large\"><img decoding=\"async\" loading=\"lazy\" width=\"720\" height=\"720\" src=\"https:\/\/www.ifbaiano.edu.br\/unidades\/teixeira\/files\/2020\/06\/91188770_806633746524755_8015993362035592251_n.png\" alt=\"\" class=\"wp-image-7993\" \/><\/figure>\n<\/div>\n\n\n\n<div class=\"wp-block-column is-layout-flow\" style=\"flex-basis:70%\">\n<p><strong>Projeto Desafio Recode<\/strong><\/p>\n\n\n\n<p>A Recode \u00e9 uma organiza\u00e7\u00e3o social que promove o empoderamento digital. Por meio da cria\u00e7\u00e3o e dissemina\u00e7\u00e3o de metodologias de forma\u00e7\u00e3o empreendedora e do uso de ferramentas digitais, busca ampliar o impacto de facilitadores em comunidades, escolas e bibliotecas e estimular o uso \u00e9tico, consciente e cidad\u00e3o da tecnologia. Assim, empodera indiv\u00edduos para reprogramar realidades. Com 24 anos de atua\u00e7\u00e3o, a Recode est\u00e1 presente em 7 pa\u00edses com 689 centros de empoderamento digital e j\u00e1 alcan\u00e7ou mais de 1,7 milh\u00e3o de pessoas.<\/p>\n\n\n\n<p>Os estudantes do Campus Teixeira de Freitas formaram suas equipes e participaram do desafio, em parceria com a Biblioteca Setorial do IF Baiano \u2013 Campus de Teixeira de Freitas.<\/p>\n\n\n\n<div class=\"wp-block-button aligncenter is-style-fill\"><a class=\"wp-block-button__link has-vivid-purple-color has-very-light-gray-background-color has-text-color has-background\" href=\"https:\/\/www.ifbaiano.edu.br\/unidades\/teixeira\/projetos-do-desafio-recoders\/\">Saiba mais<\/a><\/div>\n<\/div>\n<\/div>\n","protected":false},"excerpt":{"rendered":"<p>Os Projetos de Ensino s\u00e3o atividades tempor\u00e1rias de desenvolvimento educacional que visam \u00e0 reflex\u00e3o e \u00e0 melhoria dos processos de ensino e de aprendizagem nos cursos\/\u00e1reas. Caracterizam-se pelo desenvolvimento de atividades complementares e de aprofundamento ao curr\u00edculo dos cursos, sob responsabilidade e orienta\u00e7\u00e3o de docente ou t\u00e9cnico-administrativo e destinam-se \u00e0 comunidade discente do IF Baiano [&hellip;]<\/p>\n","protected":false},"author":31,"featured_media":0,"parent":1346,"menu_order":0,"comment_status":"closed","ping_status":"closed","template":"","meta":[],"_links":{"self":[{"href":"https:\/\/www.ifbaiano.edu.br\/unidades\/teixeira\/wp-json\/wp\/v2\/pages\/8577"}],"collection":[{"href":"https:\/\/www.ifbaiano.edu.br\/unidades\/teixeira\/wp-json\/wp\/v2\/pages"}],"about":[{"href":"https:\/\/www.ifbaiano.edu.br\/unidades\/teixeira\/wp-json\/wp\/v2\/types\/page"}],"author":[{"embeddable":true,"href":"https:\/\/www.ifbaiano.edu.br\/unidades\/teixeira\/wp-json\/wp\/v2\/users\/31"}],"replies":[{"embeddable":true,"href":"https:\/\/www.ifbaiano.edu.br\/unidades\/teixeira\/wp-json\/wp\/v2\/comments?post=8577"}],"version-history":[{"count":23,"href":"https:\/\/www.ifbaiano.edu.br\/unidades\/teixeira\/wp-json\/wp\/v2\/pages\/8577\/revisions"}],"predecessor-version":[{"id":9354,"href":"https:\/\/www.ifbaiano.edu.br\/unidades\/teixeira\/wp-json\/wp\/v2\/pages\/8577\/revisions\/9354"}],"up":[{"embeddable":true,"href":"https:\/\/www.ifbaiano.edu.br\/unidades\/teixeira\/wp-json\/wp\/v2\/pages\/1346"}],"wp:attachment":[{"href":"https:\/\/www.ifbaiano.edu.br\/unidades\/teixeira\/wp-json\/wp\/v2\/media?parent=8577"}],"curies":[{"name":"wp","href":"https:\/\/api.w.org\/{rel}","templated":true}]}}