{"id":8786,"date":"2022-05-30T13:00:00","date_gmt":"2022-05-30T16:00:00","guid":{"rendered":"https:\/\/www.ifbaiano.edu.br\/unidades\/teixeira\/?page_id=8786"},"modified":"2025-09-29T08:47:01","modified_gmt":"2025-09-29T11:47:01","slug":"agenda-da-diretora","status":"publish","type":"page","link":"https:\/\/www.ifbaiano.edu.br\/unidades\/teixeira\/agenda-da-diretora\/","title":{"rendered":"Agenda da Dire\u00e7\u00e3o Geral"},"content":{"rendered":"\n<p><strong>Gest\u00e3o 2025-2026<\/strong><\/p>\n\n\n\n<p><em>Visualize a Agenda da Dire\u00e7\u00e3o do Campus Teixeira de Freitas abaixo ou acesse <a rel=\"noreferrer noopener\" href=\"https:\/\/calendar.google.com\/calendar\/embed?src=ifbaianogabinetetdf%40gmail.com&amp;ctz=America%2FBahia\" target=\"_blank\">este link<\/a>.<\/em><\/p>\n\n\n\n<iframe loading=\"lazy\" src=\"https:\/\/calendar.google.com\/calendar\/embed?height=600&#038;wkst=1&#038;ctz=America%2FBahia&#038;showPrint=0&#038;src=aWZiYWlhbm9nYWJpbmV0ZXRkZkBnbWFpbC5jb20&#038;color=%23b39ddb\" style=\"border:solid 1px #777\" width=\"800\" height=\"600\" frameborder=\"0\" scrolling=\"no\"><\/iframe>\n\n\n\n<!--nextpage-->\n\n\n\n<p>Consulte as&nbsp;<a rel=\"noreferrer noopener\" href=\"https:\/\/ifbaiano.edu.br\/portal\/wp-content\/uploads\/2020\/10\/orientacoes-agenda-de-compromissos-publicos-if-baiano.pdf\" target=\"_blank\">orienta\u00e7\u00f5es sobre a Agenda de Compromissos P\u00fablicos<\/a>.<\/p>\n\n\n\n<p>Setembro<\/p>\n\n\n\n<p><a href=\"https:\/\/www.ifbaiano.edu.br\/unidades\/teixeira\/files\/2024\/11\/23-a-27-de-Setembro.jpg\">Agenda da Dire\u00e7\u00e3o Geral de 23 a 27 de Setembro<\/a><\/p>\n\n\n\n<p><a href=\"https:\/\/www.ifbaiano.edu.br\/unidades\/teixeira\/files\/2024\/11\/16-a-20-de-Setembro.jpg\">Agenda da Dire\u00e7\u00e3o Geral de 16 a 20 de Setembro<\/a><\/p>\n\n\n\n<p><a href=\"https:\/\/www.ifbaiano.edu.br\/unidades\/teixeira\/files\/2024\/11\/09-a-13-de-Setembro.jpg\">Agenda da Dire\u00e7\u00e3o Geral de 09 a 13 de Setembro<\/a><\/p>\n\n\n\n<p><a href=\"https:\/\/www.ifbaiano.edu.br\/unidades\/teixeira\/files\/2024\/11\/02-a-06-de-Setembro.jpg\">Agenda Dire\u00e7\u00e3o Geral de 02 a 06 de Setembro<\/a><\/p>\n\n\n\n<p>Agosto<\/p>\n\n\n\n<p><a href=\"https:\/\/www.ifbaiano.edu.br\/unidades\/teixeira\/files\/2024\/11\/26-a-30-de-Agosto.jpg\">Agenda da Dire\u00e7\u00e3o Geral de 26 a 30 de Agosto<\/a><\/p>\n\n\n\n<p><a href=\"https:\/\/www.ifbaiano.edu.br\/unidades\/teixeira\/files\/2024\/11\/19-a-23-de-Agosto.jpg\">Agenda da Dire\u00e7\u00e3o Geral de 19 a 23 de Agosto<\/a><\/p>\n\n\n\n<p><a href=\"https:\/\/www.ifbaiano.edu.br\/unidades\/teixeira\/files\/2024\/11\/12-a-16-de-Agosto.jpg\">Agenda da Dire\u00e7\u00e3o Geral de 12 a 16 de Agosto<\/a><\/p>\n\n\n\n<p><a href=\"https:\/\/www.ifbaiano.edu.br\/unidades\/teixeira\/files\/2024\/08\/05-a-09-de-Agosto.png\">Agenda da Dire\u00e7\u00e3o Geral de 05 a 09 de Agosto<\/a> <\/p>\n\n\n\n<p>Julho<\/p>\n\n\n\n<p><a href=\"https:\/\/www.ifbaiano.edu.br\/unidades\/teixeira\/files\/2024\/08\/29-de-julho-a-02-de-Agosto.png\">Agenda da Dire\u00e7\u00e3o Geral de 29 de Julho a 02 de Agosto<\/a><\/p>\n\n\n\n<p><a href=\"https:\/\/www.ifbaiano.edu.br\/unidades\/teixeira\/files\/2024\/08\/22-a-26-de-Julho.png\">Agenda da Dire\u00e7\u00e3o Geral de 22 a 26 de Julho<\/a><\/p>\n\n\n\n<p><a href=\"https:\/\/www.ifbaiano.edu.br\/unidades\/teixeira\/files\/2024\/08\/15-a-19-de-Julho.png\">Agenda da Dire\u00e7\u00e3o Geral de 15 a 19 de Julho<\/a><\/p>\n\n\n\n<p><a href=\"https:\/\/www.ifbaiano.edu.br\/unidades\/teixeira\/files\/2024\/07\/08-a-12-de-Julho.png\">Agenda da Dire\u00e7\u00e3o Geral de 08 a 12 de Julho<\/a><\/p>\n\n\n\n<p><a href=\"https:\/\/www.ifbaiano.edu.br\/unidades\/teixeira\/files\/2024\/07\/01-a-05-de-Julho.png\">Agenda da Dire\u00e7\u00e3o Geral de 01 a 05 de Julho<\/a><\/p>\n\n\n\n<p>Junho<\/p>\n\n\n\n<p><a href=\"https:\/\/www.ifbaiano.edu.br\/unidades\/teixeira\/files\/2024\/07\/24-a-28-de-Junho.png\">Agenda da Dire\u00e7\u00e3o Geral de 24 a 28 de Junho<\/a><\/p>\n\n\n\n<p><a href=\"https:\/\/www.ifbaiano.edu.br\/unidades\/teixeira\/files\/2024\/07\/17-a-21-de-Junho.png\">Agenda da Dire\u00e7\u00e3o Geral de 17 a 21 de Junho<\/a><\/p>\n\n\n\n<p><a href=\"https:\/\/www.ifbaiano.edu.br\/unidades\/teixeira\/files\/2024\/07\/10-a-14-de-junho.png\">Agenda da Dire\u00e7\u00e3o Geral de 10 a 14 de Junho<\/a><\/p>\n\n\n\n<p><a href=\"https:\/\/www.ifbaiano.edu.br\/unidades\/teixeira\/files\/2024\/07\/03-a-07-de-Junho.png\">Agenda da Dire\u00e7\u00e3o Geral de 03 a 07 de Junho<\/a><\/p>\n\n\n\n<p>Maio<\/p>\n\n\n\n<p><a href=\"https:\/\/www.ifbaiano.edu.br\/unidades\/teixeira\/files\/2024\/07\/27-a-31-de-Maio.png\">Agenda da Dire\u00e7\u00e3o Geral de 27 a 31 de Maio<\/a><\/p>\n\n\n\n<p><a href=\"https:\/\/www.ifbaiano.edu.br\/unidades\/teixeira\/files\/2024\/07\/20-a-24-de-Maio.png\">Agenda da Dire\u00e7\u00e3o Geral de 20 a 24 de Maio<\/a><\/p>\n\n\n\n<p><a href=\"https:\/\/www.ifbaiano.edu.br\/unidades\/teixeira\/files\/2024\/07\/13-a-17-de-Maio.png\">Agenda da Dire\u00e7\u00e3o Geral de 13 a 17 de Maio<\/a><\/p>\n\n\n\n<p><a href=\"https:\/\/www.ifbaiano.edu.br\/unidades\/teixeira\/files\/2024\/07\/06-a-10-de-Maio-1.png\">Agenda da Dire\u00e7\u00e3o Geral de 06 a 10 de Maio<\/a><\/p>\n\n\n\n<p>Abril<\/p>\n\n\n\n<p><a href=\"https:\/\/www.ifbaiano.edu.br\/unidades\/teixeira\/files\/2024\/07\/29-de-Abril-03-de-Maio.png\">Agenda da Dire\u00e7\u00e3o Geral de 29 de Abril a 03 de Maio<\/a><\/p>\n\n\n\n<p><a href=\"https:\/\/www.ifbaiano.edu.br\/unidades\/teixeira\/files\/2024\/07\/22-a-26-de-Abril.png\">Agenda da Dire\u00e7\u00e3o Geral de 22 a 26 de Abril<\/a><\/p>\n\n\n\n<p><a href=\"https:\/\/www.ifbaiano.edu.br\/unidades\/teixeira\/files\/2024\/07\/15-a-19-de-Abril.png\">Agenda da Dire\u00e7\u00e3o Geral de 15 a 19 de Abril<\/a><\/p>\n\n\n\n<p><a href=\"https:\/\/www.ifbaiano.edu.br\/unidades\/teixeira\/files\/2024\/07\/08-a-12-de-Abril.png\">Agenda da Dire\u00e7\u00e3o Geral de 08 a 12 de Abril<\/a><\/p>\n\n\n\n<p><a href=\"https:\/\/www.ifbaiano.edu.br\/unidades\/teixeira\/files\/2024\/04\/01-a-05-de-abril.jpg\">Agenda da Dire\u00e7\u00e3o Geral de 01 a 05 de Abril<\/a><\/p>\n\n\n\n<p>Mar\u00e7o<\/p>\n\n\n\n<p><a href=\"https:\/\/www.ifbaiano.edu.br\/unidades\/teixeira\/files\/2024\/04\/25-a-29-de-marco.jpg\">Agenda da Dire\u00e7\u00e3o Geral de 25 a 29 de Mar\u00e7o<\/a><\/p>\n\n\n\n<p><a href=\"https:\/\/www.ifbaiano.edu.br\/unidades\/teixeira\/files\/2024\/04\/18-a-22-de-marco.jpg\">Agenda da Dire\u00e7\u00e3o Geral de 18 a 22 de Mar\u00e7o<\/a><\/p>\n\n\n\n<p><a href=\"https:\/\/www.ifbaiano.edu.br\/unidades\/teixeira\/files\/2024\/04\/11-a-15-de-marco.jpg\">Agenda da Dire\u00e7\u00e3o Geral de 11 a 15 de Mar\u00e7o<\/a><\/p>\n\n\n\n<p><a href=\"https:\/\/www.ifbaiano.edu.br\/unidades\/teixeira\/files\/2024\/04\/04-a-08-de-marco.jpg\">Agenda da Dire\u00e7\u00e3o Geral de 04 a 08 de Mar\u00e7o<\/a><\/p>\n\n\n\n<p>Fevereiro<\/p>\n\n\n\n<p><a href=\"https:\/\/www.ifbaiano.edu.br\/unidades\/teixeira\/files\/2024\/03\/26-de-Fevereiro-a-01-de-Marco.jpg\">Agenda da Dire\u00e7\u00e3o Geral de 26 de Fevereiro a 01 de Mar\u00e7o<\/a><\/p>\n\n\n\n<p><a href=\"https:\/\/www.ifbaiano.edu.br\/unidades\/teixeira\/files\/2024\/03\/19-a-23-de-fevereiro-.jpg\">Agenda da Dire\u00e7\u00e3o Geral de 19 a 23 de Fevereiro<\/a><\/p>\n\n\n\n<p><a href=\"https:\/\/www.ifbaiano.edu.br\/unidades\/teixeira\/files\/2024\/03\/12-a-16-de-fevereiro-.jpg\">Agenda da Dire\u00e7\u00e3o Geral de 12 a 16 de Fevereiro<\/a><\/p>\n\n\n\n<p><a href=\"https:\/\/www.ifbaiano.edu.br\/unidades\/teixeira\/files\/2024\/03\/05-a-09-de-Fevereiro-.jpg\">Agenda da Dire\u00e7\u00e3o Geral de 05 a 09 de Fevereiro<\/a><\/p>\n\n\n\n<p><a href=\"https:\/\/www.ifbaiano.edu.br\/unidades\/teixeira\/files\/2024\/03\/29-de-Janeiro-a-02-de-Fevereiro-.jpg\">Agenda da Dire\u00e7\u00e3o Geral de 29 de janeiro a 02 de Fevereiro<\/a><\/p>\n\n\n\n<p>Janeiro de 2024<\/p>\n\n\n\n<p><a href=\"https:\/\/www.ifbaiano.edu.br\/unidades\/teixeira\/files\/2024\/03\/22-a-26-de-Janeiro-.jpg\">Agenda da Dire\u00e7\u00e3o Geral de 22 a 26 de Janeiro<\/a><\/p>\n\n\n\n<p><a href=\"https:\/\/www.ifbaiano.edu.br\/unidades\/teixeira\/files\/2024\/03\/15-a-19-de-Janeiro-.jpg\">Agenda da Dire\u00e7\u00e3o Geral de 15 a 19 de Janeiro<\/a><\/p>\n\n\n\n<p><a href=\"https:\/\/www.ifbaiano.edu.br\/unidades\/teixeira\/files\/2024\/03\/08-a-12-de-Janeiro-.jpg\">Agenda da Dire\u00e7\u00e3o Geral de 08 a 12 de Janeiro<\/a><\/p>\n\n\n\n<p><a href=\"https:\/\/www.ifbaiano.edu.br\/unidades\/teixeira\/files\/2024\/03\/01-a-05-de-Janeiro-.jpg\">Agenda da Dire\u00e7\u00e3o Geral de 01 a 05 de Janeiro<\/a><\/p>\n\n\n\n<p>Dezembro de 2023<\/p>\n\n\n\n<p><a href=\"https:\/\/www.ifbaiano.edu.br\/unidades\/teixeira\/files\/2024\/03\/25-a-29-de-Dezembro.jpg\">Agenda da Dire\u00e7\u00e3o Geral de 25 a 29 de Dezembro<\/a><\/p>\n\n\n\n<p><a href=\"https:\/\/www.ifbaiano.edu.br\/unidades\/teixeira\/files\/2024\/03\/18-a-22-de-Dezembro-.jpg\">Agenda da Dire\u00e7\u00e3o Geral de 18 a 22 de Dezembro<\/a><\/p>\n\n\n\n<p><a href=\"https:\/\/www.ifbaiano.edu.br\/unidades\/teixeira\/files\/2024\/03\/11-a-15-de-Dezembro-.jpg\">Agenda da Dire\u00e7\u00e3o Geral de 11 a 15 de Dezembro<\/a><\/p>\n\n\n\n<p><a href=\"https:\/\/www.ifbaiano.edu.br\/unidades\/teixeira\/files\/2024\/03\/04-a-08-de-Dezembro-.jpg\">Agenda da Dire\u00e7\u00e3o Geral de 04 a 08 de Dezembro<\/a><\/p>\n\n\n\n<p>Novembro de 2023<\/p>\n\n\n\n<p><a href=\"https:\/\/www.ifbaiano.edu.br\/unidades\/teixeira\/files\/2024\/03\/27-de-Novembro-a-01-de-Dezembro-.jpg\">Agenda da Dire\u00e7\u00e3o Geral de 27 de Novembro a 01 de Dezembro<\/a><\/p>\n\n\n\n<p><a href=\"https:\/\/www.ifbaiano.edu.br\/unidades\/teixeira\/files\/2024\/03\/20-a-24-de-Novembro-.jpg\">Agenda da Dire\u00e7\u00e3o Geral de 20 a 24 de Novembro<\/a><\/p>\n\n\n\n<p><a href=\"https:\/\/www.ifbaiano.edu.br\/unidades\/teixeira\/files\/2024\/03\/13-a-17-de-Novembro-.jpg\">Agenda da Dire\u00e7\u00e3o Geral de 13 a 17 de Novembro<\/a><\/p>\n\n\n\n<p><a href=\"https:\/\/www.ifbaiano.edu.br\/unidades\/teixeira\/files\/2024\/03\/06-a-10-de-Novembro-.jpg\">Agenda da Dire\u00e7\u00e3o Geral de 06 a 10 de Novembro<\/a><\/p>\n\n\n\n<p><a href=\"https:\/\/www.ifbaiano.edu.br\/unidades\/teixeira\/files\/2024\/03\/30-de-outubro-a-03-de-novembro-Novembro.jpg\">Agenda da Dire\u00e7\u00e3o Geral de 30 de Outubro a 03 de Novembro<\/a><\/p>\n\n\n\n<p>Outubro de 2023<\/p>\n\n\n\n<p><a href=\"https:\/\/www.ifbaiano.edu.br\/unidades\/teixeira\/files\/2024\/03\/23-a-27-de-outubro-.jpg\">Agenda da Dire\u00e7\u00e3o Geral de 23 a 27 de Outubro<\/a><\/p>\n\n\n\n<p><a href=\"https:\/\/www.ifbaiano.edu.br\/unidades\/teixeira\/files\/2024\/03\/16-a-20-de-outubro-.jpg\">Agenda da Dire\u00e7\u00e3o Geral de 16 a 20 de Outubro<\/a><\/p>\n\n\n\n<p><a href=\"https:\/\/www.ifbaiano.edu.br\/unidades\/teixeira\/files\/2024\/03\/09-a-13-de-outubro-.png\">Agenda da Dire\u00e7\u00e3o Geral de 09 a 13 de Outubro<\/a><\/p>\n\n\n\n<p><a href=\"https:\/\/www.ifbaiano.edu.br\/unidades\/teixeira\/files\/2024\/03\/02-a-06-de-outubro-.png\">Agenda da Dire\u00e7\u00e3o Geral de 02 a 06 de Outubro<\/a><\/p>\n\n\n\n<p>Setembro de 2023<\/p>\n\n\n\n<p><a href=\"https:\/\/www.ifbaiano.edu.br\/unidades\/teixeira\/files\/2024\/02\/25-a-29-de-setembro-.jpg\">Agenda da Dire\u00e7\u00e3o Geral de 25 a 29 de Setembro<\/a><\/p>\n\n\n\n<p><a href=\"https:\/\/www.ifbaiano.edu.br\/unidades\/teixeira\/files\/2024\/02\/18-a-22-de-setembro-.jpg\">Agenda da Dire\u00e7\u00e3o Geral de 18 a 22 de Setembro<\/a><\/p>\n\n\n\n<p><a href=\"https:\/\/www.ifbaiano.edu.br\/unidades\/teixeira\/files\/2024\/02\/11-a-15-de-Setembro-.jpg\">Agenda da Dire\u00e7\u00e3o Geral de 11 a 15 de Setembro<\/a><\/p>\n\n\n\n<p><a href=\"https:\/\/www.ifbaiano.edu.br\/unidades\/teixeira\/files\/2024\/02\/04-a-08-de-setembro-.jpg\">Agenda da Dire\u00e7\u00e3o Geral de 04 a 08 de Setembro<\/a><\/p>\n\n\n\n<p>Agosto de 2023<\/p>\n\n\n\n<p><a href=\"https:\/\/www.ifbaiano.edu.br\/unidades\/teixeira\/files\/2024\/02\/28-de-agosto-a-01-de-setembro-.jpg\">Agenda da Dire\u00e7\u00e3o Geral de 28 de Agosto a 01 de Setembro<\/a><\/p>\n\n\n\n<p><a href=\"https:\/\/www.ifbaiano.edu.br\/unidades\/teixeira\/files\/2024\/02\/21-a-26-de-agosto-.jpg\">Agenda da Dire\u00e7\u00e3o Geral de 21 a 26 de Agosto<\/a><\/p>\n\n\n\n<p><a href=\"https:\/\/www.ifbaiano.edu.br\/unidades\/teixeira\/files\/2024\/02\/14-a-18-de-agosto-.jpg\">Agenda da Dire\u00e7\u00e3o Geral de 14 a 18 de Agosto<\/a><\/p>\n\n\n\n<p><a href=\"https:\/\/www.ifbaiano.edu.br\/unidades\/teixeira\/files\/2024\/02\/7-a-11-de-agosto-.jpg\">Agenda da Dire\u00e7\u00e3o Geral de 07 a 11 de Agosto<\/a><\/p>\n\n\n\n<p><a href=\"https:\/\/www.ifbaiano.edu.br\/unidades\/teixeira\/files\/2024\/02\/31-de-julho-a-4-de-agosto-.jpg\">Agenda da Dire\u00e7\u00e3o Geral de 31 de Julho a 04 de Agosto<\/a><\/p>\n\n\n\n<p>Julho de 2023<\/p>\n\n\n\n<p><a href=\"https:\/\/www.ifbaiano.edu.br\/unidades\/teixeira\/files\/2024\/02\/24-a-28-de-julho-.jpg\">Agenda da Dire\u00e7\u00e3o Geral de 24 a 28 de Julho<\/a><\/p>\n\n\n\n<p><a href=\"https:\/\/www.ifbaiano.edu.br\/unidades\/teixeira\/files\/2024\/02\/17-a-21-de-julho-.jpg\">Agenda da Dire\u00e7\u00e3o Geral de 17 a 21 de Julho<\/a><\/p>\n\n\n\n<p><a href=\"https:\/\/www.ifbaiano.edu.br\/unidades\/teixeira\/files\/2024\/02\/10-a-14-de-julho-.jpg\">Agenda da Dire\u00e7\u00e3o Geral de 10 a 14 de Julho<\/a><\/p>\n\n\n\n<p><a href=\"https:\/\/www.ifbaiano.edu.br\/unidades\/teixeira\/files\/2024\/02\/1-7-de-julho-.jpg\">Agenda da Dire\u00e7\u00e3o Geral de 03 a 07 de Julho<\/a><\/p>\n\n\n\n<p>Junho de 2023<\/p>\n\n\n\n<p><a href=\"https:\/\/www.ifbaiano.edu.br\/unidades\/teixeira\/files\/2024\/02\/26-30-de-junho-.jpg\">Agenda da Dire\u00e7\u00e3o Geral de 26 de Junho a 30 de Junho<\/a><\/p>\n\n\n\n<p><a href=\"https:\/\/www.ifbaiano.edu.br\/unidades\/teixeira\/files\/2024\/02\/19-23-de-junho-.jpg\">Agenda da Dire\u00e7\u00e3o Geral de 19 de Junho a 23 de Junho<\/a><\/p>\n\n\n\n<p><a href=\"https:\/\/www.ifbaiano.edu.br\/unidades\/teixeira\/files\/2024\/02\/12-16-de-junho-.jpg\">Agenda da Dire\u00e7\u00e3o Geral de 12 de Junho a 16 de Junho<\/a><\/p>\n\n\n\n<p><a href=\"https:\/\/www.ifbaiano.edu.br\/unidades\/teixeira\/files\/2024\/02\/05-09-de-junho-.jpg\">Agenda da Dire\u00e7\u00e3o Geral de 05 de Junho a 09 de Junho<\/a><\/p>\n\n\n\n<p><a href=\"https:\/\/www.ifbaiano.edu.br\/unidades\/teixeira\/files\/2024\/02\/29-de-maio-2-de-junho-.jpg\">Agenda da Dire\u00e7\u00e3o Geral de 29 de Maio a 02 de Junho<\/a><\/p>\n\n\n\n<p>Maio de 2023<\/p>\n\n\n\n<p><a href=\"https:\/\/www.ifbaiano.edu.br\/unidades\/teixeira\/files\/2023\/10\/22-23-de-maio.jpg\">Agenda da Dire\u00e7\u00e3o Geral de 22 a 26 de Maio<\/a><\/p>\n\n\n\n<p><a href=\"https:\/\/www.ifbaiano.edu.br\/unidades\/teixeira\/files\/2023\/10\/15-19-de-maio.jpg\">Agenda da Dire\u00e7\u00e3o Geral de 15 a 19 de Maio<\/a><\/p>\n\n\n\n<p><a href=\"https:\/\/www.ifbaiano.edu.br\/unidades\/teixeira\/files\/2023\/10\/8-12-de-maio.jpg\">Agenda da Dire\u00e7\u00e3o Geral de 08 a 12 de Maio<\/a><\/p>\n\n\n\n<p><a href=\"https:\/\/www.ifbaiano.edu.br\/unidades\/teixeira\/files\/2023\/10\/2-5-de-maio.jpg\">Agenda da Dire\u00e7\u00e3o Geral de 02 a 05 de Maio<\/a><\/p>\n\n\n\n<p>Abril de 2023<\/p>\n\n\n\n<p><a href=\"https:\/\/www.ifbaiano.edu.br\/unidades\/teixeira\/files\/2023\/10\/21-24-de-abril.jpg\">Agenda da Dire\u00e7\u00e3o Geral de 24 a 28 de Abril<\/a><\/p>\n\n\n\n<p><a href=\"https:\/\/www.ifbaiano.edu.br\/unidades\/teixeira\/files\/2023\/10\/17-21-de-abril.jpg\">Agenda da Dire\u00e7\u00e3o Geral de 17 a 21 de Abril<\/a><\/p>\n\n\n\n<p><a href=\"https:\/\/www.ifbaiano.edu.br\/unidades\/teixeira\/files\/2023\/10\/10-14-de-abril.jpg\">Agenda da Dire\u00e7\u00e3o Geral de 10 a 14 de Abril<\/a><\/p>\n\n\n\n<p><a href=\"https:\/\/www.ifbaiano.edu.br\/unidades\/teixeira\/files\/2023\/10\/03-07-abril.png\">Agenda da Dire\u00e7\u00e3o Geral de 03 a 07 de Abril<\/a><\/p>\n\n\n\n<p>Mar\u00e7o de 2023<\/p>\n\n\n\n<p><a href=\"https:\/\/www.ifbaiano.edu.br\/unidades\/teixeira\/files\/2023\/10\/27-31-marco.png\">Agenda da Dire\u00e7\u00e3o Geral de 27 a 31 de Mar\u00e7o<\/a><\/p>\n\n\n\n<p><a href=\"https:\/\/www.ifbaiano.edu.br\/unidades\/teixeira\/files\/2023\/10\/20-24-marco.png\">Agenda da Dire\u00e7\u00e3o Geral de 20 a 24 de Mar\u00e7o<\/a><\/p>\n\n\n\n<p><a href=\"https:\/\/www.ifbaiano.edu.br\/unidades\/teixeira\/files\/2023\/10\/13-17-marco.png\">Agenda da Dire\u00e7\u00e3o Geral de 13 a 17 de Mar\u00e7o<\/a><\/p>\n\n\n\n<p><a href=\"https:\/\/www.ifbaiano.edu.br\/unidades\/teixeira\/files\/2023\/09\/10-14-marco.png\">Agenda da Dire\u00e7\u00e3o Geral de 06 a 10 de Mar\u00e7o<\/a><\/p>\n\n\n\n<p><a href=\"https:\/\/www.ifbaiano.edu.br\/unidades\/teixeira\/files\/2023\/09\/03-07-marco.png\">Agenda da Dire\u00e7\u00e3o Geral de 03 a 07 de Mar\u00e7o<\/a><\/p>\n\n\n\n<p>Fevereiro de 2023<\/p>\n\n\n\n<p><a href=\"https:\/\/www.ifbaiano.edu.br\/unidades\/teixeira\/files\/2023\/09\/27-31-fevereiro.png\">Agenda da Dire\u00e7\u00e3o Geral de 27 a 28 de Fevereiro<\/a><\/p>\n\n\n\n<p><a href=\"https:\/\/www.ifbaiano.edu.br\/unidades\/teixeira\/files\/2023\/09\/20-24-fev-fev.png\">Agenda da Dire\u00e7\u00e3o Geral de 20 a 24 de Fevereiro<\/a><\/p>\n\n\n\n<p><a href=\"https:\/\/www.ifbaiano.edu.br\/unidades\/teixeira\/files\/2023\/09\/13-17-fev.png\">Agenda da Dire\u00e7\u00e3o Geral de 13 a 17 de Fevereiro<\/a><\/p>\n\n\n\n<p><a href=\"https:\/\/www.ifbaiano.edu.br\/unidades\/teixeira\/files\/2023\/03\/06-10-fevereiro.png\">Agenda da Dire\u00e7\u00e3o Geral de 06 a 10 de Fevereiro<\/a><\/p>\n\n\n\n<p><a href=\"https:\/\/www.ifbaiano.edu.br\/unidades\/teixeira\/files\/2023\/03\/30-03-fevereiro.png\">Agenda da Dire\u00e7\u00e3o Geral de 30 de Janeiro a 03 de Fevereiro<\/a><\/p>\n\n\n\n<p>Janeiro de 2023<\/p>\n\n\n\n<p><a href=\"https:\/\/www.ifbaiano.edu.br\/unidades\/teixeira\/files\/2023\/03\/23-27-janeiro.png\"> Agenda da Dire\u00e7\u00e3o Geral de 23 a 27 de Janeiro <\/a><\/p>\n\n\n\n<p><a href=\"https:\/\/www.ifbaiano.edu.br\/unidades\/teixeira\/files\/2023\/03\/16-20-janeiro.png\">Agenda da Dire\u00e7\u00e3o Geral de 16 a 20 de Janeiro <\/a><\/p>\n\n\n\n<p><a href=\"https:\/\/www.ifbaiano.edu.br\/unidades\/teixeira\/files\/2023\/03\/09-13-janeiro.png\">Agenda da Dire\u00e7\u00e3o Geral de 09 a 13 de Janeiro <\/a><\/p>\n\n\n\n<p><a href=\"https:\/\/www.ifbaiano.edu.br\/unidades\/teixeira\/files\/2023\/03\/02-06-de-janeiro.png\">Agenda da Dire\u00e7\u00e3o Geral de 02 a 06 de Janeiro<\/a><\/p>\n\n\n\n<!--nextpage-->\n\n\n\n<p>Dezembro de 2022<\/p>\n\n\n\n<p><a href=\"https:\/\/www.ifbaiano.edu.br\/unidades\/teixeira\/files\/2023\/01\/19-a-23-de-dezembro.png\">Agenda da Dire\u00e7\u00e3o Geral de 19 a 23 de Dezembro de 2022<\/a><\/p>\n\n\n\n<p><a href=\"https:\/\/www.ifbaiano.edu.br\/unidades\/teixeira\/files\/2023\/01\/12-a-16-de-dezembro.png\">Agenda da Dire\u00e7\u00e3o Geral de 12 a 16 de Dezembro de 2022<\/a><\/p>\n\n\n\n<p><a href=\"https:\/\/www.ifbaiano.edu.br\/unidades\/teixeira\/files\/2023\/01\/05-09-de-dezembro.png\">Agenda da Dire\u00e7\u00e3o Geral de 05 a 09 de Dezembro de 2022<\/a><\/p>\n\n\n\n<p><a href=\"https:\/\/www.ifbaiano.edu.br\/unidades\/teixeira\/files\/2022\/12\/28-02-de-dezembro.png\">Agenda da Dire\u00e7\u00e3o Geral de 28 de Novembro a 02 de Dezembro de 2022<\/a><\/p>\n\n\n\n<p>Novembro de 2022<\/p>\n\n\n\n<p><a href=\"https:\/\/www.ifbaiano.edu.br\/unidades\/teixeira\/files\/2022\/12\/21-25-novembro.png\">Agenda da Dire\u00e7\u00e3o Geral de 21 a 25 de Novembro de 2022<\/a><\/p>\n\n\n\n<p><a href=\"https:\/\/www.ifbaiano.edu.br\/unidades\/teixeira\/files\/2022\/11\/Agenda-da-Direcao-14-18-de-novembro.png\">Agenda da Dire\u00e7\u00e3o Geral de 14 a 18 de Novembro de 2022<\/a><\/p>\n\n\n\n<p><a href=\"https:\/\/www.ifbaiano.edu.br\/unidades\/teixeira\/files\/2022\/11\/Agenda-da-Direcao-07-11-de-novembro.png\">Agenda da Dire\u00e7\u00e3o Geral de 07 a 11 de Novembro de 2022<\/a><\/p>\n\n\n\n<p><a href=\"https:\/\/www.ifbaiano.edu.br\/unidades\/teixeira\/files\/2022\/11\/Agenda-da-Direcao-31-04-de-novembro.png\">Agenda da Dire\u00e7\u00e3o Geral de 31 de Outubro a 04 de Novembro de 2022<\/a><\/p>\n\n\n\n<hr class=\"wp-block-separator has-css-opacity\"\/>\n\n\n\n<p>Outubro de 2022<\/p>\n\n\n\n<p><a href=\"https:\/\/www.ifbaiano.edu.br\/unidades\/teixeira\/files\/2022\/11\/Agenda-da-Direcao-24-28-outubro.png\">Agenda da Dire\u00e7\u00e3o Geral 24 a 28 de Outubro de 2022<\/a><\/p>\n\n\n\n<p><a href=\"https:\/\/www.ifbaiano.edu.br\/unidades\/teixeira\/files\/2022\/11\/Agenda-da-Direcao-17-21-outubro.png\">Agenda da Dire\u00e7\u00e3o Geral 17 a 21 de Outubro de 2022<\/a><\/p>\n\n\n\n<p> <a href=\"https:\/\/www.ifbaiano.edu.br\/unidades\/teixeira\/files\/2022\/10\/Agenda-da-Direcao-10-15.png\">Agenda da Dire\u00e7\u00e3o Geral 10 a 15 de Outubro de 2022 <\/a><\/p>\n\n\n\n<p><a href=\"https:\/\/www.ifbaiano.edu.br\/unidades\/teixeira\/files\/2022\/10\/Agenda-da-Direcao-03-07.png\">Agenda da Dire\u00e7\u00e3o Geral 03 a 07 de Outubro de 2022<\/a><\/p>\n\n\n\n<hr class=\"wp-block-separator has-css-opacity\"\/>\n\n\n\n<p>Setembro de 2022<\/p>\n\n\n\n<p><\/p>\n\n\n\n<p><a href=\"https:\/\/www.ifbaiano.edu.br\/unidades\/teixeira\/files\/2022\/10\/Agenda-da-Direcao-26-30-set.png\">Agenda da Dire\u00e7\u00e3o Geral 26-30 de Setembro de 2022<\/a><\/p>\n\n\n\n<p><a href=\"https:\/\/www.ifbaiano.edu.br\/unidades\/teixeira\/files\/2022\/09\/19-23-de-setembro.png\">Agenda Dire\u00e7\u00e3o Geral 19 a 23 de Setembro de 2022<\/a><\/p>\n\n\n\n<p><a href=\"https:\/\/www.ifbaiano.edu.br\/unidades\/teixeira\/files\/2022\/09\/12-16-de-setembro.png\">Agenda da Dire\u00e7\u00e3o Geral &#8211; 12 a 16 de Setembro de 2022<\/a><\/p>\n\n\n\n<p><a href=\"https:\/\/www.ifbaiano.edu.br\/unidades\/teixeira\/files\/2022\/09\/5-9-de-setembro.png\">Agenda da Dire\u00e7\u00e3o Geral &#8211; 05 a 09 de Setembro de 2022<\/a><\/p>\n\n\n\n<p><a href=\"https:\/\/www.ifbaiano.edu.br\/unidades\/teixeira\/files\/2022\/08\/Agenda-da-Direcao-29-02-de-setembro.png\">Agenda da Dire\u00e7\u00e3o Geral &#8211; 29 de Agosto a 02 de Setembro de 2022<\/a><\/p>\n\n\n\n<hr class=\"wp-block-separator has-css-opacity\"\/>\n\n\n\n<p>Agosto de 2022<\/p>\n\n\n\n<p> <a href=\"https:\/\/www.ifbaiano.edu.br\/unidades\/teixeira\/files\/2022\/08\/Agenda-da-Direcao-22-25-Agosto.png\">Agenda da Dire\u00e7\u00e3o Geral &#8211; 22 a 25 de Agosto de 2022<\/a> <\/p>\n\n\n\n<p><a href=\"https:\/\/www.ifbaiano.edu.br\/unidades\/teixeira\/files\/2022\/08\/Agenda-da-Direcao-15-18-agosto.png\">Agenda da Dire\u00e7\u00e3o Geral &#8211; 15 a 18 de Agosto de 2022<\/a><\/p>\n\n\n\n<p><a href=\"https:\/\/www.ifbaiano.edu.br\/unidades\/teixeira\/files\/2022\/08\/Agenda-da-Direcao-8-12.png\">Agenda da Dire\u00e7\u00e3o Geral &#8211; 08 a 12 de Agosto de 2022<\/a><\/p>\n\n\n\n<p><a href=\"https:\/\/www.ifbaiano.edu.br\/unidades\/teixeira\/files\/2022\/08\/Agenda-da-Direcao-01-05-Agosto.png\">Agenda da Dire\u00e7\u00e3o Geral &#8211; 01 a 05 de Agosto de 2022<\/a><\/p>\n\n\n\n<hr class=\"wp-block-separator has-css-opacity\"\/>\n\n\n\n<p>Julho de 2022<\/p>\n\n\n\n<p><a href=\"https:\/\/www.ifbaiano.edu.br\/unidades\/teixeira\/files\/2022\/07\/Agenda-da-Direcao-18-22-julho.jpg\">Agenda da Dire\u00e7\u00e3o Geral &#8211; 18 de Julho a 22 de Julho de 2022<\/a><\/p>\n\n\n\n<p><a href=\"https:\/\/www.ifbaiano.edu.br\/unidades\/teixeira\/files\/2022\/07\/Agenda-da-Direcao-11-15-julho.jpg\">Agenda da Dire\u00e7\u00e3o Geral &#8211; 11 de Julho a 15 de Julho de 2022<\/a><\/p>\n\n\n\n<p><a href=\"https:\/\/www.ifbaiano.edu.br\/unidades\/teixeira\/files\/2022\/07\/Agenda-da-Direcao-4-8.jpg\">Agenda da Dire\u00e7\u00e3o Geral &#8211; 04 de Julho a 08 de Julho de 2022<\/a><\/p>\n\n\n\n<hr class=\"wp-block-separator has-css-opacity\"\/>\n\n\n\n<p>Junho de 2022<\/p>\n\n\n\n<p><a href=\"https:\/\/www.ifbaiano.edu.br\/unidades\/teixeira\/files\/2022\/06\/Agenda-Direcao-27-01.jpg\">Agenda da Dire\u00e7\u00e3o Geral &#8211; 27 de Junho a 01 de Julho de 2022<\/a><\/p>\n\n\n\n<p><a href=\"https:\/\/www.ifbaiano.edu.br\/unidades\/teixeira\/files\/2022\/06\/Agenda-da-Direcao-1.png\">Agenda da Dire\u00e7\u00e3o Geral &#8211; 20 a 24 de Junho de 2022<\/a><\/p>\n\n\n\n<p><a href=\"https:\/\/www.ifbaiano.edu.br\/unidades\/teixeira\/files\/2022\/06\/Agenda-da-Direcao-13-17.06.png\" target=\"_blank\" rel=\"noreferrer noopener\">Agenda da Dire\u00e7\u00e3o Geral &#8211; 13 a 17 de junho de 2022<\/a><\/p>\n\n\n\n<p><a rel=\"noreferrer noopener\" href=\"https:\/\/www.ifbaiano.edu.br\/unidades\/teixeira\/files\/2022\/06\/Agenda-da-Direcao-06-10.06.png\" target=\"_blank\">Agenda da Dire\u00e7\u00e3o Geral &#8211; 06  a 10 de junho de 2022<\/a> <\/p>\n\n\n\n<hr class=\"wp-block-separator has-css-opacity\"\/>\n\n\n\n<p>Maio de 2022<\/p>\n\n\n\n<p><a rel=\"noreferrer noopener\" href=\"https:\/\/www.ifbaiano.edu.br\/unidades\/teixeira\/files\/2022\/05\/Agenda-da-DG-30.05-a-03.06.22.jpeg\" target=\"_blank\">Agenda da Dire\u00e7\u00e3o Geral &#8211; 30 de maio a 03 de junho de 2022<\/a><\/p>\n","protected":false},"excerpt":{"rendered":"<p>Gest\u00e3o 2025-2026 Visualize a Agenda da Dire\u00e7\u00e3o do Campus Teixeira de Freitas abaixo ou acesse este link.<\/p>\n","protected":false},"author":74,"featured_media":0,"parent":0,"menu_order":0,"comment_status":"closed","ping_status":"closed","template":"","meta":[],"_links":{"self":[{"href":"https:\/\/www.ifbaiano.edu.br\/unidades\/teixeira\/wp-json\/wp\/v2\/pages\/8786"}],"collection":[{"href":"https:\/\/www.ifbaiano.edu.br\/unidades\/teixeira\/wp-json\/wp\/v2\/pages"}],"about":[{"href":"https:\/\/www.ifbaiano.edu.br\/unidades\/teixeira\/wp-json\/wp\/v2\/types\/page"}],"author":[{"embeddable":true,"href":"https:\/\/www.ifbaiano.edu.br\/unidades\/teixeira\/wp-json\/wp\/v2\/users\/74"}],"replies":[{"embeddable":true,"href":"https:\/\/www.ifbaiano.edu.br\/unidades\/teixeira\/wp-json\/wp\/v2\/comments?post=8786"}],"version-history":[{"count":77,"href":"https:\/\/www.ifbaiano.edu.br\/unidades\/teixeira\/wp-json\/wp\/v2\/pages\/8786\/revisions"}],"predecessor-version":[{"id":15822,"href":"https:\/\/www.ifbaiano.edu.br\/unidades\/teixeira\/wp-json\/wp\/v2\/pages\/8786\/revisions\/15822"}],"wp:attachment":[{"href":"https:\/\/www.ifbaiano.edu.br\/unidades\/teixeira\/wp-json\/wp\/v2\/media?parent=8786"}],"curies":[{"name":"wp","href":"https:\/\/api.w.org\/{rel}","templated":true}]}}