{"id":9412,"date":"2021-02-16T10:30:27","date_gmt":"2021-02-16T13:30:27","guid":{"rendered":"https:\/\/www.ifbaiano.edu.br\/unidades\/teixeira\/?page_id=9412"},"modified":"2025-09-26T23:01:38","modified_gmt":"2025-09-27T02:01:38","slug":"direcao-administrativa-2","status":"publish","type":"page","link":"https:\/\/www.ifbaiano.edu.br\/unidades\/teixeira\/direcao-administrativa-2\/","title":{"rendered":"Dire\u00e7\u00e3o Administrativa"},"content":{"rendered":"\n<figure class=\"wp-block-image size-large is-resized is-style-default\"><img decoding=\"async\" loading=\"lazy\" src=\"https:\/\/www.ifbaiano.edu.br\/unidades\/teixeira\/files\/2020\/02\/Cabe\u00e7alhos-de-Site.jpg\" alt=\"\" class=\"wp-image-7757\" width=\"970\" height=\"75\" \/><\/figure>\n\n\n\n<div id=\"ProreitoriaTopoTitulo\">\n\t\t\t\t\tSOBRE A DAP\n\t\t\t\t<\/div>\n\n\n\n<p>A Dire\u00e7\u00e3o Administrativa e Planejamento \u2013 DAP \u00e9 o setor respons\u00e1vel por Planejar, Coordenar, Fomentar, Controlar e Aperfei\u00e7oar a Gest\u00e3o Or\u00e7ament\u00e1ria, Financeira, Cont\u00e1bil e Patrimonial do <em>Campus<\/em>&nbsp;Teixeira de Freitas. Para tal, auxilia as Coordena\u00e7\u00f5es e N\u00facleos a ele subordinadas na execu\u00e7\u00e3o das a\u00e7\u00f5es espec\u00edficas de cada \u00e1rea de compet\u00eancia.<\/p>\n\n\n\n<div id=\"ProreitoriaTopoTitulo\">\n\t\t\t\t\tEQUIPE\n\t\t\t\t<\/div>\n\n\n\n<p><strong>Diretoria de Administra\u00e7\u00e3o e Planejamento &#8211; DADM<\/strong><br>Marilene Fontoura &#8211; Diretora<br><a href=\"mailto:daptdf@teixeira.ifbaiano.edu.br\">daptdf@teixeira.ifbaiano.edu.br<\/a><\/p>\n\n\n\n<p><strong>Coordena\u00e7\u00e3o Financeira e Cont\u00e1bil &#8211; CFC<\/strong><br>Ronaldo Augusto Barbosa &#8211; Chefe<br><a href=\"mailto:financeiro@teixeira.ifbaiano.edu.br\">financeiro@teixeira.ifbaiano.edu.br<\/a><\/p>\n\n\n\n<p><strong>N\u00facleo de Execu\u00e7\u00e3o Or\u00e7ament\u00e1ria e Financeira &#8211; NEOF<\/strong><br>Norival Pereira Magalh\u00e3es Filho &#8211; Chefe<br><a href=\"mailto:neof@teixeira.ifbaiano.edu.br\">neof@teixeira.ifbaiano.edu.br<\/a><\/p>\n\n\n\n<p><strong>Coordena\u00e7\u00e3o Suprimentos&nbsp;e Log\u00edstica &#8211; NLOG<\/strong><br>Cristiano Lunardi Ribas &#8211; Coordenador<br><a href=\"mailto:csl@teixeira.ifbaiano.edu.br\">csl@teixeira.ifbaiano.edu.br<\/a><\/p>\n\n\n\n<p><strong>N\u00facleo de Almoxarifado &#8211; NALM<\/strong><br>Michele Costa Batista &#8211; Chefe<br><a href=\"mailto:michelle.batista@ifbaiano.edu.br\">michelle.batista@ifbaiano.edu.br<\/a><\/p>\n\n\n\n<p> <strong>Setor de Patrim\u00f4nio &#8211; SP<\/strong> <\/p>\n\n\n\n<p><a href=\"mailto:patrimonio@teixeira.ifbaiano.edu.br\">patrimonio@teixeira.ifbaiano.edu.br<\/a><br>Roberto Paim Dias &#8211; Chefe<\/p>\n\n\n\n<p><br><strong>Setor de Transporte &#8211; ST<\/strong><br>Roberto Paim Dias &#8211; Chefe<br><a href=\"mailto:transportes@teixeira.ifbaiano.edu.br\">transportes@teixeira.ifbaiano.edu.br<\/a><\/p>\n\n\n\n<p><strong>N\u00facleo de Contratos &#8211; NCON<\/strong><br>Eslandia de Souza da Silva &#8211; Chefe<br><a href=\"mailto:tdf.contratos@teixeira.ifbaiano.edu.br\">tdf.contratos@teixeira.ifbaiano.edu.br<\/a><\/p>\n\n\n\n<p><strong>N\u00facleo de Licita\u00e7\u00e3o &#8211; NL<\/strong><br>Jean Bispo Moreira &#8211; Chefe<br><a href=\"mailto:licitacoes@teixeira.ifbaiano.edu.br\">licitacoes@teixeira.ifbaiano.edu.br<\/a><\/p>\n\n\n\n<p><\/p>\n\n\n\n<div id=\"ProreitoriaTopoTitulo\">\n\t\t\t\t\tDOCUMENTOS\n\t\t\t\t<\/div>\n\n\n\n<p><a rel=\"noreferrer noopener\" href=\"http:\/\/paineldecompras.economia.gov.br\/\" target=\"_blank\" data-type=\"URL\" data-id=\"http:\/\/paineldecompras.economia.gov.br\/\">Plano Geral de Contrata\u00e7\u00f5es 2020 &#8211; Campus Teixeira de Freitas<\/a><\/p>\n\n\n\n<div id=\"ProreitoriaTopoTitulo\">\n\t\t\t\t\tORGANOGRAMA\n\t\t\t\t<\/div>\n\n\n\n<p><\/p>\n\n\n\n<figure class=\"wp-block-image size-large\"><img decoding=\"async\" loading=\"lazy\" width=\"981\" height=\"328\" src=\"https:\/\/www.ifbaiano.edu.br\/unidades\/teixeira\/files\/2021\/02\/Organograma-DAP.jpg\" alt=\"\" class=\"wp-image-9474\" \/><\/figure>\n","protected":false},"excerpt":{"rendered":"<p>SOBRE A DAP A Dire\u00e7\u00e3o Administrativa e Planejamento \u2013 DAP \u00e9 o setor respons\u00e1vel por Planejar, Coordenar, Fomentar, Controlar e Aperfei\u00e7oar a Gest\u00e3o Or\u00e7ament\u00e1ria, Financeira, Cont\u00e1bil e Patrimonial do Campus&nbsp;Teixeira de Freitas. Para tal, auxilia as Coordena\u00e7\u00f5es e N\u00facleos a ele subordinadas na execu\u00e7\u00e3o das a\u00e7\u00f5es espec\u00edficas de cada \u00e1rea de compet\u00eancia. EQUIPE Diretoria de [&hellip;]<\/p>\n","protected":false},"author":139,"featured_media":0,"parent":0,"menu_order":0,"comment_status":"closed","ping_status":"closed","template":"","meta":[],"_links":{"self":[{"href":"https:\/\/www.ifbaiano.edu.br\/unidades\/teixeira\/wp-json\/wp\/v2\/pages\/9412"}],"collection":[{"href":"https:\/\/www.ifbaiano.edu.br\/unidades\/teixeira\/wp-json\/wp\/v2\/pages"}],"about":[{"href":"https:\/\/www.ifbaiano.edu.br\/unidades\/teixeira\/wp-json\/wp\/v2\/types\/page"}],"author":[{"embeddable":true,"href":"https:\/\/www.ifbaiano.edu.br\/unidades\/teixeira\/wp-json\/wp\/v2\/users\/139"}],"replies":[{"embeddable":true,"href":"https:\/\/www.ifbaiano.edu.br\/unidades\/teixeira\/wp-json\/wp\/v2\/comments?post=9412"}],"version-history":[{"count":12,"href":"https:\/\/www.ifbaiano.edu.br\/unidades\/teixeira\/wp-json\/wp\/v2\/pages\/9412\/revisions"}],"predecessor-version":[{"id":15815,"href":"https:\/\/www.ifbaiano.edu.br\/unidades\/teixeira\/wp-json\/wp\/v2\/pages\/9412\/revisions\/15815"}],"wp:attachment":[{"href":"https:\/\/www.ifbaiano.edu.br\/unidades\/teixeira\/wp-json\/wp\/v2\/media?parent=9412"}],"curies":[{"name":"wp","href":"https:\/\/api.w.org\/{rel}","templated":true}]}}