{"id":9464,"date":"2021-02-16T14:03:42","date_gmt":"2021-02-16T17:03:42","guid":{"rendered":"https:\/\/www.ifbaiano.edu.br\/unidades\/teixeira\/?page_id=9464"},"modified":"2021-03-26T09:57:17","modified_gmt":"2021-03-26T12:57:17","slug":"documentos-e-informacoes","status":"publish","type":"page","link":"https:\/\/www.ifbaiano.edu.br\/unidades\/teixeira\/documentos-e-informacoes\/","title":{"rendered":"NAGP &#8211; Documentos e Informa\u00e7\u00f5es"},"content":{"rendered":"\n<p><a rel=\"noreferrer noopener\" href=\"https:\/\/ifbaiano.edu.br\/portal\/servidor\/\" target=\"_blank\">Portal do Servidor<\/a><\/p>\n\n\n\n<p><a rel=\"noreferrer noopener\" href=\"https:\/\/ifbaiano.edu.br\/portal\/servidor\/cadastro-de-dependentes\/\" target=\"_blank\">Cadastro de dependentes<\/a><\/p>\n\n\n\n<p><a rel=\"noreferrer noopener\" href=\"https:\/\/wiki.ifbaiano.edu.br\/bin\/view\/Wikis\/DGTI\/CODES\/Sistemas\/SUAP\/\" target=\"_blank\">Fluxo e informa\u00e7\u00f5es do SUAP<\/a><\/p>\n\n\n\n<p><a rel=\"noreferrer noopener\" href=\"https:\/\/wiki.ifbaiano.edu.br\/bin\/view\/Wikis\/DGTI\/CODES\/Sistemas\/SUAP\/Fluxo_de_Processos\/F%C3%A9rias\/Programa%C3%A7%C3%A3o%20de%20F%C3%A9rias\/\" target=\"_blank\">Programa\u00e7\u00e3o de f\u00e9rias<\/a><\/p>\n\n\n\n<p><a rel=\"noreferrer noopener\" href=\"https:\/\/wiki.ifbaiano.edu.br\/bin\/view\/Wikis\/DGTI\/CODES\/Sistemas\/SUAP\/Fluxo_de_Processos\/F%C3%A9rias\/Reprograma%C3%A7%C3%A3o%20de%20F%C3%A9rias\/\" target=\"_blank\">Reprograma\u00e7\u00e3o de f\u00e9rias<\/a><\/p>\n\n\n\n<p><a rel=\"noreferrer noopener\" href=\"https:\/\/wiki.ifbaiano.edu.br\/bin\/view\/Wikis\/DGTI\/CODES\/Sistemas\/SUAP\/Fluxo_de_Processos\/F%C3%A9rias\/Interrup%C3%A7%C3%A3o%20de%20F%C3%A9rias\/\" target=\"_blank\">Interrup\u00e7\u00e3o de f\u00e9rias<\/a><\/p>\n\n\n\n<p><a rel=\"noreferrer noopener\" href=\"https:\/\/wiki.ifbaiano.edu.br\/bin\/view\/Wikis\/DGTI\/CODES\/Sistemas\/SUAP\/Fluxo_de_Processos\/F%C3%A9rias\/Cancelamento%20de%20F%C3%A9rias\/\" target=\"_blank\">Cancelamento de f\u00e9rias<\/a><\/p>\n\n\n\n<p><a rel=\"noreferrer noopener\" href=\"https:\/\/wiki.ifbaiano.edu.br\/bin\/view\/Wikis\/DGTI\/CODES\/Sistemas\/SUAP\/Processo%20Eletr%C3%B4nico%3A%20Presta%C3%A7%C3%A3o%20de%20Contas%20do%20Aux%C3%ADlio%20Sa%C3%BAde%20%28Guia%20do%20Solicitante%29\/\" target=\"_blank\">Presta\u00e7\u00e3o de contas do aux\u00edlio sa\u00fade<\/a><\/p>\n\n\n\n<p><a rel=\"noreferrer noopener\" href=\"https:\/\/ifbaiano.edu.br\/portal\/servidor\/afastamento\/\" target=\"_blank\">Afastamentos<\/a><\/p>\n\n\n\n<p><a rel=\"noreferrer noopener\" href=\"https:\/\/wiki.ifbaiano.edu.br\/bin\/view\/Wikis\/DGTI\/CODES\/Sistemas\/SUAP\/Manuais_e_Procedimentos_DGP\/Requerimento_substituicao_remunerada\/\" target=\"_blank\">Requerimento de substitui\u00e7\u00e3o remunerada<\/a><\/p>\n\n\n\n<p><a rel=\"noreferrer noopener\" href=\"https:\/\/ifbaiano.edu.br\/portal\/servidor\/incentivo-a-qualificacao\/\" target=\"_blank\">Incentivo \u00e0 qualifica\u00e7\u00e3o &#8211; TAE<\/a><\/p>\n\n\n\n<p><a rel=\"noreferrer noopener\" href=\"https:\/\/ifbaiano.edu.br\/portal\/servidor\/por-merito-profissional\/\" target=\"_blank\">Progress\u00e3o por m\u00e9rito<\/a><\/p>\n\n\n\n<p><a rel=\"noreferrer noopener\" href=\"https:\/\/ifbaiano.edu.br\/portal\/servidor\/avaliacao-de-desempenho-docente\/\" target=\"_blank\">Avalia\u00e7\u00e3o de desempenho docente<\/a><\/p>\n\n\n\n<p><a rel=\"noreferrer noopener\" href=\"https:\/\/ifbaiano.edu.br\/portal\/servidor\/aceleracao-de-promocao\/\" target=\"_blank\">Acelera\u00e7\u00e3o de promo\u00e7\u00e3o docente<\/a><\/p>\n\n\n\n<p><a rel=\"noreferrer noopener\" href=\"https:\/\/ifbaiano.edu.br\/portal\/servidor\/licenca-para-capacitacao\/\" target=\"_blank\">Licen\u00e7a para capacita\u00e7\u00e3o<\/a><\/p>\n\n\n\n<p><\/p>\n","protected":false},"excerpt":{"rendered":"<p>Portal do Servidor Cadastro de dependentes Fluxo e informa\u00e7\u00f5es do SUAP Programa\u00e7\u00e3o de f\u00e9rias Reprograma\u00e7\u00e3o de f\u00e9rias Interrup\u00e7\u00e3o de f\u00e9rias Cancelamento de f\u00e9rias Presta\u00e7\u00e3o de contas do aux\u00edlio sa\u00fade Afastamentos Requerimento de substitui\u00e7\u00e3o remunerada Incentivo \u00e0 qualifica\u00e7\u00e3o &#8211; TAE Progress\u00e3o por m\u00e9rito Avalia\u00e7\u00e3o de desempenho docente Acelera\u00e7\u00e3o de promo\u00e7\u00e3o docente Licen\u00e7a para capacita\u00e7\u00e3o<\/p>\n","protected":false},"author":139,"featured_media":0,"parent":0,"menu_order":0,"comment_status":"closed","ping_status":"closed","template":"","meta":[],"_links":{"self":[{"href":"https:\/\/www.ifbaiano.edu.br\/unidades\/teixeira\/wp-json\/wp\/v2\/pages\/9464"}],"collection":[{"href":"https:\/\/www.ifbaiano.edu.br\/unidades\/teixeira\/wp-json\/wp\/v2\/pages"}],"about":[{"href":"https:\/\/www.ifbaiano.edu.br\/unidades\/teixeira\/wp-json\/wp\/v2\/types\/page"}],"author":[{"embeddable":true,"href":"https:\/\/www.ifbaiano.edu.br\/unidades\/teixeira\/wp-json\/wp\/v2\/users\/139"}],"replies":[{"embeddable":true,"href":"https:\/\/www.ifbaiano.edu.br\/unidades\/teixeira\/wp-json\/wp\/v2\/comments?post=9464"}],"version-history":[{"count":12,"href":"https:\/\/www.ifbaiano.edu.br\/unidades\/teixeira\/wp-json\/wp\/v2\/pages\/9464\/revisions"}],"predecessor-version":[{"id":9580,"href":"https:\/\/www.ifbaiano.edu.br\/unidades\/teixeira\/wp-json\/wp\/v2\/pages\/9464\/revisions\/9580"}],"wp:attachment":[{"href":"https:\/\/www.ifbaiano.edu.br\/unidades\/teixeira\/wp-json\/wp\/v2\/media?parent=9464"}],"curies":[{"name":"wp","href":"https:\/\/api.w.org\/{rel}","templated":true}]}}