{"id":9481,"date":"2021-02-22T21:53:43","date_gmt":"2021-02-23T00:53:43","guid":{"rendered":"https:\/\/www.ifbaiano.edu.br\/unidades\/teixeira\/?page_id=9481"},"modified":"2021-02-22T22:42:08","modified_gmt":"2021-02-23T01:42:08","slug":"educacao-praticas-interdisciplinar-em-humanidades-e-letras","status":"publish","type":"page","link":"https:\/\/www.ifbaiano.edu.br\/unidades\/teixeira\/educacao-praticas-interdisciplinar-em-humanidades-e-letras\/","title":{"rendered":"P\u00f3s-Gradua\u00e7\u00e3o em Educa\u00e7\u00e3o: Pr\u00e1ticas Interdisciplinar em Humanidades e Letras"},"content":{"rendered":"\n<div class=\"wp-block-columns is-layout-flex wp-container-3\">\n<div class=\"wp-block-column is-layout-flow\" style=\"flex-basis:57%\">\n<div id=\"ProreitoriaTopoTitulo\" align=\"center\">\n\t\t\t\t\tApresenta\u00e7\u00e3o\n\t\t\t\t<\/div>\n\n\n\n<p><br>A Especializa\u00e7\u00e3o em Educa\u00e7\u00e3o: Pr\u00e1ticas Interdisciplinares em Humanidades e Letras objetiva a capacita\u00e7\u00e3o de profissionais da Educa\u00e7\u00e3o e de \u00e1reas afins no intuito de romper com o paradigma fragmentado do curr\u00edculo em que atualmente as disciplinas est\u00e3o dispostas.<br><br>Em fun\u00e7\u00e3o da atual organiza\u00e7\u00e3o dos curr\u00edculos das licenciaturas e da educa\u00e7\u00e3o b\u00e1sica, prioritariamente ser\u00e3o atendidos docentes com forma\u00e7\u00e3o em Letras, Artes, Hist\u00f3ria, Geografia, Filosofia e Ci\u00eancias Sociais. Entretanto, \u00e9 sabido que quase a metade dos docentes n\u00e3o possuem forma\u00e7\u00e3o na \u00e1rea em que atuam (BRASIL, 2009). Diante disso, esta especializa\u00e7\u00e3o poder\u00e1 contribuir para a capacita\u00e7\u00e3o desses sujeitos que atuam nas \u00e1reas de Humanidades e Letras, mas n\u00e3o possuem habilita\u00e7\u00e3o nessas \u00e1reas.<\/p>\n<\/div>\n\n\n\n<div class=\"wp-block-column is-layout-flow\" style=\"flex-basis:43%\">\n<div id=\"ProreitoriaTopoTitulo\" align=\"center\">\n\t\t\t\t\tInforma\u00e7\u00f5es Gerais\n\t\t\t\t<\/div>\n\n\n\n<table class=\"\" align=\"justify\">\n<tbody>\n<tr bgcolor=\"#CCC\"><td><strong>Denomina\u00e7\u00e3o do Curso:<\/strong>\u00a0Curso de P\u00f3s-Gradua\u00e7\u00e3o Lato Sensu em Educa\u00e7\u00e3o: Pr\u00e1ticas Interdisciplinares em Humanidades e Letras<\/td><\/tr>\n<tr><td><strong>Ato Autorizativo:<\/strong>PPC do Curso<\/td><\/tr>\n<tr bgcolor=\"#CCC\"><td><strong><strong>\u00c1rea do conhecimento (CAPES)<\/strong>\u00a0Educa\u00e7\u00e3o (7.08.00.00-6)\u00a0<\/strong><\/td><\/tr>\n<tr><td><strong>Modalidade de ensino:<\/strong>\u00a0Presencial\u00a0 <\/td><\/tr>\n<tr bgcolor=\"#CCC\"><td><strong>Tipo<\/strong>\u00a0P\u00f3s-Gradua\u00e7\u00e3o Lato Sensu<\/td><\/tr>\n<tr><td><strong>Numero de Vagas<\/strong>\u00a028 vagas<\/td><\/tr>\n<tr bgcolor=\"#CCC\"><td><strong>Turno de Funcionamento:<\/strong>\u00a0Quizenalmente \u00e0s ter\u00e7a e quintas no per\u00edodo noturno e s\u00e1bado no per\u00edodo matutino<\/td><\/tr>\n<tr><td><strong>Periodicidade da Oferta<\/strong>\u00a0Bienal<\/td><\/tr>\n<tr bgcolor=\"#CCC\"><td><strong>Carga Hor\u00e1ria:<\/strong>\u00a0360 horas<\/td><\/tr>\n<tr><td><strong>Forma de ingresso<\/strong>: o acesso ao curso ocorrer\u00e1 mediante processo seletivo, conforme previsto em Edital P\u00fablico.<\/td>\n<\/tbody>\n<\/table>\n<\/div>\n<\/div>\n\n\n\n<div class=\"wp-block-columns is-layout-flex wp-container-6\">\n<div class=\"wp-block-column is-layout-flow\" style=\"flex-basis:57%\">\n<div id=\"ProreitoriaTopoTitulo\" align=\"center\">\n\t\t\t\t\tCoordena\u00e7\u00e3o do Curso\n\t\t\t\t<\/div>\n\n\n\n<p><strong>Cyntia Dantas Flores<\/strong><br><em>Graduada em Geografia<\/em><br>Mestre em Geografia<br><a href=\"mailto:cintya.flores@ifbaiano.edu.br\">cintya.flores@ifbaiano.edu.br<\/a><br>CV:&nbsp;<a href=\"http:\/\/lattes.cnpq.br\/3639562497187970\">http:\/\/lattes.cnpq.br\/3639562497187970<\/a><\/p>\n<\/div>\n\n\n\n<div class=\"wp-block-column is-layout-flow\" style=\"flex-basis:43%\">\n<div id=\"ProreitoriaTopoTitulo\" align=\"center\">\n\t\t\t\t\tDocumentos\n\t\t\t\t<\/div>\n\n\n\n<div class=\"wp-block-file\"><a href=\"https:\/\/www.ifbaiano.edu.br\/unidades\/teixeira\/files\/2021\/02\/PPC-do-Curso-de-pos-graduacao-em-Praticas-Interdisciplinares-em-Humanidades-e-Letras..pdf\">Projeto Politico Pedag\u00f3gico do Curso de p\u00f3s-gradua\u00e7\u00e3o em Pr\u00e1ticas Interdisciplinares em Humanidades e Letras.<\/a><a href=\"https:\/\/www.ifbaiano.edu.br\/unidades\/teixeira\/files\/2021\/02\/PPC-do-Curso-de-pos-graduacao-em-Praticas-Interdisciplinares-em-Humanidades-e-Letras..pdf\" class=\"wp-block-file__button\" download>Baixar<\/a><\/div>\n<\/div>\n<\/div>\n\n\n\n<div class=\"wp-block-columns is-layout-flex wp-container-10\">\n<div class=\"wp-block-column is-layout-flow\" style=\"flex-basis:57%\">\n<div id=\"ProreitoriaTopoTitulo\" align=\"center\">\n\t\t\t\t\tPerfil Profissional e Campo de Atua\u00e7\u00e3o\n\t\t\t\t<\/div>\n\n\n\n<p><strong><strong>Perfil Profissional<\/strong><\/strong><br><br><\/p>\n\n\n\n<p>O egresso do curso de especializa\u00e7\u00e3o em Educa\u00e7\u00e3o: Pr\u00e1ticas Interdisciplinares em Humanidades e Letras estar\u00e1 capacitado para atuar de forma interdisciplinar e por meio de projetos na Educa\u00e7\u00e3o. \u00c9 fundamental a promo\u00e7\u00e3o da forma\u00e7\u00e3o continuada de qualidade e este curso pretende formar profissionais que estejam preparados para lidar com as necessidades educacionais da regi\u00e3o.<br><br><strong>Campo de atua\u00e7\u00e3o<\/strong><br><br>O egresso ser\u00e1 especialista em educa\u00e7\u00e3o e interdisciplinaridade, sendo capaz de:<\/p>\n\n\n\n<p>1 &#8211; Contribuir para a melhoria do processo de ensino-aprendizagem nas disciplinas de Letras, Artes e Ci\u00eancias Humanas da Educa\u00e7\u00e3o B\u00e1sica a partir de uma perspectiva interdisciplinar;<br>2 &#8211; Usar os conhecimentos adquiridos em favor de uma pr\u00e1tica docente na perspectiva da interliga\u00e7\u00e3o de saberes;<br>3 &#8211; Interagir com outras \u00e1reas, atuando em equipes interdisciplinares na elabora\u00e7\u00e3o e execu\u00e7\u00e3o de pesquisas e projetos de ensino<\/p>\n<\/div>\n\n\n\n<div class=\"wp-block-column is-layout-flow\" style=\"flex-basis:43%\">\n<div id=\"ProreitoriaTopoTitulo\" align=\"center\">\n\t\t\t\t\tDocentes\n\t\t\t\t<\/div>\n\n\n\n<p><\/p>\n\n\n\n<div class=\"wp-block-buttons aligncenter is-layout-flex\">\n<div class=\"wp-block-button is-style-outline\"><a class=\"wp-block-button__link has-vivid-cyan-blue-color has-text-color\" href=\"https:\/\/www.ifbaiano.edu.br\/unidades\/teixeira\/educacao-praticas-interdisciplinar-em-humanidades-e-letras\/2\/\">Corpo Docente<\/a><\/div>\n<\/div>\n<\/div>\n<\/div>\n\n\n\n<div class=\"wp-block-columns is-layout-flex wp-container-14\">\n<div class=\"wp-block-column is-layout-flow\">\n<div id=\"ProreitoriaTopoTitulo\" align=\"center\">\n\t\t\t\t\tInfraestrutura\n\t\t\t\t<\/div>\n\n\n\n<p>O curso conta com infraestrutura composta por salas de aulas, laborat\u00f3rios de inform\u00e1tica, biblioteca, espa\u00e7o multiuso, equipamentos audiovisuais e acesso a internet. <\/p>\n<\/div>\n\n\n\n<div class=\"wp-block-column is-layout-flow\">\n<div id=\"ProreitoriaTopoTitulo\" align=\"center\">\n\t\t\t\t\tComunica\u00e7\u00e3o e Marketing\n\t\t\t\t<\/div>\n\n\n\n<p>Fa\u00e7a o Download<\/p>\n<\/div>\n\n\n\n<div class=\"wp-block-column is-layout-flow\">\n<div id=\"ProreitoriaTopoTitulo\" align=\"center\">\n\t\t\t\t\tNot\u00edcias e Projetos\n\t\t\t\t<\/div>\n\n\n\n<p>Not\u00edcias, Ensino, Pesquisa e Extens\u00e3o.<\/p>\n<\/div>\n<\/div>\n\n\n\n<!--nextpage-->\n\n\n\n<p class=\"has-text-align-center\"><strong>CORPO DOCENTE<\/strong><\/p>\n\n\n\n<div class=\"wp-block-columns is-layout-flex wp-container-18\">\n<div class=\"wp-block-column is-layout-flow\">\n<hr class=\"wp-block-separator\" \/>\n\n\n\n<p><strong>Cassia Cilene Fernandes Avila<\/strong><br><em>Graduada em Letras<\/em><br>Doutora em L\u00edngua Portuguesa<br><a href=\"mailto:cassia.fernandes@ifbaiano.edu.br\">cassia.fernandes@ifbaiano.edu.br<\/a><br>CV:&nbsp;<a href=\"http:\/\/lattes.cnpq.br\/7072790433066976\">http:\/\/lattes.cnpq.br\/7072790433066976<\/a><\/p>\n\n\n\n<hr class=\"wp-block-separator\" \/>\n\n\n\n<p><strong>Dimas Catai Santos Junior<\/strong><br><em>Graduado em Historia<\/em><br>Mestre em Hist\u00f3ria<br><a href=\"mailto:dimas.santos@ifbaiano.edu.br\">dimas.santos@ifbaiano.edu.br<\/a><br>CV:&nbsp;<a href=\"http:\/\/lattes.cnpq.br\/6354385971906798\">http:\/\/lattes.cnpq.br\/6354385971906798<\/a><\/p>\n\n\n\n<hr class=\"wp-block-separator\" \/>\n\n\n\n<p><strong>Joao Batista Botton<\/strong><br><em>Graduado em Filosofia Licenciatura Plena<\/em><br>Doutor em Filosofia<br><a href=\"mailto:joao.botton@ifbaiano.edu.br\">joao.botton@ifbaiano.edu.br<\/a><br>CV:&nbsp;<a href=\"http:\/\/lattes.cnpq.br\/2934841447337623\">http:\/\/lattes.cnpq.br\/2934841447337623<\/a><\/p>\n\n\n\n<hr class=\"wp-block-separator\" \/>\n\n\n\n<p><strong>Laikui Cardoso Lins<\/strong><br><em>Gradua\u00e7\u00e3o em Licenciatura em Letras Vern\u00e1culas<\/em><br>Mestrado em Licenciatura e Diversidade Cultural<a href=\"mailto:laikui.lins@ifbaiano.edu.br\"><br>laikui.lins@ifbaiano.edu.br<\/a><br>CV:&nbsp;<a href=\"http:\/\/lattes.cnpq.br\/0859047882947007\">http:\/\/lattes.cnpq.br\/0859047882947007<\/a><\/p>\n\n\n\n<hr class=\"wp-block-separator\" \/>\n\n\n\n<p><strong>Poliana Cordeiro de Farias<\/strong><br><em>Graduada em Hist\u00f3ria<\/em><br>Mestre em Ensino, Filosofia e Hist\u00f3ria das Ci\u00eancias<br><a href=\"mailto:poliana.farias@ifbaiano.edu.br\">poliana.farias@ifbaiano.edu.br<\/a><br>CV:&nbsp;<a href=\"http:\/\/lattes.cnpq.br\/1225618064512205\">http:\/\/lattes.cnpq.br\/1225618064512205<\/a><\/p>\n\n\n\n<hr class=\"wp-block-separator\" \/>\n<\/div>\n\n\n\n<div class=\"wp-block-column is-layout-flow\">\n<hr class=\"wp-block-separator\" \/>\n\n\n\n<p><strong>Cyntia Dantas Flores<\/strong><br><em>Graduada em Geografia<\/em><br>Mestre em Geografia<br><a href=\"mailto:cintya.flores@ifbaiano.edu.br\">cintya.flores@ifbaiano.edu.br<\/a><br>CV:&nbsp;<a href=\"http:\/\/lattes.cnpq.br\/3639562497187970\">http:\/\/lattes.cnpq.br\/3639562497187970<\/a><\/p>\n\n\n\n<hr class=\"wp-block-separator\" \/>\n\n\n\n<p><strong>Dhanyane Alves Castro<\/strong><br><em>Graduada em Ci\u00eancias Sociais<\/em><br>Doutora em Ci\u00eancias Sociais<br><a href=\"mailto:dhanyane.castro@ifbaiano.edu.br\">dhanyane.castro@ifbaiano.edu.br<\/a><br>CV:&nbsp;<a href=\"http:\/\/lattes.cnpq.br\/1477428164496562\">http:\/\/lattes.cnpq.br\/1477428164496562<\/a><\/p>\n\n\n\n<hr class=\"wp-block-separator\" \/>\n\n\n\n<p><strong>Joao Rodrigues Pinto<\/strong><br><em>Graduado em Letras<\/em><br>Doutor em Lingu\u00edstica<br>joao.pinto@ifbaiano.edu.br<br>CV:&nbsp;<a href=\"http:\/\/lattes.cnpq.br\/3549451386093790\">http:\/\/lattes.cnpq.br\/3549451386093790<\/a><\/p>\n\n\n\n<hr class=\"wp-block-separator\" \/>\n\n\n\n<p><\/p>\n\n\n\n<p><strong>Welton Rodrigues Santos<\/strong><br><em>Graduado em Letras \u2013 Portugu\u00eas, Espanhol e Literaturas<\/em><br>Mestre em Lingu\u00edsticas e L\u00edngua Portuguesa<br><a href=\"mailto:welton.santos@ifbaiano.edu.br\">welton.santos@ifbaiano.edu.br<\/a><br>CV:&nbsp;<a href=\"http:\/\/lattes.cnpq.br\/8944044951262477\">http:\/\/lattes.cnpq.br\/8944044951262477<\/a><\/p>\n\n\n\n<hr class=\"wp-block-separator\" \/>\n<\/div>\n\n\n\n<div class=\"wp-block-column is-layout-flow\">\n<hr class=\"wp-block-separator\" \/>\n\n\n\n<p><strong>Cintia Aparecida Amorim<\/strong><br><em>Graduada em ABI \u2013 Letras Vern\u00e1culas e L\u00edngua Estrangeira Moderna<\/em><br>Mestre em M\u00e1ster en formaci\u00f3n de profesores de espa\u00f1ol \u2013 LE<br><a href=\"mailto:cintia.amorim@ifbaiano.edu.br\">cintia.amorim@ifbaiano.edu.br<\/a><br>CV:&nbsp;<a href=\"http:\/\/lattes.cnpq.br\/7734446904571298\">http:\/\/lattes.cnpq.br\/7734446904571298<\/a><\/p>\n\n\n\n<hr class=\"wp-block-separator\" \/>\n\n\n\n<p><strong>Eva Aparecida de Oliveira<\/strong><br><em>Graduada em Letras \u2013 Portugu\u00eas e Italiano<\/em><br>Doutora em Teoria e Hist\u00f3ria Liter\u00e1ria<br><a href=\"mailto:eva.oliveira@ifbaiano.edu.br\">eva.oliveira@ifbaiano.edu.br<\/a><br>CV:&nbsp;<a href=\"http:\/\/lattes.cnpq.br\/2912560230988856\">http:\/\/lattes.cnpq.br\/2912560230988856<\/a><\/p>\n\n\n\n<hr class=\"wp-block-separator\" \/>\n\n\n\n<p><strong>Jose Pereira Torres<\/strong><br><em>Graduado em Pedagogia<\/em><br>Especialista em Educa\u00e7\u00e3o Profissional e Tecnol\u00f3gica<br><a href=\"mailto:jose.torres@ifbaiano.edu.br\">jose.torres@ifbaiano.edu.br<\/a><br>CV:&nbsp;<a href=\"http:\/\/lattes.cnpq.br\/2666124254603993\">http:\/\/lattes.cnpq.br\/2666124254603993<\/a><\/p>\n\n\n\n<hr class=\"wp-block-separator\" \/>\n\n\n\n<p><strong>Neidiane Brito da Silva Sa<\/strong><br><em>Graduada em Letras e Artes<\/em><br>Mestre em Letras: Linguagens e Representa\u00e7\u00f5es<br><a href=\"mailto:neidiane.sa@ifbaiano.edu.br\">neidiane.sa@ifbaiano.edu.br<\/a><br>CV:&nbsp;<a href=\"http:\/\/lattes.cnpq.br\/2202793488354009\">http:\/\/lattes.cnpq.br\/2202793488354009<\/a><\/p>\n\n\n\n<hr class=\"wp-block-separator\" \/>\n<\/div>\n<\/div>\n\n\n\n<hr class=\"wp-block-separator\" \/>\n\n\n\n<div class=\"wp-block-buttons aligncenter is-layout-flex\">\n<div class=\"wp-block-button is-style-outline\"><a class=\"wp-block-button__link has-vivid-cyan-blue-color has-text-color\" href=\"https:\/\/www.ifbaiano.edu.br\/unidades\/teixeira\/educacao-praticas-interdisciplinar-em-humanidades-e-letras\/\">P\u00e1gina Inicial<\/a><\/div>\n<\/div>\n","protected":false},"excerpt":{"rendered":"<p>Apresenta\u00e7\u00e3o A Especializa\u00e7\u00e3o em Educa\u00e7\u00e3o: Pr\u00e1ticas Interdisciplinares em Humanidades e Letras objetiva a capacita\u00e7\u00e3o de profissionais da Educa\u00e7\u00e3o e de \u00e1reas afins no intuito de romper com o paradigma fragmentado do curr\u00edculo em que atualmente as disciplinas est\u00e3o dispostas. Em fun\u00e7\u00e3o da atual organiza\u00e7\u00e3o dos curr\u00edculos das licenciaturas e da educa\u00e7\u00e3o b\u00e1sica, prioritariamente ser\u00e3o atendidos [&hellip;]<\/p>\n","protected":false},"author":31,"featured_media":0,"parent":0,"menu_order":0,"comment_status":"closed","ping_status":"closed","template":"","meta":[],"_links":{"self":[{"href":"https:\/\/www.ifbaiano.edu.br\/unidades\/teixeira\/wp-json\/wp\/v2\/pages\/9481"}],"collection":[{"href":"https:\/\/www.ifbaiano.edu.br\/unidades\/teixeira\/wp-json\/wp\/v2\/pages"}],"about":[{"href":"https:\/\/www.ifbaiano.edu.br\/unidades\/teixeira\/wp-json\/wp\/v2\/types\/page"}],"author":[{"embeddable":true,"href":"https:\/\/www.ifbaiano.edu.br\/unidades\/teixeira\/wp-json\/wp\/v2\/users\/31"}],"replies":[{"embeddable":true,"href":"https:\/\/www.ifbaiano.edu.br\/unidades\/teixeira\/wp-json\/wp\/v2\/comments?post=9481"}],"version-history":[{"count":17,"href":"https:\/\/www.ifbaiano.edu.br\/unidades\/teixeira\/wp-json\/wp\/v2\/pages\/9481\/revisions"}],"predecessor-version":[{"id":10829,"href":"https:\/\/www.ifbaiano.edu.br\/unidades\/teixeira\/wp-json\/wp\/v2\/pages\/9481\/revisions\/10829"}],"wp:attachment":[{"href":"https:\/\/www.ifbaiano.edu.br\/unidades\/teixeira\/wp-json\/wp\/v2\/media?parent=9481"}],"curies":[{"name":"wp","href":"https:\/\/api.w.org\/{rel}","templated":true}]}}