{"id":9574,"date":"2021-03-25T17:57:39","date_gmt":"2021-03-25T20:57:39","guid":{"rendered":"https:\/\/www.ifbaiano.edu.br\/unidades\/teixeira\/?page_id=9574"},"modified":"2021-03-30T13:41:02","modified_gmt":"2021-03-30T16:41:02","slug":"napne","status":"publish","type":"page","link":"https:\/\/www.ifbaiano.edu.br\/unidades\/teixeira\/diretoria-academica\/napne\/","title":{"rendered":"NAPNE &#8211; N\u00facleo de Atendimento a Pessoas com Necessidades Espec\u00edficas"},"content":{"rendered":"\n<div id=\"documentoshome\"><div id=\"doctitulo\">\n\t\t\t\t\tSOBRE\n\t\t\t\t<\/div><\/div>\n\n\n\n<p>O NAPNE &#8211; N\u00facleo de Atendimento a Pessoas com Necessidades Espec\u00edficas, \u00e9 um setor&nbsp;consultivo que realiza:<\/p>\n\n\n\n<p>\u2013 Articula\u00e7\u00e3o entre setores institucionais nas atividades relativas \u00e0 inclus\u00e3o da Pessoa com Necessidades Espec\u00edficas.<\/p>\n\n\n\n<p>\u2013 Defini\u00e7\u00e3o de prioridades no desenvolvimento e disponibiliza\u00e7\u00e3o de materiais pedag\u00f3gicos e equipamentos de Tecnologia Assistiva.<\/p>\n\n\n\n<p>\u2013 Gerenciamento&nbsp; de parcerias&nbsp;para&nbsp;&nbsp;apoio t\u00e9cnico.<\/p>\n\n\n\n<p>\u2013 Promo\u00e7\u00e3o e divulga\u00e7\u00e3o de eventos relacionados.<\/p>\n\n\n\n<div id=\"documentoshome\"><div id=\"doctitulo\">\n\t\t\t\t\tEQUIPE DE TRABALHO\n\t\t\t\t<\/div><\/div>\n\n\n\n<p>Eva Aparecida de Oliveira &#8211; Coordenadora<\/p>\n\n\n\n<p>Cristiany Santana Monteiro &#8211; Assistente de Aluno<\/p>\n\n\n\n<p>Gabrielli Ornallas Schramm &#8211; Psic\u00f3loga<\/p>\n\n\n\n<p>Greice Moraes Correia Fonseca &#8211; Revisor de Texto Braile<\/p>\n\n\n\n<p>Jardelson Rocha Oliveira &#8211; Enfermeiro<\/p>\n\n\n\n<p>Maximilian Leite Santos &#8211; Odont\u00f3logo<\/p>\n\n\n\n<p>Raoni Soares Amaral &#8211; Assistente de Aluno<\/p>\n\n\n\n<p>Renata Cristina dos Reis &#8211; Professora EBTT<\/p>\n\n\n\n<p>Ricardo Rocha Rabelo &#8211; Professor EBTT<\/p>\n\n\n\n<p>Rogerio Quinhones &#8211; Professor EBTT<\/p>\n\n\n\n<p>Sara Mendes Oliveira Lima &#8211; T\u00e9cnica em Tecnologia da Informa\u00e7\u00e3o<\/p>\n\n\n\n<p>Tainan Cristina de Araujo Bogo &#8211; Assistente Social<\/p>\n\n\n\n<p>Vagner Costa Oliveira &#8211; Professor EBTT<\/p>\n\n\n\n<div id=\"documentoshome\"><div id=\"doctitulo\">\n\t\t\t\t\tDOCUMENTOS\n\t\t\t\t<\/div><\/div>\n\n\n\n<div class=\"wp-block-file\"><a href=\"https:\/\/www.ifbaiano.edu.br\/unidades\/teixeira\/files\/2021\/03\/Portaria-17-2021-TDF-GAB-TDF-DG-RET-IFBAIANO-NAPNE.pdf\">Portaria-17-2021-TDF-GAB-TDF-DG-RET-IFBAIANO-NAPNE<\/a><a href=\"https:\/\/www.ifbaiano.edu.br\/unidades\/teixeira\/files\/2021\/03\/Portaria-17-2021-TDF-GAB-TDF-DG-RET-IFBAIANO-NAPNE.pdf\" class=\"wp-block-file__button\" download>Baixar<\/a><\/div>\n","protected":false},"excerpt":{"rendered":"<p>SOBRE O NAPNE &#8211; N\u00facleo de Atendimento a Pessoas com Necessidades Espec\u00edficas, \u00e9 um setor&nbsp;consultivo que realiza: \u2013 Articula\u00e7\u00e3o entre setores institucionais nas atividades relativas \u00e0 inclus\u00e3o da Pessoa com Necessidades Espec\u00edficas. \u2013 Defini\u00e7\u00e3o de prioridades no desenvolvimento e disponibiliza\u00e7\u00e3o de materiais pedag\u00f3gicos e equipamentos de Tecnologia Assistiva. \u2013 Gerenciamento&nbsp; de parcerias&nbsp;para&nbsp;&nbsp;apoio t\u00e9cnico. \u2013 Promo\u00e7\u00e3o [&hellip;]<\/p>\n","protected":false},"author":31,"featured_media":0,"parent":1346,"menu_order":0,"comment_status":"closed","ping_status":"closed","template":"","meta":[],"_links":{"self":[{"href":"https:\/\/www.ifbaiano.edu.br\/unidades\/teixeira\/wp-json\/wp\/v2\/pages\/9574"}],"collection":[{"href":"https:\/\/www.ifbaiano.edu.br\/unidades\/teixeira\/wp-json\/wp\/v2\/pages"}],"about":[{"href":"https:\/\/www.ifbaiano.edu.br\/unidades\/teixeira\/wp-json\/wp\/v2\/types\/page"}],"author":[{"embeddable":true,"href":"https:\/\/www.ifbaiano.edu.br\/unidades\/teixeira\/wp-json\/wp\/v2\/users\/31"}],"replies":[{"embeddable":true,"href":"https:\/\/www.ifbaiano.edu.br\/unidades\/teixeira\/wp-json\/wp\/v2\/comments?post=9574"}],"version-history":[{"count":3,"href":"https:\/\/www.ifbaiano.edu.br\/unidades\/teixeira\/wp-json\/wp\/v2\/pages\/9574\/revisions"}],"predecessor-version":[{"id":9622,"href":"https:\/\/www.ifbaiano.edu.br\/unidades\/teixeira\/wp-json\/wp\/v2\/pages\/9574\/revisions\/9622"}],"up":[{"embeddable":true,"href":"https:\/\/www.ifbaiano.edu.br\/unidades\/teixeira\/wp-json\/wp\/v2\/pages\/1346"}],"wp:attachment":[{"href":"https:\/\/www.ifbaiano.edu.br\/unidades\/teixeira\/wp-json\/wp\/v2\/media?parent=9574"}],"curies":[{"name":"wp","href":"https:\/\/api.w.org\/{rel}","templated":true}]}}