{"id":9589,"date":"2021-03-29T12:48:51","date_gmt":"2021-03-29T15:48:51","guid":{"rendered":"https:\/\/www.ifbaiano.edu.br\/unidades\/teixeira\/?page_id=9589"},"modified":"2025-04-01T16:52:27","modified_gmt":"2025-04-01T19:52:27","slug":"neabi","status":"publish","type":"page","link":"https:\/\/www.ifbaiano.edu.br\/unidades\/teixeira\/diretoria-academica\/neabi\/","title":{"rendered":"NEABI &#8211; N\u00facleo de Estudos Afro-brasileiros e Ind\u00edgenas"},"content":{"rendered":"\n<figure class=\"wp-block-image size-large is-resized\"><img decoding=\"async\" loading=\"lazy\" src=\"https:\/\/ifbaiano.edu.br\/portal\/neabi\/wp-content\/uploads\/sites\/97\/2020\/11\/banner-neabi.png\" alt=\"\" width=\"970\" height=\"170\" \/><\/figure>\n\n\n\n<div id=\"documentoshome\"><div id=\"doctitulo\">\n\t\t\t\t\tSOBRE\n\t\t\t\t<\/div><\/div>\n\n\n\n<p>O NEABI \u00e9 um N\u00facleo de Assessoramento de natureza propositiva, consultiva e deliberativa no tocante \u00e0s quest\u00f5es da diversidade na perspectiva dos princ\u00edpios multiculturais, tendo como escopo o fomento a estudos das quest\u00f5es etnicorraciais e o desenvolvimento de a\u00e7\u00f5es de valoriza\u00e7\u00e3o das identidades afro e ind\u00edgena.<\/p>\n\n\n\n<div class=\"wp-block-columns is-layout-flex wp-container-3\">\n<div class=\"wp-block-column is-layout-flow\" style=\"flex-basis:33.33%\">\n<div id=\"documentoshome\"><div id=\"doctitulo\">\n\t\t\t\t\tOBJETIVO\n\t\t\t\t<\/div><\/div>\n\n\n\n<p>O NEABI tem como objetivo principal fomentar a discuss\u00e3o, articular e promover a\u00e7\u00f5es referentes ao respeito \u00e0 diversidade etnicorracial e \u00e0 prote\u00e7\u00e3o de direitos de pessoas e grupos \u00e9tnicos atingidos por atos discriminat\u00f3rios, a exemplo do racismo, atrav\u00e9s do assessoramento ao ensino, \u00e0 pesquisa e \u00e0 extens\u00e3o.<\/p>\n\n\n\n<p><\/p>\n\n\n\n<div id=\"documentoshome\"><div id=\"doctitulo\">\n\t\t\t\t\tATRIBUI\u00c7\u00d5ES\n\t\t\t\t<\/div><\/div>\n\n\n\n<p><strong><a rel=\"noreferrer noopener\" href=\"https:\/\/ifbaiano.edu.br\/portal\/neabi\/coordenacao-do-neabi-geral\/\" target=\"_blank\">Coordena\u00e7\u00e3o do NEABI Geral<\/a><\/strong><\/p>\n\n\n\n<p><strong><a rel=\"noreferrer noopener\" href=\"https:\/\/ifbaiano.edu.br\/portal\/neabi\/grupo-gestor-do-neabi-local\/\" target=\"_blank\">Grupo Gestor do NEABI Local<\/a><\/strong><\/p>\n\n\n\n<p><strong><a rel=\"noreferrer noopener\" href=\"https:\/\/ifbaiano.edu.br\/portal\/neabi\/membros-do-neabi\/\" target=\"_blank\">Membros do NEABI<\/a><\/strong><\/p>\n\n\n\n<p><\/p>\n\n\n\n<div id=\"documentoshome\"><div id=\"doctitulo\">\n\t\t\t\t\tDocumentos Norteadores\n\t\t\t\t<\/div><\/div>\n\n\n\n<p><strong><a rel=\"noreferrer noopener\" href=\"https:\/\/ifbaiano.edu.br\/portal\/neabi\/legislacoes-e-documentos\/\" target=\"_blank\">Documentos Norteadores<\/a><\/strong><\/p>\n\n\n\n<p><\/p>\n\n\n\n<div id=\"documentoshome\"><div id=\"doctitulo\">\n\t\t\t\t\tEQUIPE DE TRABALHO\n\t\t\t\t<\/div><\/div>\n\n\n\n<p><strong>Priscila Ferreira de Oliveira<\/strong><br>Coordenadora<\/p>\n\n\n\n<p><strong>Alberto Tomo Chirinda<\/strong><br>Vice-Coordenador<\/p>\n\n\n\n<p><strong>Livia Santana dos Santos<\/strong><br>Secret\u00e1ria Local<\/p>\n\n\n\n<p><strong>Carolina Costa Silva<\/strong><br>Representante Discente<\/p>\n\n\n\n<p><strong>Benedita Esmerinda Ivo Celestino<\/strong><br>Representante Externo<\/p>\n\n\n\n<p><\/p>\n\n\n\n<div id=\"documentoshome\"><div id=\"doctitulo\">\n\t\t\t\t\tPORTARIA LOCAL\n\t\t\t\t<\/div><\/div>\n\n\n\n<div class=\"wp-block-file\"><a id=\"wp-block-file--media-ccb85c15-9f31-4aaf-a577-e9929716ee0d\" href=\"https:\/\/www.ifbaiano.edu.br\/unidades\/teixeira\/files\/2021\/03\/Portaria-14-2021-TDF-GAB-TDF-DG-RET-IFBAIANO-NEABI.pdf\">Portaria 14\/2021 &#8211; TDF-GAB\/TDF-DG\/RET\/IFBAIANO &#8211; NEABI<\/a><a href=\"https:\/\/www.ifbaiano.edu.br\/unidades\/teixeira\/files\/2021\/03\/Portaria-14-2021-TDF-GAB-TDF-DG-RET-IFBAIANO-NEABI.pdf\" class=\"wp-block-file__button wp-element-button\" download aria-describedby=\"wp-block-file--media-ccb85c15-9f31-4aaf-a577-e9929716ee0d\">Baixar<\/a><\/div>\n\n\n\n<p><\/p>\n\n\n\n<div id=\"documentoshome\"><div id=\"doctitulo\">\n\t\t\t\t\tEDITAIS\n\t\t\t\t<\/div><\/div>\n\n\n\n<figure class=\"wp-block-embed is-type-wp-embed is-provider-campus-teixeira-de-freitas wp-block-embed-campus-teixeira-de-freitas\"><div class=\"wp-block-embed__wrapper\">\n<blockquote class=\"wp-embedded-content\" data-secret=\"98IbekBzUN\"><a href=\"https:\/\/www.ifbaiano.edu.br\/unidades\/teixeira\/diretoria-academica\/neabi\/editais-neabi\/\">EDITAIS &#8211; NEABI \u2013 N\u00facleo de Estudos Afro-brasileiros e Ind\u00edgenas<\/a><\/blockquote><iframe class=\"wp-embedded-content\" sandbox=\"allow-scripts\" security=\"restricted\" style=\"position: absolute; clip: rect(1px, 1px, 1px, 1px);\" title=\"&#8220;EDITAIS &#8211; NEABI \u2013 N\u00facleo de Estudos Afro-brasileiros e Ind\u00edgenas&#8221; &#8212; Campus Teixeira de Freitas\" src=\"https:\/\/www.ifbaiano.edu.br\/unidades\/teixeira\/diretoria-academica\/neabi\/editais-neabi\/embed\/#?secret=hyh1MALjJ6#?secret=98IbekBzUN\" data-secret=\"98IbekBzUN\" width=\"500\" height=\"282\" frameborder=\"0\" marginwidth=\"0\" marginheight=\"0\" scrolling=\"no\"><\/iframe>\n<\/div><\/figure>\n\n\n\n<div id=\"documentoshome\"><div id=\"doctitulo\">\n\t\t\t\t\tLOGO\n\t\t\t\t<\/div><\/div>\n\n\n<div class=\"wp-block-image\">\n<figure class=\"aligncenter size-large is-resized\"><a href=\"https:\/\/www.ifbaiano.edu.br\/unidades\/teixeira\/files\/2021\/03\/marca-neabi-teixeira-de-freitas.png\" target=\"_blank\" rel=\"noopener\"><img decoding=\"async\" loading=\"lazy\" src=\"https:\/\/www.ifbaiano.edu.br\/unidades\/teixeira\/files\/2021\/03\/marca-neabi-teixeira-de-freitas.png\" alt=\"\" class=\"wp-image-9604\" width=\"194\" height=\"270\" \/><\/a><\/figure><\/div><\/div>\n\n\n\n<div class=\"wp-block-column is-layout-flow\" style=\"flex-basis:66.66%\">\n<div id=\"documentoshome\"><div id=\"doctitulo\">\n\t\t\t\t\tCompet\u00eancias\n\t\t\t\t<\/div><\/div>\n\n\n\n<p>Ao NEABI, tamb\u00e9m compete:<\/p>\n\n\n\n<p>I. Estimular e assessorar a cria\u00e7\u00e3o e atua\u00e7\u00e3o dos NEABI em todos os campi do IF BAIANO.<\/p>\n\n\n\n<p>II. Manter di\u00e1logo permanente com os F\u00f3runs de Educa\u00e7\u00e3o e Diversidade, Organiza\u00e7\u00f5es, Associa\u00e7\u00f5es e Representa\u00e7\u00f5es da sociedade civil que atuem com a tem\u00e1tica etnicorracial.<\/p>\n\n\n\n<p>III. Estimular a produ\u00e7\u00e3o de Materiais Did\u00e1ticos sobre a educa\u00e7\u00e3o para as rela\u00e7\u00f5es etnicorraciais.<\/p>\n\n\n\n<p>IV. Assessorar e participar do processo de inser\u00e7\u00e3o da tem\u00e1tica etnicorracial nos manuais e documentos oficiais editados pelo IF BAIANO no que se refere \u00e0s a\u00e7\u00f5es em todos os n\u00edveis e modalidades de ensino, pesquisa e extens\u00e3o.<\/p>\n\n\n\n<p>V. Apoiar e acompanhar proposi\u00e7\u00f5es de a\u00e7\u00f5es de capacita\u00e7\u00e3o e assessoramento t\u00e9cnico para povos de territ\u00f3rios e comunidades tradicionais.<\/p>\n\n\n\n<p>VI. Incentivar o estabelecimento de programas de p\u00f3s-gradua\u00e7\u00e3o e de forma\u00e7\u00e3o continuada em educa\u00e7\u00e3o das rela\u00e7\u00f5es etnicorraciais, ensino de hist\u00f3ria e cultura afro-brasileira, africana e ind\u00edgena para os servidores do IF BAIANO e para educadores da regi\u00e3o de abrang\u00eancia de cada campus, de acordo com o disposto na Resolu\u00e7\u00e3o CNE\/CP 01\/2004 (Institui Diretrizes Curriculares Nacionais para a Educa\u00e7\u00e3o das Rela\u00e7\u00f5es Etnicorraciais e para o Ensino de Hist\u00f3ria e Cultura Afro-Brasileira e Africana.) e no Parecer CNE\/CP n\u00ba 03\/2004, e na Lei 11645\/08.<\/p>\n\n\n\n<p>VII. Incentivar as rela\u00e7\u00f5es interinstitucionais, comunit\u00e1rias e entre os setores p\u00fablico, privado e n\u00e3o governamental, no que diz respeito \u00e0s rela\u00e7\u00f5es etnicorraciais, no intuito de proporcionar maior intera\u00e7\u00e3o da popula\u00e7\u00e3o com a educa\u00e7\u00e3o, promovendo o espa\u00e7o acad\u00eamico a fator de integra\u00e7\u00e3o.<\/p>\n\n\n\n<p>VIII. Incentivar e monitorar a reivindica\u00e7\u00e3o da reserva de vagas (cotas) para afrodescendentes, remanescentes de quilombos, aldeados e ind\u00edgenas nos processos seletivos de ingresso e concursos p\u00fablicos do IF BAIANO.<\/p>\n\n\n\n<p>IX. Divulgar e disponibilizar estudos (textos, artigos, monografias, disserta\u00e7\u00f5es, teses, v\u00eddeos, relat\u00f3rios de pesquisas, materiais did\u00e1ticos) e atividades de forma\u00e7\u00e3o continuada sobre rela\u00e7\u00f5es etnicorraciais, hist\u00f3ria e cultura afro-brasileira e africana.<br><br>X. Divulgar e disponibilizar estudos (textos, artigos, monografias, disserta\u00e7\u00f5es, teses, v\u00eddeos, relat\u00f3rios de pesquisas, materiais did\u00e1ticos) e atividades de forma\u00e7\u00e3o continuada sobre rela\u00e7\u00f5es etnicorraciais, hist\u00f3ria e cultura das etnias ind\u00edgenas brasileiras.<\/p>\n\n\n\n<p>XI. Contribuir para o desenvolvimento de pr\u00e1ticas pedag\u00f3gicas reflexivas, participativas, interdisciplinares e transdisciplinares, que possibilitem ao educador e ao educando o entendimento da estrutura social desigual brasileira.<\/p>\n\n\n\n<p>XII. Assessorar a gest\u00e3o institucional em a\u00e7\u00f5es de pesquisa, desenvolvimento e aquisi\u00e7\u00e3o de materiais did\u00e1ticos diversos, inclusive dos pr\u00f3prios educandos, que respeitem, valorizem e promovam a valoriza\u00e7\u00e3o da diversidade cultural, a fim de subsidiar pr\u00e1ticas pedag\u00f3gicas adequadas \u00e0 educa\u00e7\u00e3o para as rela\u00e7\u00f5es etnicorraciais.<\/p>\n\n\n\n<p>XIII. Indicar obras para o acervo das bibliotecas (do campus e do NEABI) sobre a tem\u00e1tica etnicoracial, respeitando-se as especificidades da faixa et\u00e1ria e da regi\u00e3o geogr\u00e1fica do aprendiz.<\/p>\n\n\n\n<p>XIV. Reivindicar a inser\u00e7\u00e3o da tem\u00e1tica da educa\u00e7\u00e3o para as rela\u00e7\u00f5es etnicorraciais na pauta das reuni\u00f5es, f\u00f3runs e colegiados acad\u00eamicos do IF BAIANO.<\/p>\n\n\n\n<p>XV. Discutir e reivindicar a inclus\u00e3o dos conte\u00fados sobre educa\u00e7\u00e3o para as rela\u00e7\u00f5es etnicorraciais nos documentos de avalia\u00e7\u00e3o institucional, docente e discente do IF BAIANO, tais como PPI \u2013 Plano de Desenvolvimento Institucional, PPP \u2013 Projeto Pol\u00edtico-pedag\u00f3gico e PPC \u2013 Projeto Pedag\u00f3gico de Curso.<\/p>\n\n\n\n<p>XVI. Estimular o desenvolvimento de conte\u00fados curriculares e pesquisas na \u00e1rea com abordagens multi, trans e interdisciplinares, de forma cont\u00ednua e permanente.<\/p>\n\n\n\n<p>XVII. Dialogar com a comunidade interna e externa a fim de diagnosticar demandas e construir coletivamente a\u00e7\u00f5es que reafirmem e fortale\u00e7am aspectos etnicorraciais respeitando o perfil das comunidades.<\/p>\n\n\n\n<figure class=\"wp-block-embed aligncenter is-type-video is-provider-youtube wp-block-embed-youtube wp-embed-aspect-16-9 wp-has-aspect-ratio\"><div class=\"wp-block-embed__wrapper\">\n<iframe loading=\"lazy\" title=\"#NEABI - O que \u00e9? Para que serve? Venha conhecer esse n\u00facleo do nosso campus.\" width=\"500\" height=\"281\" src=\"https:\/\/www.youtube.com\/embed\/g_3fFZE9rms?feature=oembed\" frameborder=\"0\" allow=\"accelerometer; autoplay; clipboard-write; encrypted-media; gyroscope; picture-in-picture; web-share\" referrerpolicy=\"strict-origin-when-cross-origin\" allowfullscreen><\/iframe>\n<\/div><\/figure>\n<\/div>\n<\/div>\n\n\n\n<div class=\"wp-block-columns is-layout-flex wp-container-6\">\n<div class=\"wp-block-column is-layout-flow\">\n<div id=\"documentoshome\"><div id=\"doctitulo\">\n\t\t\t\t\tCONTATO\n\t\t\t\t<\/div><\/div>\n\n\n\n<p><a href=\"mailto:neabi@teixeira.ifbaiano.edu.br\">neabi@teixeira.ifbaiano.edu.br<\/a><\/p>\n<\/div>\n\n\n\n<div class=\"wp-block-column is-layout-flow\">\n<div id=\"documentoshome\"><div id=\"doctitulo\">\n\t\t\t\t\tPORTAL GERAL\n\t\t\t\t<\/div><\/div>\n\n\n\n<p><a rel=\"noreferrer noopener\" href=\"https:\/\/ifbaiano.edu.br\/portal\/neabi\/\" target=\"_blank\">NEABI GERAL<\/a><\/p>\n<\/div>\n<\/div>\n","protected":false},"excerpt":{"rendered":"<p>SOBRE O NEABI \u00e9 um N\u00facleo de Assessoramento de natureza propositiva, consultiva e deliberativa no tocante \u00e0s quest\u00f5es da diversidade na perspectiva dos princ\u00edpios multiculturais, tendo como escopo o fomento a estudos das quest\u00f5es etnicorraciais e o desenvolvimento de a\u00e7\u00f5es de valoriza\u00e7\u00e3o das identidades afro e ind\u00edgena. OBJETIVO O NEABI tem como objetivo principal fomentar [&hellip;]<\/p>\n","protected":false},"author":31,"featured_media":0,"parent":1346,"menu_order":0,"comment_status":"closed","ping_status":"closed","template":"","meta":[],"_links":{"self":[{"href":"https:\/\/www.ifbaiano.edu.br\/unidades\/teixeira\/wp-json\/wp\/v2\/pages\/9589"}],"collection":[{"href":"https:\/\/www.ifbaiano.edu.br\/unidades\/teixeira\/wp-json\/wp\/v2\/pages"}],"about":[{"href":"https:\/\/www.ifbaiano.edu.br\/unidades\/teixeira\/wp-json\/wp\/v2\/types\/page"}],"author":[{"embeddable":true,"href":"https:\/\/www.ifbaiano.edu.br\/unidades\/teixeira\/wp-json\/wp\/v2\/users\/31"}],"replies":[{"embeddable":true,"href":"https:\/\/www.ifbaiano.edu.br\/unidades\/teixeira\/wp-json\/wp\/v2\/comments?post=9589"}],"version-history":[{"count":21,"href":"https:\/\/www.ifbaiano.edu.br\/unidades\/teixeira\/wp-json\/wp\/v2\/pages\/9589\/revisions"}],"predecessor-version":[{"id":15017,"href":"https:\/\/www.ifbaiano.edu.br\/unidades\/teixeira\/wp-json\/wp\/v2\/pages\/9589\/revisions\/15017"}],"up":[{"embeddable":true,"href":"https:\/\/www.ifbaiano.edu.br\/unidades\/teixeira\/wp-json\/wp\/v2\/pages\/1346"}],"wp:attachment":[{"href":"https:\/\/www.ifbaiano.edu.br\/unidades\/teixeira\/wp-json\/wp\/v2\/media?parent=9589"}],"curies":[{"name":"wp","href":"https:\/\/api.w.org\/{rel}","templated":true}]}}