{"id":9762,"date":"2021-04-22T17:03:00","date_gmt":"2021-04-22T20:03:00","guid":{"rendered":"https:\/\/www.ifbaiano.edu.br\/unidades\/teixeira\/?page_id=9762"},"modified":"2024-02-27T14:04:43","modified_gmt":"2024-02-27T17:04:43","slug":"copes","status":"publish","type":"page","link":"https:\/\/www.ifbaiano.edu.br\/unidades\/teixeira\/copes\/","title":{"rendered":"Coordena\u00e7\u00e3o de Pesquisa &#8211; COPES"},"content":{"rendered":"\n<figure class=\"wp-block-image size-large is-resized\"><img decoding=\"async\" loading=\"lazy\" src=\"https:\/\/www.ifbaiano.edu.br\/unidades\/teixeira\/files\/2021\/08\/Copes-titulo-pag1.png\" alt=\"\" class=\"wp-image-10307\" width=\"971\" height=\"76\" \/><\/figure>\n\n\n\n<div id=\"documentoshome\"><div id=\"doctitulo\">\n\t\t\t\t\tSobre a COPES\n\t\t\t\t<\/div><\/div>\n\n\n\n<p>A Coordena\u00e7\u00e3o de Pesquisa do <em>Campus <\/em>Teixeira de Freitas \u00e9 respons\u00e1vel pelo acompanhamento, desenvolvimento e avalia\u00e7\u00e3o de projetos de pesquisa, estimulando a participa\u00e7\u00e3o efetiva de servidores e discentes em atividades voltadas \u00e0 pesquisa no <em>campus <\/em>e \u00e0 divulga\u00e7\u00e3o desses resultados em eventos cient\u00edficos.<br>Em 2021 a Comiss\u00e3o de Apoio e Incentivo \u00e0 Pesquisa do IFBaiano <em>campus<\/em> Teixeira de Freitas (CAIP TDF) foi&nbsp; constitu\u00edda por&nbsp; meio da Portaria N\u00ba 8\/2021 &#8211; TDF-GAB\/TDF-DG\/RET\/IFBAIANO, de 12 de fevereiro de 2021. A CAIP tem como principal objetivo, &#8220;expandir\u201d as a\u00e7\u00f5es da Coordena\u00e7\u00e3o de Pesquisa para al\u00e9m das a\u00e7\u00f5es administrativas, agregando mais servidores, discentes e comunidade externa \u00e0s a\u00e7\u00f5es dessa coordena\u00e7\u00e3o. Desse modo, criar meios de divulga\u00e7\u00e3o mais amplos sobre os diversos temas relacionados \u00e0 pesquisa tais como minicursos, palestras, rodas de conversa dentre outras atividades.<\/p>\n\n\n\n<div class=\"wp-block-columns is-layout-flex wp-container-3\">\n<div class=\"wp-block-column is-layout-flow\" style=\"flex-basis:50%\">\n<div id=\"documentoshome\"><div id=\"doctitulo\">\n\t\t\t\t\tEquipe de Trabalho\n\t\t\t\t<\/div><\/div>\n\n\n\n<p><strong>Coordenadora:<\/strong>&nbsp;Priscila Ferreira de Oliveira<br>Curr\u00edculo Lates:&nbsp;<a rel=\"noreferrer noopener\" href=\"http:\/\/lattes.cnpq.br\/4720682410981701\" target=\"_blank\">http:\/\/lattes.cnpq.br\/4720682410981701<\/a><\/p>\n\n\n\n<p><strong>Coordenador Substituto:&nbsp;<\/strong><br>Curr\u00edculo Lates:&nbsp;<\/p>\n\n\n\n<p><\/p>\n<\/div>\n\n\n\n<div class=\"wp-block-column is-layout-flow\">\n<div id=\"documentoshome\"><div id=\"doctitulo\">\n\t\t\t\t\tCONTATO\n\t\t\t\t<\/div><\/div>\n\n\n\n<p><strong>Telefone:<\/strong>&nbsp;73 3665-1031 | 3665-1032<br><strong>Endere\u00e7o eletr\u00f4nico:<\/strong>&nbsp;pesquisa@teixeira.ifbaiano.edu.br<\/p>\n<\/div>\n<\/div>\n\n\n\n<hr class=\"wp-block-separator has-alpha-channel-opacity\" \/>\n\n\n\n<table id=\"tablepress-10\" class=\"tablepress tablepress-id-10\">\n<thead>\n<tr class=\"row-1 odd\">\n\t<th class=\"column-1\">T\u00edtulo do projeto<\/th><th class=\"column-2\">Coordenador(a)<\/th><th class=\"column-3\">Discentes<\/th><th class=\"column-4\">Edital<\/th>\n<\/tr>\n<\/thead>\n<tbody class=\"row-hover\">\n<tr class=\"row-2 even\">\n\t<td class=\"column-1\">GEST\u00c3O ESTRAT\u00c9GICA: um estudo sobre evas\u00e3o dos cursos dos estudantes do subsequente de Administra\u00e7\u00e3o no Instituto Federal Baiano Campus Teixeira de Freitas &#8211; BA<\/td><td class=\"column-2\">Professora Dra. Aline Fonseca Gomes<\/td><td class=\"column-3\">Jos\u00e9 Renato Cavalcante Caires. (volunt\u00e1rio) Kaio Oliveira Meira Damasceno. (volunt\u00e1rio)<\/td><td class=\"column-4\">Edital 190\/2023 &#8211; Fluxo Cont\u00ednuo &#8211; Projetos de Pesquisa, Inova\u00e7\u00e3o e P\u00f3s-Gradua\u00e7\u00e3o<\/td>\n<\/tr>\n<tr class=\"row-3 odd\">\n\t<td class=\"column-1\">Efeitos de duas Trichoderma sp. associadas a diferentes tipos de substrato sobre desenvolvimento de duas variedades de melancia<\/td><td class=\"column-2\">Professora Dra. Andressa Vieira de Castro<\/td><td class=\"column-3\">Cauan Alves da Silva (Bolsista)<br \/>\nBIANKA da SILVEIRA PELISSARi (Volunt\u00e1ria)<\/td><td class=\"column-4\">Edital n\u00ba 27 de 13 de mar\u00e7o de 2023 &#8211; PIBIC Ensino M\u00e9dio &#8211; CNPq \/ IF Baiano<\/td>\n<\/tr>\n<tr class=\"row-4 even\">\n\t<td class=\"column-1\">Fauna de remanescentes de Mata Atl\u00e2ntica do extremo Sul da Bahia: o que sabemos at\u00e9 agora?*<\/td><td class=\"column-2\">T\u00e9cnica de laborat\u00f3rio Dra. Rosane Silva dos Santos<\/td><td class=\"column-3\">EMANUEL ALVES DOS SANTOS (Bolsista*; volunt\u00e1rio**)<br \/>\nRaquel da Silva Rocha (Volunt\u00e1ria*; Bolsista**)<\/td><td class=\"column-4\">Edital n\u00ba 27 de 13 de mar\u00e7o de 2023 &#8211; PIBIC Ensino M\u00e9dio &#8211; CNPq \/ IF Baiano<\/td>\n<\/tr>\n<tr class=\"row-5 odd\">\n\t<td class=\"column-1\">IFauna: levantamento faun\u00edstico em remanescente de Mata Atl\u00e2ntica no entorno do IF Baiano campus Teixeira de Freitas por meio de armadilhamento fotogr\u00e1fico. **<\/td><td class=\"column-2\">T\u00e9cnica de laborat\u00f3rio Dra. Rosane Silva dos Santos<\/td><td class=\"column-3\">EMANUEL ALVES DOS SANTOS (Bolsista*; volunt\u00e1rio**)<br \/>\nRaquel da Silva Rocha (Volunt\u00e1ria*; Bolsista**)<\/td><td class=\"column-4\">Edital n\u00ba 27 de 13 de mar\u00e7o de 2023 &#8211; PIBIC Ensino M\u00e9dio &#8211; CNPq \/ IF Baiano<\/td>\n<\/tr>\n<tr class=\"row-6 even\">\n\t<td class=\"column-1\">Estudo do perfil de produ\u00e7\u00e3o ap\u00edcola e an\u00e1lises f\u00edsico-qu\u00edmicas de m\u00e9is produzidos em Teixeira de Freitas e comunidades circunvizinhas<\/td><td class=\"column-2\">Professora Dra. Priscila Ferreira de Oliveira<\/td><td class=\"column-3\">Karol Viana dos Santos (bolsista)<br \/>\nRAFAEL DE SOUZA SANTOS (volunt\u00e1rio)<br \/>\nKauane de Jesus Rocha (Volunt\u00e1ria)<br \/>\nRaquel de Oliveira Teixeira (Volunt\u00e1ria)<\/td><td class=\"column-4\">Edital n\u00ba 27 de 13 de mar\u00e7o de 2023 &#8211; PIBIC Ensino M\u00e9dio &#8211; CNPq \/ IF Baiano<\/td>\n<\/tr>\n<tr class=\"row-7 odd\">\n\t<td class=\"column-1\">Aproveitamento da manipueira no sistema de produ\u00e7\u00e3o org\u00e2nico do maracujazeiro.<\/td><td class=\"column-2\">Professora Dra. Andressa Vieira de Castro<\/td><td class=\"column-3\">GABRIELLA DOS SANTOS VIANA (Bolsista)<br \/>\nHANNAH LUIZA MOREIRA (Volunt\u00e1ria)<br \/>\nROMALIO AQUINO NONATO SOUZA (volunt\u00e1rio)<\/td><td class=\"column-4\">Edital n\u00ba 28 de 13 de mar\u00e7o de 2023 &#8211; CNPq &#8211; CNPq Af &#8211; FAPESB &#8211; IF BAIANO<\/td>\n<\/tr>\n<tr class=\"row-8 even\">\n\t<td class=\"column-1\">POL\u00cdMEROS HIDROABSORVENTES APLICADO COM MULCHING DO SOLO NA PRODU\u00c7\u00c3O DE CULTIVARES DA ALFACE (Lactuca sativa L.)<\/td><td class=\"column-2\">Professor Dr. Erllens Eder Silva<\/td><td class=\"column-3\">Emilia Ressurrei\u00e7\u00e3o de Souza (Bolsista)<br \/>\nIRANIA DE JESUS QUEIROZ(volunt\u00e1ria)<br \/>\nGIOVANA ANDRADE COMPER (volunt\u00e1ria)<br \/>\nFELIPE DE OLIVEIRA BRUNELLI(volunt\u00e1rio)<\/td><td class=\"column-4\">Edital n\u00ba 28 de 13 de mar\u00e7o de 2023 &#8211; CNPq &#8211; CNPq Af &#8211; FAPESB &#8211; IF BAIANO<\/td>\n<\/tr>\n<tr class=\"row-9 odd\">\n\t<td class=\"column-1\">Desafios da Agricultura Familiar: um estudo sobre a comunidade quilombola de H\u00e9lvecia p\u00f3s-pandemia da Covid-19<\/td><td class=\"column-2\">Professora Dra. Ana Rosa Alves de Oliveira<\/td><td class=\"column-3\">ALEXANDRO ROCHA DA SILVA JUNIOR<\/td><td class=\"column-4\">Edital n\u00ba 28 de 13 de mar\u00e7o de 2023 &#8211; CNPq &#8211; CNPq Af &#8211; FAPESB &#8211; IF BAIANO<\/td>\n<\/tr>\n<tr class=\"row-10 even\">\n\t<td class=\"column-1\">Cin\u00e9tica de secagem de melancia em leito de espuma.<\/td><td class=\"column-2\">Professor Me. Gutto Monzelle Rios Marques<\/td><td class=\"column-3\">KALINE SANTOS DA CRUZ<\/td><td class=\"column-4\">Edital n\u00ba 28 de 13 de mar\u00e7o de 2023 &#8211; CNPq &#8211; CNPq Af &#8211; FAPESB &#8211; IF BAIANO<\/td>\n<\/tr>\n<tr class=\"row-11 odd\">\n\t<td class=\"column-1\">Avalia\u00e7\u00e3o dos efeitos do \u00c1cido Indolbut\u00edrico (AIB) e Hidrogel no Desenvolvimento de plantas Theobroma cacao<\/td><td class=\"column-2\">Professora Dra. Priscila Ferreira de Oliveira<\/td><td class=\"column-3\">ROMALIO AQUINO NONATO SOUZA (Bolsista)<\/td><td class=\"column-4\">Edital n\u00ba 28 de 13 de mar\u00e7o de 2023 &#8211; CNPq &#8211; CNPq Af &#8211; FAPESB &#8211; IF BAIANO<\/td>\n<\/tr>\n<tr class=\"row-12 even\">\n\t<td class=\"column-1\">Diversidade de insetos em cultivo de berinjela sob diferentes manejos agr\u00edcola<\/td><td class=\"column-2\">Professora Dra. Ivana Lemos Souza<\/td><td class=\"column-3\">NAIANE PRIMO DA SILVA (Bolsista)<br \/>\nNATAN SANTOS RAMOS (Volunt\u00e1rio)<br \/>\nRAFAEL DE SOUZA SANTOS (Volunt\u00e1rio)<br \/>\n<\/td><td class=\"column-4\">Edital n\u00ba 28 de 13 de mar\u00e7o de 2023 &#8211; CNPq &#8211; CNPq Af &#8211; FAPESB &#8211; IF BAIANO<\/td>\n<\/tr>\n<tr class=\"row-13 odd\">\n\t<td class=\"column-1\">Avalia\u00e7\u00e3o da qualidade f\u00edsico-qu\u00edmica do mel comercializado em Teixeira de Freitas &#8211; BA e cidades vizinhas<\/td><td class=\"column-2\">Professora Dra. Mauriceia Costa Carvalho Barros<\/td><td class=\"column-3\">CARLOS HENRIQUE SOUZA FERR\u00c3O (Bolsista)<br \/>\nGabriel Souza de Jesus (Volunt\u00e1rio)<br \/>\nLUAN LOURES DO BOMFIM (Volunt\u00e1rio)<\/td><td class=\"column-4\">Edital n\u00ba 28 de 13 de mar\u00e7o de 2023 &#8211; CNPq &#8211; CNPq Af &#8211; FAPESB &#8211; IF BAIANO<\/td>\n<\/tr>\n<tr class=\"row-14 even\">\n\t<td class=\"column-1\"><\/td><td class=\"column-2\"><\/td><td class=\"column-3\"><\/td><td class=\"column-4\"><\/td>\n<\/tr>\n<tr class=\"row-15 odd\">\n\t<td class=\"column-1\"><\/td><td class=\"column-2\"><\/td><td class=\"column-3\"><\/td><td class=\"column-4\"><\/td>\n<\/tr>\n<\/tbody>\n<\/table>\n<!-- #tablepress-10 from cache -->\n\n\n<!--nextpage-->\n\n\n\n<div class=\"wp-block-columns is-layout-flex wp-container-6\">\n<div class=\"wp-block-column is-layout-flow\" style=\"flex-basis:50%\">\n<div id=\"documentoshome\"><div id=\"doctitulo\">\n\t\t\t\t\tCadastro de Projeto de Pesquisa &#8211; Sem Financiamento\n\t\t\t\t<\/div><\/div>\n\n\n\n<p><a rel=\"noreferrer noopener\" href=\"https:\/\/www.ifbaiano.edu.br\/unidades\/teixeira\/files\/2021\/04\/Manual-para-Cadastro-de-Projetos-de-pesquisa-via-SUAP.pdf\" target=\"_blank\">Manual de submiss\u00e3o para Projetos de Pesquisa via SUAP &#8211; Projetos sem fomento<\/a><br><a rel=\"noreferrer noopener\" href=\"https:\/\/www.ifbaiano.edu.br\/unidades\/teixeira\/files\/2011\/05\/Modelo_Projeto_Comite.pdf\" target=\"_blank\">Modelo de Projeto de Pesquisa<\/a><br><a rel=\"noreferrer noopener\" href=\"https:\/\/www.ifbaiano.edu.br\/unidades\/teixeira\/files\/2021\/04\/Formulario-de-Cadastro-para-Projetos-de-Pesquisa.docx\" target=\"_blank\">Formul\u00e1rio de cadastro do Projeto de pesquisa<\/a><br>Outros formul\u00e1rios: <a rel=\"noreferrer noopener\" href=\"https:\/\/ifbaiano.edu.br\/portal\/pesquisa\/2019\/01\/09\/formularios\/\" target=\"_blank\">https:\/\/ifbaiano.edu.br\/portal\/pesquisa\/2019\/01\/09\/formularios\/<\/a><\/p>\n<\/div>\n\n\n\n<div class=\"wp-block-column is-layout-flow\">\n<div id=\"documentoshome\"><div id=\"doctitulo\">\n\t\t\t\t\tGrupos e Atividades de Pesquisa\n\t\t\t\t<\/div><\/div>\n\n\n\n<p><a rel=\"noreferrer noopener\" href=\"https:\/\/www.ifbaiano.edu.br\/unidades\/teixeira\/files\/2021\/04\/Grupos-de-pesquisa.pdf\" target=\"_blank\">Grupos de Pesquisa IFBaiano &#8211; Campus Teixeira de Freitas<\/a><br><a rel=\"noreferrer noopener\" href=\"https:\/\/www.ifbaiano.edu.br\/unidades\/teixeira\/files\/2021\/04\/Grupos-de-Estudos.pdf\" target=\"_blank\">Grupos de Estudos IFBaiano &#8211; Campus Teixeira de Freitas<\/a><br><a rel=\"noreferrer noopener\" href=\"https:\/\/www.ifbaiano.edu.br\/unidades\/teixeira\/files\/2021\/04\/Projetos-de-Pesquisa-em-andamento-2020-2021.pdf\" target=\"_blank\">Atividades de Pesquisas Desenvolvidas 2020\/2021<\/a><\/p>\n<\/div>\n<\/div>\n\n\n\n<div class=\"wp-block-columns is-layout-flex wp-container-14\">\n<div class=\"wp-block-column is-layout-flow\" style=\"flex-basis:50%\">\n<div align=\"center\" id=\"documentoshome\"><div id=\"doctitulo\">\n\t\t\t\t\tAnais de Pesquisa\n\t\t\t\t<\/div><\/div>\n\n\n\n<p class=\"has-text-align-center\"><a href=\"https:\/\/www.ifbaiano.edu.br\/unidades\/teixeira\/?page_id=9762&amp;page=2&amp;preview=true\">Anais de Pesquisa 2016<\/a><\/p>\n\n\n\n<div class=\"wp-block-columns is-layout-flex wp-container-11\">\n<div class=\"wp-block-column is-layout-flow\">\n<div align=\"center\" id=\"documentoshome\"><div id=\"doctitulo\">\n\t\t\t\t\tPORTAL DA PROPES\n\t\t\t\t<\/div><\/div>\n\n\n\n<div class=\"wp-block-buttons is-horizontal is-content-justification-center is-layout-flex wp-container-7\">\n<div class=\"wp-block-button\"><a class=\"wp-block-button__link wp-element-button\" href=\"https:\/\/ifbaiano.edu.br\/portal\/pesquisa\/\" target=\"_blank\" rel=\"noreferrer noopener\"><strong>PROPES<\/strong><\/a><\/div>\n<\/div>\n<\/div>\n\n\n\n<div class=\"wp-block-column is-vertically-aligned-center is-layout-flow\">\n<div align=\"center\" id=\"documentoshome\"><div id=\"doctitulo\">\n\t\t\t\t\tEDITAIS\n\t\t\t\t<\/div><\/div>\n\n\n\n<div class=\"wp-block-buttons is-horizontal is-content-justification-center is-layout-flex wp-container-9\">\n<div class=\"wp-block-button\"><a class=\"wp-block-button__link wp-element-button\" href=\"https:\/\/ifbaiano.edu.br\/portal\/pesquisa\/todos-os-editais\/\" target=\"_blank\" rel=\"noreferrer noopener\"><strong>ACESSE AQUI<\/strong><\/a><\/div>\n<\/div>\n<\/div>\n<\/div>\n\n\n\n<div id=\"documentoshome\"><div id=\"doctitulo\">\n\t\t\t\t\tEventos\n\t\t\t\t<\/div><\/div>\n\n\n\n<figure class=\"wp-block-embed is-type-wp-embed is-provider-campus-teixeira-de-freitas wp-block-embed-campus-teixeira-de-freitas\"><div class=\"wp-block-embed__wrapper\">\nhttps:\/\/www.ifbaiano.edu.br\/unidades\/teixeira\/comunicacao\/portal-de-eventos\/\n<\/div><\/figure>\n<\/div>\n\n\n\n<div class=\"wp-block-column is-layout-flow\">\n<div align=\"center\" id=\"documentoshome\"><div id=\"doctitulo\">\n\t\t\t\t\tCiclo de Encontros Formativos e Informativos\n\t\t\t\t<\/div><\/div>\n\n\n\n<figure class=\"wp-block-embed is-type-video is-provider-youtube wp-block-embed-youtube wp-embed-aspect-16-9 wp-has-aspect-ratio\"><div class=\"wp-block-embed__wrapper\">\n<iframe loading=\"lazy\" title=\"Ciclo de Encontros Formativos e Informativos\" width=\"500\" height=\"281\" src=\"https:\/\/www.youtube.com\/embed\/videoseries?list=PLtGuENeUfVGdP8R9ubTljSbCjgjiWvZbf\" frameborder=\"0\" allow=\"accelerometer; autoplay; clipboard-write; encrypted-media; gyroscope; picture-in-picture; web-share\" allowfullscreen><\/iframe>\n<\/div><\/figure>\n<\/div>\n<\/div>\n\n\n\n<div align=\"center\" id=\"documentoshome\"><div id=\"doctitulo\">\n\t\t\t\n\t\t\t\t<\/div><\/div>\n\n\n\n<!--nextpage-->\n\n\n\n<div id=\"documentoshome\"><div id=\"doctitulo\">\n\t\t\t\t\tAnais de Pesquisa 2016\n\t\t\t\t<\/div><\/div>\n\n\n\n<p><a rel=\"noreferrer noopener\" href=\"https:\/\/www.ifbaiano.edu.br\/unidades\/teixeira\/files\/2011\/05\/Cesar-Querino-Identificacao-de-infestantes2.pdf\" target=\"_blank\">C\u00e9sar Querino \u2013 Identifica\u00e7\u00e3o de infestantes<\/a><br><a rel=\"noreferrer noopener\" href=\"https:\/\/www.ifbaiano.edu.br\/unidades\/teixeira\/files\/2011\/05\/Cesar-Querino-Interferencia-do-feijao1.pdf\" target=\"_blank\">C\u00e9sar Querino &#8211; Interfer\u00eancia do feij\u00e3o<\/a><br><a rel=\"noreferrer noopener\" href=\"https:\/\/www.ifbaiano.edu.br\/unidades\/teixeira\/files\/2011\/05\/Cesar-Querino-Pragas-doen%C3%A7as-plantas-ornamentais1.pdf\" target=\"_blank\">C\u00e9sar Querino &#8211; Pragas, doen\u00e7as e plantas ornamentais<\/a><br><a href=\"https:\/\/www.ifbaiano.edu.br\/unidades\/teixeira\/files\/2011\/05\/Cesar-Querino-Sistema-Mandala-Manejo-ecologico.pdf\">C\u00e9sar Querino &#8211; Sistema de mandala e manejo ecol\u00f3gico<\/a><br><a rel=\"noreferrer noopener\" href=\"https:\/\/www.ifbaiano.edu.br\/unidades\/teixeira\/files\/2011\/05\/Cesar-Querino-Rhizobacterias-2016-final.pdf\" target=\"_blank\">C\u00e9sar Querino &#8211; Rhizobacterias 2016 final<\/a><br><a rel=\"noreferrer noopener\" href=\"https:\/\/www.ifbaiano.edu.br\/unidades\/teixeira\/files\/2011\/05\/Cintya-Dantas-Flores-Bahia-Produtiva.pdf\" target=\"_blank\">Cintya Dantas Flores &#8211; Bahia produtiva<\/a><br><a rel=\"noreferrer noopener\" href=\"https:\/\/www.ifbaiano.edu.br\/unidades\/teixeira\/files\/2011\/05\/Cintya-Dantas-Flores-Mesas-Redondas.pdf\" target=\"_blank\">Cintya Dantas Flores &#8211; Mesas redondas<\/a><br><a rel=\"noreferrer noopener\" href=\"https:\/\/www.ifbaiano.edu.br\/unidades\/teixeira\/files\/2011\/05\/Cintya-Dantas-Flores-Agroecologia.pdf\" target=\"_blank\">Cintya Dantas Flores &#8211; Agroecologia<\/a><br><a rel=\"noreferrer noopener\" href=\"https:\/\/www.ifbaiano.edu.br\/unidades\/teixeira\/files\/2011\/05\/Danyelle-Visao-dos-Egressos-do-Profuncionario-do-IF-Baiano.pdf\" target=\"_blank\">Danyelle Teixeira &#8211; Vis\u00e3o dos egressos do profuncion\u00e1rio do IF Baiano<\/a><br><a rel=\"noreferrer noopener\" href=\"https:\/\/www.ifbaiano.edu.br\/unidades\/teixeira\/files\/2011\/05\/Elen-Rosa-Pratica-e-saberes-Mandala.pdf\" target=\"_blank\">Elen Rosa &#8211; Pr\u00e1tica e saberes da Mandala<\/a><br><a rel=\"noreferrer noopener\" href=\"https:\/\/www.ifbaiano.edu.br\/unidades\/teixeira\/files\/2011\/05\/Francisco-Andrade-Deteccao-do-grau.pdf\" target=\"_blank\">Francisco Andrade &#8211; Detec\u00e7\u00e3o do grau<\/a><br><a rel=\"noreferrer noopener\" href=\"https:\/\/www.ifbaiano.edu.br\/unidades\/teixeira\/files\/2011\/05\/Ginalva-J.-Carvalho-Metodologia-educacao-e-saude.pdf\" target=\"_blank\">Ginalva J. Carvalho &#8211; Metodologia, educa\u00e7\u00e3o e sa\u00fade<\/a><br><a rel=\"noreferrer noopener\" href=\"https:\/\/www.ifbaiano.edu.br\/unidades\/teixeira\/files\/2011\/05\/Joao-Victor-Determinacao-de-parametros.pdf\" target=\"_blank\">Jo\u00e3o Victor &#8211; Determina\u00e7\u00e3o de par\u00e2metros<\/a><br><a rel=\"noreferrer noopener\" href=\"https:\/\/www.ifbaiano.edu.br\/unidades\/teixeira\/files\/2011\/05\/Joao-Victor-seminarios-interdisciplinares.pdf\" target=\"_blank\">Jo\u00e3o Victor &#8211; Semin\u00e1rios interdisciplinares<\/a><br><a rel=\"noreferrer noopener\" href=\"https:\/\/www.ifbaiano.edu.br\/unidades\/teixeira\/files\/2011\/05\/Joao-Victor-Santos-redeleitura.pdf\" target=\"_blank\">Jo\u00e3o Victor Santos &#8211; Redeleitura<\/a><br><a rel=\"noreferrer noopener\" href=\"https:\/\/www.ifbaiano.edu.br\/unidades\/teixeira\/files\/2011\/05\/Julio-Martins-Levantamento-da-entomofauna.pdf\" target=\"_blank\">J\u00falio Martins &#8211; Levantamento da entomofauna<\/a><br><a rel=\"noreferrer noopener\" href=\"https:\/\/www.ifbaiano.edu.br\/unidades\/teixeira\/files\/2011\/05\/Maria-Cunha-Analise-da-Inclusao-Social-dos-Alunos.pdf\" target=\"_blank\">Maria Cunha &#8211; An\u00e1lise da inclus\u00e3o social dos alunos<\/a><br><a rel=\"noreferrer noopener\" href=\"https:\/\/www.ifbaiano.edu.br\/unidades\/teixeira\/files\/2011\/05\/Patricia-Pimentel-O-papel-do-Nedetes1.pdf\" target=\"_blank\">Patr\u00edcia Pimentel &#8211; O papel do NEDETES<\/a><br><a rel=\"noreferrer noopener\" href=\"https:\/\/www.ifbaiano.edu.br\/unidades\/teixeira\/files\/2011\/05\/Programacao-III-SPE.pdf\" target=\"_blank\">Programa\u00e7\u00e3o III SPE<\/a><br><a rel=\"noreferrer noopener\" href=\"https:\/\/www.ifbaiano.edu.br\/unidades\/teixeira\/files\/2011\/05\/Ricardo-bioindicadores.pdf\" target=\"_blank\">Ricardo Melo &#8211; Bioindicadores<\/a><br><a rel=\"noreferrer noopener\" href=\"https:\/\/www.ifbaiano.edu.br\/unidades\/teixeira\/files\/2011\/05\/Sara-Oliveira-Lima-Projeto-de-Capacitacao-em-Informatica-Basica-para-Docentes-e-TAES-Sara-Mendes.pdf\" target=\"_blank\">Sara Oliveira Lima &#8211; Projeto de capacita\u00e7\u00e3o em inform\u00e1tica b\u00e1sica para docentes e Taes<\/a><br><a rel=\"noreferrer noopener\" href=\"https:\/\/www.ifbaiano.edu.br\/unidades\/teixeira\/files\/2011\/05\/Sara-Oliveira-Lima-Projeto-Desenvolvimento-Site-e-Sistema-PROSEL.pdf\" target=\"_blank\">Sara Oliveira Lima &#8211; Projeto de desenvolvimento do site e Sistema PROSEL<\/a><\/p>\n\n\n\n<div class=\"wp-block-buttons is-horizontal is-content-justification-center is-layout-flex wp-container-15\"><\/div>\n\n\n\n<div class=\"wp-block-buttons is-horizontal is-content-justification-center is-layout-flex wp-container-16\">\n<div class=\"wp-block-button\"><a class=\"wp-block-button__link has-text-color has-background wp-element-button\" href=\"https:\/\/www.ifbaiano.edu.br\/unidades\/teixeira\/\" style=\"border-radius:2px;color:#fffffa;background-color:#ba0c49\">P\u00e1gina Inicial<\/a><\/div>\n\n\n\n<div class=\"wp-block-button is-style-outline\"><a class=\"wp-block-button__link has-text-color wp-element-button\" href=\"https:\/\/www.ifbaiano.edu.br\/unidades\/teixeira\/pesquisa\/\" style=\"border-radius:2px;color:#ba0c49\">Pesquisa<\/a><\/div>\n<\/div>\n","protected":false},"excerpt":{"rendered":"<p>Sobre a COPES A Coordena\u00e7\u00e3o de Pesquisa do Campus Teixeira de Freitas \u00e9 respons\u00e1vel pelo acompanhamento, desenvolvimento e avalia\u00e7\u00e3o de projetos de pesquisa, estimulando a participa\u00e7\u00e3o efetiva de servidores e discentes em atividades voltadas \u00e0 pesquisa no campus e \u00e0 divulga\u00e7\u00e3o desses resultados em eventos cient\u00edficos.Em 2021 a Comiss\u00e3o de Apoio e Incentivo \u00e0 Pesquisa [&hellip;]<\/p>\n","protected":false},"author":152,"featured_media":0,"parent":0,"menu_order":0,"comment_status":"closed","ping_status":"closed","template":"","meta":[],"_links":{"self":[{"href":"https:\/\/www.ifbaiano.edu.br\/unidades\/teixeira\/wp-json\/wp\/v2\/pages\/9762"}],"collection":[{"href":"https:\/\/www.ifbaiano.edu.br\/unidades\/teixeira\/wp-json\/wp\/v2\/pages"}],"about":[{"href":"https:\/\/www.ifbaiano.edu.br\/unidades\/teixeira\/wp-json\/wp\/v2\/types\/page"}],"author":[{"embeddable":true,"href":"https:\/\/www.ifbaiano.edu.br\/unidades\/teixeira\/wp-json\/wp\/v2\/users\/152"}],"replies":[{"embeddable":true,"href":"https:\/\/www.ifbaiano.edu.br\/unidades\/teixeira\/wp-json\/wp\/v2\/comments?post=9762"}],"version-history":[{"count":45,"href":"https:\/\/www.ifbaiano.edu.br\/unidades\/teixeira\/wp-json\/wp\/v2\/pages\/9762\/revisions"}],"predecessor-version":[{"id":13497,"href":"https:\/\/www.ifbaiano.edu.br\/unidades\/teixeira\/wp-json\/wp\/v2\/pages\/9762\/revisions\/13497"}],"wp:attachment":[{"href":"https:\/\/www.ifbaiano.edu.br\/unidades\/teixeira\/wp-json\/wp\/v2\/media?parent=9762"}],"curies":[{"name":"wp","href":"https:\/\/api.w.org\/{rel}","templated":true}]}}