{"id":10034,"date":"2024-08-13T11:15:38","date_gmt":"2024-08-13T14:15:38","guid":{"rendered":"https:\/\/www.ifbaiano.edu.br\/unidades\/urucuca\/?page_id=10034"},"modified":"2024-08-13T11:56:25","modified_gmt":"2024-08-13T14:56:25","slug":"coordenacao-de-ensino-ce","status":"publish","type":"page","link":"https:\/\/www.ifbaiano.edu.br\/unidades\/urucuca\/coordenacao-de-ensino-ce\/","title":{"rendered":"Coordena\u00e7\u00e3o de Ensino (CE)"},"content":{"rendered":"\n<p>A Coordena\u00e7\u00e3o de Ensino (CE) \u00e9 um setor executivo, vinculada \u00e0 Diretoria Acad\u00eamica, respons\u00e1vel por promover o desenvolvimento das pol\u00edticas de ensino articuladas \u00e0s atividades de pesquisa e extens\u00e3o.<\/p>\n\n\n\n<p class=\"has-white-color has-text-color has-background\" style=\"background-color:#006f14d9\"><strong>CONTATOS<\/strong><\/p>\n\n\n\n<p><strong>Coodenador:<\/strong> Joaquim Jos\u00e9 Soares Souza J\u00fanior<\/p>\n\n\n\n<p><strong>Contato:<\/strong> <a href=\"mailto:ce@urucuca.ifbaiano.edu.br\">ce@urucuca.ifbaiano.edu.br<\/a><\/p>\n","protected":false},"excerpt":{"rendered":"<p>A Coordena\u00e7\u00e3o de Ensino (CE) \u00e9 um setor executivo, vinculada \u00e0 Diretoria Acad\u00eamica, respons\u00e1vel por promover o desenvolvimento das pol\u00edticas de ensino articuladas \u00e0s atividades de pesquisa e extens\u00e3o. CONTATOS Coodenador: Joaquim Jos\u00e9 Soares Souza J\u00fanior Contato: ce@urucuca.ifbaiano.edu.br<\/p>\n","protected":false},"author":154,"featured_media":0,"parent":0,"menu_order":0,"comment_status":"closed","ping_status":"closed","template":"","meta":[],"_links":{"self":[{"href":"https:\/\/www.ifbaiano.edu.br\/unidades\/urucuca\/wp-json\/wp\/v2\/pages\/10034"}],"collection":[{"href":"https:\/\/www.ifbaiano.edu.br\/unidades\/urucuca\/wp-json\/wp\/v2\/pages"}],"about":[{"href":"https:\/\/www.ifbaiano.edu.br\/unidades\/urucuca\/wp-json\/wp\/v2\/types\/page"}],"author":[{"embeddable":true,"href":"https:\/\/www.ifbaiano.edu.br\/unidades\/urucuca\/wp-json\/wp\/v2\/users\/154"}],"replies":[{"embeddable":true,"href":"https:\/\/www.ifbaiano.edu.br\/unidades\/urucuca\/wp-json\/wp\/v2\/comments?post=10034"}],"version-history":[{"count":1,"href":"https:\/\/www.ifbaiano.edu.br\/unidades\/urucuca\/wp-json\/wp\/v2\/pages\/10034\/revisions"}],"predecessor-version":[{"id":10036,"href":"https:\/\/www.ifbaiano.edu.br\/unidades\/urucuca\/wp-json\/wp\/v2\/pages\/10034\/revisions\/10036"}],"wp:attachment":[{"href":"https:\/\/www.ifbaiano.edu.br\/unidades\/urucuca\/wp-json\/wp\/v2\/media?parent=10034"}],"curies":[{"name":"wp","href":"https:\/\/api.w.org\/{rel}","templated":true}]}}