{"id":10037,"date":"2024-08-13T11:16:50","date_gmt":"2024-08-13T14:16:50","guid":{"rendered":"https:\/\/www.ifbaiano.edu.br\/unidades\/urucuca\/?page_id=10037"},"modified":"2024-08-13T11:16:50","modified_gmt":"2024-08-13T14:16:50","slug":"coordenacao-de-unidades-educativas-de-campo-cuec","status":"publish","type":"page","link":"https:\/\/www.ifbaiano.edu.br\/unidades\/urucuca\/coordenacao-de-unidades-educativas-de-campo-cuec\/","title":{"rendered":"Coordena\u00e7\u00e3o de Unidades Educativas de Campo (CUEC)"},"content":{"rendered":"\n<p>A Coordena\u00e7\u00e3o de Unidades Educativas de Campo (CUEC) \u00e9 um setor ligado \u00e0 Diretoria Acad\u00eamica, respons\u00e1vel por acompanhar, planejar, gerenciar e assistir diferentes sistemas de produ\u00e7\u00e3o animal e vegetal agregando valores e otimizando recursos dispon\u00edveis de forma articulada com a Dire\u00e7\u00e3o Acad\u00eamica, e com as coordena\u00e7\u00f5es de curso, extens\u00e3o e pesquisa.<\/p>\n\n\n\n<p class=\"has-white-color has-text-color has-background\" style=\"background-color:#006f14d9\"><strong>CONTATOS<\/strong><\/p>\n\n\n\n<p><strong>Coodenador<\/strong>: Charles Santos Reis<\/p>\n\n\n\n<p><strong>Contato<\/strong>: <a href=\"mailto:cuec@urucuca.ifbaiano.edu.br\">cuec@urucuca.ifbaiano.edu.br<\/a><\/p>\n","protected":false},"excerpt":{"rendered":"<p>A Coordena\u00e7\u00e3o de Unidades Educativas de Campo (CUEC) \u00e9 um setor ligado \u00e0 Diretoria Acad\u00eamica, respons\u00e1vel por acompanhar, planejar, gerenciar e assistir diferentes sistemas de produ\u00e7\u00e3o animal e vegetal agregando valores e otimizando recursos dispon\u00edveis de forma articulada com a Dire\u00e7\u00e3o Acad\u00eamica, e com as coordena\u00e7\u00f5es de curso, extens\u00e3o e pesquisa. CONTATOS Coodenador: Charles Santos [&hellip;]<\/p>\n","protected":false},"author":154,"featured_media":0,"parent":0,"menu_order":0,"comment_status":"closed","ping_status":"closed","template":"","meta":[],"_links":{"self":[{"href":"https:\/\/www.ifbaiano.edu.br\/unidades\/urucuca\/wp-json\/wp\/v2\/pages\/10037"}],"collection":[{"href":"https:\/\/www.ifbaiano.edu.br\/unidades\/urucuca\/wp-json\/wp\/v2\/pages"}],"about":[{"href":"https:\/\/www.ifbaiano.edu.br\/unidades\/urucuca\/wp-json\/wp\/v2\/types\/page"}],"author":[{"embeddable":true,"href":"https:\/\/www.ifbaiano.edu.br\/unidades\/urucuca\/wp-json\/wp\/v2\/users\/154"}],"replies":[{"embeddable":true,"href":"https:\/\/www.ifbaiano.edu.br\/unidades\/urucuca\/wp-json\/wp\/v2\/comments?post=10037"}],"version-history":[{"count":1,"href":"https:\/\/www.ifbaiano.edu.br\/unidades\/urucuca\/wp-json\/wp\/v2\/pages\/10037\/revisions"}],"predecessor-version":[{"id":10039,"href":"https:\/\/www.ifbaiano.edu.br\/unidades\/urucuca\/wp-json\/wp\/v2\/pages\/10037\/revisions\/10039"}],"wp:attachment":[{"href":"https:\/\/www.ifbaiano.edu.br\/unidades\/urucuca\/wp-json\/wp\/v2\/media?parent=10037"}],"curies":[{"name":"wp","href":"https:\/\/api.w.org\/{rel}","templated":true}]}}