{"id":10898,"date":"2025-01-10T14:20:52","date_gmt":"2025-01-10T17:20:52","guid":{"rendered":"https:\/\/www.ifbaiano.edu.br\/unidades\/urucuca\/?page_id=10898"},"modified":"2025-01-10T14:46:53","modified_gmt":"2025-01-10T17:46:53","slug":"missao-visao-valores","status":"publish","type":"page","link":"https:\/\/www.ifbaiano.edu.br\/unidades\/urucuca\/missao-visao-valores\/","title":{"rendered":"Miss\u00e3o,Vis\u00e3o e Valores\u00a0"},"content":{"rendered":"\n<p class=\"has-white-color has-text-color has-background\" style=\"background-color:#038412\"><strong>MISS\u00c3O<\/strong><\/p>\n\n\n\n<p>Oferecer educa\u00e7\u00e3o profissional e tecnol\u00f3gica de qualidade, p\u00fablica e gratuita, nas diferentes modalidades, preparando pessoas para o pleno exerc\u00edcio da cidadania e contribuindo para o desenvolvimento social e econ\u00f4mico do pa\u00eds, atrav\u00e9s de a\u00e7\u00f5es de ensino, pesquisa e extens\u00e3o.&nbsp;&nbsp;<\/p>\n\n\n\n<p class=\"has-white-color has-text-color has-background\" style=\"background-color:#038412\"><strong>VIS\u00c3O<\/strong><\/p>\n\n\n\n<p>Ser uma institui\u00e7\u00e3o de educa\u00e7\u00e3o profissional e tecnol\u00f3gica refer\u00eancia na Bahia, em todas as \u00e1reas e modalidades de oferta, sobretudo, no desenvolvimento e fortalecimento de tecnologias agr\u00e1rias que contribuam para o crescimento socioecon\u00f4mico e cultural do estado.&nbsp;<\/p>\n\n\n\n<p class=\"has-white-color has-text-color has-background\" style=\"background-color:#038412\"><strong>VALORES<\/strong><\/p>\n\n\n\n<ul>\n<li>Excel\u00eancia \u2013 pautada na efici\u00eancia, efic\u00e1cia e efetividade nos processos de gest\u00e3o;&nbsp;<\/li>\n<\/ul>\n\n\n\n<ul>\n<li>Gest\u00e3o democr\u00e1tica \u2013 pautada nos princ\u00edpios de justi\u00e7a, participa\u00e7\u00e3o, corresponsabilidade, igualdade nas rela\u00e7\u00f5es sociais e nos processos de gest\u00e3o;&nbsp;<\/li>\n<\/ul>\n\n\n\n<ul>\n<li>\u00c9tica \u2013 pautada nos princ\u00edpios de transpar\u00eancia, justi\u00e7a social e responsabilidade com o bem p\u00fablico;&nbsp;<\/li>\n<\/ul>\n\n\n\n<ul>\n<li>Valoriza\u00e7\u00e3o dos servidores \u2013 pautada no fortalecimento e reconhecimento que que o desempenho da institui\u00e7\u00e3o depende da valoriza\u00e7\u00e3o, do desenvolvimento pessoal e t\u00e9cnico, do bem-estar e da realiza\u00e7\u00e3o profissional de todos os servidores;&nbsp;<\/li>\n<\/ul>\n\n\n\n<ul>\n<li>Comprometimento \u2013 pautado no comprometimento dos servidores com o atendimento aos objetivos e da miss\u00e3o institucional;&nbsp;<\/li>\n<\/ul>\n\n\n\n<ul>\n<li>Compromisso social \u2013 pautado no reconhecimento de diferen\u00e7as hist\u00f3ricas, econ\u00f4micas, culturais e sociais;&nbsp;<\/li>\n<\/ul>\n\n\n\n<ul>\n<li>Sustentabilidade \u2013 pautada na responsabilidade social e ambiental.&nbsp;<\/li>\n<\/ul>\n\n\n\n<p><\/p>\n\n\n\n<p><\/p>\n\n\n\n<p><strong>Fonte<\/strong>: PDI 2015-2019 <a href=\"http:\/\/ifbaiano.edu.br\/portal\/wp-content\/uploads\/2015\/12\/pdi-2015-2019-versao-2018.pdf\" target=\"_blank\" rel=\"noreferrer noopener\"><strong>http:\/\/ifbaiano.edu.br\/portal\/wp-content\/uploads\/2015\/12\/pdi-2015-2019-versao-2018.pdf<\/strong><\/a>&nbsp;<\/p>\n","protected":false},"excerpt":{"rendered":"<p>MISS\u00c3O Oferecer educa\u00e7\u00e3o profissional e tecnol\u00f3gica de qualidade, p\u00fablica e gratuita, nas diferentes modalidades, preparando pessoas para o pleno exerc\u00edcio da cidadania e contribuindo para o desenvolvimento social e econ\u00f4mico do pa\u00eds, atrav\u00e9s de a\u00e7\u00f5es de ensino, pesquisa e extens\u00e3o.&nbsp;&nbsp; VIS\u00c3O Ser uma institui\u00e7\u00e3o de educa\u00e7\u00e3o profissional e tecnol\u00f3gica refer\u00eancia na Bahia, em todas as [&hellip;]<\/p>\n","protected":false},"author":154,"featured_media":0,"parent":0,"menu_order":0,"comment_status":"closed","ping_status":"closed","template":"","meta":[],"_links":{"self":[{"href":"https:\/\/www.ifbaiano.edu.br\/unidades\/urucuca\/wp-json\/wp\/v2\/pages\/10898"}],"collection":[{"href":"https:\/\/www.ifbaiano.edu.br\/unidades\/urucuca\/wp-json\/wp\/v2\/pages"}],"about":[{"href":"https:\/\/www.ifbaiano.edu.br\/unidades\/urucuca\/wp-json\/wp\/v2\/types\/page"}],"author":[{"embeddable":true,"href":"https:\/\/www.ifbaiano.edu.br\/unidades\/urucuca\/wp-json\/wp\/v2\/users\/154"}],"replies":[{"embeddable":true,"href":"https:\/\/www.ifbaiano.edu.br\/unidades\/urucuca\/wp-json\/wp\/v2\/comments?post=10898"}],"version-history":[{"count":4,"href":"https:\/\/www.ifbaiano.edu.br\/unidades\/urucuca\/wp-json\/wp\/v2\/pages\/10898\/revisions"}],"predecessor-version":[{"id":10939,"href":"https:\/\/www.ifbaiano.edu.br\/unidades\/urucuca\/wp-json\/wp\/v2\/pages\/10898\/revisions\/10939"}],"wp:attachment":[{"href":"https:\/\/www.ifbaiano.edu.br\/unidades\/urucuca\/wp-json\/wp\/v2\/media?parent=10898"}],"curies":[{"name":"wp","href":"https:\/\/api.w.org\/{rel}","templated":true}]}}