{"id":10971,"date":"2025-01-14T10:59:08","date_gmt":"2025-01-14T13:59:08","guid":{"rendered":"https:\/\/www.ifbaiano.edu.br\/unidades\/urucuca\/?page_id=10971"},"modified":"2025-01-15T14:09:25","modified_gmt":"2025-01-15T17:09:25","slug":"nucleo-de-apoio-a-gestao-de-pessoas-nagp","status":"publish","type":"page","link":"https:\/\/www.ifbaiano.edu.br\/unidades\/urucuca\/nucleo-de-apoio-a-gestao-de-pessoas-nagp\/","title":{"rendered":"N\u00facleo de Apoio a Gest\u00e3o de Pessoas- NAGP\u00a0"},"content":{"rendered":"\n<p>O N\u00facleo de Apoio \u00e0 Gest\u00e3o de Pessoas (NAGP) \u00e9 um setor vinculado \u00e0 Dire\u00e7\u00e3o-Geral, \u00e9 respons\u00e1vel por propor e executar as pol\u00edticas e diretrizes referentes \u00e0 gest\u00e3o de pessoas no \u00e2mbito do campus.&nbsp;<\/p>\n\n\n\n<p>Respons\u00e1vel: Jos\u00e9 Gon\u00e7alves de Souza J\u00fanior&nbsp;<br>E-mail Institucional: <a rel=\"noreferrer noopener\" href=\"mailto:nagp@urucuca.ifbaiano.edu.br\" target=\"_blank\">nagp@urucuca.ifbaiano.edu.br<\/a>&nbsp;<br>Contato: (73) 99166-4541&nbsp;<\/p>\n\n\n\n<p><\/p>\n\n\n\n<p class=\"has-white-color has-text-color has-background\" style=\"background-color:#138404\"><strong>PAINEL DO SERVIDOR<\/strong><\/p>\n\n\n\n<p>O acesso ao portal do servidor p\u00fablico \u00e9 uma ferramenta online que permite ao servidor p\u00fablico consultar informa\u00e7\u00f5es e servi\u00e7os relacionados \u00e0 sua carreira e benef\u00edcios. Esse portal oferece acesso a diversos servi\u00e7os, como consulta de contracheques, f\u00e9rias, licen\u00e7as, hist\u00f3rico de lota\u00e7\u00e3o, entre outros.&nbsp;&nbsp;<\/p>\n\n\n\n<p>Para acessar ao Portal do Servidor basta acessar o endere\u00e7o:\u00a0<a rel=\"noreferrer noopener\" href=\"https:\/\/ifbaiano.edu.br\/portal\/servidor\/\" target=\"_blank\">https:\/\/ifbaiano.edu.br\/portal\/servidor\/<\/a>\u00a0<\/p>\n\n\n\n<p><\/p>\n\n\n\n<p class=\"has-white-color has-text-color has-background\" style=\"background-color:#138404\"><strong>DOCUMENTOS<\/strong><\/p>\n\n\n\n<p><a href=\"https:\/\/www.ifbaiano.edu.br\/unidades\/urucuca\/files\/2025\/01\/Cadastrar-Contato-de-Emergencia-no-SUAP.pdf\" data-type=\"URL\" data-id=\"https:\/\/www.ifbaiano.edu.br\/unidades\/urucuca\/files\/2025\/01\/Cadastrar-Contato-de-Emergencia-no-SUAP.pdf\" target=\"_blank\" rel=\"noreferrer noopener\">Cadastrar Contato de Emerg\u00eancia no SUAP<\/a><\/p>\n","protected":false},"excerpt":{"rendered":"<p>O N\u00facleo de Apoio \u00e0 Gest\u00e3o de Pessoas (NAGP) \u00e9 um setor vinculado \u00e0 Dire\u00e7\u00e3o-Geral, \u00e9 respons\u00e1vel por propor e executar as pol\u00edticas e diretrizes referentes \u00e0 gest\u00e3o de pessoas no \u00e2mbito do campus.&nbsp; Respons\u00e1vel: Jos\u00e9 Gon\u00e7alves de Souza J\u00fanior&nbsp;E-mail Institucional: nagp@urucuca.ifbaiano.edu.br&nbsp;Contato: (73) 99166-4541&nbsp; PAINEL DO SERVIDOR O acesso ao portal do servidor p\u00fablico \u00e9 [&hellip;]<\/p>\n","protected":false},"author":154,"featured_media":0,"parent":0,"menu_order":0,"comment_status":"closed","ping_status":"closed","template":"","meta":[],"_links":{"self":[{"href":"https:\/\/www.ifbaiano.edu.br\/unidades\/urucuca\/wp-json\/wp\/v2\/pages\/10971"}],"collection":[{"href":"https:\/\/www.ifbaiano.edu.br\/unidades\/urucuca\/wp-json\/wp\/v2\/pages"}],"about":[{"href":"https:\/\/www.ifbaiano.edu.br\/unidades\/urucuca\/wp-json\/wp\/v2\/types\/page"}],"author":[{"embeddable":true,"href":"https:\/\/www.ifbaiano.edu.br\/unidades\/urucuca\/wp-json\/wp\/v2\/users\/154"}],"replies":[{"embeddable":true,"href":"https:\/\/www.ifbaiano.edu.br\/unidades\/urucuca\/wp-json\/wp\/v2\/comments?post=10971"}],"version-history":[{"count":4,"href":"https:\/\/www.ifbaiano.edu.br\/unidades\/urucuca\/wp-json\/wp\/v2\/pages\/10971\/revisions"}],"predecessor-version":[{"id":11958,"href":"https:\/\/www.ifbaiano.edu.br\/unidades\/urucuca\/wp-json\/wp\/v2\/pages\/10971\/revisions\/11958"}],"wp:attachment":[{"href":"https:\/\/www.ifbaiano.edu.br\/unidades\/urucuca\/wp-json\/wp\/v2\/media?parent=10971"}],"curies":[{"name":"wp","href":"https:\/\/api.w.org\/{rel}","templated":true}]}}