{"id":10988,"date":"2025-01-14T11:09:31","date_gmt":"2025-01-14T14:09:31","guid":{"rendered":"https:\/\/www.ifbaiano.edu.br\/unidades\/urucuca\/?page_id=10988"},"modified":"2025-01-14T11:09:31","modified_gmt":"2025-01-14T14:09:31","slug":"nucleo-de-planejamento-e-parcerias-institucionais-nuppi","status":"publish","type":"page","link":"https:\/\/www.ifbaiano.edu.br\/unidades\/urucuca\/nucleo-de-planejamento-e-parcerias-institucionais-nuppi\/","title":{"rendered":"N\u00facleo de Planejamento e Parcerias Institucionais- NUPPI\u00a0"},"content":{"rendered":"\n<p>O N\u00facleo de Planejamento e Parcerias Institucionais (NUPPI) \u00e9 um setor de assessoramento da Dire\u00e7\u00e3o-Geral do campus respons\u00e1vel por articular, em conjunto com a Dire\u00e7\u00e3o-Geral e as Diretorias Administrativa e Acad\u00eamica, o planejamento e a execu\u00e7\u00e3o de pol\u00edticas e a\u00e7\u00f5es voltadas ao desenvolvimento institucional.\u00a0<\/p>\n\n\n\n<p>Respons\u00e1vel: Almenizio Batista Concei\u00e7\u00e3o J\u00fanior\u00a0\u00a0<br>Contato: nuppi@urucuca.ifbaiano.edu.br\u00a0<\/p>\n","protected":false},"excerpt":{"rendered":"<p>O N\u00facleo de Planejamento e Parcerias Institucionais (NUPPI) \u00e9 um setor de assessoramento da Dire\u00e7\u00e3o-Geral do campus respons\u00e1vel por articular, em conjunto com a Dire\u00e7\u00e3o-Geral e as Diretorias Administrativa e Acad\u00eamica, o planejamento e a execu\u00e7\u00e3o de pol\u00edticas e a\u00e7\u00f5es voltadas ao desenvolvimento institucional.\u00a0 Respons\u00e1vel: Almenizio Batista Concei\u00e7\u00e3o J\u00fanior\u00a0\u00a0Contato: nuppi@urucuca.ifbaiano.edu.br\u00a0<\/p>\n","protected":false},"author":154,"featured_media":0,"parent":0,"menu_order":0,"comment_status":"closed","ping_status":"closed","template":"","meta":[],"_links":{"self":[{"href":"https:\/\/www.ifbaiano.edu.br\/unidades\/urucuca\/wp-json\/wp\/v2\/pages\/10988"}],"collection":[{"href":"https:\/\/www.ifbaiano.edu.br\/unidades\/urucuca\/wp-json\/wp\/v2\/pages"}],"about":[{"href":"https:\/\/www.ifbaiano.edu.br\/unidades\/urucuca\/wp-json\/wp\/v2\/types\/page"}],"author":[{"embeddable":true,"href":"https:\/\/www.ifbaiano.edu.br\/unidades\/urucuca\/wp-json\/wp\/v2\/users\/154"}],"replies":[{"embeddable":true,"href":"https:\/\/www.ifbaiano.edu.br\/unidades\/urucuca\/wp-json\/wp\/v2\/comments?post=10988"}],"version-history":[{"count":1,"href":"https:\/\/www.ifbaiano.edu.br\/unidades\/urucuca\/wp-json\/wp\/v2\/pages\/10988\/revisions"}],"predecessor-version":[{"id":10990,"href":"https:\/\/www.ifbaiano.edu.br\/unidades\/urucuca\/wp-json\/wp\/v2\/pages\/10988\/revisions\/10990"}],"wp:attachment":[{"href":"https:\/\/www.ifbaiano.edu.br\/unidades\/urucuca\/wp-json\/wp\/v2\/media?parent=10988"}],"curies":[{"name":"wp","href":"https:\/\/api.w.org\/{rel}","templated":true}]}}