{"id":10991,"date":"2025-01-14T11:10:17","date_gmt":"2025-01-14T14:10:17","guid":{"rendered":"https:\/\/www.ifbaiano.edu.br\/unidades\/urucuca\/?page_id=10991"},"modified":"2025-01-14T11:11:40","modified_gmt":"2025-01-14T14:11:40","slug":"nucleo-permanente-de-pessoal-docente-nppd","status":"publish","type":"page","link":"https:\/\/www.ifbaiano.edu.br\/unidades\/urucuca\/nucleo-permanente-de-pessoal-docente-nppd\/","title":{"rendered":"N\u00facleo Permanente de Pessoal Docente &#8211; NPPD"},"content":{"rendered":"\n<p>O N\u00facleo Permanente de Pessoal Docente (NPPD) \u00e9 um setor de assessoramento ao NAGP para o acompanhamento da execu\u00e7\u00e3o da Pol\u00edtica de Pessoal Docente do IF Baiano.&nbsp;<\/p>\n\n\n\n<p>Respons\u00e1vel: Ivanilton Neves de Lima&nbsp;<br>Contato: nppd@urucuca.ifbaiano.edu.br&nbsp;<\/p>\n","protected":false},"excerpt":{"rendered":"<p>O N\u00facleo Permanente de Pessoal Docente (NPPD) \u00e9 um setor de assessoramento ao NAGP para o acompanhamento da execu\u00e7\u00e3o da Pol\u00edtica de Pessoal Docente do IF Baiano.&nbsp; Respons\u00e1vel: Ivanilton Neves de Lima&nbsp;Contato: nppd@urucuca.ifbaiano.edu.br&nbsp;<\/p>\n","protected":false},"author":154,"featured_media":0,"parent":0,"menu_order":0,"comment_status":"closed","ping_status":"closed","template":"","meta":[],"_links":{"self":[{"href":"https:\/\/www.ifbaiano.edu.br\/unidades\/urucuca\/wp-json\/wp\/v2\/pages\/10991"}],"collection":[{"href":"https:\/\/www.ifbaiano.edu.br\/unidades\/urucuca\/wp-json\/wp\/v2\/pages"}],"about":[{"href":"https:\/\/www.ifbaiano.edu.br\/unidades\/urucuca\/wp-json\/wp\/v2\/types\/page"}],"author":[{"embeddable":true,"href":"https:\/\/www.ifbaiano.edu.br\/unidades\/urucuca\/wp-json\/wp\/v2\/users\/154"}],"replies":[{"embeddable":true,"href":"https:\/\/www.ifbaiano.edu.br\/unidades\/urucuca\/wp-json\/wp\/v2\/comments?post=10991"}],"version-history":[{"count":2,"href":"https:\/\/www.ifbaiano.edu.br\/unidades\/urucuca\/wp-json\/wp\/v2\/pages\/10991\/revisions"}],"predecessor-version":[{"id":11000,"href":"https:\/\/www.ifbaiano.edu.br\/unidades\/urucuca\/wp-json\/wp\/v2\/pages\/10991\/revisions\/11000"}],"wp:attachment":[{"href":"https:\/\/www.ifbaiano.edu.br\/unidades\/urucuca\/wp-json\/wp\/v2\/media?parent=10991"}],"curies":[{"name":"wp","href":"https:\/\/api.w.org\/{rel}","templated":true}]}}