{"id":11032,"date":"2025-01-15T11:00:08","date_gmt":"2025-01-15T14:00:08","guid":{"rendered":"https:\/\/www.ifbaiano.edu.br\/unidades\/urucuca\/?page_id=11032"},"modified":"2025-07-07T10:48:12","modified_gmt":"2025-07-07T13:48:12","slug":"academico","status":"publish","type":"page","link":"https:\/\/www.ifbaiano.edu.br\/unidades\/urucuca\/academico\/","title":{"rendered":"Acad\u00eamico\u00a0"},"content":{"rendered":"\n<p class=\"has-white-color has-text-color has-background\" style=\"background-color:#248800\"><strong>Documentos<\/strong><\/p>\n\n\n\n<p><a rel=\"noreferrer noopener\" href=\"https:\/\/www.ifbaiano.edu.br\/unidades\/urucuca\/files\/2025\/01\/Diretrizes-para-elaboracao-de-Calendario-Academico-ambito-do-IF-Baiano.pdf\" data-type=\"URL\" data-id=\"https:\/\/www.ifbaiano.edu.br\/unidades\/urucuca\/files\/2025\/01\/Diretrizes-para-elaboracao-de-Calendario-Academico-ambito-do-IF-Baiano.pdf\" target=\"_blank\">Diretrizes para elabora\u00e7\u00e3o de Calend\u00e1rio Acad\u00eamico, \u00e2mbito do IF Baiano<\/a><br><a rel=\"noreferrer noopener\" href=\"https:\/\/www.ifbaiano.edu.br\/unidades\/urucuca\/files\/2025\/01\/Atribuicoes-das-coordenacoes-de-curso-da-EPTMN.pdf\" target=\"_blank\">Atribui\u00e7\u00f5es das coordena\u00e7\u00f5es de curso da EPTMN<\/a><br><a rel=\"noreferrer noopener\" href=\"https:\/\/www.ifbaiano.edu.br\/unidades\/urucuca\/files\/2025\/01\/Regulamentacao-da-Atividade-Docente-RAD.pdf\" target=\"_blank\">Regulamenta\u00e7\u00e3o da Atividade Docente &#8211; RAD<\/a><br><a rel=\"noreferrer noopener\" href=\"https:\/\/www.ifbaiano.edu.br\/unidades\/urucuca\/files\/2025\/01\/Organizacao-Didatica-dos-cursos-superiores.pdf\" target=\"_blank\">Organiza\u00e7\u00e3o Did\u00e1tica dos cursos superiores<\/a><br><a rel=\"noreferrer noopener\" href=\"https:\/\/www.ifbaiano.edu.br\/unidades\/urucuca\/files\/2025\/01\/Regulamento-das-Atribuicoes-do-NATEPE-1.pdf\" target=\"_blank\">Regulamento das Atribui\u00e7\u00f5es do NATEPE<\/a><br><a rel=\"noreferrer noopener\" href=\"https:\/\/www.ifbaiano.edu.br\/unidades\/urucuca\/files\/2025\/01\/Normatiza-as-acoes-de-apoio-ao-desenvolvimento-e-a-gestao-da-oferta-de-cursos-e-vagas-do-IFBAIANO.pdf\" target=\"_blank\">Normatiza as a\u00e7\u00f5es de apoio ao desenvolvimento e a gest\u00e3o da oferta de cursos e vagas do IFBAIANO<\/a><br><a rel=\"noreferrer noopener\" href=\"https:\/\/www.ifbaiano.edu.br\/unidades\/urucuca\/files\/2025\/01\/Procedimentos-a-serem-adotados-na-contratacao-de-professoresas-substitutosas-ou-efetivosas-no-ambito-do-IF-Baiano.pdf\" target=\"_blank\">Procedimentos a serem adotados na contrata\u00e7\u00e3o de professores(as) substitutos(as) ou efetivos(as), no \u00e2mbito do IF Baiano<\/a><br><a rel=\"noreferrer noopener\" href=\"https:\/\/www.ifbaiano.edu.br\/unidades\/urucuca\/files\/2025\/01\/Organizacao-Didatica-dos-cursos-da-EPTNM.pdf\" data-type=\"URL\" data-id=\"https:\/\/www.ifbaiano.edu.br\/unidades\/urucuca\/files\/2025\/01\/Organizacao-Didatica-dos-cursos-da-EPTNM.pdf\" target=\"_blank\">Organiza\u00e7\u00e3o Did\u00e1tica dos cursos da EPTNM<\/a><br><a rel=\"noreferrer noopener\" href=\"https:\/\/www.ifbaiano.edu.br\/unidades\/urucuca\/files\/2025\/01\/Politica-de-Nivelamento.pdf\" data-type=\"URL\" data-id=\"https:\/\/www.ifbaiano.edu.br\/unidades\/urucuca\/files\/2025\/01\/Politica-de-Nivelamento.pdf\" target=\"_blank\">Pol\u00edtica de Nivelamento<\/a><br><a rel=\"noreferrer noopener\" href=\"https:\/\/www.ifbaiano.edu.br\/unidades\/urucuca\/files\/2025\/01\/Estabelecer-os-procedimentos-para-cadastro-de-professores-nao-servidores-do-IF-Baiano-no-Sistema-Unificado-de-Administracao-Publica-SUAP-para-cursos-do-IF-Baiano.pdf\" data-type=\"URL\" data-id=\"https:\/\/www.ifbaiano.edu.br\/unidades\/urucuca\/files\/2025\/01\/Estabelecer-os-procedimentos-para-cadastro-de-professores-nao-servidores-do-IF-Baiano-no-Sistema-Unificado-de-Administracao-Publica-SUAP-para-cursos-do-IF-Baiano.pdf\" target=\"_blank\">Instru\u00e7\u00e3o Normativa 75\/2025 &#8211; Estabelece os procedimentos para cadastro de professores n\u00e3o servidores do IF Baiano no Sistema Unificado de Administra\u00e7\u00e3o P\u00fablica &#8211; SUAP para cursos do IF Baiano<\/a><br><a href=\"https:\/\/www.ifbaiano.edu.br\/unidades\/urucuca\/files\/2025\/07\/Portaria-normativa-3-2025.pdf\" data-type=\"URL\" data-id=\"https:\/\/www.ifbaiano.edu.br\/unidades\/urucuca\/files\/2025\/07\/Portaria-normativa-3-2025.pdf\" target=\"_blank\" rel=\"noreferrer noopener\">Portaria Normativa 3\/2025 &#8211; Estabelece crit\u00e9rios para participa\u00e7\u00e3o discente em eventos fora da sede do Campus Uru\u00e7uca<\/a><\/p>\n\n\n\n<p><\/p>\n\n\n\n<p class=\"has-white-color has-text-color has-background\" style=\"background-color:#248800\"><strong>Projetos Pedag\u00f3gicos dos Cursos<\/strong><\/p>\n\n\n\n<p><strong>Integrados<\/strong><br><a rel=\"noreferrer noopener\" href=\"https:\/\/www.ifbaiano.edu.br\/unidades\/urucuca\/files\/2025\/01\/Projeto-Pedagogico-do-Curso_Tecnico-em-Guia-de-Turismo_Ensino-Medio-Integrado.pdf\" data-type=\"URL\" data-id=\"https:\/\/www.ifbaiano.edu.br\/unidades\/urucuca\/files\/2025\/01\/Projeto-Pedagogico-do-Curso_Tecnico-em-Guia-de-Turismo_Ensino-Medio-Integrado.pdf\" target=\"_blank\">PPC Guia de Turismo<br><\/a><a href=\"https:\/\/www.ifbaiano.edu.br\/unidades\/urucuca\/files\/2025\/02\/PPC-TECNICO-EM-INFORMATICA-2019.pdf\" data-type=\"URL\" data-id=\"https:\/\/www.ifbaiano.edu.br\/unidades\/urucuca\/files\/2025\/02\/PPC-TECNICO-EM-INFORMATICA-2019.pdf\" target=\"_blank\" rel=\"noreferrer noopener\">PPC Inform\u00e1tica<\/a><\/p>\n\n\n\n<p><strong>Subsequentes<\/strong><br><a rel=\"noreferrer noopener\" href=\"https:\/\/www.ifbaiano.edu.br\/unidades\/urucuca\/files\/2025\/01\/Projeto-Pedagogico-do-Curso_Tecnico-em-Agrimensura_Ensino-Medio-Subsequente.pdf\" data-type=\"URL\" data-id=\"https:\/\/www.ifbaiano.edu.br\/unidades\/urucuca\/files\/2025\/01\/Projeto-Pedagogico-do-Curso_Tecnico-em-Agrimensura_Ensino-Medio-Subsequente.pdf\" target=\"_blank\">PPC Agrimensura<br><\/a><a rel=\"noreferrer noopener\" href=\"https:\/\/www.ifbaiano.edu.br\/unidades\/urucuca\/files\/2025\/01\/Projeto-Pedagogico-do-Curso_Tecnico-em-Alimentos_Ensino-Medio-Subsequente.pdf\" data-type=\"URL\" data-id=\"https:\/\/www.ifbaiano.edu.br\/unidades\/urucuca\/files\/2025\/01\/Projeto-Pedagogico-do-Curso_Tecnico-em-Alimentos_Ensino-Medio-Subsequente.pdf\" target=\"_blank\">PPC Alimentos<\/a><br><a rel=\"noreferrer noopener\" href=\"https:\/\/www.ifbaiano.edu.br\/unidades\/urucuca\/files\/2025\/01\/Projeto-Pedagogico-do-Curso_Tecnico-em-Agropecuaria_Ensino-Medio-Subsequente.pdf\" data-type=\"URL\" data-id=\"https:\/\/www.ifbaiano.edu.br\/unidades\/urucuca\/files\/2025\/01\/Projeto-Pedagogico-do-Curso_Tecnico-em-Agropecuaria_Ensino-Medio-Subsequente.pdf\" target=\"_blank\">PPC Agropecu\u00e1ria<\/a><\/p>\n\n\n\n<p><strong>EAD<\/strong><br><a href=\"https:\/\/www.ifbaiano.edu.br\/unidades\/urucuca\/files\/2025\/01\/Projeto-Pedagogico-do-Curso_Tecnico-em-Vendas_Ensino-Medio-EAD-Subsequente.pdf\" data-type=\"URL\" data-id=\"https:\/\/www.ifbaiano.edu.br\/unidades\/urucuca\/files\/2025\/01\/Projeto-Pedagogico-do-Curso_Tecnico-em-Vendas_Ensino-Medio-EAD-Subsequente.pdf\" target=\"_blank\" rel=\"noreferrer noopener\">PPC Vendas<br><\/a><a href=\"https:\/\/www.ifbaiano.edu.br\/unidades\/urucuca\/files\/2025\/01\/Projeto-Pedagogico-do-Curso_Tecnico-em-Informatica_Ensino-Medio-EAD-Subsequente.pdf\" data-type=\"URL\" data-id=\"https:\/\/www.ifbaiano.edu.br\/unidades\/urucuca\/files\/2025\/01\/Projeto-Pedagogico-do-Curso_Tecnico-em-Informatica_Ensino-Medio-EAD-Subsequente.pdf\" target=\"_blank\" rel=\"noreferrer noopener\">PPC Inform\u00e1tica<br><\/a><a href=\"https:\/\/www.ifbaiano.edu.br\/unidades\/urucuca\/files\/2025\/01\/Projeto-Pedagogico-do-Curso_Tecnico-em-Secretaria-Escolar_Ensino-Medio-EAD-Subsequente.pdf\" data-type=\"URL\" data-id=\"https:\/\/www.ifbaiano.edu.br\/unidades\/urucuca\/files\/2025\/01\/Projeto-Pedagogico-do-Curso_Tecnico-em-Secretaria-Escolar_Ensino-Medio-EAD-Subsequente.pdf\" target=\"_blank\" rel=\"noreferrer noopener\">PPC Secretaria Escolar<\/a><\/p>\n\n\n\n<p><strong>Superiores<\/strong><br><a href=\"https:\/\/www.ifbaiano.edu.br\/unidades\/urucuca\/files\/2025\/01\/Projeto-Pedagogico-do-Curso_Tecnologia-em-Agroecologia_Ensino-Superior.pdf\" data-type=\"URL\" data-id=\"https:\/\/www.ifbaiano.edu.br\/unidades\/urucuca\/files\/2025\/01\/Projeto-Pedagogico-do-Curso_Tecnologia-em-Agroecologia_Ensino-Superior.pdf\" target=\"_blank\" rel=\"noreferrer noopener\">Tecnologia em Agroecologia<br><\/a><a href=\"https:\/\/www.ifbaiano.edu.br\/unidades\/urucuca\/files\/2025\/01\/Projeto-Pedagogico-do-Curso_Tecnologia-em-Gestao-de-Turismo_Ensino-Superior.pdf\" data-type=\"URL\" data-id=\"https:\/\/www.ifbaiano.edu.br\/unidades\/urucuca\/files\/2025\/01\/Projeto-Pedagogico-do-Curso_Tecnologia-em-Gestao-de-Turismo_Ensino-Superior.pdf\" target=\"_blank\" rel=\"noreferrer noopener\">Tecnologia em Gest\u00e3o de Turismo<\/a><br><a href=\"https:\/\/www.ifbaiano.edu.br\/unidades\/urucuca\/files\/2025\/01\/Projeto-Pedagogico-do-Curso_Engenharia-de-Alimentos_Ensino-Superior.pdf\" data-type=\"URL\" data-id=\"https:\/\/www.ifbaiano.edu.br\/unidades\/urucuca\/files\/2025\/01\/Projeto-Pedagogico-do-Curso_Engenharia-de-Alimentos_Ensino-Superior.pdf\" target=\"_blank\" rel=\"noreferrer noopener\">Engenharia de Alimentos<\/a><\/p>\n\n\n\n<p><strong>P\u00f3s-Gradua\u00e7\u00e3o<\/strong><br><a rel=\"noreferrer noopener\" href=\"https:\/\/www.ifbaiano.edu.br\/unidades\/urucuca\/files\/2025\/01\/Projeto-Pedagogico-do-Curso_Ciencia-e-Tecnologia-de-Alimentos_Enfase-em-Cacau-e-Chocolates_Pos-Graduacao.pdf\" data-type=\"URL\" data-id=\"https:\/\/www.ifbaiano.edu.br\/unidades\/urucuca\/files\/2025\/01\/Projeto-Pedagogico-do-Curso_Ciencia-e-Tecnologia-de-Alimentos_Enfase-em-Cacau-e-Chocolates_Pos-Graduacao.pdf\" target=\"_blank\">Ci\u00eancia e Tecnologia de Alimentos \u00canfase em Cacau e Chocolate<br><\/a><a rel=\"noreferrer noopener\" href=\"https:\/\/www.ifbaiano.edu.br\/unidades\/urucuca\/files\/2025\/01\/Projeto-Pedagogico-do-Curso_Educacao-Cientifica-e-Cidadania_Pos-Graduacao.pdf\" data-type=\"URL\" data-id=\"https:\/\/www.ifbaiano.edu.br\/unidades\/urucuca\/files\/2025\/01\/Projeto-Pedagogico-do-Curso_Educacao-Cientifica-e-Cidadania_Pos-Graduacao.pdf\" target=\"_blank\">Educa\u00e7\u00e3o Cient\u00edfica e Cidadania<\/a><br><a href=\"https:\/\/www.ifbaiano.edu.br\/unidades\/urucuca\/files\/2025\/02\/PPC-aprovado-consup-PGDRS-1.pdf\" data-type=\"URL\" data-id=\"https:\/\/www.ifbaiano.edu.br\/unidades\/urucuca\/files\/2025\/02\/PPC-aprovado-consup-PGDRS-1.pdf\" target=\"_blank\" rel=\"noreferrer noopener\">Desenvolvimento Regional Sustent\u00e1vel<\/a><\/p>\n\n\n\n<p><\/p>\n\n\n\n<p><\/p>\n","protected":false},"excerpt":{"rendered":"<p>Documentos Diretrizes para elabora\u00e7\u00e3o de Calend\u00e1rio Acad\u00eamico, \u00e2mbito do IF BaianoAtribui\u00e7\u00f5es das coordena\u00e7\u00f5es de curso da EPTMNRegulamenta\u00e7\u00e3o da Atividade Docente &#8211; RADOrganiza\u00e7\u00e3o Did\u00e1tica dos cursos superioresRegulamento das Atribui\u00e7\u00f5es do NATEPENormatiza as a\u00e7\u00f5es de apoio ao desenvolvimento e a gest\u00e3o da oferta de cursos e vagas do IFBAIANOProcedimentos a serem adotados na contrata\u00e7\u00e3o de professores(as) substitutos(as) [&hellip;]<\/p>\n","protected":false},"author":154,"featured_media":0,"parent":0,"menu_order":0,"comment_status":"closed","ping_status":"closed","template":"","meta":[],"_links":{"self":[{"href":"https:\/\/www.ifbaiano.edu.br\/unidades\/urucuca\/wp-json\/wp\/v2\/pages\/11032"}],"collection":[{"href":"https:\/\/www.ifbaiano.edu.br\/unidades\/urucuca\/wp-json\/wp\/v2\/pages"}],"about":[{"href":"https:\/\/www.ifbaiano.edu.br\/unidades\/urucuca\/wp-json\/wp\/v2\/types\/page"}],"author":[{"embeddable":true,"href":"https:\/\/www.ifbaiano.edu.br\/unidades\/urucuca\/wp-json\/wp\/v2\/users\/154"}],"replies":[{"embeddable":true,"href":"https:\/\/www.ifbaiano.edu.br\/unidades\/urucuca\/wp-json\/wp\/v2\/comments?post=11032"}],"version-history":[{"count":12,"href":"https:\/\/www.ifbaiano.edu.br\/unidades\/urucuca\/wp-json\/wp\/v2\/pages\/11032\/revisions"}],"predecessor-version":[{"id":12296,"href":"https:\/\/www.ifbaiano.edu.br\/unidades\/urucuca\/wp-json\/wp\/v2\/pages\/11032\/revisions\/12296"}],"wp:attachment":[{"href":"https:\/\/www.ifbaiano.edu.br\/unidades\/urucuca\/wp-json\/wp\/v2\/media?parent=11032"}],"curies":[{"name":"wp","href":"https:\/\/api.w.org\/{rel}","templated":true}]}}