{"id":11045,"date":"2025-01-15T11:11:48","date_gmt":"2025-01-15T14:11:48","guid":{"rendered":"https:\/\/www.ifbaiano.edu.br\/unidades\/urucuca\/?page_id=11045"},"modified":"2025-01-15T11:11:49","modified_gmt":"2025-01-15T14:11:49","slug":"coordenacao-de-assuntos-estudantis-cae","status":"publish","type":"page","link":"https:\/\/www.ifbaiano.edu.br\/unidades\/urucuca\/coordenacao-de-assuntos-estudantis-cae\/","title":{"rendered":"Coordena\u00e7\u00e3o de Assuntos Estudantis &#8211; CAE\u00a0\u00a0"},"content":{"rendered":"\n<p>A Coordena\u00e7\u00e3o de Assuntos Estudantis (CAE), \u00e9 um setor vinculado \u00e0 Diretoria Acad\u00eamica, respons\u00e1vel pela elabora\u00e7\u00e3o, coordena\u00e7\u00e3o e execu\u00e7\u00e3o de programas, planos, eventos e projetos de assist\u00eancia estudantil, assessoramento pedag\u00f3gico e promo\u00e7\u00e3o social e da sa\u00fade, esporte, lazer e cultura, visando o desenvolvimento f\u00edsico, ps\u00edquico e social dos(as) discentes, por meio de a\u00e7\u00f5es que favore\u00e7am a perman\u00eancia e o \u00eaxito no processo de forma\u00e7\u00e3o.\u00a0<\/p>\n\n\n\n<p>Respons\u00e1vel: Maysa Sousa Santos Ferraz\u00a0<br>E-mail Institucional: <a rel=\"noreferrer noopener\" href=\"mailto:cae@urucuca.ifbaiano.edu.br\" target=\"_blank\">cae@urucuca.ifbaiano.edu.br<\/a>\u00a0\u00a0<br>Contato: WhatsApp: (73) 98226-8115\u00a0<\/p>\n","protected":false},"excerpt":{"rendered":"<p>A Coordena\u00e7\u00e3o de Assuntos Estudantis (CAE), \u00e9 um setor vinculado \u00e0 Diretoria Acad\u00eamica, respons\u00e1vel pela elabora\u00e7\u00e3o, coordena\u00e7\u00e3o e execu\u00e7\u00e3o de programas, planos, eventos e projetos de assist\u00eancia estudantil, assessoramento pedag\u00f3gico e promo\u00e7\u00e3o social e da sa\u00fade, esporte, lazer e cultura, visando o desenvolvimento f\u00edsico, ps\u00edquico e social dos(as) discentes, por meio de a\u00e7\u00f5es que favore\u00e7am [&hellip;]<\/p>\n","protected":false},"author":154,"featured_media":0,"parent":0,"menu_order":0,"comment_status":"closed","ping_status":"closed","template":"","meta":[],"_links":{"self":[{"href":"https:\/\/www.ifbaiano.edu.br\/unidades\/urucuca\/wp-json\/wp\/v2\/pages\/11045"}],"collection":[{"href":"https:\/\/www.ifbaiano.edu.br\/unidades\/urucuca\/wp-json\/wp\/v2\/pages"}],"about":[{"href":"https:\/\/www.ifbaiano.edu.br\/unidades\/urucuca\/wp-json\/wp\/v2\/types\/page"}],"author":[{"embeddable":true,"href":"https:\/\/www.ifbaiano.edu.br\/unidades\/urucuca\/wp-json\/wp\/v2\/users\/154"}],"replies":[{"embeddable":true,"href":"https:\/\/www.ifbaiano.edu.br\/unidades\/urucuca\/wp-json\/wp\/v2\/comments?post=11045"}],"version-history":[{"count":2,"href":"https:\/\/www.ifbaiano.edu.br\/unidades\/urucuca\/wp-json\/wp\/v2\/pages\/11045\/revisions"}],"predecessor-version":[{"id":12238,"href":"https:\/\/www.ifbaiano.edu.br\/unidades\/urucuca\/wp-json\/wp\/v2\/pages\/11045\/revisions\/12238"}],"wp:attachment":[{"href":"https:\/\/www.ifbaiano.edu.br\/unidades\/urucuca\/wp-json\/wp\/v2\/media?parent=11045"}],"curies":[{"name":"wp","href":"https:\/\/api.w.org\/{rel}","templated":true}]}}