{"id":11087,"date":"2025-01-20T10:53:15","date_gmt":"2025-01-20T13:53:15","guid":{"rendered":"https:\/\/www.ifbaiano.edu.br\/unidades\/urucuca\/?page_id=11087"},"modified":"2025-01-20T10:53:16","modified_gmt":"2025-01-20T13:53:16","slug":"plano-de-contratacoes-anual","status":"publish","type":"page","link":"https:\/\/www.ifbaiano.edu.br\/unidades\/urucuca\/plano-de-contratacoes-anual\/","title":{"rendered":"Plano de Contrata\u00e7\u00f5es Anual\u00a0"},"content":{"rendered":"\n<p>O planejamento anual das contrata\u00e7\u00f5es \u00e9 o processo de trabalho estabelecido pela organiza\u00e7\u00e3o para elaborar, executar e acompanhar o seu plano de contrata\u00e7\u00f5es anual (PCA).&nbsp;<\/p>\n\n\n\n<p>Esse plano foi previsto pela Lei 14.133\/2021 e regulamentado pelo Decreto 10.947\/2022. \u00c9 um documento que tem como objetivo consolidar as demandas que o \u00f3rg\u00e3o ou entidade planeja contratar no exerc\u00edcio subsequente ao de sua elabora\u00e7\u00e3o.&nbsp;<\/p>\n\n\n\n<p>O PCA \u00e9 uma ferramenta fundamental para o planejamento das contrata\u00e7\u00f5es p\u00fablicas, pois permite uma vis\u00e3o antecipada das demandas e necessidades da organiza\u00e7\u00e3o.&nbsp;<\/p>\n\n\n\n<p>O IF Baiano \u2013 Campus Uru\u00e7uca apresenta o Plano de Contrata\u00e7\u00f5es Anual (PCA) correspondente \u00e0s contrata\u00e7\u00f5es que pretende realizar ou renovar durante o exerc\u00edcio 2025. O PCA foi elaborado no ano de 2024 em cumprimento \u00e0 Instru\u00e7\u00e3o Normativa n\u00ba 01\/2019 do Minist\u00e9rio da Economia.&nbsp;<\/p>\n\n\n\n<p>Segue o Link de Acesso ao Plano de Contrata\u00e7\u00f5es Anual: <a href=\"https:\/\/pncp.gov.br\/app\/pca\/10724903000179\/2025\/7\/\" target=\"_blank\" rel=\"noreferrer noopener\">https:\/\/pncp.gov.br\/app\/pca\/10724903000179\/2025\/7\/<\/a>&nbsp;<\/p>\n\n\n\n<p>A rela\u00e7\u00e3o apresentada <strong>n\u00e3o gera a obriga\u00e7\u00e3o de contrata\u00e7\u00e3o na sua totalidade<\/strong>, pois est\u00e1 condicionada a disponibiliza\u00e7\u00e3o de recursos or\u00e7ament\u00e1rios e abertura de processo pelo Demandante. Sendo assim, alguns itens apresentados poder\u00e3o ser contratados em quantidades menores ou at\u00e9 mesmo serem suprimidos.&nbsp;<\/p>\n\n\n\n<p><strong>Plano de Contrata\u00e7\u00f5es Anual &#8211; Exerc\u00edcios anteriores:<\/strong>&nbsp;<\/p>\n\n\n\n<p>-&gt;<strong> PCA 2024<\/strong>: <a href=\"https:\/\/pncp.gov.br\/app\/pca\/10724903000179\/2024\/5\" target=\"_blank\" rel=\"noreferrer noopener\">https:\/\/pncp.gov.br\/app\/pca\/10724903000179\/2024\/5<\/a>&nbsp;<\/p>\n\n\n\n<p>-&gt; <strong>PCA 2023<\/strong>: <a href=\"https:\/\/pncp.gov.br\/app\/pca\/10724903000179\/2023\/5\" target=\"_blank\" rel=\"noreferrer noopener\">https:\/\/pncp.gov.br\/app\/pca\/10724903000179\/2023\/5<\/a>&nbsp;<\/p>\n\n\n\n<p>-&gt; <strong>PCA 2022<\/strong>: <a href=\"https:\/\/pncp.gov.br\/app\/pca\/10724903000179\/2022\/5\" target=\"_blank\" rel=\"noreferrer noopener\">https:\/\/pncp.gov.br\/app\/pca\/10724903000179\/2022\/5<\/a>&nbsp;<\/p>\n","protected":false},"excerpt":{"rendered":"<p>O planejamento anual das contrata\u00e7\u00f5es \u00e9 o processo de trabalho estabelecido pela organiza\u00e7\u00e3o para elaborar, executar e acompanhar o seu plano de contrata\u00e7\u00f5es anual (PCA).&nbsp; Esse plano foi previsto pela Lei 14.133\/2021 e regulamentado pelo Decreto 10.947\/2022. \u00c9 um documento que tem como objetivo consolidar as demandas que o \u00f3rg\u00e3o ou entidade planeja contratar no [&hellip;]<\/p>\n","protected":false},"author":154,"featured_media":0,"parent":0,"menu_order":0,"comment_status":"closed","ping_status":"closed","template":"","meta":[],"_links":{"self":[{"href":"https:\/\/www.ifbaiano.edu.br\/unidades\/urucuca\/wp-json\/wp\/v2\/pages\/11087"}],"collection":[{"href":"https:\/\/www.ifbaiano.edu.br\/unidades\/urucuca\/wp-json\/wp\/v2\/pages"}],"about":[{"href":"https:\/\/www.ifbaiano.edu.br\/unidades\/urucuca\/wp-json\/wp\/v2\/types\/page"}],"author":[{"embeddable":true,"href":"https:\/\/www.ifbaiano.edu.br\/unidades\/urucuca\/wp-json\/wp\/v2\/users\/154"}],"replies":[{"embeddable":true,"href":"https:\/\/www.ifbaiano.edu.br\/unidades\/urucuca\/wp-json\/wp\/v2\/comments?post=11087"}],"version-history":[{"count":1,"href":"https:\/\/www.ifbaiano.edu.br\/unidades\/urucuca\/wp-json\/wp\/v2\/pages\/11087\/revisions"}],"predecessor-version":[{"id":11090,"href":"https:\/\/www.ifbaiano.edu.br\/unidades\/urucuca\/wp-json\/wp\/v2\/pages\/11087\/revisions\/11090"}],"wp:attachment":[{"href":"https:\/\/www.ifbaiano.edu.br\/unidades\/urucuca\/wp-json\/wp\/v2\/media?parent=11087"}],"curies":[{"name":"wp","href":"https:\/\/api.w.org\/{rel}","templated":true}]}}