{"id":11113,"date":"2025-01-20T13:50:35","date_gmt":"2025-01-20T16:50:35","guid":{"rendered":"https:\/\/www.ifbaiano.edu.br\/unidades\/urucuca\/?page_id=11113"},"modified":"2025-01-20T13:50:55","modified_gmt":"2025-01-20T16:50:55","slug":"procedimentos-sistemicos-emergencias","status":"publish","type":"page","link":"https:\/\/www.ifbaiano.edu.br\/unidades\/urucuca\/procedimentos-sistemicos-emergencias\/","title":{"rendered":"Procedimentos sist\u00eamicos &#8211; Emerg\u00eancias"},"content":{"rendered":"\n<p><strong>Em caso de suspeita de roubo\/furto de patrim\u00f4nio<\/strong><\/p>\n\n\n\n<ol type=\"1\">\n<li>Manter a calma;<\/li>\n\n\n\n<li>Em nenhuma hip\u00f3tese abordar ou acusar qualquer suspeito;<\/li>\n\n\n\n<li>Comunicar a dire\u00e7\u00e3o do Campus atrav\u00e9s do e-mail:&nbsp; <a href=\"mailto:gabinete@urucuca.ifbaiano.edu.br\">gabinete@urucuca.ifbaiano.edu.br<\/a>. Anexar, quando houver, elementos de materialidade (Fotos, v\u00eddeos, dentre outros);<\/li>\n\n\n\n<li>O&nbsp; gabinete orientar\u00e1 o denunciante quanto aos procedimentos necess\u00e1rios para abertura do processo no \u00e2mbito da pol\u00edcia federal.<\/li>\n\n\n\n<li>Caso haja suspeita de envolvimento de algum aluno, o fato ser\u00e1 relatado a CAE para as devidas tratativas no \u00e2mbito do regimento disciplinar;<\/li>\n\n\n\n<li>Caso haja suspeita de envolvimento de algum servidor, o fato ser\u00e1 encaminhado a unidade correcional para as devidas tratativas;<\/li>\n\n\n\n<li>Caso haja suspeita de envolvimento de algum terceirizado, o fato ser\u00e1 relatado a empresa contratada para as devidas tratativas;<\/li>\n\n\n\n<li>Ap\u00f3s a apura\u00e7\u00e3o administrativa, o gabinete dar\u00e1 ci\u00eancia ao denunciante sobre o resultado.<\/li>\n<\/ol>\n\n\n\n<p><strong>Em caso de suspeita de roubo\/furto de objetos pessoais&nbsp;<\/strong><\/p>\n\n\n\n<ol type=\"1\">\n<li>Manter a calma;<\/li>\n\n\n\n<li>Em nenhuma hip\u00f3tese abordar ou acusar qualquer suspeito;<\/li>\n\n\n\n<li>Comunicar a dire\u00e7\u00e3o do Campus atrav\u00e9s do e-mail <a href=\"mailto:gabinete@urucuca.ifbaiano.edu.br\">gabinete@urucuca.ifbaiano.edu.br<\/a>. Anexar, quando houver, elementos de materialidade(Fotos, v\u00eddeos, dentre outros);<\/li>\n\n\n\n<li>Em caso roubo\/furtos de objetos de valor e\/ou documentos, o denunciante pode registrar o fato na Pol\u00edcia Civil;<\/li>\n\n\n\n<li>Caso haja suspeita de envolvimento de algum aluno, o fato ser\u00e1 relatado a CAE para as devidas tratativas no \u00e2mbito do regimento disciplinar;<\/li>\n\n\n\n<li>Caso haja suspeita de envolvimento de algum servidor, o fato ser\u00e1 encaminhado a unidade correcional para as devidas tratativas;<\/li>\n\n\n\n<li>Caso haja suspeita de envolvimento de algum terceirizado, o fato ser\u00e1 relatado a empresa contratada para as devidas tratativas;<\/li>\n\n\n\n<li>Ap\u00f3s os tramites institucionais o gabinete dar\u00e1 ci\u00eancia ao denunciante sobre os encaminhamentos no \u00e2mbito institucional;<\/li>\n\n\n\n<li>Cabe ao denunciante acompanhar as investiga\u00e7\u00f5es no \u00e2mbito da pol\u00edcia civil.<\/li>\n<\/ol>\n\n\n\n<p><strong>Em caso de suspeita de arrombamentos<\/strong><\/p>\n\n\n\n<ol type=\"1\">\n<li>Manter a calma;<\/li>\n\n\n\n<li>Em nenhuma hip\u00f3tese abordar o suspeito;<\/li>\n\n\n\n<li>Afastar-se da situa\u00e7\u00e3o;<\/li>\n\n\n\n<li>Comunicar aos assistentes de alunos atrav\u00e9s do telefone: (73) 98226-8115<\/li>\n\n\n\n<li>Os assistentes de alunos tomar\u00e3o as devidas provid\u00eancias e comunicar\u00e3o a situa\u00e7\u00e3o a Dire\u00e7\u00e3o do Campus atrav\u00e9s do e-mail:&nbsp; <a href=\"mailto:gabinete@urucuca.ifbaiano.edu.br\">gabinete@urucuca.ifbaiano.edu.br<\/a>. Anexar, quando houver, elementos de materialidade (Fotos, v\u00eddeos, dentre outros);<\/li>\n\n\n\n<li>O gabinete far\u00e1 as devidas tratativas no \u00e2mbito criminal.<\/li>\n<\/ol>\n\n\n\n<p><strong>Em caso de amea\u00e7as com armas de fogo e\/ou brancas e\/ou risco eminente de morte<\/strong><\/p>\n\n\n\n<ol type=\"1\">\n<li>Manter a calma;<\/li>\n\n\n\n<li>Em nenhuma hip\u00f3tese abordar o suspeito;<\/li>\n\n\n\n<li>Afastar-se da situa\u00e7\u00e3o;<\/li>\n\n\n\n<li>Ligar para a pol\u00edcia militar atrav\u00e9s do n\u00famero: (73) 99807-1903<\/li>\n\n\n\n<li>Comunicar aos assistentes de alunos atrav\u00e9s do telefone: (73) 98226-8115<\/li>\n\n\n\n<li>Os assistentes de alunos tomar\u00e3o as devidas provid\u00eancias e comunicar\u00e3o a situa\u00e7\u00e3o a Dire\u00e7\u00e3o do Campus atrav\u00e9s do e-mail:&nbsp; <a href=\"mailto:gabinete@urucuca.ifbaiano.edu.br\">gabinete@urucuca.ifbaiano.edu.br<\/a>. Anexar, quando houver, elementos de materialidade (Fotos, v\u00eddeos, dentre outros);<\/li>\n\n\n\n<li>O gabinete far\u00e1 as devidas tratativas no \u00e2mbito criminal.<\/li>\n<\/ol>\n\n\n\n<p><strong>Uso dos espa\u00e7os por pessoas n\u00e3o autorizadas<\/strong><\/p>\n\n\n\n<ol type=\"1\">\n<li>Manter a calma;<\/li>\n\n\n\n<li>Em nenhuma hip\u00f3tese abordar as pessoas;<\/li>\n\n\n\n<li>Afastar-se da situa\u00e7\u00e3o;<\/li>\n\n\n\n<li>Comunicar aos assistentes de alunos atrav\u00e9s do telefone: (73) 98226-8115<\/li>\n\n\n\n<li>Os assistentes de alunos tomar\u00e3o as devidas provid\u00eancias e comunicar\u00e3o a situa\u00e7\u00e3o a Dire\u00e7\u00e3o do Campus atrav\u00e9s do e-mail:&nbsp; <a href=\"mailto:gabinete@urucuca.ifbaiano.edu.br\">gabinete@urucuca.ifbaiano.edu.br<\/a>. Anexar, quando houver, elementos de materialidade (Fotos, v\u00eddeos, dentre outros);<\/li>\n\n\n\n<li>O gabinete far\u00e1 as devidas tratativas no \u00e2mbito criminal.<\/li>\n<\/ol>\n\n\n\n<p><strong>Em caso de agravos de sa\u00fade (a vida n\u00e3o est\u00e1 em risco) envolvendo um aluno<\/strong><\/p>\n\n\n\n<ol type=\"1\">\n<li>Manter a calma;<\/li>\n\n\n\n<li>Comunicar aos assistentes de alunos atrav\u00e9s do telefone: (73) 98226-8115<\/li>\n\n\n\n<li>Os assistentes de alunos chegar\u00e3o ao local em at\u00e9 15min;<\/li>\n\n\n\n<li>Os assistentes de alunos providenciar\u00e3o o transporte do discente para o atendimento no Setor de Enfermagem ou na unidade de pronto atendimento do munic\u00edpio;<\/li>\n\n\n\n<li>Caso os assistentes de alunos n\u00e3o respondam ao contato e\/ou ultrapasse os 15 min, conseguir um transporte e encaminhar ao Setor de Enfermagem;<\/li>\n\n\n\n<li>Caso a vida do discente esteja em risco, SEGUIR O PROTOCOLO DE EMERG\u00caNCIA .<\/li>\n<\/ol>\n\n\n\n<p><strong>Em caso de emerg\u00eancia de sa\u00fade envolvendo um aluno<\/strong><\/p>\n\n\n\n<ol type=\"1\">\n<li>Manter a calma;<\/li>\n\n\n\n<li>Ligar para o SAMU atrav\u00e9s do telefone: (73) 99133-8780;<\/li>\n\n\n\n<li>Comunicar aos assistentes de aluno atrav\u00e9s do n\u00famero: (73) 98226-8115;<\/li>\n\n\n\n<li>Um assistente de aluno acompanhar\u00e1 o discente at\u00e9 a unidade de pronto atendimento;<\/li>\n\n\n\n<li>Caso n\u00e3o tenha sido poss\u00edvel o contato com os assistentes de alunos, gentileza acompanhar a v\u00edtima at\u00e9 a unidade de pronto atendimento;<\/li>\n\n\n\n<li>Aos assistentes de alunos far\u00e3o o contato com um familiar.<\/li>\n<\/ol>\n\n\n\n<p class=\"has-text-align-center\"><strong>Quando chamar o SAMU?<\/strong><\/p>\n\n\n\n<p><a href=\"https:\/\/www.gov.br\/saude\/pt-br\/assuntos\/saude-de-a-a-z\/s\/samu-192\">https:\/\/www.gov.br\/saude\/pt-br\/assuntos\/saude-de-a-a-z\/s\/samu-192<\/a><\/p>\n\n\n\n<p><strong>Em caso de emerg\u00eancia de sa\u00fade envolvendo um servidor<\/strong><\/p>\n\n\n\n<p>1- Manter a calma;<br>2- Ligar para o SAMU atrav\u00e9s do telefone: (73) 99133-8780;<br>3- Acompanhar a v\u00edtima at\u00e9 a unidade de pronto atendimento do munic\u00edpio (PROMATER);<br>4- Comunicar ao NAGP atrav\u00e9s do n\u00famero: (73) 99166-4541<br>5- O NAGP far\u00e1 contato com um familiar;<\/p>\n\n\n\n<p><strong>Em caso de acidente com cobra\/ outros animais pe\u00e7onhentos&nbsp;<\/strong><\/p>\n\n\n\n<ol type=\"1\">\n<li>Ap\u00f3s um acidente of\u00eddico, o paciente deve ser tranquilizado e removido para o hospital ou centro de sa\u00fade mais pr\u00f3ximo. Na cidade de Uru\u00e7uca a indica\u00e7\u00e3o \u00e9 o PROMATER, pr\u00f3ximo ao Banco Bradesco<\/li>\n\n\n\n<li>Caso n\u00e3o haja transporte por perto, ligar imediatamente para o SAMU atrav\u00e9s do n\u00famero (73) 99133-8780 e\/ou CAE atrav\u00e9s do n\u00famero 73 98226-8115<\/li>\n\n\n\n<li>Enquanto o transporte n\u00e3o chega deve-se realizar os seguintes procedimentos:<\/li>\n<\/ol>\n\n\n\n<ul>\n<li>O local da picada deve ser lavado com \u00e1gua e sab\u00e3o;<\/li>\n\n\n\n<li>Na medida do poss\u00edvel, deve-se evitar que a pessoa ande ou corra, ela deve ficar deitada com o membro picado elevado e em uma posi\u00e7\u00e3o mais baixa que o cora\u00e7\u00e3o, se poss\u00edvel;<\/li>\n\n\n\n<li>N\u00e3o se deve fazer o uso de torniquetes (garrotes) no local da picada.<\/li>\n\n\n\n<li>N\u00e3o realizar procedimentos como cortes, suc\u00e7\u00e3o do veneno ou aplica\u00e7\u00e3o de subst\u00e2ncias caseiras (folhas, p\u00f3 de caf\u00e9, couro da cobra etc.).<\/li>\n\n\n\n<li>Mantenha a v\u00edtima hidratada, se estiver consciente.<\/li>\n\n\n\n<li>Registra, se poss\u00edvel, uma foto do animal ou coletar a maior quantidade de informa\u00e7\u00e3os sobre suas caracter\u00edsticas<\/li>\n<\/ul>\n\n\n\n<p><strong>Maiores informa\u00e7\u00f5es:<\/strong> <br> <a href=\"https:\/\/butantan.gov.br\/atendimento-medico\/primeiro-socorros#:~:text=Acidentes%20por%20serpentes,com%20o%20membro%20picado%20elevado\">https:\/\/butantan.gov.br\/atendimento-medico\/primeiro-socorros#:~:text=Acidentes%20por%20serpentes,com%20o%20membro%20picado%20elevado<\/a><\/p>\n\n\n\n<p><strong>Em caso de inc\u00eandio<\/strong><\/p>\n\n\n\n<ol type=\"1\">\n<li>Manter a calma;<\/li>\n\n\n\n<li>Esque\u00e7a os objetos e pertences;<\/li>\n\n\n\n<li>Se souber, utilize extintores, principalmente se o inc\u00eandio estiver no in\u00edcio;<\/li>\n\n\n\n<li>Se a situa\u00e7\u00e3o n\u00e3o estiver sobre controle, ligue para o corpo de bombeiros atrav\u00e9s do n\u00famero 193 ou (73) 3639-2633;<\/li>\n\n\n\n<li>Se for poss\u00edvel, desligue a energia el\u00e9trica e g\u00e1s;<\/li>\n\n\n\n<li>Saia do ambiente com tranquilidade, sem correr.<\/li>\n<\/ol>\n\n\n\n<p><strong>Orienta\u00e7\u00f5es gerais<\/strong><\/p>\n\n\n\n<p><strong>N\u00famero do PROMATER:&nbsp; <\/strong>(73) 99824-8406<\/p>\n\n\n\n<p><strong>N\u00famero do SAMU: <\/strong>(73) 99133-8780<\/p>\n\n\n\n<p><strong>Pol\u00edcia Militar: (<\/strong>73) 99807-1903<\/p>\n\n\n\n<p><strong>Corpo de bombeiros: <\/strong>193 ou (73) 3639-2633<\/p>\n\n\n\n<p><strong>N\u00famero da CAE: <\/strong>73 98226-8115<\/p>\n\n\n\n<p><strong>Contato pol\u00edcia civil: <\/strong>dt.urucuca@pcivil.ba.gov.br<\/p>\n\n\n\n<p><strong>Quando chamar o SAMU?<\/strong><\/p>\n\n\n\n<p><a href=\"https:\/\/www.gov.br\/saude\/pt-br\/assuntos\/saude-de-a-a-z\/s\/samu-192\">https:\/\/www.gov.br\/saude\/pt-br\/assuntos\/saude-de-a-a-z\/s\/samu-192<\/a><\/p>\n","protected":false},"excerpt":{"rendered":"<p>Em caso de suspeita de roubo\/furto de patrim\u00f4nio Em caso de suspeita de roubo\/furto de objetos pessoais&nbsp; Em caso de suspeita de arrombamentos Em caso de amea\u00e7as com armas de fogo e\/ou brancas e\/ou risco eminente de morte Uso dos espa\u00e7os por pessoas n\u00e3o autorizadas Em caso de agravos de sa\u00fade (a vida n\u00e3o est\u00e1 [&hellip;]<\/p>\n","protected":false},"author":154,"featured_media":0,"parent":0,"menu_order":0,"comment_status":"closed","ping_status":"closed","template":"","meta":[],"_links":{"self":[{"href":"https:\/\/www.ifbaiano.edu.br\/unidades\/urucuca\/wp-json\/wp\/v2\/pages\/11113"}],"collection":[{"href":"https:\/\/www.ifbaiano.edu.br\/unidades\/urucuca\/wp-json\/wp\/v2\/pages"}],"about":[{"href":"https:\/\/www.ifbaiano.edu.br\/unidades\/urucuca\/wp-json\/wp\/v2\/types\/page"}],"author":[{"embeddable":true,"href":"https:\/\/www.ifbaiano.edu.br\/unidades\/urucuca\/wp-json\/wp\/v2\/users\/154"}],"replies":[{"embeddable":true,"href":"https:\/\/www.ifbaiano.edu.br\/unidades\/urucuca\/wp-json\/wp\/v2\/comments?post=11113"}],"version-history":[{"count":2,"href":"https:\/\/www.ifbaiano.edu.br\/unidades\/urucuca\/wp-json\/wp\/v2\/pages\/11113\/revisions"}],"predecessor-version":[{"id":11116,"href":"https:\/\/www.ifbaiano.edu.br\/unidades\/urucuca\/wp-json\/wp\/v2\/pages\/11113\/revisions\/11116"}],"wp:attachment":[{"href":"https:\/\/www.ifbaiano.edu.br\/unidades\/urucuca\/wp-json\/wp\/v2\/media?parent=11113"}],"curies":[{"name":"wp","href":"https:\/\/api.w.org\/{rel}","templated":true}]}}