{"id":11120,"date":"2025-01-21T10:56:15","date_gmt":"2025-01-21T13:56:15","guid":{"rendered":"https:\/\/www.ifbaiano.edu.br\/unidades\/urucuca\/?page_id=11120"},"modified":"2025-08-27T14:43:42","modified_gmt":"2025-08-27T17:43:42","slug":"agenda-do-diretor-2025","status":"publish","type":"page","link":"https:\/\/www.ifbaiano.edu.br\/unidades\/urucuca\/agenda-do-diretor-2025\/","title":{"rendered":"Agenda do Diretor &#8211; 2025"},"content":{"rendered":"\n<p><strong>Setembro<\/strong><\/p>\n\n\n\n<figure class=\"wp-block-table is-style-stripes\"><table><tbody><tr><td>2<\/td><td><\/td><td>09h &#8211; Reuni\u00e3o com a Esfera<br>13h &#8211; Reuni\u00e3o de gest\u00e3o<\/td><td><\/td><td><\/td><td><\/td><\/tr><tr><td>3<\/td><td><\/td><td>14h &#8211; Reuni\u00e3o com os gestores acad\u00e9micos<\/td><td><\/td><td><\/td><td><\/td><\/tr><tr><td>4<\/td><td><\/td><td>08h &#8211; Reuni\u00e3o com a PM de Itacar\u00e9<\/td><td><\/td><td><\/td><td><\/td><\/tr><tr><td>5<\/td><td><\/td><td>14h &#8211; Comemora\u00e7\u00e3o dia do surdo<\/td><td><\/td><td><\/td><td><\/td><\/tr><tr><td>6<\/td><td><\/td><td>13h &#8211; Reuni\u00e3o Com Representantes Estudantis<\/td><td><\/td><td><\/td><td><\/td><\/tr><tr><td>16 a 18<\/td><td><\/td><td>CONGRESSO IF BAIANO<\/td><td><\/td><td><\/td><td><\/td><\/tr><tr><td>19<\/td><td><\/td><td>13h &#8211; Reuni\u00e3o Pedag\u00f3gica<\/td><td><\/td><td><\/td><td><\/td><\/tr><tr><td>23<\/td><td><\/td><td>13h &#8211; Reuni\u00e3o de Gest\u00e3o<\/td><td><\/td><td><\/td><td><\/td><\/tr><tr><td>26<\/td><td><\/td><td> 9h &#8211; Cola\u00e7\u00e3o de Grau<br>14h &#8211; Reuniao Geral<\/td><td><\/td><td><\/td><td><\/td><\/tr><tr><td>30<\/td><td><\/td><td>13h &#8211; Reuni\u00e3o de Gest\u00e3o<\/td><td><\/td><td><\/td><td><\/td><\/tr><\/tbody><\/table><\/figure>\n\n\n\n<p><strong>Agosto<\/strong><\/p>\n\n\n\n<figure class=\"wp-block-table is-style-stripes\"><table><tbody><tr><td>1<\/td><td><\/td><td>08h &#8211; Reuni\u00e3o Semana do Fazendeiro<br>8h &#8211; Cola\u00e7\u00e3o de Grau<br>13h &#8211; Reuni\u00e3o Pedag\u00f3gica<\/td><td><\/td><td><\/td><td><\/td><\/tr><tr><td>5<\/td><td><\/td><td>08h &#8211; Reuni\u00e3o com a Secretaria de Infraestrutura de Uru\u00e7uca<br>10h &#8211; Reuni\u00e3o com SENUT<br>10h &#8211; Reuni\u00e3o SEDUC Ilh\u00e9us<br>13h &#8211; Reuni\u00e3o de gest\u00e3o<\/td><td><\/td><td><\/td><td><\/td><\/tr><tr><td>6<\/td><td><\/td><td>10h &#8211; Reuni\u00e3o do CGRC<br>14h &#8211; CDS<br>16h &#8211; Reuni\u00e3o Semana do Fazendeiro<\/td><td><\/td><td><\/td><td><\/td><\/tr><tr><td>8<\/td><td><\/td><td>14h &#8211; Reuni\u00e3o da Semana do Fazendeiro<\/td><td><\/td><td><\/td><td><\/td><\/tr><tr><td>11<\/td><td><\/td><td>14h &#8211; Reuni\u00e3o Semana do Fazendeiro<\/td><td><\/td><td><\/td><td><\/td><\/tr><tr><td>11 a 16<\/td><td><\/td><td> OBAP Senhor do Bonfim<\/td><td><\/td><td><\/td><td><\/td><\/tr><tr><td>12<\/td><td><\/td><td>13h &#8211; Reuni\u00e3o de Gest\u00e3o<br>15h &#8211; Reuni\u00e3o com Representantes Estudantes<\/td><td><\/td><td><\/td><td><\/td><\/tr><tr><td>19<\/td><td><\/td><td>13h &#8211; Reuni\u00e3o de Gest\u00e3o<\/td><td><\/td><td><\/td><td><\/td><\/tr><tr><td>20<\/td><td><\/td><td>8h &#8211; Reuni\u00e3o CODIR<br>9h &#8211; Reuni\u00e3o INCITE<\/td><td><\/td><td><\/td><td><\/td><\/tr><tr><td>26<\/td><td><\/td><td>13h &#8211; Reuni\u00e3o de Gest\u00e3o<\/td><td><\/td><td><\/td><td><\/td><\/tr><tr><td>27<\/td><td><\/td><td>13h30 &#8211; Reuni\u00e3o Fam\u00edlia<\/td><td><\/td><td><\/td><td><\/td><\/tr><tr><td>29<\/td><td><\/td><td>13h &#8211; Reuni\u00e3o Geral<\/td><td><\/td><td><\/td><td><\/td><\/tr><tr><td>30<\/td><td><\/td><td> F\u00f3rum Estudantil<\/td><td><\/td><td><\/td><td><\/td><\/tr><\/tbody><\/table><\/figure>\n\n\n\n<p><strong>Julho<\/strong><\/p>\n\n\n\n<figure class=\"wp-block-table is-style-stripes\"><table><tbody><tr><td>1<\/td><td><\/td><td>8h &#8211; Reuni\u00e3o do CGRC<br>13h &#8211; Reuni\u00e3o de Gest\u00e3o<\/td><\/tr><tr><td>7<\/td><td><\/td><td>Reuni\u00e3o Semana Fazendeiro<\/td><\/tr><tr><td>8<\/td><td><\/td><td>13h &#8211; Reuni\u00e3o de gest\u00e3o<\/td><\/tr><tr><td>10<\/td><td><\/td><td>9h &#8211; Reuni\u00e3o com o cons\u00f3rcio litoral sul<\/td><\/tr><tr><td>11<\/td><td><\/td><td>9h &#8211; Reuni\u00e3o com PMU<\/td><\/tr><tr><td>15<\/td><td><\/td><td>13h &#8211; Reuni\u00e3o de Gest\u00e3o <\/td><\/tr><tr><td>14<\/td><td><\/td><td>14h &#8211; Reuni\u00e3o Semana do Fazendeiro<\/td><\/tr><tr><td>16<\/td><td><\/td><td>8h &#8211; Reuni\u00e3o com o CIAPRA<\/td><\/tr><tr><td>17 a 20<\/td><td><\/td><td>Festival do Chocolate<\/td><\/tr><tr><td>18<\/td><td><\/td><td>8h &#8211; Reuni\u00e3o CEPLAC<\/td><\/tr><tr><td>21<\/td><td><\/td><td>8h &#8211; Reuni\u00e3o Arapia\u00fa<\/td><\/tr><tr><td>22<\/td><td><\/td><td>9h &#8211; Reuni\u00e3o do CGRC<br>13h &#8211; Reuni\u00e3o de Gest\u00e3o<\/td><\/tr><tr><td>23<\/td><td><\/td><td>13h30 &#8211; Reuni\u00e3o CUEC<\/td><\/tr><tr><td>24<\/td><td><\/td><td>9h &#8211; Reuni\u00e3o Arapiau<\/td><\/tr><tr><td>25<\/td><td><\/td><td>8h &#8211; Reuni\u00e3o CIAPRA<br>9h &#8211; Reuni\u00e3o Incra<br>13h &#8211; Reuni\u00e3o Geral<\/td><\/tr><tr><td>26<\/td><td><\/td><td>8h &#8211; S\u00e1bado Letivo<\/td><\/tr><tr><td>29 a 31<\/td><td><\/td><td>Julho das Pretas<\/td><\/tr><tr><td>28<\/td><td><\/td><td>8h &#8211; Reuni\u00e3o com a UFSB<br>14h &#8211; Reuni\u00e3o Semana Fazendeiro<\/td><\/tr><tr><td>29<\/td><td><\/td><td><br>10h &#8211; Reuni\u00e3o com os Fiscais de Contrato<\/td><\/tr><\/tbody><\/table><\/figure>\n\n\n\n<p><strong>Junho<\/strong><\/p>\n\n\n\n<figure class=\"wp-block-table is-style-stripes\"><table><tbody><tr><td>2<\/td><td><\/td><td>08h &#8211; Reuni\u00e3o da Semana do Fazendeiro<\/td><\/tr><tr><td>3<\/td><td><\/td><td>Reuni\u00e3o Sualtec<br>13h &#8211; Reuni\u00e3o de Gest\u00e3o<\/td><\/tr><tr><td>4<\/td><td><\/td><td>13h &#8211; Entrevista R\u00e1dio<\/td><\/tr><tr><td>6<\/td><td><\/td><td>08h &#8211; Reuni\u00e3o com a PMU<\/td><\/tr><tr><td>10<\/td><td><\/td><td>13h &#8211; Lideran\u00e7as Estudantis<\/td><\/tr><tr><td>11<\/td><td><\/td><td>08h &#8211; Reuni\u00e3o do CGRC<\/td><\/tr><tr><td>13<\/td><td><\/td><td>13h &#8211; Reuni\u00e3o Geral<br>09h &#8211; Reuni\u00e3o da 29 SF<\/td><\/tr><tr><td>14<\/td><td><\/td><td>VII IF FORR\u00d3<\/td><\/tr><tr><td>17<\/td><td><\/td><td>13h &#8211; Reuni\u00e3o de gest\u00e3o<\/td><\/tr><tr><td>30<\/td><td><\/td><td>09h &#8211; Reuni\u00e3o do FREAD<\/td><\/tr><\/tbody><\/table><\/figure>\n\n\n\n<p><strong>Maio<\/strong><\/p>\n\n\n\n<figure class=\"wp-block-table is-style-stripes\"><table><tbody><tr><td>5<\/td><td><\/td><td>09h &#8211; Reuni\u00e3o com SEBRAE<\/td><\/tr><tr><td>6<\/td><td><\/td><td>13h &#8211; Reuni\u00e3o de Gest\u00e3o<\/td><\/tr><tr><td>13<\/td><td><\/td><td>13h &#8211; Reuni\u00e3o Gest\u00e3o com a SDE Uru\u00e7uca<br>13h &#8211; Reuni\u00e3o lideran\u00e7as estudantis<br>Reuni\u00f5es CODIR e CGRC <\/td><\/tr><tr><td>14<\/td><td><\/td><td>Reuni\u00f5es CODIR e CGRC<\/td><\/tr><tr><td>15<\/td><td><\/td><td>Reuni\u00e3o com a Deputada Alice Portugal<\/td><\/tr><tr><td>16<\/td><td><\/td><td>10h &#8211; Reuni\u00e3o com a UESC<\/td><\/tr><tr><td>19<\/td><td><\/td><td>09h &#8211; Reuni\u00e3o com a Sualtech<br>14h &#8211; Reuni\u00e3o com a DDE<\/td><\/tr><tr><td>21<\/td><td><\/td><td>13h &#8211; Reuni\u00e3o com Estudantes<\/td><\/tr><tr><td>23<\/td><td><\/td><td>14h &#8211; Reuni\u00e3o com a CUEC<\/td><\/tr><tr><td>26<\/td><td><\/td><td>14h &#8211; Reuni\u00e3o com os diretores dos Campi Ilh\u00e9us e Ubaitaba<\/td><\/tr><tr><td>27<\/td><td><\/td><td>9h &#8211; Reuni\u00e3o Semana do Fazendeiro<br>13h &#8211; Reuni\u00e3o de Gest\u00e3o<\/td><\/tr><tr><td>30<\/td><td><\/td><td>Reuni\u00e3o Geral<\/td><\/tr><\/tbody><\/table><\/figure>\n\n\n\n<p><strong>Abril<\/strong><\/p>\n\n\n\n<figure class=\"wp-block-table is-style-stripes\"><table><tbody><tr><td>1<\/td><td><\/td><td>10h &#8211; Reuni\u00e3o com a SEDUC de Ilh\u00e9us<br>13h &#8211; Reuni\u00e3o de Gest\u00e3o<\/td><\/tr><tr><td>2<\/td><td><\/td><td>14h &#8211; Reuni\u00e3o SNCT<\/td><\/tr><tr><td>3<\/td><td><\/td><td>14h &#8211; Reuni\u00e3o com a PMU<\/td><\/tr><tr><td>7<\/td><td><\/td><td>13h &#8211; Reuni\u00e3o com a CUEC<\/td><\/tr><tr><td>8<\/td><td><\/td><td>13h &#8211; Reuni\u00e3o Gest\u00e3o<\/td><\/tr><tr><td>9<\/td><td><\/td><td>9h &#8211; Reuni\u00e3o do CR Itacar\u00e9<br>14h &#8211; Reuni\u00e3o SNCT<\/td><\/tr><tr><td>10<\/td><td><\/td><td>08h30 &#8211; Reuni\u00e3o com SEBRAE Ilh\u00e9us- Reuni\u00e3o de gest\u00e3o<\/td><\/tr><tr><td>12<\/td><td><\/td><td>08h &#8211; S\u00e1bado Letivo<\/td><\/tr><tr><td>15<\/td><td><\/td><td>09h &#8211; Reuni\u00e3o Semana Fazendeiro<br>13h &#8211; Reuni\u00e3o de gest\u00e3o<br>13h &#8211; Aula inaugural do PartiuIF<\/td><\/tr><tr><td>16<\/td><td><\/td><td>14h &#8211; Reuni\u00e3o com as coordena\u00e7\u00f5es de Pesquisa e Extens\u00e3o<\/td><\/tr><tr><td>22<\/td><td><\/td><td>13h &#8211; Reuni\u00e3o de Gest\u00e3o<br>08h &#8211; Reuni\u00e3o Polo Sul da Bahia<\/td><\/tr><tr><td>23<\/td><td><\/td><td>08h &#8211; Reuni\u00e3o na CEPLAC<\/td><\/tr><tr><td>24<\/td><td><\/td><td>09h &#8211; Reuni\u00e3o com SEBRAE<\/td><\/tr><tr><td>25<\/td><td><\/td><td>08h &#8211; Cola\u00e7\u00e3o de Grau<br>13h &#8211; Reuni\u00e3o Geral<\/td><\/tr><tr><td>26<\/td><td><\/td><td>26\/04 &#8211; 13h &#8211; Encontro Egressos EMARC<\/td><\/tr><tr><td>28<\/td><td><\/td><td>08h &#8211; Reuni\u00e3o com a Prefeitura de Itacar\u00e9<\/td><\/tr><tr><td>29<\/td><td><\/td><td>09h &#8211; Reuni\u00e3o com a Prefeitura de Itapitanga<\/td><\/tr><tr><td>30<\/td><td><\/td><td>Reuni\u00e3o com os gestores acad\u00e9micos<br>13h &#8211; Reuni\u00e3o com a CEPLAC<\/td><\/tr><\/tbody><\/table><\/figure>\n\n\n\n<p><strong>Mar\u00e7o<\/strong><\/p>\n\n\n\n<figure class=\"wp-block-table is-style-stripes\"><table><tbody><tr><td>4<\/td><td><\/td><td>13h &#8211; Reuni\u00e3o de Gest\u00e3o<\/td><\/tr><tr><td>6<\/td><td><\/td><td>10h &#8211; Mapeamento de Processos DAP<br>14h &#8211; Reuni\u00e3o com a SDE<\/td><\/tr><tr><td>7<\/td><td><\/td><td>09h &#8211; Reuni\u00e3o com os moradores Residentes<\/td><\/tr><tr><td>10<\/td><td><\/td><td>08h &#8211; Semana de Acolhimento Integrado<\/td><\/tr><tr><td>11<\/td><td><\/td><td>13h &#8211; Reuni\u00e3o Gest\u00e3o<\/td><\/tr><tr><td>12<\/td><td><\/td><td>11h &#8211; Reuni\u00e3o com os vigilantes e porteiros<br>19h &#8211; Aula Inaugural do EAD<\/td><\/tr><tr><td>13<\/td><td><\/td><td>10h &#8211; Reuni\u00e3o com a Prefeitura de Camac\u00e3<\/td><\/tr><tr><td>14<\/td><td><\/td><td>10h &#8211; Reuni\u00e3o da SNCT<\/td><\/tr><tr><td>15<\/td><td><\/td><td>08h &#8211; Engenheiros sem fronteiras<\/td><\/tr><tr><td>17<\/td><td><\/td><td>14h &#8211; M\u00e9dico<\/td><\/tr><tr><td>18<\/td><td><\/td><td>13h &#8211; Reuni\u00e3o de gest\u00e3o<br>08h &#8211; Reuni\u00e3o do CODIR e CGRC<\/td><\/tr><tr><td>19<\/td><td><\/td><td>08h &#8211; Reuni\u00e3o do CODIR e CGRC<br>08h &#8211; Cola\u00e7\u00e3o de Grau<br>13h &#8211; Reuni\u00e3o com pais<br>13h &#8211; Reuni\u00e3o da SNCT<\/td><\/tr><tr><td>24<\/td><td><\/td><td>09h &#8211; Sess\u00e3o C\u00e2mara de Vereadores<\/td><\/tr><tr><td>25<\/td><td><\/td><td>08h Reuni\u00e3o com setor financeiro<br>13h Reuni\u00e3o de Gest\u00e3o<\/td><\/tr><tr><td>26<\/td><td><\/td><td>14h &#8211; Reuni\u00e3o SNCT<\/td><\/tr><tr><td>28<\/td><td><\/td><td>13h &#8211; Reuni\u00e3o Geral<\/td><\/tr><tr><td>31<\/td><td><\/td><td>14h &#8211; Reuni\u00e3o com SENUT<\/td><\/tr><\/tbody><\/table><\/figure>\n\n\n\n<p><strong>Fevereiro<\/strong><\/p>\n\n\n\n<figure class=\"wp-block-table is-style-stripes\"><table><tbody><tr><td>3 a 7\/02<\/td><td><\/td><td>Jornada Pedag\u00f3gica<\/td><\/tr><tr><td>4\/02<\/td><td><\/td><td>13h &#8211; Reuni\u00e3o de Gest\u00e3o<\/td><\/tr><tr><td>10\/02<\/td><td><\/td><td>14h &#8211; Reuni\u00e3o com a SDE Uru\u00e7uca<\/td><\/tr><tr><td>10 a 14\/02<\/td><td><\/td><td>Semana de Acolhimento<\/td><\/tr><tr><td>17\/02<\/td><td><\/td><td>08h &#8211; Reuni\u00e3o com a Prefeitura de Itapitanga<\/td><\/tr><tr><td>18\/02<\/td><td><\/td><td>13h &#8211; Reuni\u00e3o de gest\u00e3o<\/td><\/tr><tr><td>19\/02<\/td><td><\/td><td>14h Reuni\u00e3o com gestores academicos<\/td><\/tr><tr><td>21\/02<\/td><td><\/td><td>Cola\u00e7\u00e3o de Grau<br>13h &#8211; Reuni\u00e3o Geral<\/td><\/tr><tr><td>25\/02<\/td><td><\/td><td>Reuni\u00e3o de Gest\u00e3o<\/td><\/tr><\/tbody><\/table><\/figure>\n","protected":false},"excerpt":{"rendered":"<p>Setembro 2 09h &#8211; Reuni\u00e3o com a Esfera13h &#8211; Reuni\u00e3o de gest\u00e3o 3 14h &#8211; Reuni\u00e3o com os gestores acad\u00e9micos 4 08h &#8211; Reuni\u00e3o com a PM de Itacar\u00e9 5 14h &#8211; Comemora\u00e7\u00e3o dia do surdo 6 13h &#8211; Reuni\u00e3o Com Representantes Estudantis 16 a 18 CONGRESSO IF BAIANO 19 13h &#8211; Reuni\u00e3o Pedag\u00f3gica 23 [&hellip;]<\/p>\n","protected":false},"author":154,"featured_media":0,"parent":0,"menu_order":0,"comment_status":"closed","ping_status":"closed","template":"","meta":[],"_links":{"self":[{"href":"https:\/\/www.ifbaiano.edu.br\/unidades\/urucuca\/wp-json\/wp\/v2\/pages\/11120"}],"collection":[{"href":"https:\/\/www.ifbaiano.edu.br\/unidades\/urucuca\/wp-json\/wp\/v2\/pages"}],"about":[{"href":"https:\/\/www.ifbaiano.edu.br\/unidades\/urucuca\/wp-json\/wp\/v2\/types\/page"}],"author":[{"embeddable":true,"href":"https:\/\/www.ifbaiano.edu.br\/unidades\/urucuca\/wp-json\/wp\/v2\/users\/154"}],"replies":[{"embeddable":true,"href":"https:\/\/www.ifbaiano.edu.br\/unidades\/urucuca\/wp-json\/wp\/v2\/comments?post=11120"}],"version-history":[{"count":12,"href":"https:\/\/www.ifbaiano.edu.br\/unidades\/urucuca\/wp-json\/wp\/v2\/pages\/11120\/revisions"}],"predecessor-version":[{"id":12576,"href":"https:\/\/www.ifbaiano.edu.br\/unidades\/urucuca\/wp-json\/wp\/v2\/pages\/11120\/revisions\/12576"}],"wp:attachment":[{"href":"https:\/\/www.ifbaiano.edu.br\/unidades\/urucuca\/wp-json\/wp\/v2\/media?parent=11120"}],"curies":[{"name":"wp","href":"https:\/\/api.w.org\/{rel}","templated":true}]}}