{"id":11137,"date":"2025-01-22T11:08:23","date_gmt":"2025-01-22T14:08:23","guid":{"rendered":"https:\/\/www.ifbaiano.edu.br\/unidades\/urucuca\/?page_id=11137"},"modified":"2025-01-22T11:08:23","modified_gmt":"2025-01-22T14:08:23","slug":"formulario-de-caracterizacao-socioeconomica","status":"publish","type":"page","link":"https:\/\/www.ifbaiano.edu.br\/unidades\/urucuca\/formulario-de-caracterizacao-socioeconomica\/","title":{"rendered":"Formul\u00e1rio de Caracteriza\u00e7\u00e3o Socioecon\u00f4mica"},"content":{"rendered":"\n<p>O preenchimento desse formul\u00e1rio \u00e9 essencial para que possamos conhecer o perfil dos nossos estudantes, a realidade em que o Campus est\u00e1 inserido e acessar aos benef\u00edcios, programas assistenciais e o financiamento estudantil. Al\u00e9m disso, auxilia institui\u00e7\u00f5es e \u00f3rg\u00e3os governamentais a identificar demandas e elaborar pol\u00edticas p\u00fablicas ou a\u00e7\u00f5es espec\u00edficas, promovendo inclus\u00e3o e equidade.<\/p>\n\n\n\n<p>Segue um guia passo a passo para o preenchimento do Formul\u00e1rio de Caracteriza\u00e7\u00e3o Socioecon\u00f4mica no SUAP. Consulte o documento detalhado abaixo:<\/p>\n\n\n\n<p><a href=\"https:\/\/www.ifbaiano.edu.br\/unidades\/urucuca\/files\/2025\/01\/Tutorial_-Coleta-dos-Dados-Socioeconomicos-dos-Estudantes-no-SUAP.pdf\" data-type=\"URL\" data-id=\"https:\/\/www.ifbaiano.edu.br\/unidades\/urucuca\/files\/2025\/01\/Tutorial_-Coleta-dos-Dados-Socioeconomicos-dos-Estudantes-no-SUAP.pdf\" target=\"_blank\" rel=\"noreferrer noopener\">Formul\u00e1rio de Caracteriza\u00e7\u00e3o Socioecon\u00f4mica<\/a><\/p>\n\n\n\n<p><\/p>\n","protected":false},"excerpt":{"rendered":"<p>O preenchimento desse formul\u00e1rio \u00e9 essencial para que possamos conhecer o perfil dos nossos estudantes, a realidade em que o Campus est\u00e1 inserido e acessar aos benef\u00edcios, programas assistenciais e o financiamento estudantil. Al\u00e9m disso, auxilia institui\u00e7\u00f5es e \u00f3rg\u00e3os governamentais a identificar demandas e elaborar pol\u00edticas p\u00fablicas ou a\u00e7\u00f5es espec\u00edficas, promovendo inclus\u00e3o e equidade. Segue [&hellip;]<\/p>\n","protected":false},"author":154,"featured_media":0,"parent":0,"menu_order":0,"comment_status":"closed","ping_status":"closed","template":"","meta":[],"_links":{"self":[{"href":"https:\/\/www.ifbaiano.edu.br\/unidades\/urucuca\/wp-json\/wp\/v2\/pages\/11137"}],"collection":[{"href":"https:\/\/www.ifbaiano.edu.br\/unidades\/urucuca\/wp-json\/wp\/v2\/pages"}],"about":[{"href":"https:\/\/www.ifbaiano.edu.br\/unidades\/urucuca\/wp-json\/wp\/v2\/types\/page"}],"author":[{"embeddable":true,"href":"https:\/\/www.ifbaiano.edu.br\/unidades\/urucuca\/wp-json\/wp\/v2\/users\/154"}],"replies":[{"embeddable":true,"href":"https:\/\/www.ifbaiano.edu.br\/unidades\/urucuca\/wp-json\/wp\/v2\/comments?post=11137"}],"version-history":[{"count":1,"href":"https:\/\/www.ifbaiano.edu.br\/unidades\/urucuca\/wp-json\/wp\/v2\/pages\/11137\/revisions"}],"predecessor-version":[{"id":11139,"href":"https:\/\/www.ifbaiano.edu.br\/unidades\/urucuca\/wp-json\/wp\/v2\/pages\/11137\/revisions\/11139"}],"wp:attachment":[{"href":"https:\/\/www.ifbaiano.edu.br\/unidades\/urucuca\/wp-json\/wp\/v2\/media?parent=11137"}],"curies":[{"name":"wp","href":"https:\/\/api.w.org\/{rel}","templated":true}]}}