{"id":11449,"date":"2025-03-06T12:01:15","date_gmt":"2025-03-06T15:01:15","guid":{"rendered":"https:\/\/www.ifbaiano.edu.br\/unidades\/urucuca\/?page_id=11449"},"modified":"2025-07-04T14:14:09","modified_gmt":"2025-07-04T17:14:09","slug":"servidores-2","status":"publish","type":"page","link":"https:\/\/www.ifbaiano.edu.br\/unidades\/urucuca\/servidores-2\/","title":{"rendered":"Servidores"},"content":{"rendered":"\n<p><strong>Planilhas<\/strong><br><a href=\"https:\/\/docs.google.com\/spreadsheets\/d\/1PvqkXTveWByZOFBIGjPdEVUuFVZRBDN_\/edit?gid=668318003#gid=668318003\" data-type=\"URL\" data-id=\"https:\/\/docs.google.com\/spreadsheets\/d\/1PvqkXTveWByZOFBIGjPdEVUuFVZRBDN_\/edit?gid=668318003#gid=668318003\" target=\"_blank\" rel=\"noreferrer noopener\">Planilha de controle de Portarias e Comiss\u00f5es<br><\/a><a href=\"https:\/\/docs.google.com\/spreadsheets\/d\/1531RYf260OIOm6AZU1PTOPOnYr0sNgcK\/edit?gid=668318003#gid=668318003\" data-type=\"URL\" data-id=\"https:\/\/docs.google.com\/spreadsheets\/d\/1531RYf260OIOm6AZU1PTOPOnYr0sNgcK\/edit?gid=668318003#gid=668318003\" target=\"_blank\" rel=\"noreferrer noopener\">Planilha de distribui\u00e7\u00e3o de cargos do campus Uru\u00e7uca<\/a><\/p>\n\n\n\n<p><strong>Portarias<br><\/strong><a rel=\"noreferrer noopener\" href=\"https:\/\/www.ifbaiano.edu.br\/unidades\/urucuca\/files\/2025\/06\/PORTARIA-41-2025.pdf\" data-type=\"URL\" data-id=\"https:\/\/www.ifbaiano.edu.br\/unidades\/urucuca\/files\/2025\/06\/PORTARIA-41-2025.pdf\" target=\"_blank\">PORTARIA 41\/2025 &#8211; URU-GAB\/URU-DG\/RET\/IFBAIANO, de 11 de abril de 2025 &#8211; Altera o local de exerc\u00edcio de Servidor T\u00e9cnico Administrativo, Campus Uru\u00e7uca<\/a><br><a rel=\"noreferrer noopener\" href=\"https:\/\/www.ifbaiano.edu.br\/unidades\/urucuca\/files\/2025\/06\/PORTARIA-39-2025.pdf\" data-type=\"URL\" data-id=\"https:\/\/www.ifbaiano.edu.br\/unidades\/urucuca\/files\/2025\/06\/PORTARIA-39-2025.pdf\" target=\"_blank\">PORTARIA 39\/2025 &#8211; URU-GAB\/URU-DG\/RET\/IFBAIANO, de 11 de abril de 2025 Localiza exerc\u00edcio de servidores docentes, Campus Uru\u00e7uca<\/a><\/p>\n\n\n\n<p><a rel=\"noreferrer noopener\" href=\"https:\/\/www.ifbaiano.edu.br\/unidades\/urucuca\/files\/2025\/06\/PORTARIA-41-2025.pdf\" data-type=\"URL\" data-id=\"https:\/\/www.ifbaiano.edu.br\/unidades\/urucuca\/files\/2025\/06\/PORTARIA-41-2025.pdf\" target=\"_blank\"><strong><br><\/strong><\/a><\/p>\n","protected":false},"excerpt":{"rendered":"<p>PlanilhasPlanilha de controle de Portarias e Comiss\u00f5esPlanilha de distribui\u00e7\u00e3o de cargos do campus Uru\u00e7uca PortariasPORTARIA 41\/2025 &#8211; URU-GAB\/URU-DG\/RET\/IFBAIANO, de 11 de abril de 2025 &#8211; Altera o local de exerc\u00edcio de Servidor T\u00e9cnico Administrativo, Campus Uru\u00e7ucaPORTARIA 39\/2025 &#8211; URU-GAB\/URU-DG\/RET\/IFBAIANO, de 11 de abril de 2025 Localiza exerc\u00edcio de servidores docentes, Campus Uru\u00e7uca<\/p>\n","protected":false},"author":154,"featured_media":0,"parent":0,"menu_order":0,"comment_status":"closed","ping_status":"closed","template":"","meta":[],"_links":{"self":[{"href":"https:\/\/www.ifbaiano.edu.br\/unidades\/urucuca\/wp-json\/wp\/v2\/pages\/11449"}],"collection":[{"href":"https:\/\/www.ifbaiano.edu.br\/unidades\/urucuca\/wp-json\/wp\/v2\/pages"}],"about":[{"href":"https:\/\/www.ifbaiano.edu.br\/unidades\/urucuca\/wp-json\/wp\/v2\/types\/page"}],"author":[{"embeddable":true,"href":"https:\/\/www.ifbaiano.edu.br\/unidades\/urucuca\/wp-json\/wp\/v2\/users\/154"}],"replies":[{"embeddable":true,"href":"https:\/\/www.ifbaiano.edu.br\/unidades\/urucuca\/wp-json\/wp\/v2\/comments?post=11449"}],"version-history":[{"count":10,"href":"https:\/\/www.ifbaiano.edu.br\/unidades\/urucuca\/wp-json\/wp\/v2\/pages\/11449\/revisions"}],"predecessor-version":[{"id":12293,"href":"https:\/\/www.ifbaiano.edu.br\/unidades\/urucuca\/wp-json\/wp\/v2\/pages\/11449\/revisions\/12293"}],"wp:attachment":[{"href":"https:\/\/www.ifbaiano.edu.br\/unidades\/urucuca\/wp-json\/wp\/v2\/media?parent=11449"}],"curies":[{"name":"wp","href":"https:\/\/api.w.org\/{rel}","templated":true}]}}