{"id":11549,"date":"2025-03-18T15:22:53","date_gmt":"2025-03-18T18:22:53","guid":{"rendered":"https:\/\/www.ifbaiano.edu.br\/unidades\/urucuca\/?page_id=11549"},"modified":"2025-03-18T15:22:53","modified_gmt":"2025-03-18T18:22:53","slug":"nucleo-de-execucao-orcamentaria-financeira-e-contabil-neof","status":"publish","type":"page","link":"https:\/\/www.ifbaiano.edu.br\/unidades\/urucuca\/nucleo-de-execucao-orcamentaria-financeira-e-contabil-neof\/","title":{"rendered":"N\u00facleo de Execu\u00e7\u00e3o Or\u00e7ament\u00e1ria, Financeira e Cont\u00e1bil &#8211; NEOF"},"content":{"rendered":"\n<p>O N\u00facleo de Execu\u00e7\u00e3o Or\u00e7ament\u00e1ria, Financeira e Cont\u00e1bil (NEOF), \u00e9 um setor executivo ligado \u00e0 Coordena\u00e7\u00e3o Or\u00e7ament\u00e1ria, Financeira e Cont\u00e1bil, respons\u00e1vel por instruir, analisar e executar as atividades de natureza or\u00e7ament\u00e1ria e financeira e manter sob controle a aplica\u00e7\u00e3o dos recursos, em obedi\u00eancia \u00e0s normas da legisla\u00e7\u00e3o vigente.<\/p>\n\n\n\n<p><strong>Respons\u00e1vel<\/strong>: Aldo Dante Machado Junior<br><strong>Contato<\/strong>:\u00a0neof@urucuca.ifbaiano.edu.br<\/p>\n\n\n\n<p><\/p>\n","protected":false},"excerpt":{"rendered":"<p>O N\u00facleo de Execu\u00e7\u00e3o Or\u00e7ament\u00e1ria, Financeira e Cont\u00e1bil (NEOF), \u00e9 um setor executivo ligado \u00e0 Coordena\u00e7\u00e3o Or\u00e7ament\u00e1ria, Financeira e Cont\u00e1bil, respons\u00e1vel por instruir, analisar e executar as atividades de natureza or\u00e7ament\u00e1ria e financeira e manter sob controle a aplica\u00e7\u00e3o dos recursos, em obedi\u00eancia \u00e0s normas da legisla\u00e7\u00e3o vigente. Respons\u00e1vel: Aldo Dante Machado JuniorContato:\u00a0neof@urucuca.ifbaiano.edu.br<\/p>\n","protected":false},"author":154,"featured_media":0,"parent":0,"menu_order":0,"comment_status":"closed","ping_status":"closed","template":"","meta":[],"_links":{"self":[{"href":"https:\/\/www.ifbaiano.edu.br\/unidades\/urucuca\/wp-json\/wp\/v2\/pages\/11549"}],"collection":[{"href":"https:\/\/www.ifbaiano.edu.br\/unidades\/urucuca\/wp-json\/wp\/v2\/pages"}],"about":[{"href":"https:\/\/www.ifbaiano.edu.br\/unidades\/urucuca\/wp-json\/wp\/v2\/types\/page"}],"author":[{"embeddable":true,"href":"https:\/\/www.ifbaiano.edu.br\/unidades\/urucuca\/wp-json\/wp\/v2\/users\/154"}],"replies":[{"embeddable":true,"href":"https:\/\/www.ifbaiano.edu.br\/unidades\/urucuca\/wp-json\/wp\/v2\/comments?post=11549"}],"version-history":[{"count":1,"href":"https:\/\/www.ifbaiano.edu.br\/unidades\/urucuca\/wp-json\/wp\/v2\/pages\/11549\/revisions"}],"predecessor-version":[{"id":11551,"href":"https:\/\/www.ifbaiano.edu.br\/unidades\/urucuca\/wp-json\/wp\/v2\/pages\/11549\/revisions\/11551"}],"wp:attachment":[{"href":"https:\/\/www.ifbaiano.edu.br\/unidades\/urucuca\/wp-json\/wp\/v2\/media?parent=11549"}],"curies":[{"name":"wp","href":"https:\/\/api.w.org\/{rel}","templated":true}]}}